{"id":186968,"date":"2024-12-03T15:09:38","date_gmt":"2024-12-03T15:09:38","guid":{"rendered":"https:\/\/molenkoning.com\/product\/set-of-6-infrared-lamps\/"},"modified":"2026-03-24T09:16:30","modified_gmt":"2026-03-24T09:16:30","slug":"6-adet-mk-kizilotesi-lamba-seti","status":"publish","type":"product","link":"https:\/\/molenkoning.com\/tr\/urun\/6-adet-mk-kizilotesi-lamba-seti\/","title":{"rendered":"6\u2019l\u0131 K\u0131z\u0131l\u00f6tesi Lamba Seti \u2013 150W"},"content":{"rendered":"<div class=\"fusion-fullwidth fullwidth-box fusion-builder-row-1 fusion-flex-container has-pattern-background has-mask-background nonhundred-percent-fullwidth non-hundred-percent-height-scrolling\" style=\"--awb-border-radius-top-left:0px;--awb-border-radius-top-right:0px;--awb-border-radius-bottom-right:0px;--awb-border-radius-bottom-left:0px;--awb-flex-wrap:wrap;\" ><div class=\"fusion-builder-row fusion-row fusion-flex-align-items-flex-start fusion-flex-content-wrap\" style=\"max-width:1144px;margin-left: calc(-4% \/ 2 );margin-right: calc(-4% \/ 2 );\"><div class=\"fusion-layout-column fusion_builder_column fusion-builder-column-0 fusion_builder_column_1_1 1_1 fusion-flex-column\" style=\"--awb-bg-size:cover;--awb-width-large:100%;--awb-margin-top-large:0px;--awb-spacing-right-large:1.92%;--awb-margin-bottom-large:20px;--awb-spacing-left-large:1.92%;--awb-width-medium:100%;--awb-order-medium:0;--awb-spacing-right-medium:1.92%;--awb-spacing-left-medium:1.92%;--awb-width-small:100%;--awb-order-small:0;--awb-spacing-right-small:1.92%;--awb-spacing-left-small:1.92%;\"><div class=\"fusion-column-wrapper fusion-column-has-shadow fusion-flex-justify-content-flex-start fusion-content-layout-column\"><div class=\"fusion-text fusion-text-1\"><p>\u015eimdi setinizi sipari\u015f edin ve MK lambalar\u0131n\u0131zda an\u0131nda indirim ve daha avantajl\u0131 bir kargo \u00fccreti kazan\u0131n. Bu lamba seti her zaman stokta bulunmaktad\u0131r ve Avrupa Birli\u011fi i\u00e7erisinde teslimat 7 g\u00fcn i\u00e7inde garanti edilmektedir.<\/p>\n<p><span style=\"color: #bfa723;\">6 MK K\u0131z\u0131l\u00f6tesi Lamba 150W E27 Duy.<\/span><\/p>\n<p>Bu lamba seti, Nisan 2025\u2019ten sonra sat\u0131lan MK Premium K\u0131z\u0131l\u00f6tesi Solaryum ile uyumlu de\u011fildir.<\/p>\n<\/div><\/div><\/div><\/div><\/div>\n","protected":false},"excerpt":{"rendered":"","protected":false},"featured_media":186839,"template":"","meta":{"_acf_changed":false,"content-type":""},"product_brand":[],"product_cat":[700,722],"product_tag":[],"class_list":{"0":"post-186968","1":"product","2":"type-product","3":"status-publish","4":"has-post-thumbnail","6":"product_cat-solarium-tr","7":"product_cat-spare-parts-tr","9":"first","10":"instock","11":"taxable","12":"shipping-taxable","13":"purchasable","14":"product-type-simple"},"acf":[],"_links":{"self":[{"href":"https:\/\/molenkoning.com\/tr\/wp-json\/wp\/v2\/product\/186968","targetHints":{"allow":["GET"]}}],"collection":[{"href":"https:\/\/molenkoning.com\/tr\/wp-json\/wp\/v2\/product"}],"about":[{"href":"https:\/\/molenkoning.com\/tr\/wp-json\/wp\/v2\/types\/product"}],"wp:featuredmedia":[{"embeddable":true,"href":"https:\/\/molenkoning.com\/tr\/wp-json\/wp\/v2\/media\/186839"}],"wp:attachment":[{"href":"https:\/\/molenkoning.com\/tr\/wp-json\/wp\/v2\/media?parent=186968"}],"wp:term":[{"taxonomy":"product_brand","embeddable":true,"href":"https:\/\/molenkoning.com\/tr\/wp-json\/wp\/v2\/product_brand?post=186968"},{"taxonomy":"product_cat","embeddable":true,"href":"https:\/\/molenkoning.com\/tr\/wp-json\/wp\/v2\/product_cat?post=186968"},{"taxonomy":"product_tag","embeddable":true,"href":"https:\/\/molenkoning.com\/tr\/wp-json\/wp\/v2\/product_tag?post=186968"}],"curies":[{"name":"wp","href":"https:\/\/api.w.org\/{rel}","templated":true}]}}