{"id":184849,"date":"2024-08-13T09:10:40","date_gmt":"2024-08-13T09:10:40","guid":{"rendered":"https:\/\/molenkoning.com\/?post_type=product&#038;p=184849"},"modified":"2026-04-09T08:15:46","modified_gmt":"2026-04-09T08:15:46","slug":"mk-compact-solarium-siparisi-molenkoning","status":"publish","type":"product","link":"https:\/\/molenkoning.com\/tr\/urun\/mk-compact-solarium-siparisi-molenkoning\/","title":{"rendered":"MK Compact Solarium Sipari\u015fi \u2013 Molenkoning"},"content":{"rendered":"<p><div class=\"fusion-fullwidth fullwidth-box fusion-builder-row-1 fusion-flex-container nonhundred-percent-fullwidth non-hundred-percent-height-scrolling\" style=\"--awb-border-radius-top-left:0px;--awb-border-radius-top-right:0px;--awb-border-radius-bottom-right:0px;--awb-border-radius-bottom-left:0px;--awb-flex-wrap:wrap;\" ><div class=\"fusion-builder-row fusion-row fusion-flex-align-items-flex-start fusion-flex-content-wrap\" style=\"max-width:1144px;margin-left: calc(-4% \/ 2 );margin-right: calc(-4% \/ 2 );\"><div class=\"fusion-layout-column fusion_builder_column fusion-builder-column-0 fusion_builder_column_1_1 1_1 fusion-flex-column\" style=\"--awb-bg-size:cover;--awb-width-large:100%;--awb-margin-top-large:0px;--awb-spacing-right-large:1.92%;--awb-margin-bottom-large:20px;--awb-spacing-left-large:1.92%;--awb-width-medium:100%;--awb-order-medium:0;--awb-spacing-right-medium:1.92%;--awb-spacing-left-medium:1.92%;--awb-width-small:100%;--awb-order-small:0;--awb-spacing-right-small:1.92%;--awb-spacing-left-small:1.92%;\"><div class=\"fusion-column-wrapper fusion-column-has-shadow fusion-flex-justify-content-flex-start fusion-content-layout-column\"><div ><a class=\"fusion-button button-flat fusion-button-default-size button-default fusion-button-default button-1 fusion-button-default-span fusion-button-default-type\" target=\"_self\" href=\"https:\/\/molenkoning.com\/tr\/urun-kategori\/solarium-tr\/\"><span class=\"fusion-button-text\">T\u00dcM \u00dcR\u00dcNLER<\/span><\/a><\/div><div class=\"fusion-text fusion-text-1\"><p>MK Infrared Compact \u00fcr\u00fcn\u00fcm\u00fcz\u00fc daha hafif hale getirerek, y\u0131l boyunca binmeden \u00f6nce at\u0131n\u0131z\u0131n s\u0131rt\u0131n\u0131 daha kolay \u0131s\u0131tabilmeniz i\u00e7in geli\u015ftirdik!<\/p>\n<p><strong>Geli\u015ftirilmi\u015f lambalar: art\u0131k 120 W (\u00f6nceden 100 W)<\/strong><br \/>\nG\u00fcvenli ve derin kas penetrasyonunu korurken biraz daha fazla \u0131s\u0131 sa\u011flar. Uzun dalga k\u0131z\u0131l\u00f6tesi teknolojimiz \u015funlar\u0131 destekler:<\/p>\n<p>Kan dola\u015f\u0131m\u0131n\u0131n iyile\u015ftirilmesi<\/p>\n<p>Egzersiz sonras\u0131 toksinlerin daha h\u0131zl\u0131 at\u0131lmas\u0131<\/p>\n<p>Binmeden \u00f6nce s\u0131rt kaslar\u0131n\u0131n daha iyi haz\u0131rlanmas\u0131<\/p>\n<p>Kas yaralanmas\u0131 riskinin azalt\u0131lmas\u0131<\/p>\n<p>Bu ger\u00e7ek bir <strong>k\u0131z\u0131l\u00f6tesi terapidir.<\/strong><\/p>\n<\/div><\/div><\/div><\/div><\/div><div class=\"fusion-fullwidth fullwidth-box fusion-builder-row-2 fusion-flex-container has-pattern-background has-mask-background nonhundred-percent-fullwidth non-hundred-percent-height-scrolling\" style=\"--awb-border-radius-top-left:0px;--awb-border-radius-top-right:0px;--awb-border-radius-bottom-right:0px;--awb-border-radius-bottom-left:0px;--awb-flex-wrap:wrap;\" ><div class=\"fusion-builder-row fusion-row fusion-flex-align-items-flex-start fusion-flex-content-wrap\" style=\"max-width:1144px;margin-left: calc(-4% \/ 2 );margin-right: calc(-4% \/ 2 );\"><div class=\"fusion-layout-column fusion_builder_column fusion-builder-column-1 fusion_builder_column_1_1 1_1 fusion-flex-column sliderouternew\" style=\"--awb-padding-bottom:0px;--awb-bg-size:cover;--awb-width-large:100%;--awb-margin-top-large:0px;--awb-spacing-right-large:1.92%;--awb-margin-bottom-large:0px;--awb-spacing-left-large:1.92%;--awb-width-medium:100%;--awb-order-medium:0;--awb-spacing-right-medium:1.92%;--awb-spacing-left-medium:1.92%;--awb-width-small:100%;--awb-order-small:0;--awb-spacing-right-small:1.92%;--awb-spacing-left-small:1.92%;\"><div class=\"fusion-column-wrapper fusion-column-has-shadow fusion-flex-justify-content-flex-start fusion-content-layout-column\"><div class=\"fusion-title title fusion-title-1 fusion-title-center fusion-title-text fusion-title-size-two\"><div class=\"title-sep-container title-sep-container-left\"><div class=\"title-sep sep-double sep-solid\" style=\"border-color:#e0dede;\"><\/div><\/div><span class=\"awb-title-spacer\"><\/span><h2 class=\"fusion-title-heading title-heading-center\" style=\"margin:0;\">Foto\u011fraflar<\/h2><span class=\"awb-title-spacer\"><\/span><div class=\"title-sep-container title-sep-container-right\"><div class=\"title-sep sep-double sep-solid\" style=\"border-color:#e0dede;\"><\/div><\/div><\/div><div class=\"fusion-image-carousel fusion-image-carousel-fixed fusion-image-carousel-1 lightbox-enabled fusion-carousel-border solarium-carousel\"><div class=\"awb-carousel awb-swiper awb-swiper-carousel\" data-autoplay=\"no\" data-columns=\"4\" data-itemmargin=\"1\" data-itemwidth=\"180\" data-touchscroll=\"no\" data-imagesize=\"fixed\" style=\"--awb-columns:4;--awb-column-spacing:1px;\"><div class=\"swiper-wrapper awb-image-carousel-wrapper fusion-flex-align-items-center\"><div class=\"swiper-slide\"><div class=\"fusion-carousel-item-wrapper\"><div class=\"fusion-image-wrapper hover-type-none\"><a data-rel=\"iLightbox[image_carousel_1]\" data-title=\"MK SOLARIUM ONLY 2 LIGHT BULB\" aria-label=\"MK SOLARIUM ONLY 2 LIGHT BULB\" href=\"https:\/\/molenkoning.com\/wp-content\/uploads\/2024\/08\/MK-SOLARIUM-ONLY-2-LIGHT-BULB.png\" target=\"_self\"><img decoding=\"async\" width=\"320\" height=\"202\" src=\"https:\/\/molenkoning.com\/wp-content\/uploads\/2024\/08\/MK-SOLARIUM-ONLY-2-LIGHT-BULB-320x202.png\" class=\"attachment-blog-medium size-blog-medium\" alt=\"\" \/><\/a><\/div><\/div><\/div><div class=\"swiper-slide\"><div class=\"fusion-carousel-item-wrapper\"><div class=\"fusion-image-wrapper hover-type-none\"><a data-rel=\"iLightbox[image_carousel_1]\" data-title=\"MK SOLARIUM ONLY 2 LIGHT BULB2\" aria-label=\"MK SOLARIUM ONLY 2 LIGHT BULB2\" href=\"https:\/\/molenkoning.com\/wp-content\/uploads\/2024\/08\/MK-SOLARIUM-ONLY-2-LIGHT-BULB2.png\" target=\"_self\"><img decoding=\"async\" width=\"320\" height=\"202\" src=\"https:\/\/molenkoning.com\/wp-content\/uploads\/2024\/08\/MK-SOLARIUM-ONLY-2-LIGHT-BULB2-320x202.png\" class=\"attachment-blog-medium size-blog-medium\" alt=\"\" \/><\/a><\/div><\/div><\/div><div class=\"swiper-slide\"><div class=\"fusion-carousel-item-wrapper\"><div class=\"fusion-image-wrapper hover-type-none\"><a data-rel=\"iLightbox[image_carousel_1]\" data-title=\"MK SOLARIUM ONLY 2 LIGHT BULB3\" aria-label=\"MK SOLARIUM ONLY 2 LIGHT BULB3\" href=\"https:\/\/molenkoning.com\/wp-content\/uploads\/2024\/08\/MK-SOLARIUM-ONLY-2-LIGHT-BULB3.png\" target=\"_self\"><img decoding=\"async\" width=\"320\" height=\"202\" src=\"https:\/\/molenkoning.com\/wp-content\/uploads\/2024\/08\/MK-SOLARIUM-ONLY-2-LIGHT-BULB3-320x202.png\" class=\"attachment-blog-medium size-blog-medium\" alt=\"\" \/><\/a><\/div><\/div><\/div><div class=\"swiper-slide\"><div class=\"fusion-carousel-item-wrapper\"><div class=\"fusion-image-wrapper hover-type-none\"><a data-rel=\"iLightbox[image_carousel_1]\" data-title=\"MK SOLARIUM ONLY 2 LIGHT BULB4\" aria-label=\"MK SOLARIUM ONLY 2 LIGHT BULB4\" href=\"https:\/\/molenkoning.com\/wp-content\/uploads\/2024\/08\/MK-SOLARIUM-ONLY-2-LIGHT-BULB4.png\" target=\"_self\"><img decoding=\"async\" width=\"320\" height=\"202\" src=\"https:\/\/molenkoning.com\/wp-content\/uploads\/2024\/08\/MK-SOLARIUM-ONLY-2-LIGHT-BULB4-320x202.png\" class=\"attachment-blog-medium size-blog-medium\" alt=\"\" \/><\/a><\/div><\/div><\/div><div class=\"swiper-slide\"><div class=\"fusion-carousel-item-wrapper\"><div class=\"fusion-image-wrapper hover-type-none\"><a data-rel=\"iLightbox[image_carousel_1]\" data-title=\"MK SOLARIUM ONLY 2 LIGHT BULB6\" aria-label=\"MK SOLARIUM ONLY 2 LIGHT BULB6\" href=\"https:\/\/molenkoning.com\/wp-content\/uploads\/2024\/08\/MK-SOLARIUM-ONLY-2-LIGHT-BULB6.png\" target=\"_self\"><img decoding=\"async\" width=\"320\" height=\"202\" src=\"https:\/\/molenkoning.com\/wp-content\/uploads\/2024\/08\/MK-SOLARIUM-ONLY-2-LIGHT-BULB6-320x202.png\" class=\"attachment-blog-medium size-blog-medium\" alt=\"\" \/><\/a><\/div><\/div><\/div><\/div><div class=\"awb-swiper-button awb-swiper-button-prev\"><i class=\"awb-icon-angle-left\" aria-hidden=\"true\"><\/i><\/div><div class=\"awb-swiper-button awb-swiper-button-next\"><i class=\"awb-icon-angle-right\" aria-hidden=\"true\"><\/i><\/div><\/div><\/div><\/div><\/div><\/div><\/div><div class=\"fusion-fullwidth fullwidth-box fusion-builder-row-3 fusion-flex-container has-pattern-background has-mask-background customsolarium nonhundred-percent-fullwidth non-hundred-percent-height-scrolling\" style=\"--awb-border-radius-top-left:0px;--awb-border-radius-top-right:0px;--awb-border-radius-bottom-right:0px;--awb-border-radius-bottom-left:0px;--awb-flex-wrap:wrap;\" ><div class=\"fusion-builder-row fusion-row fusion-flex-align-items-flex-start fusion-flex-content-wrap\" style=\"max-width:1144px;margin-left: calc(-4% \/ 2 );margin-right: calc(-4% \/ 2 );\"><div class=\"fusion-layout-column fusion_builder_column fusion-builder-column-2 fusion_builder_column_1_1 1_1 fusion-flex-column\" style=\"--awb-bg-size:cover;--awb-width-large:100%;--awb-margin-top-large:0px;--awb-spacing-right-large:1.92%;--awb-margin-bottom-large:0px;--awb-spacing-left-large:1.92%;--awb-width-medium:100%;--awb-spacing-right-medium:1.92%;--awb-spacing-left-medium:1.92%;--awb-width-small:100%;--awb-spacing-right-small:1.92%;--awb-spacing-left-small:1.92%;\"><div class=\"fusion-column-wrapper fusion-flex-justify-content-flex-start fusion-content-layout-column\"><div class=\"fusion-title title fusion-title-2 fusion-sep-none fusion-title-text fusion-title-size-two\" style=\"--awb-margin-top:20px;--awb-margin-bottom:10px;\"><h2 class=\"fusion-title-heading title-heading-left\" style=\"margin:0;\"><strong>Solaryumun teknik \u00f6zellikleri<\/strong><\/h2><\/div><div class=\"fusion-text fusion-text-2\"><p>\u2013 220\u2013240 Volt 50 Hz \/ 60 Hz<br \/>\n\u2013 1450 W<br \/>\n\u2013 Ayr\u0131 hat 16 A<br \/>\n\u2013 8 fan (segment ba\u015f\u0131na 4 adet)<br \/>\n\u2013 10 adet 120 Watt lamba<br \/>\n\u2013 Havaland\u0131rma kontrol\u00fc ve zamanlay\u0131c\u0131ya sahip modern ekran: 5 havaland\u0131rma modu, 60 dakikaya kadar ayarlanabilir s\u00fcre<br \/>\n\u2013 Siyah toz boyal\u0131 tavan ask\u0131 zincirleri seti dahil, 150 cm uzunlu\u011funda<br \/>\n\u2013 2 y\u0131l garanti<\/p>\n<p>K\u0131z\u0131l\u00f6tesi at solaryumumuzun avantajlar\u0131 ve teknik \u00f6zellikleri hakk\u0131nda daha fazla bilgi almak ister misiniz? Daha fazla bilgi i\u00e7in <a href=\"https:\/\/molenkoning.com\/tr\/urunler\/solaryum\/\">buraya t\u0131klay\u0131n.<\/a><\/p>\n<\/div><\/div><\/div><div class=\"fusion-layout-column fusion_builder_column fusion-builder-column-3 fusion_builder_column_1_1 1_1 fusion-flex-column\" style=\"--awb-bg-size:cover;--awb-width-large:100%;--awb-margin-top-large:0px;--awb-spacing-right-large:1.92%;--awb-margin-bottom-large:0px;--awb-spacing-left-large:1.92%;--awb-width-medium:100%;--awb-spacing-right-medium:1.92%;--awb-spacing-left-medium:1.92%;--awb-width-small:100%;--awb-spacing-right-small:1.92%;--awb-spacing-left-small:1.92%;\"><div class=\"fusion-column-wrapper fusion-flex-justify-content-flex-start fusion-content-layout-column\"><div class=\"fusion-title title fusion-title-3 fusion-sep-none fusion-title-text fusion-title-size-two\" style=\"--awb-margin-top:20px;--awb-margin-bottom:10px;\"><h2 class=\"fusion-title-heading title-heading-left\" style=\"margin:0;\"><strong>Geli\u015fmi\u015f havaland\u0131rma sistemi \u2013 Yeni fan kontrol\u00fc: 0\u20135 seviye<\/strong><\/h2><\/div><div class=\"fusion-text fusion-text-3\"><p>Art\u0131k havaland\u0131rmas\u0131z veya tam hava ak\u0131\u015f\u0131 se\u00e7enekleri sayesinde MK k\u0131z\u0131l\u00f6tesi solaryumu s\u0131cak g\u00fcnlerde ve yaz aylar\u0131nda da kullanabilirsiniz.<\/p>\n<p>\u2714 Atlar\u0131n konforunu sa\u011flar<br \/>\n\u2714 Solaryumu y\u0131l boyunca kullan\u0131ma uygun hale getirir<br \/>\n\u2714 S\u0131cak iklimlerde bile toparlanma i\u00e7in vazge\u00e7ilmez<\/p>\n<\/div><\/div><\/div><div class=\"fusion-layout-column fusion_builder_column fusion-builder-column-4 fusion_builder_column_1_1 1_1 fusion-flex-column\" style=\"--awb-bg-size:cover;--awb-width-large:100%;--awb-margin-top-large:0px;--awb-spacing-right-large:1.92%;--awb-margin-bottom-large:0px;--awb-spacing-left-large:1.92%;--awb-width-medium:100%;--awb-spacing-right-medium:1.92%;--awb-spacing-left-medium:1.92%;--awb-width-small:100%;--awb-spacing-right-small:1.92%;--awb-spacing-left-small:1.92%;\"><div class=\"fusion-column-wrapper fusion-flex-justify-content-flex-start fusion-content-layout-column\"><div class=\"fusion-title title fusion-title-4 fusion-sep-none fusion-title-text fusion-title-size-two\" style=\"--awb-margin-top:20px;--awb-margin-bottom:10px;\"><h2 class=\"fusion-title-heading title-heading-left\" style=\"margin:0;\"><strong>Aksesuar ve yedek par\u00e7alara m\u0131 ihtiyac\u0131n\u0131z var?<\/strong><\/h2><\/div><div class=\"fusion-text fusion-text-4\"><p>Solaryumlar\u0131m\u0131z standart olarak siyah toz boyal\u0131 zincirlerle birlikte teslim edilir. Ayr\u0131ca, solaryumu duvara kolayca monte edebilmeniz i\u00e7in duvar aparat\u0131 veya kald\u0131rma sistemi sipari\u015f edebilirsiniz. Bunun yan\u0131 s\u0131ra jetonlu sistem de mevcuttur ve elbette yedek lambalar da sipari\u015f edilebilir.<\/p>\n<\/div><p class=\"price\"><ins><span class=\"woocommerce-Price-amount amount\"><bdi><span class=\"woocommerce-Price-currencySymbol\">\u20ac<\/span>875.00<\/bdi><\/span><\/ins><\/p>\n<p class=\"vattext\">KDV ve nakliye hari\u00e7<\/p><\/div><\/div><\/div><\/div><\/p>\n","protected":false},"excerpt":{"rendered":"","protected":false},"featured_media":199052,"template":"","meta":{"_acf_changed":false,"content-type":""},"product_brand":[],"product_cat":[700],"product_tag":[763],"class_list":{"0":"post-184849","1":"product","2":"type-product","3":"status-publish","4":"has-post-thumbnail","6":"product_cat-solarium-tr","7":"product_tag-new-tr","9":"first","10":"instock","11":"featured","12":"taxable","13":"shipping-taxable","14":"product-type-simple"},"acf":[],"_links":{"self":[{"href":"https:\/\/molenkoning.com\/tr\/wp-json\/wp\/v2\/product\/184849","targetHints":{"allow":["GET"]}}],"collection":[{"href":"https:\/\/molenkoning.com\/tr\/wp-json\/wp\/v2\/product"}],"about":[{"href":"https:\/\/molenkoning.com\/tr\/wp-json\/wp\/v2\/types\/product"}],"wp:featuredmedia":[{"embeddable":true,"href":"https:\/\/molenkoning.com\/tr\/wp-json\/wp\/v2\/media\/199052"}],"wp:attachment":[{"href":"https:\/\/molenkoning.com\/tr\/wp-json\/wp\/v2\/media?parent=184849"}],"wp:term":[{"taxonomy":"product_brand","embeddable":true,"href":"https:\/\/molenkoning.com\/tr\/wp-json\/wp\/v2\/product_brand?post=184849"},{"taxonomy":"product_cat","embeddable":true,"href":"https:\/\/molenkoning.com\/tr\/wp-json\/wp\/v2\/product_cat?post=184849"},{"taxonomy":"product_tag","embeddable":true,"href":"https:\/\/molenkoning.com\/tr\/wp-json\/wp\/v2\/product_tag?post=184849"}],"curies":[{"name":"wp","href":"https:\/\/api.w.org\/{rel}","templated":true}]}}