{"id":178813,"date":"2023-03-27T11:41:49","date_gmt":"2023-03-27T11:41:49","guid":{"rendered":"https:\/\/molenkoning.com\/product\/ordering-a-horsepower-plate-at-molenkoning\/"},"modified":"2026-03-23T12:16:50","modified_gmt":"2026-03-23T12:16:50","slug":"beygir-gucu-titresim-plakasi-siparis-edin","status":"publish","type":"product","link":"https:\/\/molenkoning.com\/tr\/urun\/beygir-gucu-titresim-plakasi-siparis-edin\/","title":{"rendered":"Molenkoning&#8217;den Beygir G\u00fcc\u00fc titre\u015fim plakas\u0131 sipari\u015fi"},"content":{"rendered":"<p><div class=\"fusion-fullwidth fullwidth-box fusion-builder-row-1 fusion-flex-container nonhundred-percent-fullwidth non-hundred-percent-height-scrolling\" style=\"--awb-border-radius-top-left:0px;--awb-border-radius-top-right:0px;--awb-border-radius-bottom-right:0px;--awb-border-radius-bottom-left:0px;--awb-flex-wrap:wrap;\" ><div class=\"fusion-builder-row fusion-row fusion-flex-align-items-flex-start fusion-flex-content-wrap\" style=\"max-width:1144px;margin-left: calc(-4% \/ 2 );margin-right: calc(-4% \/ 2 );\"><div class=\"fusion-layout-column fusion_builder_column fusion-builder-column-0 fusion_builder_column_1_1 1_1 fusion-flex-column\" style=\"--awb-bg-size:cover;--awb-width-large:100%;--awb-margin-top-large:0px;--awb-spacing-right-large:1.92%;--awb-margin-bottom-large:20px;--awb-spacing-left-large:1.92%;--awb-width-medium:100%;--awb-order-medium:0;--awb-spacing-right-medium:1.92%;--awb-spacing-left-medium:1.92%;--awb-width-small:100%;--awb-order-small:0;--awb-spacing-right-small:1.92%;--awb-spacing-left-small:1.92%;\"><div class=\"fusion-column-wrapper fusion-column-has-shadow fusion-flex-justify-content-flex-start fusion-content-layout-column\"><div class=\"fusion-text fusion-text-1\"><p><strong>Molenkoning ultra etkili MK beygir G\u00fcc\u00fc Titre\u015fim Plakas\u0131n\u0131 sunar. \u0130ki g\u00fc\u00e7l\u00fc motor kullan\u0131larak, \u015f\u0131k bir y\u00fczey ve \u00e7ekici tasar\u0131mla birlikte ideal dikey hareket elde edilebilir. Yenilik\u00e7i kontrol paneli ile birlikte, MK beygir G\u00fcc\u00fc Titre\u015fim Plakas\u0131n\u0131 atlar i\u00e7in d\u00fcnya \u00e7ap\u0131nda kullan\u0131lan bir titre\u015fim plakas\u0131 haline getirir. \u00dcr\u00fcn Hollanda&#8217;da tasarlanm\u0131\u015ft\u0131r ve do\u011frudan at\u00f6lyemizden teslim edilir. Beygir G\u00fcc\u00fc Titre\u015fim Plakas\u0131n\u0131 bug\u00fcn sipari\u015f ederseniz, \u00fcr\u00fcn\u00fc AB&#8217;de 7 i\u015f g\u00fcn\u00fc i\u00e7inde teslim al\u0131rs\u0131n\u0131z.<\/strong><\/p>\n<\/div><\/div><\/div><\/div><\/div><div class=\"fusion-fullwidth fullwidth-box fusion-builder-row-2 fusion-flex-container has-pattern-background has-mask-background sliderouter nonhundred-percent-fullwidth non-hundred-percent-height-scrolling\" style=\"--awb-border-radius-top-left:0px;--awb-border-radius-top-right:0px;--awb-border-radius-bottom-right:0px;--awb-border-radius-bottom-left:0px;--awb-flex-wrap:wrap;\" ><div class=\"fusion-builder-row fusion-row fusion-flex-align-items-flex-start fusion-flex-content-wrap\" style=\"max-width:1144px;margin-left: calc(-4% \/ 2 );margin-right: calc(-4% \/ 2 );\"><div class=\"fusion-layout-column fusion_builder_column fusion-builder-column-1 fusion_builder_column_1_1 1_1 fusion-flex-column sliderouternew\" style=\"--awb-bg-size:cover;--awb-width-large:100%;--awb-margin-top-large:0px;--awb-spacing-right-large:1.92%;--awb-margin-bottom-large:20px;--awb-spacing-left-large:1.92%;--awb-width-medium:100%;--awb-order-medium:0;--awb-spacing-right-medium:1.92%;--awb-spacing-left-medium:1.92%;--awb-width-small:100%;--awb-order-small:0;--awb-spacing-right-small:1.92%;--awb-spacing-left-small:1.92%;\"><div class=\"fusion-column-wrapper fusion-column-has-shadow fusion-flex-justify-content-flex-start fusion-content-layout-column\"><div class=\"fusion-title title fusion-title-1 fusion-title-center fusion-title-text fusion-title-size-two\" style=\"--awb-margin-bottom:30px;\"><div class=\"title-sep-container title-sep-container-left\"><div class=\"title-sep sep-double sep-solid\" style=\"border-color:#e0dede;\"><\/div><\/div><span class=\"awb-title-spacer\"><\/span><h2 class=\"fusion-title-heading title-heading-center\" style=\"margin:0;\">Photos<\/h2><span class=\"awb-title-spacer\"><\/span><div class=\"title-sep-container title-sep-container-right\"><div class=\"title-sep sep-double sep-solid\" style=\"border-color:#e0dede;\"><\/div><\/div><\/div><div class=\"fusion-image-carousel fusion-image-carousel-fixed fusion-image-carousel-1 lightbox-enabled solarium-carousel\"><div class=\"awb-carousel awb-swiper awb-swiper-carousel\" data-autoplay=\"no\" data-columns=\"3\" data-itemmargin=\"1\" data-itemwidth=\"180\" data-touchscroll=\"no\" data-imagesize=\"fixed\" style=\"--awb-columns:3;--awb-column-spacing:1px;--awb-caption-title-size:13px;--awb-caption-margin-bottom:10px;\"><div class=\"swiper-wrapper awb-image-carousel-wrapper fusion-flex-align-items-center\"><div class=\"swiper-slide\"><div class=\"fusion-carousel-item-wrapper\"><div class=\"fusion-image-wrapper hover-type-none\"><a data-rel=\"iLightbox[image_carousel_1]\" data-title=\"Trilplaat paarden vloer\" aria-label=\"Trilplaat paarden vloer\" href=\"https:\/\/molenkoning.com\/wp-content\/uploads\/2022\/10\/mk-horsepower-plate-floor-1024x683.jpg\" target=\"_self\"><img decoding=\"async\" width=\"460\" height=\"295\" src=\"https:\/\/molenkoning.com\/wp-content\/uploads\/2022\/10\/mk-horsepower-plate-floor-460x295.jpg\" class=\"attachment-portfolio-two size-portfolio-two\" alt=\"Trilplaat paarden vloer\" \/><\/a><\/div><\/div><\/div><div class=\"swiper-slide\"><div class=\"fusion-carousel-item-wrapper\"><div class=\"fusion-image-wrapper hover-type-none\"><a data-rel=\"iLightbox[image_carousel_1]\" data-title=\"antipanic fastener\" aria-label=\"antipanic fastener\" href=\"https:\/\/molenkoning.com\/wp-content\/uploads\/2020\/02\/anti-panic-attachment.jpg\" target=\"_self\"><img decoding=\"async\" width=\"460\" height=\"295\" src=\"https:\/\/molenkoning.com\/wp-content\/uploads\/2020\/02\/Power-plate-Mk-logo-4-460x295.jpg\" class=\"attachment-portfolio-two size-portfolio-two\" alt=\"\" \/><\/a><\/div><\/div><\/div><div class=\"swiper-slide\"><div class=\"fusion-carousel-item-wrapper\"><div class=\"fusion-image-wrapper hover-type-none\"><a data-rel=\"iLightbox[image_carousel_1]\" data-title=\"Trilplaat paarden achterkant\" aria-label=\"Trilplaat paarden achterkant\" href=\"https:\/\/molenkoning.com\/wp-content\/uploads\/2022\/10\/Powerplate-dilando-from-behind.jpg\" target=\"_self\"><img decoding=\"async\" width=\"460\" height=\"295\" src=\"https:\/\/molenkoning.com\/wp-content\/uploads\/2022\/10\/Powerplate-dilando-from-behind-460x295.jpg\" class=\"attachment-portfolio-two size-portfolio-two\" alt=\"Trilplaat paarden achterkant\" \/><\/a><\/div><\/div><\/div><div class=\"swiper-slide\"><div class=\"fusion-carousel-item-wrapper\"><div class=\"fusion-image-wrapper hover-type-none\"><a data-rel=\"iLightbox[image_carousel_1]\" data-title=\"Trilplaat paarden\" aria-label=\"Trilplaat paarden\" href=\"https:\/\/molenkoning.com\/wp-content\/uploads\/2022\/10\/powerplate-bright-colour.jpg\" target=\"_self\"><img decoding=\"async\" width=\"460\" height=\"295\" src=\"https:\/\/molenkoning.com\/wp-content\/uploads\/2022\/10\/powerplate-bright-colour-460x295.jpg\" class=\"attachment-portfolio-two size-portfolio-two\" alt=\"Trilplaat paarden\" \/><\/a><\/div><\/div><\/div><div class=\"swiper-slide\"><div class=\"fusion-carousel-item-wrapper\"><div class=\"fusion-image-wrapper hover-type-none\"><a data-rel=\"iLightbox[image_carousel_1]\" data-title=\"Trilplaat paarden zijkant\" aria-label=\"Trilplaat paarden zijkant\" href=\"https:\/\/molenkoning.com\/wp-content\/uploads\/2022\/10\/horsepower-plate-side.jpg\" target=\"_self\"><img decoding=\"async\" width=\"460\" height=\"295\" src=\"https:\/\/molenkoning.com\/wp-content\/uploads\/2022\/10\/horsepower-plate-side-460x295.jpg\" class=\"attachment-portfolio-two size-portfolio-two\" alt=\"Trilplaat paarden zijkant\" \/><\/a><\/div><\/div><\/div><div class=\"swiper-slide\"><div class=\"fusion-carousel-item-wrapper\"><div class=\"fusion-image-wrapper hover-type-none\"><a data-rel=\"iLightbox[image_carousel_1]\" data-title=\"Trilplaat paarden\" aria-label=\"Trilplaat paarden\" href=\"https:\/\/molenkoning.com\/wp-content\/uploads\/2022\/10\/mk-horsepower-plate.jpg\" target=\"_self\"><img decoding=\"async\" width=\"460\" height=\"295\" src=\"https:\/\/molenkoning.com\/wp-content\/uploads\/2022\/10\/mk-horsepower-plate-460x295.jpg\" class=\"attachment-portfolio-two size-portfolio-two\" alt=\"Trilplaat paarden\" \/><\/a><\/div><\/div><\/div><\/div><div class=\"awb-swiper-button awb-swiper-button-prev\"><i class=\"awb-icon-angle-left\" aria-hidden=\"true\"><\/i><\/div><div class=\"awb-swiper-button awb-swiper-button-next\"><i class=\"awb-icon-angle-right\" aria-hidden=\"true\"><\/i><\/div><\/div><\/div><\/div><\/div><\/div><\/div><div class=\"fusion-fullwidth fullwidth-box fusion-builder-row-3 fusion-flex-container has-pattern-background has-mask-background customsolarium nonhundred-percent-fullwidth non-hundred-percent-height-scrolling\" style=\"--awb-border-radius-top-left:0px;--awb-border-radius-top-right:0px;--awb-border-radius-bottom-right:0px;--awb-border-radius-bottom-left:0px;--awb-flex-wrap:wrap;\" ><div class=\"fusion-builder-row fusion-row fusion-flex-align-items-flex-start fusion-flex-content-wrap\" style=\"max-width:1144px;margin-left: calc(-4% \/ 2 );margin-right: calc(-4% \/ 2 );\"><div class=\"fusion-layout-column fusion_builder_column fusion-builder-column-2 fusion_builder_column_1_1 1_1 fusion-flex-column\" style=\"--awb-bg-size:cover;--awb-width-large:100%;--awb-margin-top-large:0px;--awb-spacing-right-large:1.92%;--awb-margin-bottom-large:0px;--awb-spacing-left-large:1.92%;--awb-width-medium:100%;--awb-spacing-right-medium:1.92%;--awb-spacing-left-medium:1.92%;--awb-width-small:100%;--awb-spacing-right-small:1.92%;--awb-spacing-left-small:1.92%;\"><div class=\"fusion-column-wrapper fusion-flex-justify-content-flex-start fusion-content-layout-column\"><div class=\"fusion-title title fusion-title-2 fusion-sep-none fusion-title-text fusion-title-size-two\" style=\"--awb-margin-bottom:10px;\"><h2 class=\"fusion-title-heading title-heading-left\" style=\"margin:0;\">Beygir G\u00fcc\u00fc Titre\u015fim Plakas\u0131n\u0131n Teknik \u00d6zellikleri<\/h2><\/div><div class=\"fusion-text fusion-text-2\"><p>Beygir G\u00fcc\u00fc Titre\u015fim Plakas\u0131, ayr\u0131 bir grup \u00fczerinde 230 voltluk bir ba\u011flant\u0131ya do\u011frudan ba\u011flanabilir.<\/p>\n<ul>\n<li>220-240 Volt 50 Hz \/ 60 Hz<\/li>\n<li><strong>Yap\u0131:<\/strong> siyah toz boyal\u0131 \u00e7elik<\/li>\n<li><strong>Uzunluk:<\/strong> 209 cm<\/li>\n<li><strong>Geni\u015flik:<\/strong> 116 cm<\/li>\n<li><strong>Y\u00fckseklik:<\/strong> 129 cm<\/li>\n<li><strong>A\u011f\u0131rl\u0131k:<\/strong> 350 kg<\/li>\n<li><strong>Zemin:<\/strong> kaymaz kau\u00e7uk<\/li>\n<li><strong>Elektrik ba\u011flant\u0131s\u0131:<\/strong> 220V-16 A<\/li>\n<li><strong>Motor:<\/strong> 2 adet 0,18 KW<\/li>\n<li><strong>Kontrol:<\/strong> programlayabilece\u011finiz ve g\u00fcvenlik durdurmas\u0131 i\u00e7eren dokunmatik ekran<\/li>\n<\/ul>\n<p><a href=\"https:\/\/molenkoning.com\/tr\/urunler\/beygir-gucu-plakasi\/\">Beygir G\u00fcc\u00fc Titre\u015fim Plakam\u0131z\u0131n<\/a> faydalar\u0131 ve \u00f6zellikleri hakk\u0131nda daha fazla bilgi edinmek ister misiniz? Daha fazla bilgi i\u00e7in buraya t\u0131klay\u0131n.<\/p>\n<\/div><\/div><\/div><div class=\"fusion-layout-column fusion_builder_column fusion-builder-column-3 fusion_builder_column_1_1 1_1 fusion-flex-column\" style=\"--awb-bg-size:cover;--awb-width-large:100%;--awb-margin-top-large:0px;--awb-spacing-right-large:1.92%;--awb-margin-bottom-large:0px;--awb-spacing-left-large:1.92%;--awb-width-medium:100%;--awb-spacing-right-medium:1.92%;--awb-spacing-left-medium:1.92%;--awb-width-small:100%;--awb-spacing-right-small:1.92%;--awb-spacing-left-small:1.92%;\"><div class=\"fusion-column-wrapper fusion-flex-justify-content-flex-start fusion-content-layout-column\"><div class=\"fusion-title title fusion-title-3 fusion-sep-none fusion-title-text fusion-title-size-two\" style=\"--awb-margin-top:20px;--awb-margin-bottom:10px;\"><h2 class=\"fusion-title-heading title-heading-left\" style=\"margin:0;\"><p class=\"p1\">Beygir G\u00fcc\u00fc Titre\u015fim Plakan\u0131z\u0131 bug\u00fcn Molenkoning&#8217;den sipari\u015f edin<\/p><\/h2><\/div><div class=\"fusion-text fusion-text-3\"><p class=\"p1\">Molenkoning bir Hollanda \u015firketidir. Bu, t\u00fcm \u00fcr\u00fcnlerimizin Hollanda&#8217;da tasarland\u0131\u011f\u0131 ve do\u011frudan at\u00f6lyemizden teslim edildi\u011fi anlam\u0131na gelir. Bu nedenle, k\u0131sa teslimat s\u00fcremiz var ve t\u00fcm d\u00fcnyadaki profesyoneller taraf\u0131ndan kullan\u0131lan y\u00fcksek kaliteli bir \u00fcr\u00fcn sipari\u015f edebilirsiniz.<\/p>\n<p>Sorunsuz bir teslimat s\u00fcreci sa\u011flamak amac\u0131yla, nakliye orta\u011f\u0131m\u0131z sipari\u015finizin bo\u015falt\u0131lmas\u0131 i\u00e7in uygun bir zaman belirlemek \u00fczere sizinle ki\u015fisel olarak ileti\u015fime ge\u00e7ecektir.<\/p>\n<\/div><\/div><\/div><div class=\"fusion-layout-column fusion_builder_column fusion-builder-column-4 fusion_builder_column_1_1 1_1 fusion-flex-column\" style=\"--awb-bg-size:cover;--awb-width-large:100%;--awb-margin-top-large:0px;--awb-spacing-right-large:1.92%;--awb-margin-bottom-large:0px;--awb-spacing-left-large:1.92%;--awb-width-medium:100%;--awb-spacing-right-medium:1.92%;--awb-spacing-left-medium:1.92%;--awb-width-small:100%;--awb-spacing-right-small:1.92%;--awb-spacing-left-small:1.92%;\"><div class=\"fusion-column-wrapper fusion-flex-justify-content-flex-start fusion-content-layout-column\"><p class=\"price\"><ins><span class=\"woocommerce-Price-amount amount\"><bdi><span class=\"woocommerce-Price-currencySymbol\">\u20ac<\/span>5,750<\/bdi><\/span><\/ins><\/p>\n<p class=\"vattext\">KDV ve Nakliye Hari\u00e7<\/p><\/div><\/div><\/div><\/div><\/p>\n","protected":false},"excerpt":{"rendered":"","protected":false},"featured_media":178814,"template":"","meta":{"_acf_changed":false,"content-type":""},"product_brand":[],"product_cat":[698],"product_tag":[],"class_list":{"0":"post-178813","1":"product","2":"type-product","3":"status-publish","4":"has-post-thumbnail","6":"product_cat-uncategorized-tr","8":"first","9":"instock","10":"taxable","11":"shipping-taxable","12":"product-type-simple"},"acf":[],"_links":{"self":[{"href":"https:\/\/molenkoning.com\/tr\/wp-json\/wp\/v2\/product\/178813","targetHints":{"allow":["GET"]}}],"collection":[{"href":"https:\/\/molenkoning.com\/tr\/wp-json\/wp\/v2\/product"}],"about":[{"href":"https:\/\/molenkoning.com\/tr\/wp-json\/wp\/v2\/types\/product"}],"wp:featuredmedia":[{"embeddable":true,"href":"https:\/\/molenkoning.com\/tr\/wp-json\/wp\/v2\/media\/178814"}],"wp:attachment":[{"href":"https:\/\/molenkoning.com\/tr\/wp-json\/wp\/v2\/media?parent=178813"}],"wp:term":[{"taxonomy":"product_brand","embeddable":true,"href":"https:\/\/molenkoning.com\/tr\/wp-json\/wp\/v2\/product_brand?post=178813"},{"taxonomy":"product_cat","embeddable":true,"href":"https:\/\/molenkoning.com\/tr\/wp-json\/wp\/v2\/product_cat?post=178813"},{"taxonomy":"product_tag","embeddable":true,"href":"https:\/\/molenkoning.com\/tr\/wp-json\/wp\/v2\/product_tag?post=178813"}],"curies":[{"name":"wp","href":"https:\/\/api.w.org\/{rel}","templated":true}]}}