{"id":177654,"date":"2016-02-24T05:23:09","date_gmt":"2016-02-24T05:23:09","guid":{"rendered":"https:\/\/molenkoning.com\/about\/"},"modified":"2024-02-20T08:11:36","modified_gmt":"2024-02-20T08:11:36","slug":"hakkimizda","status":"publish","type":"page","link":"https:\/\/molenkoning.com\/tr\/hakkimizda\/","title":{"rendered":"Bi\u0307r baba ve I\u0307ki\u0307 o\u011flunun hi\u0307kayesi\u0307"},"content":{"rendered":"<p><div class=\"fusion-fullwidth fullwidth-box fusion-builder-row-1 fusion-flex-container fusion-parallax-none abtouter hundred-percent-fullwidth non-hundred-percent-height-scrolling fusion-no-small-visibility\" style=\"--awb-background-position:center top;--awb-border-radius-top-left:0px;--awb-border-radius-top-right:0px;--awb-border-radius-bottom-right:0px;--awb-border-radius-bottom-left:0px;--awb-padding-top:30px;--awb-padding-right:30px;--awb-padding-bottom:0px;--awb-margin-bottom:0px;--awb-background-image:url(&quot;https:\/\/molenkoning.com\/wp-content\/uploads\/2020\/04\/storybg.jpg&quot;);--awb-background-size:cover;--awb-flex-wrap:wrap;\" ><div class=\"fusion-builder-row fusion-row fusion-flex-align-items-flex-start fusion-flex-content-wrap\" style=\"width:104% !important;max-width:104% !important;margin-left: calc(-4% \/ 2 );margin-right: calc(-4% \/ 2 );\"><div class=\"fusion-layout-column fusion_builder_column fusion-builder-column-0 fusion_builder_column_1_2 1_2 fusion-flex-column abtouter\" style=\"--awb-bg-position:right bottom;--awb-bg-size:cover;--awb-width-large:50%;--awb-margin-top-large:0px;--awb-spacing-right-large:0px;--awb-margin-bottom-large:0px;--awb-spacing-left-large:3.84%;--awb-width-medium:50%;--awb-spacing-right-medium:0px;--awb-spacing-left-medium:3.84%;--awb-width-small:100%;--awb-spacing-right-small:1.92%;--awb-spacing-left-small:1.92%;\"><div class=\"fusion-column-wrapper fusion-column-has-shadow fusion-flex-justify-content-flex-start fusion-content-layout-column\"><\/div><\/div><div class=\"fusion-layout-column fusion_builder_column fusion-builder-column-1 fusion_builder_column_1_2 1_2 fusion-flex-column\" style=\"--awb-padding-left:110px;--awb-bg-position:right bottom;--awb-bg-size:cover;--awb-width-large:50%;--awb-margin-top-large:0px;--awb-spacing-right-large:3.84%;--awb-margin-bottom-large:0px;--awb-spacing-left-large:0px;--awb-width-medium:50%;--awb-spacing-right-medium:3.84%;--awb-spacing-left-medium:0px;--awb-width-small:100%;--awb-spacing-right-small:1.92%;--awb-spacing-left-small:1.92%;\"><div class=\"fusion-column-wrapper fusion-column-has-shadow fusion-flex-justify-content-flex-start fusion-content-layout-column\"><div class=\"fusion-title title fusion-title-1 fusion-sep-none fusion-title-center fusion-title-text fusion-title-size-one\" style=\"--awb-font-size:35px;\"><h1 class=\"fusion-title-heading title-heading-center\" style=\"margin:0;font-size:1em;\"><span style=\"color: #ffffff;\">MOLENKONING: <\/span><span style=\"color: #bfa723;\">B\u0130R BABA VE <\/span><span style=\"color: #ffffff;\">\u0130K\u0130 O\u011eLUNUN H\u0130KAYES\u0130<\/span><\/h1><\/div><div class=\"fusion-text fusion-text-1\" style=\"--awb-text-color:#ffffff;\"><p><span style=\"color: #bfa723;\">Jos de Swart<\/span> kalpten bir at severdi. \u0130lk at\u0131n\u0131 18 ya\u015f\u0131nda, aile gelene\u011fini s\u00fcrd\u00fcrmek i\u00e7in de\u011fil, hayvanlar\u0131n ona cazip gelmesinden dolay\u0131 sat\u0131n ald\u0131. Ne sevdi\u011fini hemen anlad\u0131: Hollanda ko\u015fum at\u0131.<\/p>\n<p>Atlarla y\u0131llarca e\u011fitim ve \u00e7al\u0131\u015fma, g\u00fczel dolu bir kupa dolab\u0131 yapt\u0131. O\u011fullar\u0131 <span style=\"color: #bfa723;\">Ton ve Nicky de Swart<\/span> d\u00fczenli olarak yar\u0131\u015fmalara kat\u0131l\u0131yor ve babalar\u0131 Jos&#8217;un co\u015fkusuna kap\u0131l\u0131yorlard\u0131. B\u00f6lgesel ve hatta ulusal \u00f6d\u00fcllerle eve d\u00f6n\u00fcyorlard\u0131.<\/p>\n<p>Ton okulu bitirdikten sonra 17 ya\u015f\u0131nda ne istedi\u011fini biliyordu: kendi ticaret \u015firketi. O zamanlar bir kaynak\u00e7\u0131 olan Jos, bir \u00e7ift at satt\u0131 ve birlikte kendi i\u015flerinin patronu olarak ilk i\u015flerine ba\u015flad\u0131lar. Bir testere, matkap presi ve bir kaynak makinesi ald\u0131lar ve bu <span style=\"color: #bfa723;\">sayede kendi gibi at tutkunlar\u0131<\/span> i\u00e7in ah\u0131rlar yapmaya haz\u0131r hale geldiler.<\/p>\n<p>\u0130lk y\u0131llar zordu. Ton ah\u0131rlar\u0131n sat\u0131\u015f\u0131na odakland\u0131 ve Jos \u00fcretimi y\u00f6netti. K\u00fc\u00e7\u00fck bir \u015firketti, bu da farkl\u0131 ah\u0131rlar\u0131 m\u00fckemmelle\u015ftirmeyi zorla\u015ft\u0131r\u0131yordu. O zamanlar, t\u00fcm ah\u0131r projeleri aras\u0131nda ara s\u0131ra bir at y\u00fcr\u00fcy\u00fc\u015f makinesi yap\u0131yorlard\u0131, ancak bu kesinlikle \u00f6nemli bir \u00fcr\u00fcn de\u011fildi. Fiyatlar y\u00fcksekti ve bir at y\u00fcr\u00fcy\u00fc\u015f makinesi ortalama at sahibi i\u00e7in \u00e7ok pahal\u0131yd\u0131. O zamanlarda, bir at y\u00fcr\u00fcy\u00fc\u015f makinesi kuran tek m\u00fc\u015fteriler b\u00fcy\u00fck binicilik okullar\u0131 veya profesyonel ah\u0131rlard\u0131.<\/p>\n<p>Bu s\u0131ralarda, o\u011ful Nicky okulunu bitirdi ve ikiliye kat\u0131ld\u0131. Birlikte, at y\u00fcr\u00fct\u00fcc\u00fcs\u00fc i\u00e7in tasar\u0131m yapt\u0131lar. Uzun s\u00fcre, Jos di\u011fer cihazlar gibi at y\u00fcr\u00fct\u00fcc\u00fcs\u00fcn\u00fc de fi\u015fe tak\u0131labilir hale getirmek istemi\u015fti. Model; mod\u00fcler ve basit olacak \u015fekilde yeniden tasarland\u0131. Daha seri \u00fcretim yaparlarsa, y\u00fcr\u00fct\u00fcc\u00fc de daha ucuz hale gelecek ve kendileri gibi at sahipleri i\u00e7in daha geni\u015f bir kitleye ula\u015facakt\u0131.<\/p>\n<p>\u0130lk prototiplerini yapt\u0131lar, daha sonra at y\u00fcr\u00fct\u00fcc\u00fcs\u00fc \u015fekillendi. Bir sonraki ad\u0131m i\u00e7in haz\u0131rd\u0131lar, isim. Bir hafta sonu aile, beyin f\u0131rt\u0131nas\u0131 yapt\u0131. Birka\u00e7 isim \u00f6nerildi. Ama dikkat \u00e7ekici, ak\u0131lda kal\u0131c\u0131 bir isim ar\u0131yorlard\u0131. Sonunda Molenkoning oldu \u2013 belki biraz cesurca ama iyi hissettirdi. Ayn\u0131 hafta sonu, Nicky bir web sitesi yapt\u0131 ve Ton at gazetesine bir ilan verdi. Takip eden haftada \u00fc\u00e7 at y\u00fcr\u00fct\u00fcc\u00fcs\u00fc satt\u0131lar. O zaman adamlar alt\u0131na vurduklar\u0131n\u0131 biliyorlard\u0131! Sonras\u0131nda olanlar\u0131 asla hayal edemezlerdi.<\/p>\n<p>Takip eden y\u0131llarda, Molenkoning at y\u00fcr\u00fct\u00fcc\u00fcleri, y\u00fcr\u00fct\u00fcc\u00fc \u00e7itleri ve \u00e7at\u0131lar\u0131 alan\u0131nda global pazar lideri oldu. <span style=\"color: #bfa723;\">Bug\u00fcn, Molenkoning&#8217;in misyonu; rekabet\u00e7i bir fiyata en kaliteli at y\u00fcr\u00fct\u00fcc\u00fcleri yapmakt\u0131r.<\/span> Molenkoning&#8217;in egzersiz makineleri m\u00fckemmelle\u015ftirilmi\u015f ve bir DIY kit olarak e\u015fsizdir \u2013 bu s\u00f6zleri bizden duymak zorunda de\u011filsiniz. Sizden \u00f6nce binlerce m\u00fc\u015fterinin hikayelerini okuyun:<\/p>\n<p><a href=\"https:\/\/molenkoning.com\/tr\/mk-tecrubesi\/\">T\u0131klay\u0131n!<\/a><\/p>\n<\/div><\/div><\/div><\/div><\/div><div class=\"fusion-fullwidth fullwidth-box fusion-builder-row-2 fusion-flex-container hundred-percent-fullwidth non-hundred-percent-height-scrolling fusion-no-medium-visibility fusion-no-large-visibility\" style=\"--awb-border-radius-top-left:0px;--awb-border-radius-top-right:0px;--awb-border-radius-bottom-right:0px;--awb-border-radius-bottom-left:0px;--awb-padding-right:0px;--awb-padding-left:0px;--awb-flex-wrap:wrap;\" ><div class=\"fusion-builder-row fusion-row fusion-flex-align-items-flex-start fusion-flex-content-wrap\" style=\"width:calc( 100% + 0px ) !important;max-width:calc( 100% + 0px ) !important;margin-left: calc(-0px \/ 2 );margin-right: calc(-0px \/ 2 );\"><div class=\"fusion-layout-column fusion_builder_column fusion-builder-column-2 fusion_builder_column_1_2 1_2 fusion-flex-column\" style=\"--awb-bg-size:cover;--awb-width-large:50%;--awb-margin-top-large:0px;--awb-spacing-right-large:0px;--awb-margin-bottom-large:0px;--awb-spacing-left-large:0px;--awb-width-medium:50%;--awb-spacing-right-medium:0px;--awb-spacing-left-medium:0px;--awb-width-small:100%;--awb-spacing-right-small:0px;--awb-spacing-left-small:0px;\"><div class=\"fusion-column-wrapper fusion-column-has-shadow fusion-flex-justify-content-flex-start fusion-content-layout-column\"><div class=\"fusion-image-element \" style=\"--awb-caption-title-font-family:var(--h2_typography-font-family);--awb-caption-title-font-weight:var(--h2_typography-font-weight);--awb-caption-title-font-style:var(--h2_typography-font-style);--awb-caption-title-size:var(--h2_typography-font-size);--awb-caption-title-transform:var(--h2_typography-text-transform);--awb-caption-title-line-height:var(--h2_typography-line-height);--awb-caption-title-letter-spacing:var(--h2_typography-letter-spacing);\"><span class=\" fusion-imageframe imageframe-none imageframe-1 hover-type-none\"><img decoding=\"async\" width=\"915\" height=\"1024\" title=\"Ton-Jos-Nicky\" src=\"https:\/\/molenkoning.com\/wp-content\/uploads\/2020\/05\/Ton-Jos-Nicky-915x1024.jpg\" alt class=\"img-responsive wp-image-177660\" srcset=\"https:\/\/molenkoning.com\/wp-content\/uploads\/2020\/05\/Ton-Jos-Nicky-200x224.jpg 200w, https:\/\/molenkoning.com\/wp-content\/uploads\/2020\/05\/Ton-Jos-Nicky-400x448.jpg 400w, https:\/\/molenkoning.com\/wp-content\/uploads\/2020\/05\/Ton-Jos-Nicky-600x671.jpg 600w, https:\/\/molenkoning.com\/wp-content\/uploads\/2020\/05\/Ton-Jos-Nicky-800x895.jpg 800w, https:\/\/molenkoning.com\/wp-content\/uploads\/2020\/05\/Ton-Jos-Nicky-1200x1343.jpg 1200w\" sizes=\"(max-width: 640px) 100vw, 600px\" \/><\/span><\/div><\/div><\/div><div class=\"fusion-layout-column fusion_builder_column fusion-builder-column-3 fusion_builder_column_1_2 1_2 fusion-flex-column\" style=\"--awb-padding-top:20px;--awb-padding-right:20px;--awb-padding-bottom:20px;--awb-padding-left:20px;--awb-bg-color:#484848;--awb-bg-color-hover:#484848;--awb-bg-size:cover;--awb-width-large:50%;--awb-margin-top-large:0px;--awb-spacing-right-large:0px;--awb-margin-bottom-large:0px;--awb-spacing-left-large:0px;--awb-width-medium:50%;--awb-spacing-right-medium:0px;--awb-spacing-left-medium:0px;--awb-width-small:100%;--awb-spacing-right-small:0px;--awb-spacing-left-small:0px;\"><div class=\"fusion-column-wrapper fusion-column-has-shadow fusion-flex-justify-content-flex-start fusion-content-layout-column\"><div class=\"fusion-title title fusion-title-2 fusion-sep-none fusion-title-center fusion-title-text fusion-title-size-one\" style=\"--awb-font-size:35px;\"><h1 class=\"fusion-title-heading title-heading-center\" style=\"margin:0;font-size:1em;\"><span style=\"color: #ffffff;\">MOLENKONING: <\/span><span style=\"color: #bfa723;\">B\u0130R BABA VE <\/span><span style=\"color: #ffffff;\">\u0130K\u0130 O\u011eLUNUN H\u0130KAYES\u0130<\/span><\/h1><\/div><div class=\"fusion-text fusion-text-2\" style=\"--awb-text-color:#ffffff;\"><p><span style=\"color: #bfa723;\">Jos de Swart<\/span> kalpten bir at severdi. \u0130lk at\u0131n\u0131 18 ya\u015f\u0131nda, aile gelene\u011fini s\u00fcrd\u00fcrmek i\u00e7in de\u011fil, hayvanlar\u0131n ona cazip gelmesinden dolay\u0131 sat\u0131n ald\u0131. Ne sevdi\u011fini hemen anlad\u0131: Hollanda ko\u015fum at\u0131.<\/p>\n<p>Atlarla y\u0131llarca e\u011fitim ve \u00e7al\u0131\u015fma, g\u00fczel dolu bir kupa dolab\u0131 yapt\u0131. O\u011fullar\u0131 <span style=\"color: #bfa723;\">Ton ve Nicky de Swart<\/span> d\u00fczenli olarak yar\u0131\u015fmalara kat\u0131l\u0131yor ve babalar\u0131 Jos&#8217;un co\u015fkusuna kap\u0131l\u0131yorlard\u0131. B\u00f6lgesel ve hatta ulusal \u00f6d\u00fcllerle eve d\u00f6n\u00fcyorlard\u0131.<\/p>\n<p>Ton okulu bitirdikten sonra 17 ya\u015f\u0131nda ne istedi\u011fini biliyordu: kendi ticaret \u015firketi. O zamanlar bir kaynak\u00e7\u0131 olan Jos, bir \u00e7ift at satt\u0131 ve birlikte kendi i\u015flerinin patronu olarak ilk i\u015flerine ba\u015flad\u0131lar. Bir testere, matkap presi ve bir kaynak makinesi ald\u0131lar ve bu <span style=\"color: #bfa723;\">sayede kendi gibi at tutkunlar\u0131<\/span> i\u00e7in ah\u0131rlar yapmaya haz\u0131r hale geldiler.<\/p>\n<p>\u0130lk y\u0131llar zordu. Ton ah\u0131rlar\u0131n sat\u0131\u015f\u0131na odakland\u0131 ve Jos \u00fcretimi y\u00f6netti. K\u00fc\u00e7\u00fck bir \u015firketti, bu da farkl\u0131 ah\u0131rlar\u0131 m\u00fckemmelle\u015ftirmeyi zorla\u015ft\u0131r\u0131yordu. O zamanlar, t\u00fcm ah\u0131r projeleri aras\u0131nda ara s\u0131ra bir at y\u00fcr\u00fcy\u00fc\u015f makinesi yap\u0131yorlard\u0131, ancak bu kesinlikle \u00f6nemli bir \u00fcr\u00fcn de\u011fildi. Fiyatlar y\u00fcksekti ve bir at y\u00fcr\u00fcy\u00fc\u015f makinesi ortalama at sahibi i\u00e7in \u00e7ok pahal\u0131yd\u0131. O zamanlarda, bir at y\u00fcr\u00fcy\u00fc\u015f makinesi kuran tek m\u00fc\u015fteriler b\u00fcy\u00fck binicilik okullar\u0131 veya profesyonel ah\u0131rlard\u0131.<\/p>\n<p>Bu s\u0131ralarda, o\u011ful Nicky okulunu bitirdi ve ikiliye kat\u0131ld\u0131. Birlikte, at y\u00fcr\u00fct\u00fcc\u00fcs\u00fc i\u00e7in tasar\u0131m yapt\u0131lar. Uzun s\u00fcre, Jos di\u011fer cihazlar gibi at y\u00fcr\u00fct\u00fcc\u00fcs\u00fcn\u00fc de fi\u015fe tak\u0131labilir hale getirmek istemi\u015fti. Model; mod\u00fcler ve basit olacak \u015fekilde yeniden tasarland\u0131. Daha seri \u00fcretim yaparlarsa, y\u00fcr\u00fct\u00fcc\u00fc de daha ucuz hale gelecek ve kendileri gibi at sahipleri i\u00e7in daha geni\u015f bir kitleye ula\u015facakt\u0131.<\/p>\n<p>\u0130lk prototiplerini yapt\u0131lar, daha sonra at y\u00fcr\u00fct\u00fcc\u00fcs\u00fc \u015fekillendi. Bir sonraki ad\u0131m i\u00e7in haz\u0131rd\u0131lar, isim. Bir hafta sonu aile, beyin f\u0131rt\u0131nas\u0131 yapt\u0131. Birka\u00e7 isim \u00f6nerildi. Ama dikkat \u00e7ekici, ak\u0131lda kal\u0131c\u0131 bir isim ar\u0131yorlard\u0131. Sonunda Molenkoning oldu \u2013 belki biraz cesurca ama iyi hissettirdi. Ayn\u0131 hafta sonu, Nicky bir web sitesi yapt\u0131 ve Ton at gazetesine bir ilan verdi. Takip eden haftada \u00fc\u00e7 at y\u00fcr\u00fct\u00fcc\u00fcs\u00fc satt\u0131lar. O zaman adamlar alt\u0131na vurduklar\u0131n\u0131 biliyorlard\u0131! Sonras\u0131nda olanlar\u0131 asla hayal edemezlerdi.<\/p>\n<p>Takip eden y\u0131llarda, Molenkoning at y\u00fcr\u00fct\u00fcc\u00fcleri, y\u00fcr\u00fct\u00fcc\u00fc \u00e7itleri ve \u00e7at\u0131lar\u0131 alan\u0131nda global pazar lideri oldu. <span style=\"color: #bfa723;\">Bug\u00fcn, Molenkoning&#8217;in misyonu; rekabet\u00e7i bir fiyata en kaliteli at y\u00fcr\u00fct\u00fcc\u00fcleri yapmakt\u0131r.<\/span> Molenkoning&#8217;in egzersiz makineleri m\u00fckemmelle\u015ftirilmi\u015f ve bir DIY kit olarak e\u015fsizdir \u2013 bu s\u00f6zleri bizden duymak zorunda de\u011filsiniz. Sizden \u00f6nce binlerce m\u00fc\u015fterinin hikayelerini okuyun:<\/p>\n<p><a href=\"https:\/\/molenkoning.com\/tr\/mk-tecrubesi\/\">T\u0131klay\u0131n!<\/a><\/p>\n<\/div><\/div><\/div><\/div><\/div><\/p>\n","protected":false},"excerpt":{"rendered":"","protected":false},"author":1,"featured_media":0,"parent":0,"menu_order":0,"comment_status":"closed","ping_status":"closed","template":"100-width.php","meta":{"_acf_changed":false,"content-type":"","footnotes":""},"class_list":["post-177654","page","type-page","status-publish","hentry"],"acf":[],"_links":{"self":[{"href":"https:\/\/molenkoning.com\/tr\/wp-json\/wp\/v2\/pages\/177654","targetHints":{"allow":["GET"]}}],"collection":[{"href":"https:\/\/molenkoning.com\/tr\/wp-json\/wp\/v2\/pages"}],"about":[{"href":"https:\/\/molenkoning.com\/tr\/wp-json\/wp\/v2\/types\/page"}],"author":[{"embeddable":true,"href":"https:\/\/molenkoning.com\/tr\/wp-json\/wp\/v2\/users\/1"}],"replies":[{"embeddable":true,"href":"https:\/\/molenkoning.com\/tr\/wp-json\/wp\/v2\/comments?post=177654"}],"version-history":[{"count":10,"href":"https:\/\/molenkoning.com\/tr\/wp-json\/wp\/v2\/pages\/177654\/revisions"}],"predecessor-version":[{"id":178995,"href":"https:\/\/molenkoning.com\/tr\/wp-json\/wp\/v2\/pages\/177654\/revisions\/178995"}],"wp:attachment":[{"href":"https:\/\/molenkoning.com\/tr\/wp-json\/wp\/v2\/media?parent=177654"}],"curies":[{"name":"wp","href":"https:\/\/api.w.org\/{rel}","templated":true}]}}