{"id":177486,"date":"2020-02-11T13:24:13","date_gmt":"2020-02-11T13:24:13","guid":{"rendered":"https:\/\/molenkoning.com\/structure-and-composition-of-a-molenkoning-horse-walker\/"},"modified":"2024-02-06T10:47:31","modified_gmt":"2024-02-06T10:47:31","slug":"molenkoning-at-walkerinin-yapisi-ve-bilesimi","status":"publish","type":"page","link":"https:\/\/molenkoning.com\/tr\/molenkoning-at-walkerinin-yapisi-ve-bilesimi\/","title":{"rendered":"Molenkoning at walker\u0131n\u0131n yap\u0131s\u0131 ve bile\u015fimi"},"content":{"rendered":"<p><div class=\"fusion-fullwidth fullwidth-box fusion-builder-row-1 fusion-flex-container has-pattern-background has-mask-background nonhundred-percent-fullwidth non-hundred-percent-height-scrolling\" style=\"--awb-border-radius-top-left:0px;--awb-border-radius-top-right:0px;--awb-border-radius-bottom-right:0px;--awb-border-radius-bottom-left:0px;--awb-flex-wrap:wrap;\" ><div class=\"fusion-builder-row fusion-row fusion-flex-align-items-flex-start fusion-flex-content-wrap\" style=\"max-width:1144px;margin-left: calc(-4% \/ 2 );margin-right: calc(-4% \/ 2 );\"><div class=\"fusion-layout-column fusion_builder_column fusion-builder-column-0 fusion_builder_column_1_1 1_1 fusion-flex-column\" style=\"--awb-bg-size:cover;--awb-width-large:100%;--awb-margin-top-large:0px;--awb-spacing-right-large:1.92%;--awb-margin-bottom-large:20px;--awb-spacing-left-large:1.92%;--awb-width-medium:100%;--awb-order-medium:0;--awb-spacing-right-medium:1.92%;--awb-spacing-left-medium:1.92%;--awb-width-small:100%;--awb-order-small:0;--awb-spacing-right-small:1.92%;--awb-spacing-left-small:1.92%;\"><div class=\"fusion-column-wrapper fusion-column-has-shadow fusion-flex-justify-content-flex-start fusion-content-layout-column\"><div class=\"fusion-title title fusion-title-1 fusion-sep-none fusion-title-text fusion-title-size-one\" style=\"--awb-text-color:#333333;\"><h1 class=\"fusion-title-heading title-heading-left\" style=\"margin:0;\">Molenkoning at walker\u0131n\u0131n yap\u0131s\u0131 ve bile\u015fimi<\/h1><\/div><div class=\"fusion-text fusion-text-1\"><p>Molenkoning at walker\u0131 kullan\u0131c\u0131 dostudur ve sa\u011flam yap\u0131s\u0131 sayesinde uzun \u00f6m\u00fcrl\u00fcd\u00fcr. At walker\u0131n\u0131z az bak\u0131m gerektirir, \u00e7ok g\u00fcvenlidir ve enerji kullan\u0131m\u0131nda verimlidir. At walkerlar\u0131m\u0131z bir teknisyen taraf\u0131ndan monte edilebilir, ancak \u00e7o\u011funlukla m\u00fc\u015fterilerimiz taraf\u0131ndan basit bir k\u0131lavuz yard\u0131m\u0131yla monte edilir.<\/p>\n<p>Bu makalede, size at walkerlar\u0131m\u0131z\u0131n yap\u0131s\u0131 ve bile\u015fimi hakk\u0131nda her \u015feyi ayr\u0131nt\u0131l\u0131 olarak anlataca\u011f\u0131z. Bu \u015fekilde, at walker\u0131m\u0131z\u0131n kullan\u0131m\u0131yla ilgili ana konular hakk\u0131nda bilgi sahibi olacaks\u0131n\u0131z. Bir at walker\u0131 ile antrenman hakk\u0131nda daha fazla bilgi edinmek istiyorsan\u0131z, bu konudaki bir makale i\u00e7in <a href=\"https:\/\/molenkoning.com\/tr\/urunler\/at-walkerlari-secenekler\/\">buraya t\u0131klay\u0131n<\/a>. Ayr\u0131ca, bu makalede a\u015fa\u011f\u0131dakiler hakk\u0131nda bilgi edineceksiniz:<\/p>\n<ul>\n<li>At ve e\u011fitmen i\u00e7in g\u00fcvenlik<\/li>\n<li>Y\u00fcksek kaliteli malzemeler ve kaplama<\/li>\n<li>Sat\u0131\u015f \u00f6ncesi ve sonras\u0131 birinci s\u0131n\u0131f hizmet<\/li>\n<li>Fonksiyonel d\u00fc\u011fmeler ile kolay kullan\u0131m<\/li>\n<li>En iyi fiyat-kalite ili\u015fkisi<\/li>\n<\/ul>\n<\/div><\/div><\/div><div class=\"fusion-layout-column fusion_builder_column fusion-builder-column-1 fusion_builder_column_1_1 1_1 fusion-flex-column\" style=\"--awb-bg-size:cover;--awb-width-large:100%;--awb-margin-top-large:0px;--awb-spacing-right-large:1.92%;--awb-margin-bottom-large:20px;--awb-spacing-left-large:1.92%;--awb-width-medium:100%;--awb-order-medium:0;--awb-spacing-right-medium:1.92%;--awb-spacing-left-medium:1.92%;--awb-width-small:100%;--awb-order-small:0;--awb-spacing-right-small:1.92%;--awb-spacing-left-small:1.92%;\"><div class=\"fusion-column-wrapper fusion-column-has-shadow fusion-flex-justify-content-flex-start fusion-content-layout-column\"><div class=\"fusion-title title fusion-title-2 fusion-sep-none fusion-title-text fusion-title-size-one\" style=\"--awb-text-color:#333333;\"><h1 class=\"fusion-title-heading title-heading-left\" style=\"margin:0;\">At walker\u0131 ve at\u0131n\u0131z\u0131n g\u00fcvenli\u011fi<\/h1><\/div><div class=\"fusion-text fusion-text-2\"><p>G\u00fcvenlik ve kalite \u00f6ncelik listenizin en ba\u015f\u0131nda yer al\u0131r ve bizim i\u00e7in de durum farkl\u0131 de\u011fildir. Bu nedenle at walkerm\u0131z her zaman en az 15.000 saatlik uzun bir kullan\u0131m \u00f6mr\u00fc i\u00e7in tasarlanm\u0131\u015f 220V elektrik motoruyla birlikte gelir.<\/p>\n<\/div><\/div><\/div><\/div><\/div><div class=\"fusion-fullwidth fullwidth-box fusion-builder-row-2 fusion-flex-container has-pattern-background has-mask-background ctabannerouter nonhundred-percent-fullwidth non-hundred-percent-height-scrolling\" style=\"--awb-border-radius-top-left:0px;--awb-border-radius-top-right:0px;--awb-border-radius-bottom-right:0px;--awb-border-radius-bottom-left:0px;--awb-padding-right:0px;--awb-padding-bottom:0px;--awb-padding-left:0px;--awb-margin-bottom:20px;--awb-background-color:#484848;--awb-flex-wrap:wrap;\" ><div class=\"fusion-builder-row fusion-row fusion-flex-align-items-flex-start fusion-flex-content-wrap\" style=\"max-width:calc( 1100px + 0px );margin-left: calc(-0px \/ 2 );margin-right: calc(-0px \/ 2 );\"><div class=\"fusion-layout-column fusion_builder_column fusion-builder-column-2 fusion_builder_column_1_3 1_3 fusion-flex-column\" style=\"--awb-padding-top:50px;--awb-padding-right:30px;--awb-padding-bottom:30px;--awb-padding-left:30px;--awb-bg-size:cover;--awb-width-large:33.333333333333%;--awb-margin-top-large:0px;--awb-spacing-right-large:0;--awb-margin-bottom-large:0px;--awb-spacing-left-large:0px;--awb-width-medium:33.333333333333%;--awb-order-medium:0;--awb-spacing-right-medium:0;--awb-spacing-left-medium:0px;--awb-width-small:100%;--awb-order-small:0;--awb-spacing-right-small:0px;--awb-spacing-left-small:0px;\" data-motion-effects=\"[{&quot;type&quot;:&quot;&quot;,&quot;scroll_type&quot;:&quot;transition&quot;,&quot;scroll_direction&quot;:&quot;up&quot;,&quot;transition_speed&quot;:&quot;1&quot;,&quot;fade_type&quot;:&quot;in&quot;,&quot;scale_type&quot;:&quot;up&quot;,&quot;initial_scale&quot;:&quot;1&quot;,&quot;max_scale&quot;:&quot;1.5&quot;,&quot;min_scale&quot;:&quot;0.5&quot;,&quot;initial_rotate&quot;:&quot;0&quot;,&quot;end_rotate&quot;:&quot;30&quot;,&quot;initial_blur&quot;:&quot;0&quot;,&quot;end_blur&quot;:&quot;3&quot;,&quot;start_element&quot;:&quot;top&quot;,&quot;start_viewport&quot;:&quot;bottom&quot;,&quot;end_element&quot;:&quot;bottom&quot;,&quot;end_viewport&quot;:&quot;top&quot;,&quot;mouse_effect&quot;:&quot;track&quot;,&quot;mouse_effect_direction&quot;:&quot;opposite&quot;,&quot;mouse_effect_speed&quot;:&quot;2&quot;,&quot;infinite_animation&quot;:&quot;float&quot;,&quot;infinite_animation_speed&quot;:&quot;2&quot;}]\" data-scroll-devices=\"small-visibility,medium-visibility,large-visibility\"><div class=\"fusion-column-wrapper fusion-column-has-shadow fusion-flex-justify-content-flex-start fusion-content-layout-column\"><div class=\"fusion-title title fusion-title-3 fusion-sep-none fusion-title-text fusion-title-size-two\" style=\"--awb-text-color:#ffffff;\"><h2 class=\"fusion-title-heading title-heading-left\" style=\"margin:0;\">Sorular\u0131n\u0131z\u0131 uzmanlar\u0131m\u0131zdan birine sorun<\/h2><\/div><div class=\"fusion-text fusion-text-3\" style=\"--awb-text-color:#ffffff;\"><p>Bir at y\u00fcr\u00fct\u00fcc\u00fcs\u00fcn\u00fcn yerle\u015ftirilmesi, kurulumu veya kullan\u0131m\u0131 hakk\u0131nda herhangi bir sorunuz var m\u0131?<\/p>\n<\/div><\/div><\/div><div class=\"fusion-layout-column fusion_builder_column fusion-builder-column-3 fusion_builder_column_2_3 2_3 fusion-flex-column ctabannerinner\" style=\"--awb-padding-top:50px;--awb-padding-right:50px;--awb-padding-bottom:51px;--awb-padding-left:30px;--awb-bg-color:rgba(0,0,0,0.38);--awb-bg-color-hover:rgba(0,0,0,0.38);--awb-bg-image:url(&#039;https:\/\/molenkoning.com\/wp-content\/uploads\/2021\/09\/Molenkoning-66.jpeg&#039;);--awb-bg-position:center center;--awb-bg-size:cover;--awb-width-large:66.666666666667%;--awb-margin-top-large:0px;--awb-spacing-right-large:0px;--awb-margin-bottom-large:0px;--awb-spacing-left-large:0;--awb-width-medium:66.666666666667%;--awb-order-medium:0;--awb-spacing-right-medium:0px;--awb-spacing-left-medium:0;--awb-width-small:100%;--awb-order-small:0;--awb-spacing-right-small:0px;--awb-spacing-left-small:0px;\"><div class=\"fusion-column-wrapper fusion-column-has-shadow fusion-flex-justify-content-flex-start fusion-content-layout-column fusion-column-has-bg-image\" data-bg-url=\"https:\/\/molenkoning.com\/wp-content\/uploads\/2021\/09\/Molenkoning-66.jpeg\"><div class=\"fusion-image-element \" style=\"text-align:left;--awb-margin-bottom:10px;--awb-caption-title-font-family:var(--h2_typography-font-family);--awb-caption-title-font-weight:var(--h2_typography-font-weight);--awb-caption-title-font-style:var(--h2_typography-font-style);--awb-caption-title-size:var(--h2_typography-font-size);--awb-caption-title-transform:var(--h2_typography-text-transform);--awb-caption-title-line-height:var(--h2_typography-line-height);--awb-caption-title-letter-spacing:var(--h2_typography-letter-spacing);\"><span class=\" fusion-imageframe imageframe-none imageframe-1 hover-type-none\"><img decoding=\"async\" width=\"200\" height=\"200\" title=\"ctabuttonturkey\" src=\"https:\/\/molenkoning.com\/wp-content\/uploads\/2024\/02\/ctabuttonturkey.png\" alt class=\"img-responsive wp-image-178534\" srcset=\"https:\/\/molenkoning.com\/wp-content\/uploads\/2024\/02\/ctabuttonturkey-66x66.png 66w, https:\/\/molenkoning.com\/wp-content\/uploads\/2024\/02\/ctabuttonturkey-150x150.png 150w, https:\/\/molenkoning.com\/wp-content\/uploads\/2024\/02\/ctabuttonturkey.png 200w\" sizes=\"(max-width: 200px) 100vw, 200px\" \/><\/span><\/div><div ><a class=\"fusion-button button-flat fusion-button-default-size button-custom fusion-button-default button-1 fusion-button-default-span fusion-button-default-type\" style=\"--button_accent_color:#ffffff;--button_accent_hover_color:#ffffff;--button_border_hover_color:#ffffff;--button_gradient_top_color:#b98713;--button_gradient_bottom_color:#b98713;--button_gradient_top_color_hover:rgba(151,124,61,0.89);--button_gradient_bottom_color_hover:rgba(151,124,61,0.89);\" target=\"_self\" href=\"mailto:turkiye@molenkoning.com\"><span class=\"fusion-button-text\">Bir uzmanla konu\u015fun!<\/span><\/a><\/div><\/div><\/div><\/div><\/div><div class=\"fusion-fullwidth fullwidth-box fusion-builder-row-3 fusion-flex-container has-pattern-background has-mask-background nonhundred-percent-fullwidth non-hundred-percent-height-scrolling\" style=\"--awb-border-radius-top-left:0px;--awb-border-radius-top-right:0px;--awb-border-radius-bottom-right:0px;--awb-border-radius-bottom-left:0px;--awb-margin-top:20px;--awb-flex-wrap:wrap;\" ><div class=\"fusion-builder-row fusion-row fusion-flex-align-items-flex-start fusion-flex-content-wrap\" style=\"max-width:1144px;margin-left: calc(-4% \/ 2 );margin-right: calc(-4% \/ 2 );\"><div class=\"fusion-layout-column fusion_builder_column fusion-builder-column-4 fusion_builder_column_1_1 1_1 fusion-flex-column\" style=\"--awb-bg-size:cover;--awb-width-large:100%;--awb-margin-top-large:0px;--awb-spacing-right-large:1.92%;--awb-margin-bottom-large:20px;--awb-spacing-left-large:1.92%;--awb-width-medium:100%;--awb-order-medium:0;--awb-spacing-right-medium:1.92%;--awb-spacing-left-medium:1.92%;--awb-width-small:100%;--awb-order-small:0;--awb-spacing-right-small:1.92%;--awb-spacing-left-small:1.92%;\"><div class=\"fusion-column-wrapper fusion-column-has-shadow fusion-flex-justify-content-flex-start fusion-content-layout-column\"><div class=\"fusion-title title fusion-title-4 fusion-sep-none fusion-title-text fusion-title-size-two\"><h2 class=\"fusion-title-heading title-heading-left\" style=\"margin:0;\">Y\u00fcksek kaliteli bir at walker\u0131n\u0131n \u00f6zellikleri<\/h2><\/div><div class=\"fusion-text fusion-text-4\"><p>En kaliteli rulmanlar, uzun \u00f6m\u00fcrl\u00fc g\u00fcr\u00fclt\u00fcs\u00fcz bir V kay\u0131\u015f\u0131 mekanizmas\u0131 ve at\u0131n\u0131z i\u00e7in en g\u00fcvenli olan\u0131. Ayr\u0131ca, t\u00fcm yap\u0131 galvanizli ve suya dayan\u0131kl\u0131d\u0131r. Yap\u0131 tamamen termal olarak galvanizlenmi\u015ftir ve en iyi stabilite i\u00e7in d\u00fc\u015f\u00fck bir \u00e7ekim merkezine sahiptir. Standart boyutlar\u0131m\u0131z 3 ila 8 at i\u00e7in 10, 12, 15, 16, 18 ve 20 metre \u00e7ap\u0131ndad\u0131r. \u00d6zel yap\u0131m at walkerlar\u0131 de m\u00fcmk\u00fcnd\u00fcr.<\/p>\n<p>At walkerlar\u0131, en y\u00fcksek kalitede dijital frekans kontrol\u00f6r\u00fcne sahip kullan\u0131c\u0131 dostu bir kontrol sistemi ile donat\u0131lm\u0131\u015ft\u0131r.<\/p>\n<\/div><\/div><\/div><div class=\"fusion-layout-column fusion_builder_column fusion-builder-column-5 fusion_builder_column_1_1 1_1 fusion-flex-column\" style=\"--awb-bg-size:cover;--awb-width-large:100%;--awb-margin-top-large:0px;--awb-spacing-right-large:1.92%;--awb-margin-bottom-large:20px;--awb-spacing-left-large:1.92%;--awb-width-medium:100%;--awb-order-medium:0;--awb-spacing-right-medium:1.92%;--awb-spacing-left-medium:1.92%;--awb-width-small:100%;--awb-order-small:0;--awb-spacing-right-small:1.92%;--awb-spacing-left-small:1.92%;\"><div class=\"fusion-column-wrapper fusion-column-has-shadow fusion-flex-justify-content-flex-start fusion-content-layout-column\"><div class=\"fusion-title title fusion-title-5 fusion-sep-none fusion-title-text fusion-title-size-two\"><h2 class=\"fusion-title-heading title-heading-left\" style=\"margin:0;\">\u0130ttirme kap\u0131lar\u0131 gelecekteki at walker\u0131n\u0131z\u0131n temelini mi olu\u015fturuyor?<\/h2><\/div><div class=\"fusion-text fusion-text-5\"><p>\u00c7ubuklu hareket kap\u0131lar\u0131, \u00e7ok az diren\u00e7 g\u00f6sterdikleri i\u00e7in motorun \u00f6mr\u00fcn\u00fc uzat\u0131r. Hareket kap\u0131lar\u0131n\u0131n t\u00fcm\u00fc gerekti\u011finde ayr\u0131 ayr\u0131 de\u011fi\u015ftirilebilir. Atlar i\u00e7in g\u00fcvenlik her \u015feyden \u00f6nce geldi\u011finden, t\u00fcm at walkerlar\u0131 elektrikli bir enerji verici sistemle birlikte gelir!<\/p>\n<p>Bu ittirme kap\u0131 sistemi ayr\u0131ca her darbenin yap\u0131 veya hareket sistemi taraf\u0131ndan emilmemesini sa\u011flar. Her at walker\u0131, istenirse elektrik y\u00fck\u00fcn\u00fc ileten al\u00fcminyum \u00e7ubuklarla birlikte gelir. Bu \u00e7ubuklar 6 joule&#8217;l\u00fck \u00e7ok hafif bir \u015fok verir. Bu sadece ba\u015flang\u0131\u00e7ta atlar\u0131 walkerda y\u00fcr\u00fcmeye al\u0131\u015ft\u0131rmak istedi\u011finizde faydal\u0131d\u0131r. Zamanla, hayvan ba\u011f\u0131ms\u0131z olarak ve b\u00fcy\u00fck bir zevkle walkerda tur atacakt\u0131r.<\/p>\n<\/div><\/div><\/div><\/div><\/div><div class=\"fusion-fullwidth fullwidth-box fusion-builder-row-4 fusion-flex-container has-pattern-background has-mask-background nonhundred-percent-fullwidth non-hundred-percent-height-scrolling\" style=\"--awb-border-radius-top-left:0px;--awb-border-radius-top-right:0px;--awb-border-radius-bottom-right:0px;--awb-border-radius-bottom-left:0px;--awb-flex-wrap:wrap;\" ><div class=\"fusion-builder-row fusion-row fusion-flex-align-items-flex-start fusion-flex-content-wrap\" style=\"max-width:1144px;margin-left: calc(-4% \/ 2 );margin-right: calc(-4% \/ 2 );\"><div class=\"fusion-layout-column fusion_builder_column fusion-builder-column-6 fusion_builder_column_1_1 1_1 fusion-flex-column\" style=\"--awb-bg-size:cover;--awb-width-large:100%;--awb-margin-top-large:0px;--awb-spacing-right-large:1.92%;--awb-margin-bottom-large:20px;--awb-spacing-left-large:1.92%;--awb-width-medium:100%;--awb-order-medium:0;--awb-spacing-right-medium:1.92%;--awb-spacing-left-medium:1.92%;--awb-width-small:100%;--awb-order-small:0;--awb-spacing-right-small:1.92%;--awb-spacing-left-small:1.92%;\"><div class=\"fusion-column-wrapper fusion-column-has-shadow fusion-flex-justify-content-flex-start fusion-content-layout-column\"><div class=\"fusion-title title fusion-title-6 fusion-sep-none fusion-title-text fusion-title-size-two\"><h2 class=\"fusion-title-heading title-heading-left\" style=\"margin:0;\">Molenkoning&#8217;in Safeguard barlar\u0131 ile ekstra g\u00fcvenlik<\/h2><\/div><div class=\"fusion-text fusion-text-6\"><p>At walkerlar\u0131na ekstra g\u00fcvenlik eklemek isteyenler i\u00e7in Molenkoning Safeguard barlar\u0131 sunuyoruz. Hareket kap\u0131lar\u0131 ayr\u0131ca plastik \u00e7ubuklarla (polietilen) donat\u0131lm\u0131\u015ft\u0131r. Bu \u00e7ubuklar son derece g\u00fc\u00e7l\u00fcd\u00fcr ancak yine de \u00e7ok esnektir. Donma noktas\u0131n\u0131n alt\u0131ndaki s\u0131cakl\u0131klarda bile esnektirler.<\/p>\n<p>Bu \u00e7ubuklar b\u00fck\u00fclebilir ancak hemen normal \u015fekillerine geri d\u00f6nerler. Bu \u00e7ubuklar k\u0131r\u0131lmalar\u0131 \u00f6nler ve plastik keskin kenarlar\u0131 engeller. \u00c7ubuklar al\u00fcminyum bir kapakla kapl\u0131d\u0131r ve elektrik \u015fok cihaz\u0131n\u0131n Safeguard \u00e7ubuklar\u0131m\u0131zla birlikte \u00e7al\u0131\u015fmas\u0131n\u0131 sa\u011flar.<\/p>\n<p>Yabani atlar\u0131n ve ayg\u0131rlar\u0131n antrenman\u0131 s\u0131ras\u0131nda atlar\u0131n g\u00f6r\u00fcn\u00fcrl\u00fc\u011f\u00fcn\u00fc azaltmak i\u00e7in, hareket kap\u0131lar\u0131n\u0131 bir r\u00fczg\u00e2r cam\u0131 a\u011f\u0131 veya Beo-Band \u015feritleri ile donatmak da m\u00fcmk\u00fcnd\u00fcr.<\/p>\n<\/div><\/div><\/div><\/div><\/div><\/p>\n","protected":false},"excerpt":{"rendered":"","protected":false},"author":1,"featured_media":0,"parent":0,"menu_order":0,"comment_status":"closed","ping_status":"closed","template":"","meta":{"_acf_changed":false,"content-type":"","footnotes":""},"class_list":["post-177486","page","type-page","status-publish","hentry"],"acf":[],"_links":{"self":[{"href":"https:\/\/molenkoning.com\/tr\/wp-json\/wp\/v2\/pages\/177486","targetHints":{"allow":["GET"]}}],"collection":[{"href":"https:\/\/molenkoning.com\/tr\/wp-json\/wp\/v2\/pages"}],"about":[{"href":"https:\/\/molenkoning.com\/tr\/wp-json\/wp\/v2\/types\/page"}],"author":[{"embeddable":true,"href":"https:\/\/molenkoning.com\/tr\/wp-json\/wp\/v2\/users\/1"}],"replies":[{"embeddable":true,"href":"https:\/\/molenkoning.com\/tr\/wp-json\/wp\/v2\/comments?post=177486"}],"version-history":[{"count":7,"href":"https:\/\/molenkoning.com\/tr\/wp-json\/wp\/v2\/pages\/177486\/revisions"}],"predecessor-version":[{"id":178571,"href":"https:\/\/molenkoning.com\/tr\/wp-json\/wp\/v2\/pages\/177486\/revisions\/178571"}],"wp:attachment":[{"href":"https:\/\/molenkoning.com\/tr\/wp-json\/wp\/v2\/media?parent=177486"}],"curies":[{"name":"wp","href":"https:\/\/api.w.org\/{rel}","templated":true}]}}