{"id":176842,"date":"2020-01-27T16:51:09","date_gmt":"2020-01-27T16:51:09","guid":{"rendered":"https:\/\/molenkoning.com\/products\/"},"modified":"2024-10-08T10:32:22","modified_gmt":"2024-10-08T10:32:22","slug":"urunler","status":"publish","type":"page","link":"https:\/\/molenkoning.com\/tr\/urunler\/","title":{"rendered":"\u00dcr\u00fcnler"},"content":{"rendered":"<div class=\"fusion-fullwidth fullwidth-box fusion-builder-row-1 fusion-flex-container nonhundred-percent-fullwidth non-hundred-percent-height-scrolling\" style=\"--awb-border-radius-top-left:0px;--awb-border-radius-top-right:0px;--awb-border-radius-bottom-right:0px;--awb-border-radius-bottom-left:0px;--awb-flex-wrap:wrap;\" ><div class=\"fusion-builder-row fusion-row fusion-flex-align-items-flex-start fusion-flex-content-wrap\" style=\"max-width:1144px;margin-left: calc(-4% \/ 2 );margin-right: calc(-4% \/ 2 );\"><div class=\"fusion-layout-column fusion_builder_column fusion-builder-column-0 fusion_builder_column_1_1 1_1 fusion-flex-column\" style=\"--awb-bg-size:cover;--awb-width-large:100%;--awb-margin-top-large:0px;--awb-spacing-right-large:1.92%;--awb-margin-bottom-large:20px;--awb-spacing-left-large:1.92%;--awb-width-medium:100%;--awb-spacing-right-medium:1.92%;--awb-spacing-left-medium:1.92%;--awb-width-small:100%;--awb-spacing-right-small:1.92%;--awb-spacing-left-small:1.92%;\"><div class=\"fusion-column-wrapper fusion-column-has-shadow fusion-flex-justify-content-flex-start fusion-content-layout-column\"><div class=\"fusion-flip-boxes flip-boxes row fusion-columns-3 flip-effect-classic equal-heights\" style=\"--awb-flip-duration:1.2s;\"><div class=\"fusion-flip-box-wrapper fusion-column col-lg-4 col-md-4 col-sm-4\"><div class=\"fusion-flip-box flip-up\" tabindex=\"0\"><div class=\"flip-box-inner-wrapper\"><div class=\"flip-box-front\"><div class=\"flip-box-front-inner\"><div class=\"flip-box-grafix flip-box-image\"><img decoding=\"async\" src=\"https:\/\/molenkoning.com\/wp-content\/uploads\/2020\/01\/molen.jpg\" width=\"280\" height=\"142\" alt=\"\" \/><\/div><h2 class=\"flip-box-heading without-text\">At walker\u0131<\/h2><\/div><\/div><div class=\"flip-box-back\" style=\"--awb-background-image-back:url(&#039;https:\/\/molenkoning.com\/wp-content\/uploads\/2020\/02\/Horsewalker-600x400.jpg&#039;);\"><div class=\"flip-box-back-inner\"><h3 class=\"flip-box-heading-back\">At walker\u0131<\/h3>Atlar i\u00e7in walker m\u0131 ar\u0131yorsunuz? Molenkoning\u2019de ihtiyac\u0131n\u0131z olan \u015fey var!<br \/>\n<a href=\"https:\/\/molenkoning.com\/tr\/urunler\/at-walkeri\/\">Daha fazla oku&#8230;<\/a><\/div><\/div><\/div><\/div><\/div><div class=\"fusion-flip-box-wrapper fusion-column col-lg-4 col-md-4 col-sm-4\"><div class=\"fusion-flip-box flip-up\" tabindex=\"0\"><div class=\"flip-box-inner-wrapper\"><div class=\"flip-box-front\"><div class=\"flip-box-front-inner\"><div class=\"flip-box-grafix flip-box-image\"><img decoding=\"async\" src=\"https:\/\/molenkoning.com\/wp-content\/uploads\/2024\/10\/The-Rail-Gliding-Walker-2-1200x675-1.png\" width=\"1200\" height=\"675\" alt=\"\" \/><\/div><h2 class=\"flip-box-heading without-text\">Rayl\u0131- Kayan At walker\u0131<\/h2><\/div><\/div><div class=\"flip-box-back\" style=\"--awb-background-image-back:url(&#039;https:\/\/molenkoning.com\/wp-content\/uploads\/2020\/02\/railgliding-600x451.jpg&#039;);\"><div class=\"flip-box-back-inner\"><h3 class=\"flip-box-heading-back\">Rayl\u0131- Kayan At walker\u0131<\/h3>\n<p>Rayl\u0131 at walker\u0131- yuvarlak veya oval se\u00e7ilebilir<\/p>\n<p><a href=\"https:\/\/molenkoning.com\/rail-gliding-horse-walker\/\">Daha fazla oku&#8230;<\/a><\/p>\n<\/div><\/div><\/div><\/div><\/div><div class=\"fusion-flip-box-wrapper fusion-column col-lg-4 col-md-4 col-sm-4\"><div class=\"fusion-flip-box flip-up\" tabindex=\"0\"><div class=\"flip-box-inner-wrapper\"><div class=\"flip-box-front\"><div class=\"flip-box-front-inner\"><div class=\"flip-box-grafix flip-box-image\"><img decoding=\"async\" src=\"https:\/\/molenkoning.com\/wp-content\/uploads\/2020\/01\/skywalker-molenkoning.jpg\" width=\"280\" height=\"142\" alt=\"\" \/><\/div><h2 class=\"flip-box-heading without-text\">Skywalker<\/h2><\/div><\/div><div class=\"flip-box-back\" style=\"--awb-background-image-back:url(&#039;https:\/\/molenkoning.com\/wp-content\/uploads\/2020\/02\/Skywalker-1-600x400.jpg&#039;);\"><div class=\"flip-box-back-inner\"><h3 class=\"flip-box-heading-back\">Skywalker<\/h3>Skywalker \u2013 \u00c7\u0131lb\u0131rl\u0131 (Lonjlu) At walker\u0131n\u0131z.<\/p>\n<p><a href=\"https:\/\/molenkoning.com\/tr\/urunler\/skywalker\/\">Daha fazla oku&#8230;<\/a><\/div><\/div><\/div><\/div><\/div><div class=\"fusion-flip-box-wrapper fusion-column col-lg-4 col-md-4 col-sm-4\"><div class=\"fusion-flip-box flip-up\" tabindex=\"0\"><div class=\"flip-box-inner-wrapper\"><div class=\"flip-box-front\"><div class=\"flip-box-front-inner\"><div class=\"flip-box-grafix flip-box-image\"><img decoding=\"async\" src=\"https:\/\/molenkoning.com\/wp-content\/uploads\/2020\/01\/track-roof-molenkoning.jpg\" width=\"280\" height=\"142\" alt=\"\" \/><\/div><h2 class=\"flip-box-heading without-text\">Pist \u00c7at\u0131<\/h2><\/div><\/div><div class=\"flip-box-back\" style=\"--awb-background-image-back:url(&#039;https:\/\/molenkoning.com\/wp-content\/uploads\/2020\/02\/Trackroof-600x400.jpg&#039;);\"><div class=\"flip-box-back-inner\"><h3 class=\"flip-box-heading-back\">Pist \u00c7at\u0131<\/h3>Pist \u00c7at\u0131 \u2013 At walker\u0131 i\u00e7in ideal \u00e7at\u0131 kaplamas\u0131<\/p>\n<p><a href=\"https:\/\/molenkoning.com\/tr\/urunler\/pist-cati\/\">Daha fazla oku&#8230;<\/a><\/div><\/div><\/div><\/div><\/div><div class=\"fusion-flip-box-wrapper fusion-column col-lg-4 col-md-4 col-sm-4\"><div class=\"fusion-flip-box flip-up\" tabindex=\"0\"><div class=\"flip-box-inner-wrapper\"><div class=\"flip-box-front\"><div class=\"flip-box-front-inner\"><div class=\"flip-box-grafix flip-box-image\"><img decoding=\"async\" src=\"https:\/\/molenkoning.com\/wp-content\/uploads\/2020\/01\/closed-roof-lunging-molenkoning.jpg\" width=\"280\" height=\"142\" alt=\"\" \/><\/div><h2 class=\"flip-box-heading without-text\">Kapal\u0131 \u2013 \u00c7at\u0131<\/h2><\/div><\/div><div class=\"flip-box-back\" style=\"--awb-background-image-back:url(&#039;https:\/\/molenkoning.com\/wp-content\/uploads\/2020\/02\/closed_roof.png&#039;);\"><div class=\"flip-box-back-inner\"><h3 class=\"flip-box-heading-back\">Kapal\u0131 \u2013 \u00c7at\u0131<\/h3>Kapal\u0131 \u00e7at\u0131 \u2013 kapal\u0131 \u00e7\u0131lb\u0131r (lonj) alan\u0131n\u0131z veya at walker\u0131niz<br \/>\n<a href=\"https:\/\/molenkoning.com\/tr\/urunler\/kapali-cati\/\">Daha fazla oku&#8230;<\/a><\/div><\/div><\/div><\/div><\/div><div class=\"fusion-flip-box-wrapper fusion-column col-lg-4 col-md-4 col-sm-4\"><div class=\"fusion-flip-box flip-up\" tabindex=\"0\"><div class=\"flip-box-inner-wrapper\"><div class=\"flip-box-front\"><div class=\"flip-box-front-inner\"><div class=\"flip-box-grafix flip-box-image\"><img decoding=\"async\" src=\"https:\/\/molenkoning.com\/wp-content\/uploads\/2020\/01\/entrance-molenkoning-for-horse-walkers.jpg\" width=\"280\" height=\"142\" alt=\"\" \/><\/div><h2 class=\"flip-box-heading without-text\">Korunakl\u0131 giri\u015fler<\/h2><\/div><\/div><div class=\"flip-box-back\" style=\"--awb-background-image-back:url(&#039;https:\/\/molenkoning.com\/wp-content\/uploads\/2020\/02\/covered-entrance-600x453.jpg&#039;);\"><div class=\"flip-box-back-inner\"><h3 class=\"flip-box-heading-back\">Korunakl\u0131 giri\u015fler<\/h3>At walker\u0131n\u0131z i\u00e7in korunakl\u0131 bir giri\u015f g\u00fczel g\u00f6r\u00fcn\u00fcr ve ya\u011fmurlu bir g\u00fcnde at\u0131n\u0131z\u0131 at walker\u0131na g\u00f6t\u00fcrd\u00fc\u011f\u00fcn\u00fczde sizi kuru tutar.<\/p>\n<p><a href=\"https:\/\/molenkoning.com\/tr\/urunler\/korunakli-girisler\/\">Daha fazla oku&#8230;<\/a><\/div><\/div><\/div><\/div><\/div><div class=\"fusion-flip-box-wrapper fusion-column col-lg-4 col-md-4 col-sm-4\"><div class=\"fusion-flip-box flip-up\" tabindex=\"0\"><div class=\"flip-box-inner-wrapper\"><div class=\"flip-box-front\"><div class=\"flip-box-front-inner\"><div class=\"flip-box-grafix flip-box-image\"><img decoding=\"async\" src=\"https:\/\/molenkoning.com\/wp-content\/uploads\/2020\/01\/round-fence.jpg\" width=\"280\" height=\"142\" alt=\"\" \/><\/div><h2 class=\"flip-box-heading without-text\">Yuvarlak \u00c7it<\/h2><\/div><\/div><div class=\"flip-box-back\" style=\"--awb-background-image-back:url(&#039;https:\/\/molenkoning.com\/wp-content\/uploads\/2020\/02\/roundfence-600x400.jpg&#039;);\"><div class=\"flip-box-back-inner\"><h3 class=\"flip-box-heading-back\">Yuvarlak \u00c7it<\/h3>Yuvarlak \u00c7it \u2013 g\u00fcvenli, sa\u011flam ve bak\u0131m gerektirmez.<\/p>\n<p><a href=\"https:\/\/molenkoning.com\/tr\/urunler\/yuvarlak-cit\/\">Daha fazla oku&#8230;<\/a><\/div><\/div><\/div><\/div><\/div><div class=\"fusion-flip-box-wrapper fusion-column col-lg-4 col-md-4 col-sm-4\"><div class=\"fusion-flip-box flip-up\" tabindex=\"0\"><div class=\"flip-box-inner-wrapper\"><div class=\"flip-box-front\"><div class=\"flip-box-front-inner\"><div class=\"flip-box-grafix flip-box-image\"><img decoding=\"async\" src=\"https:\/\/molenkoning.com\/wp-content\/uploads\/2020\/01\/sweden-fence-molenkoning.jpg\" width=\"280\" height=\"142\" alt=\"\" \/><\/div><h2 class=\"flip-box-heading without-text\">\u0130sve\u00e7 \u00c7it<\/h2><\/div><\/div><div class=\"flip-box-back\" style=\"--awb-background-image-back:url(&#039;https:\/\/molenkoning.com\/wp-content\/uploads\/2020\/02\/Sweden-Fence-600x402.jpg&#039;);\"><div class=\"flip-box-back-inner\"><h3 class=\"flip-box-heading-back\">\u0130sve\u00e7 \u00c7it<\/h3>At walker\u0131n\u0131z i\u00e7in do\u011fal g\u00f6r\u00fcn\u00fcml\u00fc bir \u00e7it mi ar\u0131yorsunuz? Molenkoning \u0130sve\u00e7 \u00c7it\u2019i hakk\u0131nda daha fazla bilgi edinmek i\u00e7in okumaya devam edin.<\/p>\n<p><a href=\"https:\/\/molenkoning.com\/tr\/urunler\/isvec-cit\/\">Daha fazla oku&#8230;<\/a><\/div><\/div><\/div><\/div><\/div><div class=\"fusion-flip-box-wrapper fusion-column col-lg-4 col-md-4 col-sm-4\"><div class=\"fusion-flip-box flip-up\" tabindex=\"0\"><div class=\"flip-box-inner-wrapper\"><div class=\"flip-box-front\"><div class=\"flip-box-front-inner\"><div class=\"flip-box-grafix flip-box-image\"><img decoding=\"async\" src=\"https:\/\/molenkoning.com\/wp-content\/uploads\/2020\/01\/horsewalker-with-beoband-from-molenkoning.jpg\" width=\"280\" height=\"118\" alt=\"\" \/><\/div><h2 class=\"flip-box-heading without-text\">Beo-band \u00e7it<\/h2><\/div><\/div><div class=\"flip-box-back\" style=\"--awb-background-image-back:url(&#039;https:\/\/molenkoning.com\/wp-content\/uploads\/2020\/02\/Beo-Band-600x400.jpg&#039;);\"><div class=\"flip-box-back-inner\"><h3 class=\"flip-box-heading-back\">Beo-band \u00e7it<\/h3>Ba\u015fka yere bakman\u0131za gerek yok! Beo-band \u00e7itimiz, y\u00fcksek kaliteli ve rekabet\u00e7i fiyatl\u0131 malzemeler anlam\u0131na gelen Hollanda standartlar\u0131n\u0131n m\u00fckemmel bir \u00f6rne\u011fidir.<\/p>\n<p><a href=\"https:\/\/molenkoning.com\/tr\/urunler\/beo-band-cit\/\">Daha fazla oku&#8230;<\/a><\/div><\/div><\/div><\/div><\/div><div class=\"fusion-flip-box-wrapper fusion-column col-lg-4 col-md-4 col-sm-4\"><div class=\"fusion-flip-box flip-up\" tabindex=\"0\"><div class=\"flip-box-inner-wrapper\"><div class=\"flip-box-front\"><div class=\"flip-box-front-inner\"><div class=\"flip-box-grafix flip-box-image\"><img decoding=\"async\" src=\"https:\/\/molenkoning.com\/wp-content\/uploads\/2020\/11\/solarium-mkshop.png\" width=\"1200\" height=\"675\" alt=\"\" \/><\/div><h2 class=\"flip-box-heading without-text\">Solaryum<\/h2><\/div><\/div><div class=\"flip-box-back\" style=\"--awb-background-image-back:url(&#039;https:\/\/molenkoning.com\/wp-content\/uploads\/2021\/04\/MK-solarium-for-horses-1.jpg&#039;);\"><div class=\"flip-box-back-inner\"><h3 class=\"flip-box-heading-back\">Solaryum<\/h3>Spor at\u0131 bir atlettir; bu nedenle, yar\u0131\u015ft\u0131klar\u0131 seviye ne olursa olsun atlar yaralanabilir.<\/p>\n<p><a href=\"https:\/\/molenkoning.com\/tr\/urunler\/solaryum\/\">Daha fazla oku&#8230; <\/a><\/div><\/div><\/div><\/div><\/div><div class=\"fusion-flip-box-wrapper fusion-column col-lg-4 col-md-4 col-sm-4\"><div class=\"fusion-flip-box flip-up\" tabindex=\"0\"><div class=\"flip-box-inner-wrapper\"><div class=\"flip-box-front\"><div class=\"flip-box-front-inner\"><div class=\"flip-box-grafix flip-box-image\"><img decoding=\"async\" src=\"https:\/\/molenkoning.com\/wp-content\/uploads\/2020\/01\/equitrack.jpg\" width=\"280\" height=\"142\" alt=\"\" \/><\/div><h2 class=\"flip-box-heading without-text\">Equitrack<\/h2><\/div><\/div><div class=\"flip-box-back\" style=\"--awb-background-image-back:url(&#039;https:\/\/molenkoning.com\/wp-content\/uploads\/2020\/02\/EQUITRACK-600x414.jpg&#039;);\"><div class=\"flip-box-back-inner\"><h3 class=\"flip-box-heading-back\">Equitrack<\/h3>Equitrack padokunuz veya\u00a0at walker\u0131n\u0131z\u00a0i\u00e7in ideal bir zemin kaplamas\u0131d\u0131r.<\/p>\n<p><a href=\"https:\/\/molenkoning.com\/tr\/urunler\/equitrack\/\">Daha fazla oku&#8230;<\/a><\/div><\/div><\/div><\/div><\/div><div class=\"fusion-flip-box-wrapper fusion-column col-lg-4 col-md-4 col-sm-4\"><div class=\"fusion-flip-box flip-up\" tabindex=\"0\"><div class=\"flip-box-inner-wrapper\"><div class=\"flip-box-front\"><div class=\"flip-box-front-inner\"><div class=\"flip-box-grafix flip-box-image\"><img decoding=\"async\" src=\"https:\/\/molenkoning.com\/wp-content\/uploads\/2020\/01\/molenkoning-groundwoks-equestrian-constructions.jpg\" width=\"280\" height=\"142\" alt=\"\" \/><\/div><h2 class=\"flip-box-heading without-text\">Binicilik-in\u015faatlar\u0131 i\u00e7in zemin<\/h2><\/div><\/div><div class=\"flip-box-back\" style=\"--awb-background-image-back:url(&#039;https:\/\/molenkoning.com\/wp-content\/uploads\/2020\/02\/GROUNDWORKS-600x398.jpg&#039;);\"><div class=\"flip-box-back-inner\"><h3 class=\"flip-box-heading-back\">Binicilik-in\u015faatlar\u0131 i\u00e7in zemin<\/h3>Molenkoning DIY (Kendin Yap) prefabrik temeller sunmaktad\u0131r.<\/p>\n<p><a href=\"https:\/\/molenkoning.com\/tr\/urunler\/binicilik-insaatlari-icin-zemin\/\">Daha fazla oku&#8230;<\/a><\/div><\/div><\/div><\/div><\/div><div class=\"fusion-flip-box-wrapper fusion-column col-lg-4 col-md-4 col-sm-4\"><div class=\"fusion-flip-box flip-up\" tabindex=\"0\"><div class=\"flip-box-inner-wrapper\"><div class=\"flip-box-front\"><div class=\"flip-box-front-inner\"><div class=\"flip-box-grafix flip-box-image\"><img decoding=\"async\" src=\"https:\/\/molenkoning.com\/wp-content\/uploads\/2023\/03\/Power_plate_mkshop.png\" width=\"1200\" height=\"900\" alt=\"\" \/><\/div><h2 class=\"flip-box-heading without-text\">Beygir G\u00fcc\u00fc Plakas\u0131<\/h2><\/div><\/div><div class=\"flip-box-back\" style=\"--awb-background-image-back:url(&#039;https:\/\/molenkoning.com\/wp-content\/uploads\/2020\/02\/powerplate-600x725.jpg&#039;);\"><div class=\"flip-box-back-inner\"><h3 class=\"flip-box-heading-back\">Beygir G\u00fcc\u00fc Plakas\u0131<\/h3>Beygir G\u00fcc\u00fc Plakas\u0131 \u2013 yaralanmalar\u0131 \u00f6nler ve dola\u015f\u0131m\u0131 iyile\u015ftirir.<\/p>\n<p><a href=\"https:\/\/molenkoning.com\/tr\/urunler\/beygir-gucu-plakasi\/\">Daha fazla oku&#8230;<\/a><\/div><\/div><\/div><\/div><\/div><div class=\"fusion-flip-box-wrapper fusion-column col-lg-4 col-md-4 col-sm-4\"><div class=\"fusion-flip-box flip-up\" tabindex=\"0\"><div class=\"flip-box-inner-wrapper\"><div class=\"flip-box-front\"><div class=\"flip-box-front-inner\"><div class=\"flip-box-grafix flip-box-image\"><img decoding=\"async\" src=\"https:\/\/molenkoning.com\/wp-content\/uploads\/2020\/01\/windbreak-net-molenkoning.jpg\" width=\"280\" height=\"142\" alt=\"\" \/><\/div><h2 class=\"flip-box-heading without-text\">R\u00fczgar K\u0131ran A\u011f<\/h2><\/div><\/div><div class=\"flip-box-back\" style=\"--awb-background-image-back:url(&#039;https:\/\/molenkoning.com\/wp-content\/uploads\/2020\/02\/windbreaknet-600x450.jpg&#039;);\"><div class=\"flip-box-back-inner\"><h3 class=\"flip-box-heading-back\">R\u00fczgar K\u0131ran A\u011f<\/h3>Kapal\u0131 bir \u00e7at\u0131ya veya pist \u00e7at\u0131s\u0131na ek olarak, r\u00fczg\u00e2r a\u011f\u0131 olarak da bilinen bir r\u00fczg\u00e2r k\u0131ran a\u011f, bir at walker\u0131 veya \u00e7\u0131lb\u0131r (lonj) alan\u0131 kullan\u0131rken ekstra konfor sa\u011flayabilir.<\/p>\n<p><a href=\"https:\/\/molenkoning.com\/tr\/urunler\/ruzgar-kiran-ag\/\">R\u00fczgar K\u0131ran A\u011f<\/a><\/div><\/div><\/div><\/div><\/div><div class=\"fusion-flip-box-wrapper fusion-column col-lg-4 col-md-4 col-sm-4\"><div class=\"fusion-flip-box flip-up\" tabindex=\"0\"><div class=\"flip-box-inner-wrapper\"><div class=\"flip-box-front\"><div class=\"flip-box-front-inner\"><div class=\"flip-box-grafix flip-box-image\"><img decoding=\"async\" src=\"https:\/\/molenkoning.com\/wp-content\/uploads\/2020\/01\/options-walker.jpg\" width=\"280\" height=\"142\" alt=\"\" \/><\/div><h2 class=\"flip-box-heading without-text\">At walkerlar\u0131 Se\u00e7enekler<\/h2><\/div><\/div><div class=\"flip-box-back\" style=\"--awb-background-image-back:url(&#039;https:\/\/molenkoning.com\/wp-content\/uploads\/2020\/02\/options-600x400.jpg&#039;);\"><div class=\"flip-box-back-inner\"><h3 class=\"flip-box-heading-back\">At walkerlar\u0131 Se\u00e7enekler<\/h3>Molenkoning At walkerlar\u0131na eklenebilecek \u00e7e\u015fitli se\u00e7enekler vard\u0131r. Bu se\u00e7enekler at walkerlar\u0131n\u0131n verimlili\u011fini ve g\u00fcvenli\u011fini art\u0131r\u0131r.<\/p>\n<p><a href=\"https:\/\/molenkoning.com\/tr\/urunler\/at-walkerlari-secenekler\/\">Daha fazla oku&#8230;<\/a><\/div><\/div><\/div><\/div><\/div><\/div><\/div><\/div><\/div><\/div>\n","protected":false},"excerpt":{"rendered":"","protected":false},"author":1,"featured_media":0,"parent":0,"menu_order":0,"comment_status":"closed","ping_status":"closed","template":"","meta":{"_acf_changed":false,"content-type":"","footnotes":""},"class_list":["post-176842","page","type-page","status-publish","hentry"],"acf":[],"_links":{"self":[{"href":"https:\/\/molenkoning.com\/tr\/wp-json\/wp\/v2\/pages\/176842","targetHints":{"allow":["GET"]}}],"collection":[{"href":"https:\/\/molenkoning.com\/tr\/wp-json\/wp\/v2\/pages"}],"about":[{"href":"https:\/\/molenkoning.com\/tr\/wp-json\/wp\/v2\/types\/page"}],"author":[{"embeddable":true,"href":"https:\/\/molenkoning.com\/tr\/wp-json\/wp\/v2\/users\/1"}],"replies":[{"embeddable":true,"href":"https:\/\/molenkoning.com\/tr\/wp-json\/wp\/v2\/comments?post=176842"}],"version-history":[{"count":6,"href":"https:\/\/molenkoning.com\/tr\/wp-json\/wp\/v2\/pages\/176842\/revisions"}],"predecessor-version":[{"id":186475,"href":"https:\/\/molenkoning.com\/tr\/wp-json\/wp\/v2\/pages\/176842\/revisions\/186475"}],"wp:attachment":[{"href":"https:\/\/molenkoning.com\/tr\/wp-json\/wp\/v2\/media?parent=176842"}],"curies":[{"name":"wp","href":"https:\/\/api.w.org\/{rel}","templated":true}]}}