{"id":186967,"date":"2024-12-03T15:09:38","date_gmt":"2024-12-03T15:09:38","guid":{"rendered":"https:\/\/molenkoning.com\/product\/set-of-6-infrared-lamps\/"},"modified":"2026-03-24T09:16:26","modified_gmt":"2026-03-24T09:16:26","slug":"uppsattning-med-6-mk-infraroda-lampor","status":"publish","type":"product","link":"https:\/\/molenkoning.com\/sv\/produkt\/uppsattning-med-6-mk-infraroda-lampor\/","title":{"rendered":"Set med 6 Infrar\u00f6da Lampor \u2013 150W"},"content":{"rendered":"<div class=\"fusion-fullwidth fullwidth-box fusion-builder-row-1 fusion-flex-container has-pattern-background has-mask-background nonhundred-percent-fullwidth non-hundred-percent-height-scrolling\" style=\"--awb-border-radius-top-left:0px;--awb-border-radius-top-right:0px;--awb-border-radius-bottom-right:0px;--awb-border-radius-bottom-left:0px;--awb-flex-wrap:wrap;\" ><div class=\"fusion-builder-row fusion-row fusion-flex-align-items-flex-start fusion-flex-content-wrap\" style=\"max-width:1144px;margin-left: calc(-4% \/ 2 );margin-right: calc(-4% \/ 2 );\"><div class=\"fusion-layout-column fusion_builder_column fusion-builder-column-0 fusion_builder_column_1_1 1_1 fusion-flex-column\" style=\"--awb-bg-size:cover;--awb-width-large:100%;--awb-margin-top-large:0px;--awb-spacing-right-large:1.92%;--awb-margin-bottom-large:20px;--awb-spacing-left-large:1.92%;--awb-width-medium:100%;--awb-order-medium:0;--awb-spacing-right-medium:1.92%;--awb-spacing-left-medium:1.92%;--awb-width-small:100%;--awb-order-small:0;--awb-spacing-right-small:1.92%;--awb-spacing-left-small:1.92%;\"><div class=\"fusion-column-wrapper fusion-column-has-shadow fusion-flex-justify-content-flex-start fusion-content-layout-column\"><div class=\"fusion-text fusion-text-1\"><p>Best\u00e4ll din upps\u00e4ttning nu och njut av en omedelbar rabatt p\u00e5 dina MK-lampor, samt en b\u00e4ttre fraktkostnad. Denna lampupps\u00e4ttning finns alltid i lager, och leverans inom Europeiska unionen garanteras inom 7 dagar.<\/p>\n<p><span style=\"color: #bfa723;\">6 MK-infrar\u00f6da lampor 150W E27-sockel.<\/span><\/p>\n<p>Detta lamp-set \u00e4r inte kompatibelt med MK Premium Infrar\u00f6d Solarium som s\u00e5lts efter april 2025.<\/p>\n<\/div><\/div><\/div><\/div><\/div>\n","protected":false},"excerpt":{"rendered":"","protected":false},"featured_media":186838,"template":"","meta":{"_acf_changed":false,"content-type":""},"product_brand":[],"product_cat":[549,721],"product_tag":[],"class_list":{"0":"post-186967","1":"product","2":"type-product","3":"status-publish","4":"has-post-thumbnail","6":"product_cat-solarium-sv","7":"product_cat-spare-parts-sv","9":"first","10":"instock","11":"taxable","12":"shipping-taxable","13":"purchasable","14":"product-type-simple"},"acf":[],"_links":{"self":[{"href":"https:\/\/molenkoning.com\/sv\/wp-json\/wp\/v2\/product\/186967","targetHints":{"allow":["GET"]}}],"collection":[{"href":"https:\/\/molenkoning.com\/sv\/wp-json\/wp\/v2\/product"}],"about":[{"href":"https:\/\/molenkoning.com\/sv\/wp-json\/wp\/v2\/types\/product"}],"wp:featuredmedia":[{"embeddable":true,"href":"https:\/\/molenkoning.com\/sv\/wp-json\/wp\/v2\/media\/186838"}],"wp:attachment":[{"href":"https:\/\/molenkoning.com\/sv\/wp-json\/wp\/v2\/media?parent=186967"}],"wp:term":[{"taxonomy":"product_brand","embeddable":true,"href":"https:\/\/molenkoning.com\/sv\/wp-json\/wp\/v2\/product_brand?post=186967"},{"taxonomy":"product_cat","embeddable":true,"href":"https:\/\/molenkoning.com\/sv\/wp-json\/wp\/v2\/product_cat?post=186967"},{"taxonomy":"product_tag","embeddable":true,"href":"https:\/\/molenkoning.com\/sv\/wp-json\/wp\/v2\/product_tag?post=186967"}],"curies":[{"name":"wp","href":"https:\/\/api.w.org\/{rel}","templated":true}]}}