{"id":183278,"date":"2024-04-15T08:05:17","date_gmt":"2024-04-15T08:05:17","guid":{"rendered":"https:\/\/molenkoning.com\/product\/10-meters-solarium-cable-extension\/"},"modified":"2025-10-22T08:09:03","modified_gmt":"2025-10-22T08:09:03","slug":"10-meter-forlangningskabel-for-solarium","status":"publish","type":"product","link":"https:\/\/molenkoning.com\/sv\/produkt\/10-meter-forlangningskabel-for-solarium\/","title":{"rendered":"10 meter f\u00f6rl\u00e4ngningskabel f\u00f6r solarium"},"content":{"rendered":"","protected":false},"excerpt":{"rendered":"","protected":false},"featured_media":182746,"template":"","meta":{"_acf_changed":false,"content-type":""},"product_brand":[],"product_cat":[721],"product_tag":[],"class_list":{"0":"post-183278","1":"product","2":"type-product","3":"status-publish","4":"has-post-thumbnail","6":"product_cat-spare-parts-sv","8":"first","9":"instock","10":"taxable","11":"shipping-taxable","12":"purchasable","13":"product-type-simple"},"acf":[],"_links":{"self":[{"href":"https:\/\/molenkoning.com\/sv\/wp-json\/wp\/v2\/product\/183278","targetHints":{"allow":["GET"]}}],"collection":[{"href":"https:\/\/molenkoning.com\/sv\/wp-json\/wp\/v2\/product"}],"about":[{"href":"https:\/\/molenkoning.com\/sv\/wp-json\/wp\/v2\/types\/product"}],"wp:featuredmedia":[{"embeddable":true,"href":"https:\/\/molenkoning.com\/sv\/wp-json\/wp\/v2\/media\/182746"}],"wp:attachment":[{"href":"https:\/\/molenkoning.com\/sv\/wp-json\/wp\/v2\/media?parent=183278"}],"wp:term":[{"taxonomy":"product_brand","embeddable":true,"href":"https:\/\/molenkoning.com\/sv\/wp-json\/wp\/v2\/product_brand?post=183278"},{"taxonomy":"product_cat","embeddable":true,"href":"https:\/\/molenkoning.com\/sv\/wp-json\/wp\/v2\/product_cat?post=183278"},{"taxonomy":"product_tag","embeddable":true,"href":"https:\/\/molenkoning.com\/sv\/wp-json\/wp\/v2\/product_tag?post=183278"}],"curies":[{"name":"wp","href":"https:\/\/api.w.org\/{rel}","templated":true}]}}