{"id":182810,"date":"2024-04-12T08:32:39","date_gmt":"2024-04-12T08:32:39","guid":{"rendered":"https:\/\/molenkoning.com\/product\/5-meters-solarium-cable-extension\/"},"modified":"2025-10-22T08:08:50","modified_gmt":"2025-10-22T08:08:50","slug":"5-meter-forlangningskabel-for-solarium","status":"publish","type":"product","link":"https:\/\/molenkoning.com\/sv\/produkt\/5-meter-forlangningskabel-for-solarium\/","title":{"rendered":"5 meter f\u00f6rl\u00e4ngningskabel f\u00f6r solarium"},"content":{"rendered":"","protected":false},"excerpt":{"rendered":"","protected":false},"featured_media":182763,"template":"","meta":{"_acf_changed":false,"content-type":""},"product_brand":[],"product_cat":[721],"product_tag":[],"class_list":{"0":"post-182810","1":"product","2":"type-product","3":"status-publish","4":"has-post-thumbnail","6":"product_cat-spare-parts-sv","8":"first","9":"instock","10":"taxable","11":"shipping-taxable","12":"purchasable","13":"product-type-simple"},"acf":[],"_links":{"self":[{"href":"https:\/\/molenkoning.com\/sv\/wp-json\/wp\/v2\/product\/182810","targetHints":{"allow":["GET"]}}],"collection":[{"href":"https:\/\/molenkoning.com\/sv\/wp-json\/wp\/v2\/product"}],"about":[{"href":"https:\/\/molenkoning.com\/sv\/wp-json\/wp\/v2\/types\/product"}],"wp:featuredmedia":[{"embeddable":true,"href":"https:\/\/molenkoning.com\/sv\/wp-json\/wp\/v2\/media\/182763"}],"wp:attachment":[{"href":"https:\/\/molenkoning.com\/sv\/wp-json\/wp\/v2\/media?parent=182810"}],"wp:term":[{"taxonomy":"product_brand","embeddable":true,"href":"https:\/\/molenkoning.com\/sv\/wp-json\/wp\/v2\/product_brand?post=182810"},{"taxonomy":"product_cat","embeddable":true,"href":"https:\/\/molenkoning.com\/sv\/wp-json\/wp\/v2\/product_cat?post=182810"},{"taxonomy":"product_tag","embeddable":true,"href":"https:\/\/molenkoning.com\/sv\/wp-json\/wp\/v2\/product_tag?post=182810"}],"curies":[{"name":"wp","href":"https:\/\/api.w.org\/{rel}","templated":true}]}}