{"id":181176,"date":"2024-02-20T11:09:02","date_gmt":"2024-02-20T11:09:02","guid":{"rendered":"https:\/\/molenkoning.com\/specific-terms-and-conditions-of-purchase-on-mks-online-store-webshop\/"},"modified":"2024-02-28T09:38:56","modified_gmt":"2024-02-28T09:38:56","slug":"kopvillkor","status":"publish","type":"page","link":"https:\/\/molenkoning.com\/sv\/kopvillkor\/","title":{"rendered":"K\u00f6pvillkor"},"content":{"rendered":"<div class=\"fusion-fullwidth fullwidth-box fusion-builder-row-1 fusion-flex-container nonhundred-percent-fullwidth non-hundred-percent-height-scrolling\" style=\"--awb-border-radius-top-left:0px;--awb-border-radius-top-right:0px;--awb-border-radius-bottom-right:0px;--awb-border-radius-bottom-left:0px;--awb-flex-wrap:wrap;\" ><div class=\"fusion-builder-row fusion-row fusion-flex-align-items-flex-start fusion-flex-content-wrap\" style=\"max-width:1144px;margin-left: calc(-4% \/ 2 );margin-right: calc(-4% \/ 2 );\"><div class=\"fusion-layout-column fusion_builder_column fusion-builder-column-0 fusion_builder_column_1_1 1_1 fusion-flex-column\" style=\"--awb-bg-size:cover;--awb-width-large:100%;--awb-margin-top-large:0px;--awb-spacing-right-large:1.92%;--awb-margin-bottom-large:0px;--awb-spacing-left-large:1.92%;--awb-width-medium:100%;--awb-spacing-right-medium:1.92%;--awb-spacing-left-medium:1.92%;--awb-width-small:100%;--awb-spacing-right-small:1.92%;--awb-spacing-left-small:1.92%;\"><div class=\"fusion-column-wrapper fusion-flex-justify-content-flex-start fusion-content-layout-column\"><div class=\"fusion-text fusion-text-1\"><p>1. Best\u00e4llningar som g\u00f6rs via Molenkoning BV:s webbplats kommer att behandlas omedelbart p\u00e5 n\u00e4stkommande arbetsdag efter bekr\u00e4ftelse av betalning.<\/p>\n<p>2. Den ber\u00e4knade leveranstiden \u00e4r 7 till 10 arbetsdagar.<\/p>\n<p>3. Om det inte finns tillr\u00e4ckligt med lager vid best\u00e4llningstillf\u00e4llet kommer Molenkoning BV att kontakta kunden omedelbart f\u00f6r att erbjuda en \u00e5terbetalningsm\u00f6jlighet eller ange ett ungef\u00e4rligt leveransdatum.<\/p>\n<p>4. Alla anspr\u00e5k g\u00e4llande produktdefekter eller ofullst\u00e4ndig leverans m\u00e5ste rapporteras inom en maximal period av 8 naturliga dagar via e-post till <a href=\"mailto:info@molenkoning.com\">info@molenkoning.com<\/a> eller per telefon p\u00e5 <a href=\"tel:+31486415174\">+31486415174<\/a>. Kunden har r\u00e4tt att returnera produkten om de v\u00e4ljer att inte beh\u00e5lla den, f\u00f6rutsatt att klagom\u00e5let l\u00e4mnas in inom den angivna 8-dagarsperioden och returprocessen inleds omedelbart till Molenkoning BV p\u00e5 f\u00f6ljande adress: Voederheil 6A, 5411RK Zeeland, Nederl\u00e4nderna.<\/p>\n<p>5. Returfraktkostnaderna bekostas av kunden.<\/p>\n<p>6. Produktreturer accepteras endast om varorna returneras i originalf\u00f6rpackningen, till exempel solariet. Efter att ha mottagit de returnerade produkterna kommer en utv\u00e4rdering att g\u00f6ras f\u00f6r att verifiera deras skick, anv\u00e4ndning, eventuella skador eller \u00e4ndringar orsakade av felaktig hantering. Denna utv\u00e4rdering underl\u00e4ttar ett beslut om returen, som kommuniceras till kunden inom maximalt 5 arbetsdagar fr\u00e5n mottagandet av de returnerade produkterna.<\/p>\n<p>7. Produkter som k\u00f6pts via Molenkoning BV:s webbplats omfattas av de \u00e5terst\u00e5ende villkoren och best\u00e4mmelserna som anges i detta dokument, f\u00f6rutsatt att de inte mots\u00e4ger det som fastst\u00e4lls i detta avsnitt.<\/p>\n<p>8. Jsem omlouv\u00e1m, ale bohu\u017eel nem\u00e1m p\u0159\u00edstup k \u010desk\u00e9mu, norsk\u00e9mu a italsk\u00e9mu jazyku.<\/p>\n<\/div><\/div><\/div><\/div><\/div>\n","protected":false},"excerpt":{"rendered":"","protected":false},"author":1,"featured_media":0,"parent":0,"menu_order":0,"comment_status":"closed","ping_status":"closed","template":"","meta":{"_acf_changed":false,"content-type":"","footnotes":""},"class_list":["post-181176","page","type-page","status-publish","hentry"],"acf":[],"_links":{"self":[{"href":"https:\/\/molenkoning.com\/sv\/wp-json\/wp\/v2\/pages\/181176","targetHints":{"allow":["GET"]}}],"collection":[{"href":"https:\/\/molenkoning.com\/sv\/wp-json\/wp\/v2\/pages"}],"about":[{"href":"https:\/\/molenkoning.com\/sv\/wp-json\/wp\/v2\/types\/page"}],"author":[{"embeddable":true,"href":"https:\/\/molenkoning.com\/sv\/wp-json\/wp\/v2\/users\/1"}],"replies":[{"embeddable":true,"href":"https:\/\/molenkoning.com\/sv\/wp-json\/wp\/v2\/comments?post=181176"}],"version-history":[{"count":2,"href":"https:\/\/molenkoning.com\/sv\/wp-json\/wp\/v2\/pages\/181176\/revisions"}],"predecessor-version":[{"id":181178,"href":"https:\/\/molenkoning.com\/sv\/wp-json\/wp\/v2\/pages\/181176\/revisions\/181178"}],"wp:attachment":[{"href":"https:\/\/molenkoning.com\/sv\/wp-json\/wp\/v2\/media?parent=181176"}],"curies":[{"name":"wp","href":"https:\/\/api.w.org\/{rel}","templated":true}]}}