{"id":16000,"date":"2020-02-11T13:24:13","date_gmt":"2020-02-11T13:24:13","guid":{"rendered":"https:\/\/molenkoning.com\/structure-and-composition-of-a-molenkoning-horse-walker\/"},"modified":"2024-04-23T08:50:21","modified_gmt":"2024-04-23T08:50:21","slug":"olika-hasttraningsprodukter","status":"publish","type":"page","link":"https:\/\/molenkoning.com\/sv\/olika-hasttraningsprodukter\/","title":{"rendered":"Struktur och sammans\u00e4ttning av en Molenkoning Skrittmaskin"},"content":{"rendered":"<p><div class=\"fusion-fullwidth fullwidth-box fusion-builder-row-1 fusion-flex-container has-pattern-background has-mask-background nonhundred-percent-fullwidth non-hundred-percent-height-scrolling\" style=\"--awb-border-radius-top-left:0px;--awb-border-radius-top-right:0px;--awb-border-radius-bottom-right:0px;--awb-border-radius-bottom-left:0px;--awb-flex-wrap:wrap;\" ><div class=\"fusion-builder-row fusion-row fusion-flex-align-items-flex-start fusion-flex-content-wrap\" style=\"max-width:1144px;margin-left: calc(-4% \/ 2 );margin-right: calc(-4% \/ 2 );\"><div class=\"fusion-layout-column fusion_builder_column fusion-builder-column-0 fusion_builder_column_1_1 1_1 fusion-flex-column\" style=\"--awb-bg-size:cover;--awb-width-large:100%;--awb-margin-top-large:0px;--awb-spacing-right-large:1.92%;--awb-margin-bottom-large:20px;--awb-spacing-left-large:1.92%;--awb-width-medium:100%;--awb-order-medium:0;--awb-spacing-right-medium:1.92%;--awb-spacing-left-medium:1.92%;--awb-width-small:100%;--awb-order-small:0;--awb-spacing-right-small:1.92%;--awb-spacing-left-small:1.92%;\"><div class=\"fusion-column-wrapper fusion-column-has-shadow fusion-flex-justify-content-flex-start fusion-content-layout-column\"><div class=\"fusion-title title fusion-title-1 fusion-sep-none fusion-title-text fusion-title-size-one\" style=\"--awb-text-color:#333333;\"><h1 class=\"fusion-title-heading title-heading-left\" style=\"margin:0;\">Konstruktion och sammans\u00e4ttning av Molenkoning-skrittmaskin<\/h1><\/div><div class=\"fusion-text fusion-text-1\"><p>Molenkoning-skrittmaskin \u00e4r anv\u00e4ndarv\u00e4nlig och har en l\u00e5ng livsl\u00e4ngd tack vare sin robusta konstruktion. Skrittmaskinen kr\u00e4ver lite underh\u00e5ll, \u00e4r mycket s\u00e4ker och energieffektiv. V\u00e5ra skrittmaskiner kan monteras av en tekniker, men monteras oftast av v\u00e5ra kunder sj\u00e4lva med hj\u00e4lp av en enkel manual. I den h\u00e4r artikeln kommer vi att l\u00e4ra dig allt om konstruktionen och sammans\u00e4ttningen av v\u00e5r skrittmaskin. P\u00e5 s\u00e5 s\u00e4tt kommer du att veta allt om de huvudsakliga \u00e4mnena som r\u00f6r anv\u00e4ndningen av v\u00e5r skrittmaskin. Om du vill l\u00e4ra dig mer om tr\u00e4ning med en skrittmaskin kan du <a href=\"https:\/\/molenkoning.com\/sv\/traning-med-olika-maskiner\/\">klicka h\u00e4r<\/a> f\u00f6r en artikel om detta \u00e4mne. Dessutom kommer du i denna artikel att l\u00e4ra dig om:<\/p>\n<ul>\n<li>S\u00e4kerhet f\u00f6r h\u00e4sten och tr\u00e4naren<\/li>\n<li>Material av h\u00f6g kvalitet och finish<\/li>\n<li>F\u00f6rstklassig service f\u00f6re och efter f\u00f6rs\u00e4ljning<\/li>\n<li>Enkel anv\u00e4ndning med funktionella knappar<\/li>\n<li>B\u00e4sta pris-kvalitetsf\u00f6rh\u00e5llande<\/li>\n<\/ul>\n<\/div><\/div><\/div><div class=\"fusion-layout-column fusion_builder_column fusion-builder-column-1 fusion_builder_column_1_1 1_1 fusion-flex-column\" style=\"--awb-bg-size:cover;--awb-width-large:100%;--awb-margin-top-large:0px;--awb-spacing-right-large:1.92%;--awb-margin-bottom-large:20px;--awb-spacing-left-large:1.92%;--awb-width-medium:100%;--awb-order-medium:0;--awb-spacing-right-medium:1.92%;--awb-spacing-left-medium:1.92%;--awb-width-small:100%;--awb-order-small:0;--awb-spacing-right-small:1.92%;--awb-spacing-left-small:1.92%;\"><div class=\"fusion-column-wrapper fusion-column-has-shadow fusion-flex-justify-content-flex-start fusion-content-layout-column\"><div class=\"fusion-title title fusion-title-2 fusion-sep-none fusion-title-text fusion-title-size-one\" style=\"--awb-text-color:#333333;\"><h1 class=\"fusion-title-heading title-heading-left\" style=\"margin:0;\">Skrittmaskinen och s\u00e4kerheten f\u00f6r din h\u00e4st<\/h1><\/div><div class=\"fusion-text fusion-text-2\"><p>S\u00e4kerhet och kvalitet \u00e4r h\u00f6gt upp p\u00e5 din prioriteringslista, och det \u00e4r inte annorlunda f\u00f6r oss. D\u00e4rf\u00f6r levereras v\u00e5r skrittmaskin alltid med en 220V elmotor som \u00e4r utformad f\u00f6r en livsl\u00e4ngd p\u00e5 minst 15 000 timmar.<\/p>\n<\/div><\/div><\/div><\/div><\/div><div class=\"fusion-fullwidth fullwidth-box fusion-builder-row-2 ctabannerouter nonhundred-percent-fullwidth non-hundred-percent-height-scrolling fusion-equal-height-columns\" style=\"--awb-border-radius-top-left:0px;--awb-border-radius-top-right:0px;--awb-border-radius-bottom-right:0px;--awb-border-radius-bottom-left:0px;--awb-margin-top:40px;--awb-margin-bottom:40px;--awb-flex-wrap:wrap;\" ><div class=\"fusion-builder-row fusion-row\"><div class=\"fusion-layout-column fusion_builder_column fusion-builder-column-2 fusion_builder_column_1_3 1_3 fusion-one-third fusion-column-first\" style=\"--awb-padding-top:50px;--awb-padding-right:50px;--awb-padding-bottom:50px;--awb-padding-left:50px;--awb-bg-color:#484848;--awb-bg-color-hover:#484848;--awb-bg-size:cover;--awb-margin-bottom:0px;width:33.333333333333%;width:calc(33.333333333333% - ( ( 0 ) * 0.33333333333333 ) );margin-right: 0px;\"><div class=\"fusion-column-wrapper fusion-column-has-shadow fusion-flex-column-wrapper-legacy\"><div class=\"fusion-title title fusion-title-3 fusion-sep-none fusion-title-text fusion-title-size-one\" style=\"--awb-text-color:#ffffff;\"><h1 class=\"fusion-title-heading title-heading-left\" style=\"margin:0;\">St\u00e4ll din fr\u00e5ga till en av v\u00e5ra specialister<\/h1><\/div><div class=\"fusion-text fusion-text-3\" style=\"--awb-text-color:#ffffff;\"><p>Har du n\u00e5gra fr\u00e5gor ang\u00e5ende placering, installation eller anv\u00e4ndning av en skrittmaskin?<\/p>\n<\/div><div class=\"fusion-clearfix\"><\/div><\/div><\/div><div class=\"fusion-layout-column fusion_builder_column fusion-builder-column-3 fusion_builder_column_2_3 2_3 fusion-two-third fusion-column-last ctabannerinner\" style=\"--awb-padding-top:50px;--awb-padding-right:50px;--awb-padding-bottom:51px;--awb-padding-left:30px;--awb-bg-color:rgba(0,0,0,0.38);--awb-bg-color-hover:rgba(0,0,0,0.38);--awb-bg-image:url(&#039;https:\/\/molenkoning.com\/wp-content\/uploads\/2021\/09\/Molenkoning-66.jpeg&#039;);--awb-bg-position:center center;--awb-bg-size:cover;--awb-margin-bottom:0px;width:66.666666666667%;width:calc(66.666666666667% - ( ( 0 ) * 0.66666666666667 ) );\" data-motion-effects=\"[{&quot;type&quot;:&quot;&quot;,&quot;scroll_type&quot;:&quot;transition&quot;,&quot;scroll_direction&quot;:&quot;up&quot;,&quot;transition_speed&quot;:&quot;1&quot;,&quot;fade_type&quot;:&quot;in&quot;,&quot;scale_type&quot;:&quot;up&quot;,&quot;initial_scale&quot;:&quot;1&quot;,&quot;max_scale&quot;:&quot;1.5&quot;,&quot;min_scale&quot;:&quot;0.5&quot;,&quot;initial_rotate&quot;:&quot;0&quot;,&quot;end_rotate&quot;:&quot;30&quot;,&quot;initial_blur&quot;:&quot;0&quot;,&quot;end_blur&quot;:&quot;3&quot;,&quot;start_element&quot;:&quot;top&quot;,&quot;start_viewport&quot;:&quot;bottom&quot;,&quot;end_element&quot;:&quot;bottom&quot;,&quot;end_viewport&quot;:&quot;top&quot;,&quot;mouse_effect&quot;:&quot;track&quot;,&quot;mouse_effect_direction&quot;:&quot;opposite&quot;,&quot;mouse_effect_speed&quot;:&quot;2&quot;,&quot;infinite_animation&quot;:&quot;float&quot;,&quot;infinite_animation_speed&quot;:&quot;2&quot;}]\" data-scroll-devices=\"small-visibility,medium-visibility,large-visibility\"><div class=\"fusion-column-wrapper fusion-column-has-shadow fusion-flex-column-wrapper-legacy fusion-column-has-bg-image\" data-bg-url=\"https:\/\/molenkoning.com\/wp-content\/uploads\/2021\/09\/Molenkoning-66.jpeg\"><div class=\"fusion-image-element fusion-image-align-center in-legacy-container\" style=\"text-align:center;--awb-margin-bottom:10px;--awb-caption-title-font-family:var(--h2_typography-font-family);--awb-caption-title-font-weight:var(--h2_typography-font-weight);--awb-caption-title-font-style:var(--h2_typography-font-style);--awb-caption-title-size:var(--h2_typography-font-size);--awb-caption-title-transform:var(--h2_typography-text-transform);--awb-caption-title-line-height:var(--h2_typography-line-height);--awb-caption-title-letter-spacing:var(--h2_typography-letter-spacing);\"><div class=\"imageframe-align-center\"><span class=\" fusion-imageframe imageframe-none imageframe-1 hover-type-none\"><img decoding=\"async\" width=\"200\" height=\"200\" title=\"ctabannerton\" src=\"https:\/\/molenkoning.com\/wp-content\/uploads\/2022\/03\/ctabannerton.png\" alt class=\"img-responsive wp-image-152299\" srcset=\"https:\/\/molenkoning.com\/wp-content\/uploads\/2022\/03\/ctabannerton-66x66.png 66w, https:\/\/molenkoning.com\/wp-content\/uploads\/2022\/03\/ctabannerton-150x150.png 150w, https:\/\/molenkoning.com\/wp-content\/uploads\/2022\/03\/ctabannerton.png 200w\" sizes=\"(max-width: 200px) 100vw, 200px\" \/><\/span><\/div><\/div><div class=\"fusion-button-wrapper\"><a class=\"fusion-button button-flat fusion-button-default-size button-default fusion-button-default button-1 fusion-button-default-span fusion-button-default-type\" target=\"_self\" href=\"mailto:patric@molenkoning.com\"><span class=\"fusion-button-text\">Prata med en specialist!<\/span><\/a><\/div><div class=\"fusion-clearfix\"><\/div><\/div><\/div><\/div><\/div><div class=\"fusion-fullwidth fullwidth-box fusion-builder-row-3 fusion-flex-container has-pattern-background has-mask-background nonhundred-percent-fullwidth non-hundred-percent-height-scrolling\" style=\"--awb-border-radius-top-left:0px;--awb-border-radius-top-right:0px;--awb-border-radius-bottom-right:0px;--awb-border-radius-bottom-left:0px;--awb-flex-wrap:wrap;\" ><div class=\"fusion-builder-row fusion-row fusion-flex-align-items-flex-start fusion-flex-content-wrap\" style=\"max-width:1144px;margin-left: calc(-4% \/ 2 );margin-right: calc(-4% \/ 2 );\"><div class=\"fusion-layout-column fusion_builder_column fusion-builder-column-4 fusion_builder_column_1_1 1_1 fusion-flex-column\" style=\"--awb-bg-size:cover;--awb-width-large:100%;--awb-margin-top-large:0px;--awb-spacing-right-large:1.92%;--awb-margin-bottom-large:20px;--awb-spacing-left-large:1.92%;--awb-width-medium:100%;--awb-order-medium:0;--awb-spacing-right-medium:1.92%;--awb-spacing-left-medium:1.92%;--awb-width-small:100%;--awb-order-small:0;--awb-spacing-right-small:1.92%;--awb-spacing-left-small:1.92%;\"><div class=\"fusion-column-wrapper fusion-column-has-shadow fusion-flex-justify-content-flex-start fusion-content-layout-column\"><div class=\"fusion-title title fusion-title-4 fusion-sep-none fusion-title-text fusion-title-size-two\"><h2 class=\"fusion-title-heading title-heading-left\" style=\"margin:0;\">Specifikationer f\u00f6r en h\u00f6gkvalitativ skrittmaskin<\/h2><\/div><div class=\"fusion-text fusion-text-4\"><p>Topkwaliteit lagers, een geluidsloze V-riem aandrijving met een lange levensduur en het veiligste voor uw paard. Daarnaast is ook de complete constructie gegalvaniseerd dus waterbestendig. De constructie is volledig thermisch verzinkt en heeft een laag zwaartepunt voor de beste stabiliteit. Onze standaardformaten zijn 10, 12, 15, 16, 18 en 20 diameter van 3 tot 10 paarden. Op maat gemaakte stapmolens zijn uiteraard ook mogelijk.<\/p>\n<\/div><\/div><\/div><div class=\"fusion-layout-column fusion_builder_column fusion-builder-column-5 fusion_builder_column_1_1 1_1 fusion-flex-column\" style=\"--awb-bg-size:cover;--awb-width-large:100%;--awb-margin-top-large:0px;--awb-spacing-right-large:1.92%;--awb-margin-bottom-large:20px;--awb-spacing-left-large:1.92%;--awb-width-medium:100%;--awb-order-medium:0;--awb-spacing-right-medium:1.92%;--awb-spacing-left-medium:1.92%;--awb-width-small:100%;--awb-order-small:0;--awb-spacing-right-small:1.92%;--awb-spacing-left-small:1.92%;\"><div class=\"fusion-column-wrapper fusion-column-has-shadow fusion-flex-justify-content-flex-start fusion-content-layout-column\"><div class=\"fusion-title title fusion-title-5 fusion-sep-none fusion-title-text fusion-title-size-two\"><h2 class=\"fusion-title-heading title-heading-left\" style=\"margin:0;\">Avdelare utg\u00f6r grunden f\u00f6r din framtida skrittmaskin?<\/h2><\/div><div class=\"fusion-text fusion-text-5\"><p>Drijfhekken met spijlen verlengen de levensduur van de motor, omdat ze weinig weerstand bieden. De drijfhekken zijn allen afzonderlijk vervangbaar indien nodig. Alle trainingsmolens zijn inclusief schrikstroom systeem en in combinatie met de drijfhekken met spijlen staat de veiligheid voor de paarden voorop!<\/p>\n<p>Dit scharnierend drijfhek systeem zorgt er ook voor dat niet elke klap wordt opgevangen door de constructie of de aandrijving. Standaard is elke stapmolen voorzien van aluminium staven die elektrische lading geleiden indien gewenst. Deze staven geven een zeer lichte schok van 6 joules. Dit is enkel in het begin handig wanneer je de paarden wil laten wennen aan het lopen in een stapmolen. Naar verloop van tijd zal het dier zelfstandig en met veel plezier zijn rondes maken in de stapmolen.<\/p>\n<\/div><\/div><\/div><\/div><\/div><div class=\"fusion-fullwidth fullwidth-box fusion-builder-row-4 fusion-flex-container has-pattern-background has-mask-background nonhundred-percent-fullwidth non-hundred-percent-height-scrolling\" style=\"--awb-border-radius-top-left:0px;--awb-border-radius-top-right:0px;--awb-border-radius-bottom-right:0px;--awb-border-radius-bottom-left:0px;--awb-flex-wrap:wrap;\" ><div class=\"fusion-builder-row fusion-row fusion-flex-align-items-flex-start fusion-flex-content-wrap\" style=\"max-width:1144px;margin-left: calc(-4% \/ 2 );margin-right: calc(-4% \/ 2 );\"><div class=\"fusion-layout-column fusion_builder_column fusion-builder-column-6 fusion_builder_column_1_1 1_1 fusion-flex-column\" style=\"--awb-bg-size:cover;--awb-width-large:100%;--awb-margin-top-large:0px;--awb-spacing-right-large:1.92%;--awb-margin-bottom-large:20px;--awb-spacing-left-large:1.92%;--awb-width-medium:100%;--awb-order-medium:0;--awb-spacing-right-medium:1.92%;--awb-spacing-left-medium:1.92%;--awb-width-small:100%;--awb-order-small:0;--awb-spacing-right-small:1.92%;--awb-spacing-left-small:1.92%;\"><div class=\"fusion-column-wrapper fusion-column-has-shadow fusion-flex-justify-content-flex-start fusion-content-layout-column\"><div class=\"fusion-title title fusion-title-6 fusion-sep-none fusion-title-text fusion-title-size-two\"><h2 class=\"fusion-title-heading title-heading-left\" style=\"margin:0;\">Extra s\u00e4kerhet med Molenkonings Safeguard-avdelare<\/h2><\/div><div class=\"fusion-text fusion-text-6\"><p>F\u00f6r dem som vill l\u00e4gga till extra s\u00e4kerhet i sin skrittmaskin erbjuder vi Molenkoning Safeguard-avdelare. Avdelarna \u00e4r d\u00e5 utrustade med plastst\u00e4nger (polyeten). Dessa st\u00e4nger \u00e4r extremt starka men \u00e4nd\u00e5 mycket flexibla. De \u00e4r till och med flexibla vid temperaturer under noll.<\/p>\n<p>Dessa st\u00e4nger kan b\u00f6jas men \u00e5terg\u00e5r omedelbart till sin normala form. Dessa st\u00e4nger f\u00f6rhindrar frakturer och plasten f\u00f6rhindrar vassa kanter. St\u00e4ngerna \u00e4r t\u00e4ckta med ett aluminiumskydd, vilket g\u00f6r att den elektriska st\u00f6ten kan fungera i kombination med v\u00e5ra Safeguard-st\u00e4nger.<\/p>\n<p>F\u00f6r att minska synligheten f\u00f6r h\u00e4star under tr\u00e4ning av vilda h\u00e4star och hingstar \u00e4r det ocks\u00e5 m\u00f6jligt att utrusta drivportarna med en vindskyddsduk<\/p>\n<\/div><\/div><\/div><\/div><\/div><\/p>\n","protected":false},"excerpt":{"rendered":"","protected":false},"author":1,"featured_media":0,"parent":0,"menu_order":0,"comment_status":"closed","ping_status":"closed","template":"","meta":{"_acf_changed":false,"content-type":"","footnotes":""},"class_list":["post-16000","page","type-page","status-publish","hentry"],"acf":[],"_links":{"self":[{"href":"https:\/\/molenkoning.com\/sv\/wp-json\/wp\/v2\/pages\/16000","targetHints":{"allow":["GET"]}}],"collection":[{"href":"https:\/\/molenkoning.com\/sv\/wp-json\/wp\/v2\/pages"}],"about":[{"href":"https:\/\/molenkoning.com\/sv\/wp-json\/wp\/v2\/types\/page"}],"author":[{"embeddable":true,"href":"https:\/\/molenkoning.com\/sv\/wp-json\/wp\/v2\/users\/1"}],"replies":[{"embeddable":true,"href":"https:\/\/molenkoning.com\/sv\/wp-json\/wp\/v2\/comments?post=16000"}],"version-history":[{"count":8,"href":"https:\/\/molenkoning.com\/sv\/wp-json\/wp\/v2\/pages\/16000\/revisions"}],"predecessor-version":[{"id":174405,"href":"https:\/\/molenkoning.com\/sv\/wp-json\/wp\/v2\/pages\/16000\/revisions\/174405"}],"wp:attachment":[{"href":"https:\/\/molenkoning.com\/sv\/wp-json\/wp\/v2\/media?parent=16000"}],"curies":[{"name":"wp","href":"https:\/\/api.w.org\/{rel}","templated":true}]}}