{"id":15798,"date":"2020-02-04T08:37:12","date_gmt":"2020-02-04T08:37:12","guid":{"rendered":"https:\/\/molenkoning.com\/produkter\/horsepower-plate\/"},"modified":"2024-01-12T07:35:22","modified_gmt":"2024-01-12T07:35:22","slug":"rehabilitations-verktyg-for-hastar","status":"publish","type":"page","link":"https:\/\/molenkoning.com\/sv\/produkter\/rehabilitations-verktyg-for-hastar\/","title":{"rendered":"Vibrationsplatta &#8211; Molenkoning"},"content":{"rendered":"<p><div class=\"fusion-fullwidth fullwidth-box fusion-builder-row-1 fusion-flex-container nonhundred-percent-fullwidth non-hundred-percent-height-scrolling\" style=\"--awb-border-radius-top-left:0px;--awb-border-radius-top-right:0px;--awb-border-radius-bottom-right:0px;--awb-border-radius-bottom-left:0px;--awb-flex-wrap:wrap;\" ><div class=\"fusion-builder-row fusion-row fusion-flex-align-items-flex-start fusion-flex-content-wrap\" style=\"max-width:1144px;margin-left: calc(-4% \/ 2 );margin-right: calc(-4% \/ 2 );\"><div class=\"fusion-layout-column fusion_builder_column fusion-builder-column-0 fusion_builder_column_1_1 1_1 fusion-flex-column\" style=\"--awb-bg-size:cover;--awb-width-large:100%;--awb-margin-top-large:0px;--awb-spacing-right-large:1.92%;--awb-margin-bottom-large:20px;--awb-spacing-left-large:1.92%;--awb-width-medium:100%;--awb-spacing-right-medium:1.92%;--awb-spacing-left-medium:1.92%;--awb-width-small:100%;--awb-spacing-right-small:1.92%;--awb-spacing-left-small:1.92%;\"><div class=\"fusion-column-wrapper fusion-column-has-shadow fusion-flex-justify-content-flex-start fusion-content-layout-column\"><div class=\"fusion-title title fusion-title-1 fusion-sep-none fusion-title-text fusion-title-size-one\" style=\"--awb-text-color:#333333;\"><h1 class=\"fusion-title-heading title-heading-left\" style=\"margin:0;\">H\u00e4stvibrationsplatta &#8211; f\u00f6rebygg skador och f\u00f6rb\u00e4ttra cirkulationen<\/h1><\/div><div class=\"fusion-text fusion-text-1\"><p>P\u00e5 Molenkoning arbetar vi st\u00e4ndigt med innovationer som bidrar till dina h\u00e4stars kondition och h\u00e4lsa. En vibrationsplatta, \u00e4ven k\u00e4nd som Horsepower Plate, var d\u00e4rf\u00f6r ett sj\u00e4lvklart val i v\u00e5rt urval och sortiment. V\u00e5r vibrationsplatta &#8211; designad och tillverkad av v\u00e5rt eget team &#8211; \u00e4r en m\u00e5ngsidig tr\u00e4ningsapparat f\u00f6r h\u00e4star som f\u00f6rb\u00e4ttrar blodcirkulationen.<\/p>\n<\/div><\/div><\/div><div class=\"fusion-layout-column fusion_builder_column fusion-builder-column-1 fusion_builder_column_1_1 1_1 fusion-flex-column\" style=\"--awb-bg-size:cover;--awb-width-large:100%;--awb-margin-top-large:0px;--awb-spacing-right-large:1.92%;--awb-margin-bottom-large:20px;--awb-spacing-left-large:1.92%;--awb-width-medium:100%;--awb-order-medium:0;--awb-spacing-right-medium:1.92%;--awb-spacing-left-medium:1.92%;--awb-width-small:100%;--awb-order-small:0;--awb-spacing-right-small:1.92%;--awb-spacing-left-small:1.92%;\"><div class=\"fusion-column-wrapper fusion-column-has-shadow fusion-flex-justify-content-flex-start fusion-content-layout-column\"><div class=\"fusion-title title fusion-title-2 fusion-sep-none fusion-title-text fusion-title-size-two\"><h2 class=\"fusion-title-heading title-heading-left\" style=\"margin:0;\">F\u00f6rdelar med en vibrationsplatta<\/h2><\/div><div class=\"fusion-text fusion-text-2\"><p>Vibrationsplattan f\u00f6r h\u00e4star hj\u00e4lper till att f\u00f6rebygga och l\u00e4ka muskel och senskador. Vibrationerna som produceras av horsepower-plattan p\u00e5skyndar avsev\u00e4rt \u00e5terh\u00e4mtningen och g\u00f6r den till ett effektivt verktyg f\u00f6r muskel\u00e5terh\u00e4mtning efter intensiv tr\u00e4ning. Vi erbjuder \u00e4ven modeller f\u00f6r transport eller stall.<\/p>\n<\/div><\/div><\/div><\/div><\/div><div class=\"fusion-fullwidth fullwidth-box fusion-builder-row-2 fusion-flex-container has-pattern-background has-mask-background nonhundred-percent-fullwidth non-hundred-percent-height-scrolling\" style=\"--awb-border-radius-top-left:0px;--awb-border-radius-top-right:0px;--awb-border-radius-bottom-right:0px;--awb-border-radius-bottom-left:0px;--awb-flex-wrap:wrap;\" ><div class=\"fusion-builder-row fusion-row fusion-flex-align-items-flex-start fusion-flex-content-wrap\" style=\"max-width:1144px;margin-left: calc(-4% \/ 2 );margin-right: calc(-4% \/ 2 );\"><div class=\"fusion-layout-column fusion_builder_column fusion-builder-column-2 fusion_builder_column_1_1 1_1 fusion-flex-column\" style=\"--awb-bg-size:cover;--awb-width-large:100%;--awb-margin-top-large:0px;--awb-spacing-right-large:1.92%;--awb-margin-bottom-large:20px;--awb-spacing-left-large:1.92%;--awb-width-medium:100%;--awb-order-medium:0;--awb-spacing-right-medium:1.92%;--awb-spacing-left-medium:1.92%;--awb-width-small:100%;--awb-order-small:0;--awb-spacing-right-small:1.92%;--awb-spacing-left-small:1.92%;\"><div class=\"fusion-column-wrapper fusion-column-has-shadow fusion-flex-justify-content-flex-start fusion-content-layout-column\"><div class=\"fusion-title title fusion-title-3 fusion-sep-none fusion-title-text fusion-title-size-two\"><h2 class=\"fusion-title-heading title-heading-left\" style=\"margin:0;\">Molenkoning vibrationsplatta &#8211; Horsepower Plate<\/h2><\/div><div class=\"fusion-text fusion-text-3\"><p>Genom att dagligen st\u00e4lla din h\u00e4st p\u00e5 vibrationsplattan s\u00e5 kommer muskeltillv\u00e4xt och blodcirkulation att stimuleras. N\u00e4r de v\u00e4l \u00e4r vana vid det, trivs h\u00e4starna med att st\u00e5 p\u00e5 vibrationsplattan och blir synligt friskare. Rehabiliteringsspecialister anv\u00e4nder vibrationsplattan f\u00f6r att \u00e5terh\u00e4mtning efter senskador. Dessutom, fungerar vibrationsplattan f\u00f6r h\u00e4star \u00e4ven f\u00f6rebyggande mot exempelvis por\u00f6sa ben.<\/p>\n<\/div><\/div><\/div><\/div><\/div><div class=\"fusion-fullwidth fullwidth-box fusion-builder-row-3 ctabannerouter nonhundred-percent-fullwidth non-hundred-percent-height-scrolling fusion-equal-height-columns\" style=\"--awb-border-radius-top-left:0px;--awb-border-radius-top-right:0px;--awb-border-radius-bottom-right:0px;--awb-border-radius-bottom-left:0px;--awb-margin-top:40px;--awb-margin-bottom:40px;--awb-flex-wrap:wrap;\" ><div class=\"fusion-builder-row fusion-row\"><div class=\"fusion-layout-column fusion_builder_column fusion-builder-column-3 fusion_builder_column_1_3 1_3 fusion-one-third fusion-column-first\" style=\"--awb-padding-top:50px;--awb-padding-right:50px;--awb-padding-bottom:50px;--awb-padding-left:50px;--awb-bg-color:#484848;--awb-bg-color-hover:#484848;--awb-bg-size:cover;--awb-margin-bottom:0px;width:33.333333333333%;width:calc(33.333333333333% - ( ( 0 ) * 0.33333333333333 ) );margin-right: 0px;\"><div class=\"fusion-column-wrapper fusion-column-has-shadow fusion-flex-column-wrapper-legacy\"><div class=\"fusion-title title fusion-title-4 fusion-sep-none fusion-title-text fusion-title-size-one\" style=\"--awb-text-color:#ffffff;\"><h1 class=\"fusion-title-heading title-heading-left\" style=\"margin:0;\">St\u00e4ll din fr\u00e5ga till en av v\u00e5ra specialister<\/h1><\/div><div class=\"fusion-text fusion-text-4\" style=\"--awb-text-color:#ffffff;\"><p>Har du n\u00e5gra fr\u00e5gor ang\u00e5ende placering, installation eller anv\u00e4ndning av en skrittmaskin?<\/p>\n<\/div><div class=\"fusion-clearfix\"><\/div><\/div><\/div><div class=\"fusion-layout-column fusion_builder_column fusion-builder-column-4 fusion_builder_column_2_3 2_3 fusion-two-third fusion-column-last ctabannerinner\" style=\"--awb-padding-top:50px;--awb-padding-right:50px;--awb-padding-bottom:51px;--awb-padding-left:30px;--awb-bg-color:rgba(0,0,0,0.38);--awb-bg-color-hover:rgba(0,0,0,0.38);--awb-bg-image:url(&#039;https:\/\/molenkoning.com\/wp-content\/uploads\/2021\/09\/Molenkoning-66.jpeg&#039;);--awb-bg-position:center center;--awb-bg-size:cover;--awb-margin-bottom:0px;width:66.666666666667%;width:calc(66.666666666667% - ( ( 0 ) * 0.66666666666667 ) );\" data-motion-effects=\"[{&quot;type&quot;:&quot;&quot;,&quot;scroll_type&quot;:&quot;transition&quot;,&quot;scroll_direction&quot;:&quot;up&quot;,&quot;transition_speed&quot;:&quot;1&quot;,&quot;fade_type&quot;:&quot;in&quot;,&quot;scale_type&quot;:&quot;up&quot;,&quot;initial_scale&quot;:&quot;1&quot;,&quot;max_scale&quot;:&quot;1.5&quot;,&quot;min_scale&quot;:&quot;0.5&quot;,&quot;initial_rotate&quot;:&quot;0&quot;,&quot;end_rotate&quot;:&quot;30&quot;,&quot;initial_blur&quot;:&quot;0&quot;,&quot;end_blur&quot;:&quot;3&quot;,&quot;start_element&quot;:&quot;top&quot;,&quot;start_viewport&quot;:&quot;bottom&quot;,&quot;end_element&quot;:&quot;bottom&quot;,&quot;end_viewport&quot;:&quot;top&quot;,&quot;mouse_effect&quot;:&quot;track&quot;,&quot;mouse_effect_direction&quot;:&quot;opposite&quot;,&quot;mouse_effect_speed&quot;:&quot;2&quot;,&quot;infinite_animation&quot;:&quot;float&quot;,&quot;infinite_animation_speed&quot;:&quot;2&quot;}]\" data-scroll-devices=\"small-visibility,medium-visibility,large-visibility\"><div class=\"fusion-column-wrapper fusion-column-has-shadow fusion-flex-column-wrapper-legacy fusion-column-has-bg-image\" data-bg-url=\"https:\/\/molenkoning.com\/wp-content\/uploads\/2021\/09\/Molenkoning-66.jpeg\"><div class=\"fusion-image-element fusion-image-align-center in-legacy-container\" style=\"text-align:center;--awb-margin-bottom:10px;--awb-caption-title-font-family:var(--h2_typography-font-family);--awb-caption-title-font-weight:var(--h2_typography-font-weight);--awb-caption-title-font-style:var(--h2_typography-font-style);--awb-caption-title-size:var(--h2_typography-font-size);--awb-caption-title-transform:var(--h2_typography-text-transform);--awb-caption-title-line-height:var(--h2_typography-line-height);--awb-caption-title-letter-spacing:var(--h2_typography-letter-spacing);\"><div class=\"imageframe-align-center\"><span class=\" fusion-imageframe imageframe-none imageframe-1 hover-type-none\"><img decoding=\"async\" width=\"200\" height=\"200\" title=\"ctabannerton\" src=\"https:\/\/molenkoning.com\/wp-content\/uploads\/2022\/03\/ctabannerton.png\" alt class=\"img-responsive wp-image-152299\" srcset=\"https:\/\/molenkoning.com\/wp-content\/uploads\/2022\/03\/ctabannerton-66x66.png 66w, https:\/\/molenkoning.com\/wp-content\/uploads\/2022\/03\/ctabannerton-150x150.png 150w, https:\/\/molenkoning.com\/wp-content\/uploads\/2022\/03\/ctabannerton.png 200w\" sizes=\"(max-width: 200px) 100vw, 200px\" \/><\/span><\/div><\/div><div class=\"fusion-button-wrapper\"><a class=\"fusion-button button-flat fusion-button-default-size button-default fusion-button-default button-1 fusion-button-default-span fusion-button-default-type\" target=\"_self\" href=\"mailto:patric@molenkoning.com\"><span class=\"fusion-button-text\">Prata med en specialist!<\/span><\/a><\/div><div class=\"fusion-clearfix\"><\/div><\/div><\/div><\/div><\/div><div class=\"fusion-fullwidth fullwidth-box fusion-builder-row-4 fusion-flex-container has-pattern-background has-mask-background nonhundred-percent-fullwidth non-hundred-percent-height-scrolling\" style=\"--awb-border-radius-top-left:0px;--awb-border-radius-top-right:0px;--awb-border-radius-bottom-right:0px;--awb-border-radius-bottom-left:0px;--awb-flex-wrap:wrap;\" ><div class=\"fusion-builder-row fusion-row fusion-flex-align-items-flex-start fusion-flex-content-wrap\" style=\"max-width:1144px;margin-left: calc(-4% \/ 2 );margin-right: calc(-4% \/ 2 );\"><div class=\"fusion-layout-column fusion_builder_column fusion-builder-column-5 fusion_builder_column_1_1 1_1 fusion-flex-column\" style=\"--awb-bg-size:cover;--awb-width-large:100%;--awb-margin-top-large:0px;--awb-spacing-right-large:1.92%;--awb-margin-bottom-large:20px;--awb-spacing-left-large:1.92%;--awb-width-medium:100%;--awb-order-medium:0;--awb-spacing-right-medium:1.92%;--awb-spacing-left-medium:1.92%;--awb-width-small:100%;--awb-order-small:0;--awb-spacing-right-small:1.92%;--awb-spacing-left-small:1.92%;\"><div class=\"fusion-column-wrapper fusion-column-has-shadow fusion-flex-justify-content-flex-start fusion-content-layout-column\"><div class=\"fusion-title title fusion-title-5 fusion-sep-none fusion-title-text fusion-title-size-two\"><h2 class=\"fusion-title-heading title-heading-left\" style=\"margin:0;\">Specifikationer f\u00f6r vibrationsplattan (Horsepower Plate)<\/h2><\/div><div class=\"fusion-text fusion-text-5\"><p>Molenkonings vibrationsplatta \u00e4r mycket enkel att anv\u00e4nda. Med en snygg finish av galvaniserad eller pulverlackerad st\u00e5l ser designen ocks\u00e5 attraktiv ut. Dessutom h\u00e5ller den robusta 17 millimeter tjocka gummi-antiglidmattan l\u00e4nge. Anv\u00e4ndningen av tv\u00e5 kraftfulla motorer m\u00f6jligg\u00f6r den optimala vertikala r\u00f6relsen.<\/p>\n<\/div><\/div><\/div><\/div><\/div><div class=\"fusion-fullwidth fullwidth-box fusion-builder-row-5 fusion-flex-container has-pattern-background has-mask-background nonhundred-percent-fullwidth non-hundred-percent-height-scrolling\" style=\"--awb-border-radius-top-left:0px;--awb-border-radius-top-right:0px;--awb-border-radius-bottom-right:0px;--awb-border-radius-bottom-left:0px;--awb-flex-wrap:wrap;\" ><div class=\"fusion-builder-row fusion-row fusion-flex-align-items-flex-start fusion-flex-content-wrap\" style=\"max-width:1144px;margin-left: calc(-4% \/ 2 );margin-right: calc(-4% \/ 2 );\"><div class=\"fusion-layout-column fusion_builder_column fusion-builder-column-6 fusion_builder_column_1_2 1_2 fusion-flex-column sliderouter\" style=\"--awb-bg-size:cover;--awb-width-large:50%;--awb-margin-top-large:0px;--awb-spacing-right-large:3.84%;--awb-margin-bottom-large:20px;--awb-spacing-left-large:3.84%;--awb-width-medium:100%;--awb-order-medium:0;--awb-spacing-right-medium:1.92%;--awb-spacing-left-medium:1.92%;--awb-width-small:100%;--awb-order-small:0;--awb-spacing-right-small:1.92%;--awb-spacing-left-small:1.92%;\"><div class=\"fusion-column-wrapper fusion-column-has-shadow fusion-flex-justify-content-flex-start fusion-content-layout-column\"><div class=\"fusion-title title fusion-title-6 fusion-title-center fusion-title-text fusion-title-size-two\" style=\"--awb-margin-bottom:30px;\"><div class=\"title-sep-container title-sep-container-left\"><div class=\"title-sep sep-double sep-solid\" style=\"border-color:#e0dede;\"><\/div><\/div><span class=\"awb-title-spacer\"><\/span><h2 class=\"fusion-title-heading title-heading-center\" style=\"margin:0;\">Photos<\/h2><span class=\"awb-title-spacer\"><\/span><div class=\"title-sep-container title-sep-container-right\"><div class=\"title-sep sep-double sep-solid\" style=\"border-color:#e0dede;\"><\/div><\/div><\/div><div class=\"fusion-image-carousel fusion-image-carousel-fixed fusion-image-carousel-1 lightbox-enabled\"><div class=\"awb-carousel awb-swiper awb-swiper-carousel\" data-autoplay=\"no\" data-columns=\"1\" data-itemmargin=\"1\" data-itemwidth=\"180\" data-touchscroll=\"no\" data-imagesize=\"fixed\" style=\"--awb-columns:1;--awb-column-spacing:1px;--awb-caption-title-size:13px;--awb-caption-margin-bottom:10px;\"><div class=\"swiper-wrapper awb-image-carousel-wrapper fusion-flex-align-items-center\"><div class=\"swiper-slide\"><div class=\"fusion-carousel-item-wrapper\"><div class=\"fusion-image-wrapper hover-type-none\"><a data-rel=\"iLightbox[image_carousel_1]\" data-title=\"hoofsfront\" aria-label=\"hoofsfront\" href=\"https:\/\/molenkoning.com\/wp-content\/uploads\/2022\/10\/mk-horsepower-plate-floor-1024x683.jpg\" target=\"_self\"><img decoding=\"async\" width=\"460\" height=\"295\" src=\"https:\/\/molenkoning.com\/wp-content\/uploads\/2022\/10\/hoofsfront-460x295.jpg\" class=\"attachment-portfolio-two size-portfolio-two\" alt=\"Trilplaat paarden vloer\" \/><\/a><\/div><\/div><\/div><div class=\"swiper-slide\"><div class=\"fusion-carousel-item-wrapper\"><div class=\"fusion-image-wrapper hover-type-none\"><a data-rel=\"iLightbox[image_carousel_1]\" data-title=\"Presentation of the vibrating platform\" aria-label=\"Presentation of the vibrating platform\" href=\"https:\/\/molenkoning.com\/wp-content\/uploads\/2020\/02\/presentation-of-mk-horsepowerplate.jpg\" target=\"_self\"><img decoding=\"async\" width=\"460\" height=\"295\" src=\"https:\/\/molenkoning.com\/wp-content\/uploads\/2020\/02\/Power-plate-Mk-logo-1-460x295.jpg\" class=\"attachment-portfolio-two size-portfolio-two\" alt=\"Presentation of the vibrating platform\" \/><\/a><\/div><\/div><\/div><div class=\"swiper-slide\"><div class=\"fusion-carousel-item-wrapper\"><div class=\"fusion-image-wrapper hover-type-none\"><a data-rel=\"iLightbox[image_carousel_1]\" data-title=\"horsepower-plate-vibration-horses\" aria-label=\"horsepower-plate-vibration-horses\" href=\"https:\/\/molenkoning.com\/wp-content\/uploads\/2020\/02\/horsepower-plate-in-black.jpg\" target=\"_self\"><img decoding=\"async\" width=\"460\" height=\"295\" src=\"https:\/\/molenkoning.com\/wp-content\/uploads\/2020\/02\/Power-plate-Mk-logo-7-460x295.jpg\" class=\"attachment-portfolio-two size-portfolio-two\" alt=\"horsepower-plate-vibration-horses\" \/><\/a><\/div><\/div><\/div><div class=\"swiper-slide\"><div class=\"fusion-carousel-item-wrapper\"><div class=\"fusion-image-wrapper hover-type-none\"><a data-rel=\"iLightbox[image_carousel_1]\" data-title=\"antipanic fastener\" aria-label=\"antipanic fastener\" href=\"https:\/\/molenkoning.com\/wp-content\/uploads\/2020\/02\/anti-panic-attachment.jpg\" target=\"_self\"><img decoding=\"async\" width=\"460\" height=\"295\" src=\"https:\/\/molenkoning.com\/wp-content\/uploads\/2020\/02\/Power-plate-Mk-logo-4-460x295.jpg\" class=\"attachment-portfolio-two size-portfolio-two\" alt=\"antipanic fastener\" \/><\/a><\/div><\/div><\/div><div class=\"swiper-slide\"><div class=\"fusion-carousel-item-wrapper\"><div class=\"fusion-image-wrapper hover-type-none\"><a data-rel=\"iLightbox[image_carousel_1]\" data-title=\"Powerplate-dilando-from-behind\" aria-label=\"Powerplate-dilando-from-behind\" href=\"https:\/\/molenkoning.com\/wp-content\/uploads\/2022\/10\/Powerplate-dilando-from-behind.jpg\" target=\"_self\"><img decoding=\"async\" width=\"460\" height=\"295\" src=\"https:\/\/molenkoning.com\/wp-content\/uploads\/2022\/10\/Powerplate-dilando-from-behind-460x295.jpg\" class=\"attachment-portfolio-two size-portfolio-two\" alt=\"Trilplaat paarden achterkant\" \/><\/a><\/div><\/div><\/div><div class=\"swiper-slide\"><div class=\"fusion-carousel-item-wrapper\"><div class=\"fusion-image-wrapper hover-type-none\"><a data-rel=\"iLightbox[image_carousel_1]\" data-title=\"powerplate bright colour\" aria-label=\"powerplate bright colour\" href=\"https:\/\/molenkoning.com\/wp-content\/uploads\/2022\/10\/powerplate-bright-colour.jpg\" target=\"_self\"><img decoding=\"async\" width=\"460\" height=\"295\" src=\"https:\/\/molenkoning.com\/wp-content\/uploads\/2022\/10\/powerplate-bright-colour-460x295.jpg\" class=\"attachment-portfolio-two size-portfolio-two\" alt=\"Trilplaat paarden\" \/><\/a><\/div><\/div><\/div><div class=\"swiper-slide\"><div class=\"fusion-carousel-item-wrapper\"><div class=\"fusion-image-wrapper hover-type-none\"><a data-rel=\"iLightbox[image_carousel_1]\" data-title=\"sidecloseup\" aria-label=\"sidecloseup\" href=\"https:\/\/molenkoning.com\/wp-content\/uploads\/2022\/10\/horsepower-plate-side.jpg\" target=\"_self\"><img decoding=\"async\" width=\"460\" height=\"295\" src=\"https:\/\/molenkoning.com\/wp-content\/uploads\/2022\/10\/sidecloseup-460x295.jpg\" class=\"attachment-portfolio-two size-portfolio-two\" alt=\"Trilplaat paarden achterkant\" \/><\/a><\/div><\/div><\/div><div class=\"swiper-slide\"><div class=\"fusion-carousel-item-wrapper\"><div class=\"fusion-image-wrapper hover-type-none\"><a data-rel=\"iLightbox[image_carousel_1]\" data-title=\"closeupdilando\" aria-label=\"closeupdilando\" href=\"https:\/\/molenkoning.com\/wp-content\/uploads\/2022\/10\/mk-horsepower-plate.jpg\" target=\"_self\"><img decoding=\"async\" width=\"460\" height=\"295\" src=\"https:\/\/molenkoning.com\/wp-content\/uploads\/2022\/10\/closeupdilando-460x295.jpg\" class=\"attachment-portfolio-two size-portfolio-two\" alt=\"Trilplaat paarden\" \/><\/a><\/div><\/div><\/div><\/div><div class=\"awb-swiper-button awb-swiper-button-prev\"><i class=\"awb-icon-angle-left\" aria-hidden=\"true\"><\/i><\/div><div class=\"awb-swiper-button awb-swiper-button-next\"><i class=\"awb-icon-angle-right\" aria-hidden=\"true\"><\/i><\/div><\/div><\/div><\/div><\/div><div class=\"fusion-layout-column fusion_builder_column fusion-builder-column-7 fusion_builder_column_1_2 1_2 fusion-flex-column\" style=\"--awb-bg-size:cover;--awb-width-large:50%;--awb-margin-top-large:0px;--awb-spacing-right-large:3.84%;--awb-margin-bottom-large:20px;--awb-spacing-left-large:3.84%;--awb-width-medium:100%;--awb-order-medium:0;--awb-spacing-right-medium:1.92%;--awb-spacing-left-medium:1.92%;--awb-width-small:100%;--awb-order-small:0;--awb-spacing-right-small:1.92%;--awb-spacing-left-small:1.92%;\"><div class=\"fusion-column-wrapper fusion-column-has-shadow fusion-flex-justify-content-flex-start fusion-content-layout-column\"><div class=\"fusion-title title fusion-title-7 fusion-title-center fusion-title-text fusion-title-size-two\"><div class=\"title-sep-container title-sep-container-left\"><div class=\"title-sep sep-double sep-solid\" style=\"border-color:#e0dede;\"><\/div><\/div><span class=\"awb-title-spacer\"><\/span><h2 class=\"fusion-title-heading title-heading-center\" style=\"margin:0;\">Video<\/h2><span class=\"awb-title-spacer\"><\/span><div class=\"title-sep-container title-sep-container-right\"><div class=\"title-sep sep-double sep-solid\" style=\"border-color:#e0dede;\"><\/div><\/div><\/div><div class=\"fusion-video fusion-youtube\" style=\"--awb-max-width:600px;--awb-max-height:360px;\"><div class=\"video-shortcode\"><div class=\"fluid-width-video-wrapper\" style=\"padding-top:60%;\" ><iframe title=\"YouTube video player 1\" src=\"https:\/\/www.youtube.com\/embed\/qsaYxxlCsC0?wmode=transparent&autoplay=0\" width=\"600\" height=\"360\" allowfullscreen allow=\"autoplay; fullscreen\"><\/iframe><\/div><\/div><\/div><\/div><\/div><\/div><\/div><div class=\"fusion-fullwidth fullwidth-box fusion-builder-row-6 fusion-flex-container nonhundred-percent-fullwidth non-hundred-percent-height-scrolling\" style=\"--awb-border-radius-top-left:0px;--awb-border-radius-top-right:0px;--awb-border-radius-bottom-right:0px;--awb-border-radius-bottom-left:0px;--awb-flex-wrap:wrap;\" ><div class=\"fusion-builder-row fusion-row fusion-flex-align-items-flex-start fusion-flex-content-wrap\" style=\"max-width:1144px;margin-left: calc(-4% \/ 2 );margin-right: calc(-4% \/ 2 );\"><div class=\"fusion-layout-column fusion_builder_column fusion-builder-column-8 fusion_builder_column_1_2 1_2 fusion-flex-column\" style=\"--awb-bg-size:cover;--awb-width-large:50%;--awb-margin-top-large:0px;--awb-spacing-right-large:3.84%;--awb-margin-bottom-large:20px;--awb-spacing-left-large:3.84%;--awb-width-medium:100%;--awb-spacing-right-medium:1.92%;--awb-spacing-left-medium:1.92%;--awb-width-small:100%;--awb-spacing-right-small:1.92%;--awb-spacing-left-small:1.92%;\"><div class=\"fusion-column-wrapper fusion-column-has-shadow fusion-flex-justify-content-flex-start fusion-content-layout-column\"><div class=\"fusion-title title fusion-title-8 fusion-sep-none fusion-title-text fusion-title-size-two\"><h2 class=\"fusion-title-heading title-heading-left\" style=\"margin:0;\">Pris f\u00f6r vibrationsplatta.<\/h2><\/div><div class=\"fusion-text fusion-text-6\"><p>Molenkonings Horsepower Plate \u00e4r expertdesignad och tillverkad av de b\u00e4sta materialen. Du betalar 5 750 euro f\u00f6r en vibrationsplatta, exklusive moms. och Transportkostnaden tillkommer.. Detta ger dig en plug-and-play-l\u00f6sning f\u00f6r att h\u00e5lla din h\u00e4st i optimal h\u00e4lsa. Vibrationsplattan kan ofta levereras direkt fr\u00e5n lager, s\u00e5 v\u00e4ntetiderna \u00e4r minimala. Kontakta oss f\u00f6r mer information.<\/p>\n<\/div><\/div><\/div><div class=\"fusion-layout-column fusion_builder_column fusion-builder-column-9 fusion_builder_column_1_2 1_2 fusion-flex-column\" style=\"--awb-padding-top:20px;--awb-padding-right:20px;--awb-padding-bottom:20px;--awb-padding-left:20px;--awb-bg-color:#484848;--awb-bg-color-hover:#484848;--awb-bg-size:cover;--awb-width-large:50%;--awb-margin-top-large:0px;--awb-spacing-right-large:3.84%;--awb-margin-bottom-large:20px;--awb-spacing-left-large:3.84%;--awb-width-medium:100%;--awb-order-medium:0;--awb-spacing-right-medium:1.92%;--awb-spacing-left-medium:1.92%;--awb-width-small:100%;--awb-order-small:0;--awb-spacing-right-small:1.92%;--awb-spacing-left-small:1.92%;\"><div class=\"fusion-column-wrapper fusion-column-has-shadow fusion-flex-justify-content-flex-start fusion-content-layout-column\"><div class=\"fusion-title title fusion-title-9 fusion-sep-none fusion-title-text fusion-title-size-two\" style=\"--awb-text-color:#ffffff;--awb-margin-bottom:10px;\"><h2 class=\"fusion-title-heading title-heading-left\" style=\"margin:0;\">VILL DU HA EN BROSCHYR<\/h2><\/div><div class=\"fusion-text fusion-text-7\"><p><script charset=\"utf-8\" type=\"text\/javascript\" src=\"\/\/js.hsforms.net\/forms\/embed\/v2.js\"><\/script><br \/>\n<script>\n  hbspt.forms.create({\n    region: \"na1\",\n    portalId: \"7963348\",\n    formId: \"69753161-2440-4ced-958a-550c68f97167\"\n  });\n<\/script><\/p>\n<\/div><\/div><\/div><\/div><\/div><\/p>\n","protected":false},"excerpt":{"rendered":"","protected":false},"author":1,"featured_media":0,"parent":11710,"menu_order":0,"comment_status":"closed","ping_status":"closed","template":"","meta":{"_acf_changed":false,"content-type":"","footnotes":""},"class_list":["post-15798","page","type-page","status-publish","hentry"],"acf":[],"_links":{"self":[{"href":"https:\/\/molenkoning.com\/sv\/wp-json\/wp\/v2\/pages\/15798","targetHints":{"allow":["GET"]}}],"collection":[{"href":"https:\/\/molenkoning.com\/sv\/wp-json\/wp\/v2\/pages"}],"about":[{"href":"https:\/\/molenkoning.com\/sv\/wp-json\/wp\/v2\/types\/page"}],"author":[{"embeddable":true,"href":"https:\/\/molenkoning.com\/sv\/wp-json\/wp\/v2\/users\/1"}],"replies":[{"embeddable":true,"href":"https:\/\/molenkoning.com\/sv\/wp-json\/wp\/v2\/comments?post=15798"}],"version-history":[{"count":20,"href":"https:\/\/molenkoning.com\/sv\/wp-json\/wp\/v2\/pages\/15798\/revisions"}],"predecessor-version":[{"id":178273,"href":"https:\/\/molenkoning.com\/sv\/wp-json\/wp\/v2\/pages\/15798\/revisions\/178273"}],"up":[{"embeddable":true,"href":"https:\/\/molenkoning.com\/sv\/wp-json\/wp\/v2\/pages\/11710"}],"wp:attachment":[{"href":"https:\/\/molenkoning.com\/sv\/wp-json\/wp\/v2\/media?parent=15798"}],"curies":[{"name":"wp","href":"https:\/\/api.w.org\/{rel}","templated":true}]}}