{"id":15666,"date":"2020-02-04T08:13:20","date_gmt":"2020-02-04T08:13:20","guid":{"rendered":"https:\/\/molenkoning.com\/produkter\/groundwork-for-equestrian-constructions\/"},"modified":"2024-09-19T13:29:05","modified_gmt":"2024-09-19T13:29:05","slug":"forarbete-byggnad","status":"publish","type":"page","link":"https:\/\/molenkoning.com\/sv\/produkter\/forarbete-byggnad\/","title":{"rendered":"G\u00f6r-det-sj\u00e4lv-f\u00e4rdiga fundament &#8211; Molenkoning"},"content":{"rendered":"<p><div class=\"fusion-fullwidth fullwidth-box fusion-builder-row-1 fusion-flex-container nonhundred-percent-fullwidth non-hundred-percent-height-scrolling\" style=\"--awb-border-radius-top-left:0px;--awb-border-radius-top-right:0px;--awb-border-radius-bottom-right:0px;--awb-border-radius-bottom-left:0px;--awb-flex-wrap:wrap;\" ><div class=\"fusion-builder-row fusion-row fusion-flex-align-items-flex-start fusion-flex-content-wrap\" style=\"max-width:1144px;margin-left: calc(-4% \/ 2 );margin-right: calc(-4% \/ 2 );\"><div class=\"fusion-layout-column fusion_builder_column fusion-builder-column-0 fusion_builder_column_1_1 1_1 fusion-flex-column\" style=\"--awb-bg-size:cover;--awb-width-large:100%;--awb-margin-top-large:0px;--awb-spacing-right-large:1.92%;--awb-margin-bottom-large:20px;--awb-spacing-left-large:1.92%;--awb-width-medium:100%;--awb-spacing-right-medium:1.92%;--awb-spacing-left-medium:1.92%;--awb-width-small:100%;--awb-spacing-right-small:1.92%;--awb-spacing-left-small:1.92%;\"><div class=\"fusion-column-wrapper fusion-column-has-shadow fusion-flex-justify-content-flex-start fusion-content-layout-column\"><div class=\"fusion-title title fusion-title-1 fusion-sep-none fusion-title-text fusion-title-size-one\" style=\"--awb-text-color:#333333;\"><h1 class=\"fusion-title-heading title-heading-left\" style=\"margin:0;\">Molenkoning erbjuder f\u00e4rdiga fundament f\u00f6r g\u00f6r-det-sj\u00e4lv-installation<\/h1><\/div><div class=\"fusion-text fusion-text-1 prefabtxt\"><p>Molenkoning har designat en <a href=\"https:\/\/molenkoning.com\/sv\/produkter\/skrittmaskin\/\">skrittmaskin<\/a> som \u00e4r l\u00e4mplig f\u00f6r g\u00f6r-det-sj\u00e4lv-installation. F\u00f6r att g\u00f6ra denna installation s\u00e5 enkel som m\u00f6jligt har Molenkoning alltid fundament i lager.<\/p>\n<p style=\"margin-bottom: 0;\">&#8211; Fundament f\u00f6r tak<\/p>\n<p style=\"margin: 0 0 20px 20px;\">En bra grundplatta \u00e4r viktig n\u00e4r man bygger ett tak. F\u00f6r detta \u00e4r Molenkonings f\u00e4rdiga fundamentr f\u00f6r g\u00f6r-det-sj\u00e4lv-installation en perfekt l\u00f6sning. Dessutom har vi ocks\u00e5 socklar som anv\u00e4nds f\u00f6r stabilitet och f\u00f6rst\u00e4rkning av alla v\u00e5ra tak.<\/p>\n<p style=\"margin-bottom: 0;\">&#8211; Radiella kantstenar<\/p>\n<p style=\"margin: 0 0 20px 20px;\">Radiella kantstenar \u00e4r viktigt st\u00f6d f\u00f6r Runda staket. Dessutom kan radiella kantstenar anv\u00e4ndas som sockelbr\u00e4da f\u00f6r v\u00e5rt Sverige-staket och MK Safeline staket.<\/p>\n<p style=\"margin-bottom: 0;\">&#8211; Stelcon-platta f\u00f6r skrittmaskin<\/p>\n<p style=\"margin: 0 0 20px 20px;\">En solid betongplatta fr\u00e5n Stelcon som m\u00e4ter 120 \u00d7 120 \u00d7 16 centimeter \u00e4r perfekt f\u00f6r att f\u00f6rankra din skrittmaskin. Det enda kravet \u00e4r att marken \u00e4r plan. Inga ytterligare f\u00f6rberedelser kr\u00e4vs f\u00f6r installationen av Stelcon-plattan.<\/p>\n<\/div><\/div><\/div><\/div><\/div><div class=\"fusion-fullwidth fullwidth-box fusion-builder-row-2 fusion-flex-container has-pattern-background has-mask-background sliderouternew nonhundred-percent-fullwidth non-hundred-percent-height-scrolling\" style=\"--awb-border-radius-top-left:0px;--awb-border-radius-top-right:0px;--awb-border-radius-bottom-right:0px;--awb-border-radius-bottom-left:0px;--awb-padding-top:20px;--awb-flex-wrap:wrap;\" ><div class=\"fusion-builder-row fusion-row fusion-flex-align-items-flex-start fusion-flex-content-wrap\" style=\"max-width:1144px;margin-left: calc(-4% \/ 2 );margin-right: calc(-4% \/ 2 );\"><div class=\"fusion-layout-column fusion_builder_column fusion-builder-column-1 fusion_builder_column_1_1 1_1 fusion-flex-column\" style=\"--awb-bg-size:cover;--awb-width-large:100%;--awb-margin-top-large:0px;--awb-spacing-right-large:1.92%;--awb-margin-bottom-large:20px;--awb-spacing-left-large:1.92%;--awb-width-medium:100%;--awb-spacing-right-medium:1.92%;--awb-spacing-left-medium:1.92%;--awb-width-small:100%;--awb-spacing-right-small:1.92%;--awb-spacing-left-small:1.92%;\"><div class=\"fusion-column-wrapper fusion-column-has-shadow fusion-flex-justify-content-flex-start fusion-content-layout-column\"><div class=\"fusion-title title fusion-title-2 fusion-title-center fusion-title-text fusion-title-size-two\"><div class=\"title-sep-container title-sep-container-left\"><div class=\"title-sep sep-double sep-solid\" style=\"border-color:#e0dede;\"><\/div><\/div><span class=\"awb-title-spacer\"><\/span><h2 class=\"fusion-title-heading title-heading-center\" style=\"margin:0;\">Photos<\/h2><span class=\"awb-title-spacer\"><\/span><div class=\"title-sep-container title-sep-container-right\"><div class=\"title-sep sep-double sep-solid\" style=\"border-color:#e0dede;\"><\/div><\/div><\/div><div class=\"fusion-image-carousel fusion-image-carousel-fixed fusion-image-carousel-1 lightbox-enabled fusion-carousel-border\"><div class=\"awb-carousel awb-swiper awb-swiper-carousel\" data-autoplay=\"no\" data-columns=\"3\" data-itemmargin=\"1\" data-itemwidth=\"180\" data-touchscroll=\"no\" data-imagesize=\"fixed\" style=\"--awb-columns:3;--awb-column-spacing:1px;\"><div class=\"swiper-wrapper awb-image-carousel-wrapper fusion-flex-align-items-center\"><div class=\"swiper-slide\"><div class=\"fusion-carousel-item-wrapper\"><div class=\"fusion-image-wrapper hover-type-none\"><a data-rel=\"iLightbox[image_carousel_1]\" data-title=\"molenkoning foundation pieces\" aria-label=\"molenkoning foundation pieces\" href=\"https:\/\/molenkoning.com\/wp-content\/uploads\/2020\/02\/prefab-fundament-Mk-logo-6.jpg\" target=\"_self\"><img decoding=\"async\" width=\"460\" height=\"295\" src=\"https:\/\/molenkoning.com\/wp-content\/uploads\/2020\/02\/prefab-fundament-Mk-logo-6-460x295.jpg\" class=\"attachment-portfolio-two size-portfolio-two\" alt=\"molenkoning foundation pieces\" \/><\/a><\/div><\/div><\/div><div class=\"swiper-slide\"><div class=\"fusion-carousel-item-wrapper\"><div class=\"fusion-image-wrapper hover-type-none\"><a data-rel=\"iLightbox[image_carousel_1]\" data-title=\"molenkoning foundation pieces\" aria-label=\"molenkoning foundation pieces\" href=\"https:\/\/molenkoning.com\/wp-content\/uploads\/2020\/02\/prefab-fundament-Mk-logo-13.jpg\" target=\"_self\"><img decoding=\"async\" width=\"460\" height=\"295\" src=\"https:\/\/molenkoning.com\/wp-content\/uploads\/2020\/02\/prefab-fundament-Mk-logo-13-460x295.jpg\" class=\"attachment-portfolio-two size-portfolio-two\" alt=\"molenkoning foundation pieces\" \/><\/a><\/div><\/div><\/div><div class=\"swiper-slide\"><div class=\"fusion-carousel-item-wrapper\"><div class=\"fusion-image-wrapper hover-type-none\"><a data-rel=\"iLightbox[image_carousel_1]\" data-title=\"connection of radial curbs\" aria-label=\"connection of radial curbs\" href=\"https:\/\/molenkoning.com\/wp-content\/uploads\/2020\/02\/prefab-fundament-Mk-logo-11.jpg\" target=\"_self\"><img decoding=\"async\" width=\"460\" height=\"295\" src=\"https:\/\/molenkoning.com\/wp-content\/uploads\/2020\/02\/prefab-fundament-Mk-logo-11-460x295.jpg\" class=\"attachment-portfolio-two size-portfolio-two\" alt=\"connection of radial curbs\" \/><\/a><\/div><\/div><\/div><div class=\"swiper-slide\"><div class=\"fusion-carousel-item-wrapper\"><div class=\"fusion-image-wrapper hover-type-none\"><a data-rel=\"iLightbox[image_carousel_1]\" data-title=\"drains in the ground\" aria-label=\"drains in the ground\" href=\"https:\/\/molenkoning.com\/wp-content\/uploads\/2020\/02\/prefab-fundament-Mk-logo-1.jpg\" target=\"_self\"><img decoding=\"async\" width=\"460\" height=\"295\" src=\"https:\/\/molenkoning.com\/wp-content\/uploads\/2020\/02\/prefab-fundament-Mk-logo-1-460x295.jpg\" class=\"attachment-portfolio-two size-portfolio-two\" alt=\"drains in the ground\" \/><\/a><\/div><\/div><\/div><div class=\"swiper-slide\"><div class=\"fusion-carousel-item-wrapper\"><div class=\"fusion-image-wrapper hover-type-none\"><a data-rel=\"iLightbox[image_carousel_1]\" data-title=\"anchors M16\" aria-label=\"anchors M16\" href=\"https:\/\/molenkoning.com\/wp-content\/uploads\/2020\/02\/prefab-fundament-Mk-logo-2.jpg\" target=\"_self\"><img decoding=\"async\" width=\"460\" height=\"295\" src=\"https:\/\/molenkoning.com\/wp-content\/uploads\/2020\/02\/prefab-fundament-Mk-logo-2-460x295.jpg\" class=\"attachment-portfolio-two size-portfolio-two\" alt=\"anchors M16\" \/><\/a><\/div><\/div><\/div><div class=\"swiper-slide\"><div class=\"fusion-carousel-item-wrapper\"><div class=\"fusion-image-wrapper hover-type-none\"><a data-rel=\"iLightbox[image_carousel_1]\" data-title=\"molenkoning foundation pieces\" aria-label=\"molenkoning foundation pieces\" href=\"https:\/\/molenkoning.com\/wp-content\/uploads\/2020\/02\/prefab-fundament-Mk-logo-4.jpg\" target=\"_self\"><img decoding=\"async\" width=\"460\" height=\"295\" src=\"https:\/\/molenkoning.com\/wp-content\/uploads\/2020\/02\/prefab-fundament-Mk-logo-4-460x295.jpg\" class=\"attachment-portfolio-two size-portfolio-two\" alt=\"molenkoning foundation pieces\" \/><\/a><\/div><\/div><\/div><div class=\"swiper-slide\"><div class=\"fusion-carousel-item-wrapper\"><div class=\"fusion-image-wrapper hover-type-none\"><a data-rel=\"iLightbox[image_carousel_1]\" data-title=\"final look of the walkway\" aria-label=\"final look of the walkway\" href=\"https:\/\/molenkoning.com\/wp-content\/uploads\/2020\/02\/prefab-fundament-Mk-logo-5.jpg\" target=\"_self\"><img decoding=\"async\" width=\"460\" height=\"295\" src=\"https:\/\/molenkoning.com\/wp-content\/uploads\/2020\/02\/prefab-fundament-Mk-logo-5-460x295.jpg\" class=\"attachment-portfolio-two size-portfolio-two\" alt=\"final look of the walkway\" \/><\/a><\/div><\/div><\/div><div class=\"swiper-slide\"><div class=\"fusion-carousel-item-wrapper\"><div class=\"fusion-image-wrapper hover-type-none\"><a data-rel=\"iLightbox[image_carousel_1]\" data-title=\"details of the connection of radial curbs\" aria-label=\"details of the connection of radial curbs\" href=\"https:\/\/molenkoning.com\/wp-content\/uploads\/2020\/02\/prefab-fundament-Mk-logo-7.jpg\" target=\"_self\"><img decoding=\"async\" width=\"460\" height=\"295\" src=\"https:\/\/molenkoning.com\/wp-content\/uploads\/2020\/02\/prefab-fundament-Mk-logo-7-460x295.jpg\" class=\"attachment-portfolio-two size-portfolio-two\" alt=\"details of the connection of radial curbs\" \/><\/a><\/div><\/div><\/div><div class=\"swiper-slide\"><div class=\"fusion-carousel-item-wrapper\"><div class=\"fusion-image-wrapper hover-type-none\"><a data-rel=\"iLightbox[image_carousel_1]\" data-title=\"prefab radical curbs\" aria-label=\"prefab radical curbs\" href=\"https:\/\/molenkoning.com\/wp-content\/uploads\/2020\/02\/prefab-fundament-Mk-logo-8.jpg\" target=\"_self\"><img decoding=\"async\" width=\"460\" height=\"295\" src=\"https:\/\/molenkoning.com\/wp-content\/uploads\/2020\/02\/prefab-fundament-Mk-logo-8-460x295.jpg\" class=\"attachment-portfolio-two size-portfolio-two\" alt=\"prefab radical curbs\" \/><\/a><\/div><\/div><\/div><div class=\"swiper-slide\"><div class=\"fusion-carousel-item-wrapper\"><div class=\"fusion-image-wrapper hover-type-none\"><a data-rel=\"iLightbox[image_carousel_1]\" data-title=\"final look of the walkway\" aria-label=\"final look of the walkway\" href=\"https:\/\/molenkoning.com\/wp-content\/uploads\/2020\/02\/prefab-fundament-Mk-logo-9.jpg\" target=\"_self\"><img decoding=\"async\" width=\"460\" height=\"295\" src=\"https:\/\/molenkoning.com\/wp-content\/uploads\/2020\/02\/prefab-fundament-Mk-logo-9-460x295.jpg\" class=\"attachment-portfolio-two size-portfolio-two\" alt=\"final look of the walkway\" \/><\/a><\/div><\/div><\/div><div class=\"swiper-slide\"><div class=\"fusion-carousel-item-wrapper\"><div class=\"fusion-image-wrapper hover-type-none\"><a data-rel=\"iLightbox[image_carousel_1]\" data-title=\"radical curbs\" aria-label=\"radical curbs\" href=\"https:\/\/molenkoning.com\/wp-content\/uploads\/2020\/02\/prefab-fundament-Mk-logo-10.jpg\" target=\"_self\"><img decoding=\"async\" width=\"460\" height=\"295\" src=\"https:\/\/molenkoning.com\/wp-content\/uploads\/2020\/02\/prefab-fundament-Mk-logo-10-460x295.jpg\" class=\"attachment-portfolio-two size-portfolio-two\" alt=\"radical curbs\" \/><\/a><\/div><\/div><\/div><div class=\"swiper-slide\"><div class=\"fusion-carousel-item-wrapper\"><div class=\"fusion-image-wrapper hover-type-none\"><a data-rel=\"iLightbox[image_carousel_1]\" data-title=\"prefab fundament-Mk logo (12)\" aria-label=\"prefab fundament-Mk logo (12)\" href=\"https:\/\/molenkoning.com\/wp-content\/uploads\/2020\/02\/prefab-fundament-Mk-logo-12.jpg\" target=\"_self\"><img decoding=\"async\" width=\"460\" height=\"295\" src=\"https:\/\/molenkoning.com\/wp-content\/uploads\/2020\/02\/prefab-fundament-Mk-logo-12-460x295.jpg\" class=\"attachment-portfolio-two size-portfolio-two\" alt=\"prefab radical curbs\" \/><\/a><\/div><\/div><\/div><\/div><div class=\"awb-swiper-button awb-swiper-button-prev\"><i class=\"awb-icon-angle-left\" aria-hidden=\"true\"><\/i><\/div><div class=\"awb-swiper-button awb-swiper-button-next\"><i class=\"awb-icon-angle-right\" aria-hidden=\"true\"><\/i><\/div><\/div><\/div><\/div><\/div><\/div><\/div><div class=\"fusion-fullwidth fullwidth-box fusion-builder-row-3 nonhundred-percent-fullwidth non-hundred-percent-height-scrolling\" style=\"--awb-border-radius-top-left:0px;--awb-border-radius-top-right:0px;--awb-border-radius-bottom-right:0px;--awb-border-radius-bottom-left:0px;--awb-flex-wrap:wrap;\" ><div class=\"fusion-builder-row fusion-row\"><div class=\"fusion-layout-column fusion_builder_column fusion-builder-column-2 fusion_builder_column_1_2 1_2 fusion-one-half fusion-column-first\" style=\"--awb-bg-size:cover;width:50%;width:calc(50% - ( ( 4% ) * 0.5 ) );margin-right: 4%;\"><div class=\"fusion-column-wrapper fusion-column-has-shadow fusion-flex-column-wrapper-legacy\"><div class=\"fusion-builder-row fusion-builder-row-inner fusion-row\"><div class=\"fusion-layout-column fusion_builder_column_inner fusion-builder-nested-column-0 fusion_builder_column_inner_1_1 1_1 fusion-one-full fusion-column-first fusion-column-last tchinfotxt\" style=\"--awb-bg-size:cover;\"><div class=\"fusion-column-wrapper fusion-column-has-shadow fusion-flex-column-wrapper-legacy\"><div class=\"fusion-title title fusion-title-3 fusion-title-center fusion-title-text fusion-title-size-two\"><div class=\"title-sep-container title-sep-container-left\"><div class=\"title-sep sep-double sep-solid\" style=\"border-color:#e0dede;\"><\/div><\/div><span class=\"awb-title-spacer\"><\/span><h2 class=\"fusion-title-heading title-heading-center\" style=\"margin:0;\">Teknisk information<\/h2><span class=\"awb-title-spacer\"><\/span><div class=\"title-sep-container title-sep-container-right\"><div class=\"title-sep sep-double sep-solid\" style=\"border-color:#e0dede;\"><\/div><\/div><\/div><div class=\"fusion-image-element fusion-no-small-visibility in-legacy-container\" style=\"--awb-caption-title-font-family:var(--h2_typography-font-family);--awb-caption-title-font-weight:var(--h2_typography-font-weight);--awb-caption-title-font-style:var(--h2_typography-font-style);--awb-caption-title-size:var(--h2_typography-font-size);--awb-caption-title-transform:var(--h2_typography-text-transform);--awb-caption-title-line-height:var(--h2_typography-line-height);--awb-caption-title-letter-spacing:var(--h2_typography-letter-spacing);\"><span class=\" fusion-imageframe imageframe-none imageframe-1 hover-type-none\"><img decoding=\"async\" width=\"600\" height=\"625\" alt=\"3d drawing of prefab foundation\" title=\"molenkoning-groundwoks-equestrian-constructions (1)\" src=\"https:\/\/molenkoning.com\/wp-content\/uploads\/2020\/02\/molenkoning-groundwoks-equestrian-constructions-1-600x625.jpg\" class=\"img-responsive wp-image-11028\" srcset=\"https:\/\/molenkoning.com\/wp-content\/uploads\/2020\/02\/molenkoning-groundwoks-equestrian-constructions-1-200x208.jpg 200w, https:\/\/molenkoning.com\/wp-content\/uploads\/2020\/02\/molenkoning-groundwoks-equestrian-constructions-1-400x417.jpg 400w, https:\/\/molenkoning.com\/wp-content\/uploads\/2020\/02\/molenkoning-groundwoks-equestrian-constructions-1-600x625.jpg 600w, https:\/\/molenkoning.com\/wp-content\/uploads\/2020\/02\/molenkoning-groundwoks-equestrian-constructions-1-800x833.jpg 800w, https:\/\/molenkoning.com\/wp-content\/uploads\/2020\/02\/molenkoning-groundwoks-equestrian-constructions-1.jpg 936w\" sizes=\"(max-width: 800px) 100vw, 600px\" \/><\/span><\/div><div class=\"fusion-image-element fusion-no-medium-visibility fusion-no-large-visibility in-legacy-container\" style=\"--awb-caption-title-font-family:var(--h2_typography-font-family);--awb-caption-title-font-weight:var(--h2_typography-font-weight);--awb-caption-title-font-style:var(--h2_typography-font-style);--awb-caption-title-size:var(--h2_typography-font-size);--awb-caption-title-transform:var(--h2_typography-text-transform);--awb-caption-title-line-height:var(--h2_typography-line-height);--awb-caption-title-letter-spacing:var(--h2_typography-letter-spacing);\"><span class=\" fusion-imageframe imageframe-none imageframe-2 hover-type-none\"><img decoding=\"async\" width=\"936\" height=\"975\" alt=\"3d drawing of prefab foundation\" title=\"3d drawing of prefab foundation\" src=\"https:\/\/molenkoning.com\/wp-content\/uploads\/2020\/02\/molenkoning-groundwoks-equestrian-constructions-1mbl.jpg\" class=\"img-responsive wp-image-17054\" srcset=\"https:\/\/molenkoning.com\/wp-content\/uploads\/2020\/02\/molenkoning-groundwoks-equestrian-constructions-1mbl-200x208.jpg 200w, https:\/\/molenkoning.com\/wp-content\/uploads\/2020\/02\/molenkoning-groundwoks-equestrian-constructions-1mbl-400x417.jpg 400w, https:\/\/molenkoning.com\/wp-content\/uploads\/2020\/02\/molenkoning-groundwoks-equestrian-constructions-1mbl-600x625.jpg 600w, https:\/\/molenkoning.com\/wp-content\/uploads\/2020\/02\/molenkoning-groundwoks-equestrian-constructions-1mbl-800x833.jpg 800w, https:\/\/molenkoning.com\/wp-content\/uploads\/2020\/02\/molenkoning-groundwoks-equestrian-constructions-1mbl.jpg 936w\" sizes=\"(max-width: 800px) 100vw, 936px\" \/><\/span><\/div><div class=\"fusion-text fusion-text-2 tchinfotxt prefab\"><ul>\n<li>Fundament f\u00f6r tak<\/li>\n<li>Radiella kantstenar \u00e4r viktigt st\u00f6d f\u00f6r Runda staket<\/li>\n<li>Stelcon-platta f\u00f6r skrittmaskin<\/li>\n<\/ul>\n<\/div><div class=\"fusion-clearfix\"><\/div><\/div><\/div><\/div><div class=\"fusion-clearfix\"><\/div><\/div><\/div><div class=\"fusion-layout-column fusion_builder_column fusion-builder-column-3 fusion_builder_column_1_2 1_2 fusion-one-half fusion-column-last\" style=\"--awb-padding-top:20px;--awb-padding-right:20px;--awb-padding-bottom:20px;--awb-padding-left:20px;--awb-bg-color:#484848;--awb-bg-color-hover:#484848;--awb-bg-size:cover;width:50%;width:calc(50% - ( ( 4% ) * 0.5 ) );\"><div class=\"fusion-column-wrapper fusion-column-has-shadow fusion-flex-column-wrapper-legacy\"><div class=\"fusion-title title fusion-title-4 fusion-sep-none fusion-title-text fusion-title-size-two\" style=\"--awb-text-color:#ffffff;--awb-margin-bottom:10px;\"><h2 class=\"fusion-title-heading title-heading-left\" style=\"margin:0;\">VILL DU HA EN BROSCHYR<\/h2><\/div><div class=\"fusion-text fusion-text-3\"><p><script charset=\"utf-8\" type=\"text\/javascript\" src=\"\/\/js.hsforms.net\/forms\/embed\/v2.js\"><\/script><br \/>\n<script>\n  hbspt.forms.create({\n    region: \"na1\",\n    portalId: \"7963348\",\n    formId: \"69753161-2440-4ced-958a-550c68f97167\"\n  });\n<\/script><\/p>\n<\/div><div class=\"fusion-clearfix\"><\/div><\/div><\/div><\/div><\/div><\/p>\n","protected":false},"excerpt":{"rendered":"","protected":false},"author":1,"featured_media":0,"parent":11710,"menu_order":0,"comment_status":"closed","ping_status":"closed","template":"","meta":{"_acf_changed":false,"content-type":"","footnotes":""},"class_list":["post-15666","page","type-page","status-publish","hentry"],"acf":[],"_links":{"self":[{"href":"https:\/\/molenkoning.com\/sv\/wp-json\/wp\/v2\/pages\/15666","targetHints":{"allow":["GET"]}}],"collection":[{"href":"https:\/\/molenkoning.com\/sv\/wp-json\/wp\/v2\/pages"}],"about":[{"href":"https:\/\/molenkoning.com\/sv\/wp-json\/wp\/v2\/types\/page"}],"author":[{"embeddable":true,"href":"https:\/\/molenkoning.com\/sv\/wp-json\/wp\/v2\/users\/1"}],"replies":[{"embeddable":true,"href":"https:\/\/molenkoning.com\/sv\/wp-json\/wp\/v2\/comments?post=15666"}],"version-history":[{"count":16,"href":"https:\/\/molenkoning.com\/sv\/wp-json\/wp\/v2\/pages\/15666\/revisions"}],"predecessor-version":[{"id":185796,"href":"https:\/\/molenkoning.com\/sv\/wp-json\/wp\/v2\/pages\/15666\/revisions\/185796"}],"up":[{"embeddable":true,"href":"https:\/\/molenkoning.com\/sv\/wp-json\/wp\/v2\/pages\/11710"}],"wp:attachment":[{"href":"https:\/\/molenkoning.com\/sv\/wp-json\/wp\/v2\/media?parent=15666"}],"curies":[{"name":"wp","href":"https:\/\/api.w.org\/{rel}","templated":true}]}}