{"id":15629,"date":"2020-02-04T08:03:24","date_gmt":"2020-02-04T08:03:24","guid":{"rendered":"https:\/\/molenkoning.com\/produkter\/equitrack-paviment-for-horse-walker\/"},"modified":"2023-06-30T10:56:43","modified_gmt":"2023-06-30T10:56:43","slug":"equitrack-golv-for-skrittmaskin","status":"publish","type":"page","link":"https:\/\/molenkoning.com\/sv\/produkter\/equitrack-golv-for-skrittmaskin\/","title":{"rendered":"Equitrack &#8211; Markunderlag f\u00f6r skrittmaskiner."},"content":{"rendered":"<p><div class=\"fusion-fullwidth fullwidth-box fusion-builder-row-1 fusion-flex-container nonhundred-percent-fullwidth non-hundred-percent-height-scrolling\" style=\"--awb-border-radius-top-left:0px;--awb-border-radius-top-right:0px;--awb-border-radius-bottom-right:0px;--awb-border-radius-bottom-left:0px;--awb-flex-wrap:wrap;\" ><div class=\"fusion-builder-row fusion-row fusion-flex-align-items-flex-start fusion-flex-content-wrap\" style=\"max-width:1144px;margin-left: calc(-4% \/ 2 );margin-right: calc(-4% \/ 2 );\"><div class=\"fusion-layout-column fusion_builder_column fusion-builder-column-0 fusion_builder_column_1_1 1_1 fusion-flex-column\" style=\"--awb-bg-size:cover;--awb-width-large:100%;--awb-margin-top-large:0px;--awb-spacing-right-large:1.92%;--awb-margin-bottom-large:20px;--awb-spacing-left-large:1.92%;--awb-width-medium:100%;--awb-spacing-right-medium:1.92%;--awb-spacing-left-medium:1.92%;--awb-width-small:100%;--awb-spacing-right-small:1.92%;--awb-spacing-left-small:1.92%;\"><div class=\"fusion-column-wrapper fusion-column-has-shadow fusion-flex-justify-content-flex-start fusion-content-layout-column\"><div class=\"fusion-title title fusion-title-1 fusion-sep-none fusion-title-text fusion-title-size-one\" style=\"--awb-text-color:#333333;\"><h1 class=\"fusion-title-heading title-heading-left\" style=\"margin:0;\">Equitrack &#8211; Markunderlag f\u00f6r skrittmaskiner.<\/h1><\/div><div class=\"fusion-text fusion-text-1\"><p>Equitrack \u00e4r en idealisk ytbel\u00e4ggning f\u00f6r din paddock eller <a href=\"https:\/\/molenkoning.com\/sv\/produkter\/skrittmaskin\/\">h\u00e4stg\u00e5ngmaskin<\/a>. Asfaltering \u00e4r inte n\u00f6dv\u00e4ndigt. Med Equitrack blir ytan mindre hal tack vare det extra greppet, vilket bidrar till h\u00e4starnas s\u00e4kerhet under anv\u00e4ndning. Equitrack undviker sl\u00f6seri med sand, samtidigt som dess struktur underl\u00e4ttar dr\u00e4neringen. Equitrack levereras i form av plattor. Dimensionerna p\u00e5 dessa plattor \u00e4r 50 x 50 cm, tillverkade av plast och l\u00e4mpliga f\u00f6r stora punktbelastningar. Plattorna \u00e4r sammankopplade med varandra genom ett pusselsystem som tillsammans bildar den b\u00e4sta ytbel\u00e4ggningen f\u00f6r din paddock eller h\u00e4stg\u00e5ngmaskin.<\/p>\n<\/div><\/div><\/div><\/div><\/div><div class=\"fusion-fullwidth fullwidth-box fusion-builder-row-2 fusion-flex-container has-pattern-background has-mask-background sliderouternew nonhundred-percent-fullwidth non-hundred-percent-height-scrolling\" style=\"--awb-border-radius-top-left:0px;--awb-border-radius-top-right:0px;--awb-border-radius-bottom-right:0px;--awb-border-radius-bottom-left:0px;--awb-padding-top:20px;--awb-flex-wrap:wrap;\" ><div class=\"fusion-builder-row fusion-row fusion-flex-align-items-flex-start fusion-flex-content-wrap\" style=\"max-width:1144px;margin-left: calc(-4% \/ 2 );margin-right: calc(-4% \/ 2 );\"><div class=\"fusion-layout-column fusion_builder_column fusion-builder-column-1 fusion_builder_column_1_1 1_1 fusion-flex-column\" style=\"--awb-bg-size:cover;--awb-width-large:100%;--awb-margin-top-large:0px;--awb-spacing-right-large:1.92%;--awb-margin-bottom-large:20px;--awb-spacing-left-large:1.92%;--awb-width-medium:100%;--awb-spacing-right-medium:1.92%;--awb-spacing-left-medium:1.92%;--awb-width-small:100%;--awb-spacing-right-small:1.92%;--awb-spacing-left-small:1.92%;\"><div class=\"fusion-column-wrapper fusion-column-has-shadow fusion-flex-justify-content-flex-start fusion-content-layout-column\"><div class=\"fusion-title title fusion-title-2 fusion-title-center fusion-title-text fusion-title-size-two\"><div class=\"title-sep-container title-sep-container-left\"><div class=\"title-sep sep-double sep-solid\" style=\"border-color:#e0dede;\"><\/div><\/div><span class=\"awb-title-spacer\"><\/span><h2 class=\"fusion-title-heading title-heading-center\" style=\"margin:0;\">Photos<\/h2><span class=\"awb-title-spacer\"><\/span><div class=\"title-sep-container title-sep-container-right\"><div class=\"title-sep sep-double sep-solid\" style=\"border-color:#e0dede;\"><\/div><\/div><\/div><div class=\"fusion-image-carousel fusion-image-carousel-fixed fusion-image-carousel-1 lightbox-enabled\"><div class=\"awb-carousel awb-swiper awb-swiper-carousel\" data-autoplay=\"no\" data-columns=\"3\" data-itemmargin=\"1\" data-itemwidth=\"180\" data-touchscroll=\"no\" data-imagesize=\"fixed\" style=\"--awb-columns:3;--awb-column-spacing:1px;\"><div class=\"swiper-wrapper awb-image-carousel-wrapper fusion-flex-align-items-center\"><div class=\"swiper-slide\"><div class=\"fusion-carousel-item-wrapper\"><div class=\"fusion-image-wrapper hover-type-none\"><a data-rel=\"iLightbox[image_carousel_1]\" data-caption=\"SAMSUNG CAMERA PICTURES\" data-title=\"SAMSUNG CAMERA PICTURES\" aria-label=\"SAMSUNG CAMERA PICTURES\" href=\"https:\/\/molenkoning.com\/wp-content\/uploads\/2022\/02\/Equitrack-MK-1.jpg\" target=\"_self\"><img decoding=\"async\" width=\"460\" height=\"295\" src=\"https:\/\/molenkoning.com\/wp-content\/uploads\/2022\/02\/Equitrack-MK-1-460x295.jpg\" class=\"attachment-portfolio-two size-portfolio-two\" alt=\"\" \/><\/a><\/div><\/div><\/div><div class=\"swiper-slide\"><div class=\"fusion-carousel-item-wrapper\"><div class=\"fusion-image-wrapper hover-type-none\"><a data-rel=\"iLightbox[image_carousel_1]\" data-caption=\"SAMSUNG CAMERA PICTURES\" data-title=\"SAMSUNG CAMERA PICTURES\" aria-label=\"SAMSUNG CAMERA PICTURES\" href=\"https:\/\/molenkoning.com\/wp-content\/uploads\/2022\/11\/Equitrack-MK-2.jpg\" target=\"_self\"><img decoding=\"async\" width=\"460\" height=\"295\" src=\"https:\/\/molenkoning.com\/wp-content\/uploads\/2022\/11\/Equitrack-MK-2-460x295.jpg\" class=\"attachment-portfolio-two size-portfolio-two\" alt=\"\" \/><\/a><\/div><\/div><\/div><div class=\"swiper-slide\"><div class=\"fusion-carousel-item-wrapper\"><div class=\"fusion-image-wrapper hover-type-none\"><a data-rel=\"iLightbox[image_carousel_1]\" data-caption=\"SAMSUNG CAMERA PICTURES\" data-title=\"SAMSUNG CAMERA PICTURES\" aria-label=\"SAMSUNG CAMERA PICTURES\" href=\"https:\/\/molenkoning.com\/wp-content\/uploads\/2022\/02\/Equitrack-MK-3.jpg\" target=\"_self\"><img decoding=\"async\" width=\"460\" height=\"295\" src=\"https:\/\/molenkoning.com\/wp-content\/uploads\/2022\/02\/Equitrack-MK-3-460x295.jpg\" class=\"attachment-portfolio-two size-portfolio-two\" alt=\"\" \/><\/a><\/div><\/div><\/div><div class=\"swiper-slide\"><div class=\"fusion-carousel-item-wrapper\"><div class=\"fusion-image-wrapper hover-type-none\"><a data-rel=\"iLightbox[image_carousel_1]\" data-title=\"Equitrack MK (4)\" aria-label=\"Equitrack MK (4)\" href=\"https:\/\/molenkoning.com\/wp-content\/uploads\/2022\/02\/Equitrack-MK-4.jpg\" target=\"_self\"><img decoding=\"async\" width=\"460\" height=\"295\" src=\"https:\/\/molenkoning.com\/wp-content\/uploads\/2022\/02\/Equitrack-MK-4-460x295.jpg\" class=\"attachment-portfolio-two size-portfolio-two\" alt=\"\" \/><\/a><\/div><\/div><\/div><div class=\"swiper-slide\"><div class=\"fusion-carousel-item-wrapper\"><div class=\"fusion-image-wrapper hover-type-none\"><a data-rel=\"iLightbox[image_carousel_1]\" data-title=\"Equitrack-MK-5\" aria-label=\"Equitrack-MK-5\" href=\"https:\/\/molenkoning.com\/wp-content\/uploads\/2022\/11\/Equitrack-MK-5.jpg\" target=\"_self\"><img decoding=\"async\" width=\"460\" height=\"295\" src=\"https:\/\/molenkoning.com\/wp-content\/uploads\/2022\/11\/Equitrack-MK-5-460x295.jpg\" class=\"attachment-portfolio-two size-portfolio-two\" alt=\"\" \/><\/a><\/div><\/div><\/div><div class=\"swiper-slide\"><div class=\"fusion-carousel-item-wrapper\"><div class=\"fusion-image-wrapper hover-type-none\"><a data-rel=\"iLightbox[image_carousel_1]\" data-title=\"Equitrack-MK-6-scaled\" aria-label=\"Equitrack-MK-6-scaled\" href=\"https:\/\/molenkoning.com\/wp-content\/uploads\/2022\/11\/Equitrack-MK-6-scaled-1.jpg\" target=\"_self\"><img decoding=\"async\" width=\"460\" height=\"295\" src=\"https:\/\/molenkoning.com\/wp-content\/uploads\/2022\/11\/Equitrack-MK-6-scaled-1-460x295.jpg\" class=\"attachment-portfolio-two size-portfolio-two\" alt=\"\" \/><\/a><\/div><\/div><\/div><div class=\"swiper-slide\"><div class=\"fusion-carousel-item-wrapper\"><div class=\"fusion-image-wrapper hover-type-none\"><a data-rel=\"iLightbox[image_carousel_1]\" data-title=\"Equitrack-MK-7-scaled\" aria-label=\"Equitrack-MK-7-scaled\" href=\"https:\/\/molenkoning.com\/wp-content\/uploads\/2022\/11\/Equitrack-MK-7-scaled-1.jpg\" target=\"_self\"><img decoding=\"async\" width=\"460\" height=\"295\" src=\"https:\/\/molenkoning.com\/wp-content\/uploads\/2022\/11\/Equitrack-MK-7-scaled-1-460x295.jpg\" class=\"attachment-portfolio-two size-portfolio-two\" alt=\"\" \/><\/a><\/div><\/div><\/div><div class=\"swiper-slide\"><div class=\"fusion-carousel-item-wrapper\"><div class=\"fusion-image-wrapper hover-type-none\"><a data-rel=\"iLightbox[image_carousel_1]\" data-title=\"Equitrack-MK-8-scaled\" aria-label=\"Equitrack-MK-8-scaled\" href=\"https:\/\/molenkoning.com\/wp-content\/uploads\/2022\/11\/Equitrack-MK-8-scaled-1.jpg\" target=\"_self\"><img decoding=\"async\" width=\"460\" height=\"295\" src=\"https:\/\/molenkoning.com\/wp-content\/uploads\/2022\/11\/Equitrack-MK-8-scaled-1-460x295.jpg\" class=\"attachment-portfolio-two size-portfolio-two\" alt=\"\" \/><\/a><\/div><\/div><\/div><div class=\"swiper-slide\"><div class=\"fusion-carousel-item-wrapper\"><div class=\"fusion-image-wrapper hover-type-none\"><a data-rel=\"iLightbox[image_carousel_1]\" data-title=\"Equitrack-MK-9\" aria-label=\"Equitrack-MK-9\" href=\"https:\/\/molenkoning.com\/wp-content\/uploads\/2022\/11\/Equitrack-MK-9.jpg\" target=\"_self\"><img decoding=\"async\" width=\"460\" height=\"295\" src=\"https:\/\/molenkoning.com\/wp-content\/uploads\/2022\/11\/Equitrack-MK-9-460x295.jpg\" class=\"attachment-portfolio-two size-portfolio-two\" alt=\"\" \/><\/a><\/div><\/div><\/div><div class=\"swiper-slide\"><div class=\"fusion-carousel-item-wrapper\"><div class=\"fusion-image-wrapper hover-type-none\"><a data-rel=\"iLightbox[image_carousel_1]\" data-title=\"Equitrack-MK-10-scaled\" aria-label=\"Equitrack-MK-10-scaled\" href=\"https:\/\/molenkoning.com\/wp-content\/uploads\/2022\/11\/Equitrack-MK-10-scaled-1.jpg\" target=\"_self\"><img decoding=\"async\" width=\"460\" height=\"295\" src=\"https:\/\/molenkoning.com\/wp-content\/uploads\/2022\/11\/Equitrack-MK-10-scaled-1-460x295.jpg\" class=\"attachment-portfolio-two size-portfolio-two\" alt=\"\" \/><\/a><\/div><\/div><\/div><div class=\"swiper-slide\"><div class=\"fusion-carousel-item-wrapper\"><div class=\"fusion-image-wrapper hover-type-none\"><a data-rel=\"iLightbox[image_carousel_1]\" data-title=\"Equitrack-MK-11-scaled\" aria-label=\"Equitrack-MK-11-scaled\" href=\"https:\/\/molenkoning.com\/wp-content\/uploads\/2022\/11\/Equitrack-MK-11-scaled-1.jpg\" target=\"_self\"><img decoding=\"async\" width=\"460\" height=\"295\" src=\"https:\/\/molenkoning.com\/wp-content\/uploads\/2022\/11\/Equitrack-MK-11-scaled-1-460x295.jpg\" class=\"attachment-portfolio-two size-portfolio-two\" alt=\"\" \/><\/a><\/div><\/div><\/div><div class=\"swiper-slide\"><div class=\"fusion-carousel-item-wrapper\"><div class=\"fusion-image-wrapper hover-type-none\"><a data-rel=\"iLightbox[image_carousel_1]\" data-title=\"Equitrack-MK-12-scaled\" aria-label=\"Equitrack-MK-12-scaled\" href=\"https:\/\/molenkoning.com\/wp-content\/uploads\/2022\/11\/Equitrack-MK-12-scaled-1.jpg\" target=\"_self\"><img decoding=\"async\" width=\"460\" height=\"295\" src=\"https:\/\/molenkoning.com\/wp-content\/uploads\/2022\/11\/Equitrack-MK-12-scaled-1-460x295.jpg\" class=\"attachment-portfolio-two size-portfolio-two\" alt=\"\" \/><\/a><\/div><\/div><\/div><div class=\"swiper-slide\"><div class=\"fusion-carousel-item-wrapper\"><div class=\"fusion-image-wrapper hover-type-none\"><a data-rel=\"iLightbox[image_carousel_1]\" data-caption=\"SAMSUNG CAMERA PICTURES\" data-title=\"SAMSUNG CAMERA PICTURES\" aria-label=\"SAMSUNG CAMERA PICTURES\" href=\"https:\/\/molenkoning.com\/wp-content\/uploads\/2022\/02\/Equitrack-MK-13-1-scaled.jpg\" target=\"_self\"><img decoding=\"async\" width=\"460\" height=\"295\" src=\"https:\/\/molenkoning.com\/wp-content\/uploads\/2022\/02\/Equitrack-MK-13-1-460x295.jpg\" class=\"attachment-portfolio-two size-portfolio-two\" alt=\"\" \/><\/a><\/div><\/div><\/div><div class=\"swiper-slide\"><div class=\"fusion-carousel-item-wrapper\"><div class=\"fusion-image-wrapper hover-type-none\"><a data-rel=\"iLightbox[image_carousel_1]\" data-caption=\"SAMSUNG CAMERA PICTURES\" data-title=\"SAMSUNG CAMERA PICTURES\" aria-label=\"SAMSUNG CAMERA PICTURES\" href=\"https:\/\/molenkoning.com\/wp-content\/uploads\/2022\/02\/Equitrack-MK-14-1-scaled.jpg\" target=\"_self\"><img decoding=\"async\" width=\"460\" height=\"295\" src=\"https:\/\/molenkoning.com\/wp-content\/uploads\/2022\/02\/Equitrack-MK-14-1-460x295.jpg\" class=\"attachment-portfolio-two size-portfolio-two\" alt=\"\" \/><\/a><\/div><\/div><\/div><div class=\"swiper-slide\"><div class=\"fusion-carousel-item-wrapper\"><div class=\"fusion-image-wrapper hover-type-none\"><a data-rel=\"iLightbox[image_carousel_1]\" data-caption=\"SAMSUNG CAMERA PICTURES\" data-title=\"SAMSUNG CAMERA PICTURES\" aria-label=\"SAMSUNG CAMERA PICTURES\" href=\"https:\/\/molenkoning.com\/wp-content\/uploads\/2022\/02\/Equitrack-MK-15-1-scaled.jpg\" target=\"_self\"><img decoding=\"async\" width=\"460\" height=\"295\" src=\"https:\/\/molenkoning.com\/wp-content\/uploads\/2022\/02\/Equitrack-MK-15-1-460x295.jpg\" class=\"attachment-portfolio-two size-portfolio-two\" alt=\"\" \/><\/a><\/div><\/div><\/div><div class=\"swiper-slide\"><div class=\"fusion-carousel-item-wrapper\"><div class=\"fusion-image-wrapper hover-type-none\"><a data-rel=\"iLightbox[image_carousel_1]\" data-caption=\"SAMSUNG CAMERA PICTURES\" data-title=\"SAMSUNG CAMERA PICTURES\" aria-label=\"SAMSUNG CAMERA PICTURES\" href=\"https:\/\/molenkoning.com\/wp-content\/uploads\/2022\/02\/Equitrack-MK-16-1-scaled.jpg\" target=\"_self\"><img decoding=\"async\" width=\"460\" height=\"295\" src=\"https:\/\/molenkoning.com\/wp-content\/uploads\/2022\/02\/Equitrack-MK-16-1-460x295.jpg\" class=\"attachment-portfolio-two size-portfolio-two\" alt=\"\" \/><\/a><\/div><\/div><\/div><div class=\"swiper-slide\"><div class=\"fusion-carousel-item-wrapper\"><div class=\"fusion-image-wrapper hover-type-none\"><a data-rel=\"iLightbox[image_carousel_1]\" data-caption=\"SAMSUNG CAMERA PICTURES\" data-title=\"SAMSUNG CAMERA PICTURES\" aria-label=\"SAMSUNG CAMERA PICTURES\" href=\"https:\/\/molenkoning.com\/wp-content\/uploads\/2022\/02\/Equitrack-MK-17-1-scaled.jpg\" target=\"_self\"><img decoding=\"async\" width=\"460\" height=\"295\" src=\"https:\/\/molenkoning.com\/wp-content\/uploads\/2022\/02\/Equitrack-MK-17-1-460x295.jpg\" class=\"attachment-portfolio-two size-portfolio-two\" alt=\"\" \/><\/a><\/div><\/div><\/div><div class=\"swiper-slide\"><div class=\"fusion-carousel-item-wrapper\"><div class=\"fusion-image-wrapper hover-type-none\"><a data-rel=\"iLightbox[image_carousel_1]\" data-title=\"Equitrack MK (18)\" aria-label=\"Equitrack MK (18)\" href=\"https:\/\/molenkoning.com\/wp-content\/uploads\/2022\/02\/Equitrack-MK-18.jpg\" target=\"_self\"><img decoding=\"async\" width=\"460\" height=\"295\" src=\"https:\/\/molenkoning.com\/wp-content\/uploads\/2022\/02\/Equitrack-MK-18-460x295.jpg\" class=\"attachment-portfolio-two size-portfolio-two\" alt=\"\" \/><\/a><\/div><\/div><\/div><div class=\"swiper-slide\"><div class=\"fusion-carousel-item-wrapper\"><div class=\"fusion-image-wrapper hover-type-none\"><a data-rel=\"iLightbox[image_carousel_1]\" data-title=\"Equitrack MK (19)\" aria-label=\"Equitrack MK (19)\" href=\"https:\/\/molenkoning.com\/wp-content\/uploads\/2022\/02\/Equitrack-MK-19.jpg\" target=\"_self\"><img decoding=\"async\" width=\"460\" height=\"295\" src=\"https:\/\/molenkoning.com\/wp-content\/uploads\/2022\/02\/Equitrack-MK-19-460x295.jpg\" class=\"attachment-portfolio-two size-portfolio-two\" alt=\"\" \/><\/a><\/div><\/div><\/div><div class=\"swiper-slide\"><div class=\"fusion-carousel-item-wrapper\"><div class=\"fusion-image-wrapper hover-type-none\"><a data-rel=\"iLightbox[image_carousel_1]\" data-title=\"Equitrack MK (20)\" aria-label=\"Equitrack MK (20)\" href=\"https:\/\/molenkoning.com\/wp-content\/uploads\/2022\/02\/Equitrack-MK-20.jpg\" target=\"_self\"><img decoding=\"async\" width=\"460\" height=\"295\" src=\"https:\/\/molenkoning.com\/wp-content\/uploads\/2022\/02\/Equitrack-MK-20-460x295.jpg\" class=\"attachment-portfolio-two size-portfolio-two\" alt=\"\" \/><\/a><\/div><\/div><\/div><div class=\"swiper-slide\"><div class=\"fusion-carousel-item-wrapper\"><div class=\"fusion-image-wrapper hover-type-none\"><a data-rel=\"iLightbox[image_carousel_1]\" data-caption=\"SAMSUNG CAMERA PICTURES\" data-title=\"SAMSUNG CAMERA PICTURES\" aria-label=\"SAMSUNG CAMERA PICTURES\" href=\"https:\/\/molenkoning.com\/wp-content\/uploads\/2022\/02\/Equitrack-MK-22.jpg\" target=\"_self\"><img decoding=\"async\" width=\"460\" height=\"295\" src=\"https:\/\/molenkoning.com\/wp-content\/uploads\/2022\/02\/Equitrack-MK-22-460x295.jpg\" class=\"attachment-portfolio-two size-portfolio-two\" alt=\"\" \/><\/a><\/div><\/div><\/div><\/div><div class=\"awb-swiper-button awb-swiper-button-prev\"><i class=\"awb-icon-angle-left\" aria-hidden=\"true\"><\/i><\/div><div class=\"awb-swiper-button awb-swiper-button-next\"><i class=\"awb-icon-angle-right\" aria-hidden=\"true\"><\/i><\/div><\/div><\/div><\/div><\/div><\/div><\/div><div class=\"fusion-fullwidth fullwidth-box fusion-builder-row-3 fusion-flex-container nonhundred-percent-fullwidth non-hundred-percent-height-scrolling\" style=\"--awb-border-radius-top-left:0px;--awb-border-radius-top-right:0px;--awb-border-radius-bottom-right:0px;--awb-border-radius-bottom-left:0px;--awb-flex-wrap:wrap;\" ><div class=\"fusion-builder-row fusion-row fusion-flex-align-items-flex-start fusion-flex-content-wrap\" style=\"max-width:1144px;margin-left: calc(-4% \/ 2 );margin-right: calc(-4% \/ 2 );\"><div class=\"fusion-layout-column fusion_builder_column fusion-builder-column-2 fusion_builder_column_1_2 1_2 fusion-flex-column\" style=\"--awb-bg-size:cover;--awb-width-large:50%;--awb-margin-top-large:0px;--awb-spacing-right-large:3.84%;--awb-margin-bottom-large:20px;--awb-spacing-left-large:3.84%;--awb-width-medium:100%;--awb-spacing-right-medium:1.92%;--awb-spacing-left-medium:1.92%;--awb-width-small:100%;--awb-spacing-right-small:1.92%;--awb-spacing-left-small:1.92%;\"><div class=\"fusion-column-wrapper fusion-column-has-shadow fusion-flex-justify-content-flex-start fusion-content-layout-column\"><div class=\"fusion-builder-row fusion-builder-row-inner fusion-row fusion-flex-align-items-flex-start fusion-flex-content-wrap\" style=\"width:104% !important;max-width:104% !important;margin-left: calc(-4% \/ 2 );margin-right: calc(-4% \/ 2 );\"><div class=\"fusion-layout-column fusion_builder_column_inner fusion-builder-nested-column-0 fusion_builder_column_inner_1_1 1_1 fusion-flex-column equitrack\" style=\"--awb-bg-size:cover;--awb-width-large:100%;--awb-margin-top-large:0px;--awb-spacing-right-large:1.92%;--awb-margin-bottom-large:20px;--awb-spacing-left-large:1.92%;--awb-width-medium:100%;--awb-order-medium:0;--awb-spacing-right-medium:1.92%;--awb-spacing-left-medium:1.92%;--awb-width-small:100%;--awb-order-small:0;--awb-spacing-right-small:1.92%;--awb-spacing-left-small:1.92%;\"><div class=\"fusion-column-wrapper fusion-column-has-shadow fusion-flex-justify-content-flex-start fusion-content-layout-column\"><div class=\"fusion-title title fusion-title-3 fusion-title-center fusion-title-text fusion-title-size-two\"><div class=\"title-sep-container title-sep-container-left\"><div class=\"title-sep sep-double sep-solid\" style=\"border-color:#e0dede;\"><\/div><\/div><span class=\"awb-title-spacer\"><\/span><h2 class=\"fusion-title-heading title-heading-center\" style=\"margin:0;\">Teknisk information<\/h2><span class=\"awb-title-spacer\"><\/span><div class=\"title-sep-container title-sep-container-right\"><div class=\"title-sep sep-double sep-solid\" style=\"border-color:#e0dede;\"><\/div><\/div><\/div><div class=\"fusion-image-element fusion-no-small-visibility\" style=\"--awb-caption-title-font-family:var(--h2_typography-font-family);--awb-caption-title-font-weight:var(--h2_typography-font-weight);--awb-caption-title-font-style:var(--h2_typography-font-style);--awb-caption-title-size:var(--h2_typography-font-size);--awb-caption-title-transform:var(--h2_typography-text-transform);--awb-caption-title-line-height:var(--h2_typography-line-height);--awb-caption-title-letter-spacing:var(--h2_typography-letter-spacing);\"><span class=\" fusion-imageframe imageframe-none imageframe-1 hover-type-none\"><img decoding=\"async\" width=\"600\" height=\"625\" alt=\"technical information about equitrack\" title=\"equitrack-surface-horses\" src=\"https:\/\/molenkoning.com\/wp-content\/uploads\/2020\/02\/equitrack-surface-horses-600x625.jpg\" class=\"img-responsive wp-image-10827\" srcset=\"https:\/\/molenkoning.com\/wp-content\/uploads\/2020\/02\/equitrack-surface-horses-200x208.jpg 200w, https:\/\/molenkoning.com\/wp-content\/uploads\/2020\/02\/equitrack-surface-horses-400x417.jpg 400w, https:\/\/molenkoning.com\/wp-content\/uploads\/2020\/02\/equitrack-surface-horses-600x625.jpg 600w, https:\/\/molenkoning.com\/wp-content\/uploads\/2020\/02\/equitrack-surface-horses-800x833.jpg 800w, https:\/\/molenkoning.com\/wp-content\/uploads\/2020\/02\/equitrack-surface-horses.jpg 936w\" sizes=\"(max-width: 1024px) 100vw, (max-width: 640px) 100vw, 600px\" \/><\/span><\/div><div class=\"fusion-text fusion-text-2 tchinfotxt\"><ul>\n<li>Antal: per kvadratmeter<\/li>\n<li>Antal plattor per kvadratmeter: fyra plattor<\/li>\n<li>Dimensioner: 500 x 500 x 40<\/li>\n<li>Punktbelastning: &gt; 250 ton\/m2<\/li>\n<li>Material: PP PE HDPE (polyeten) svart plast<\/li>\n<\/ul>\n<\/div><div class=\"fusion-image-element fusion-no-medium-visibility fusion-no-large-visibility\" style=\"--awb-caption-title-font-family:var(--h2_typography-font-family);--awb-caption-title-font-weight:var(--h2_typography-font-weight);--awb-caption-title-font-style:var(--h2_typography-font-style);--awb-caption-title-size:var(--h2_typography-font-size);--awb-caption-title-transform:var(--h2_typography-text-transform);--awb-caption-title-line-height:var(--h2_typography-line-height);--awb-caption-title-letter-spacing:var(--h2_typography-letter-spacing);\"><span class=\" fusion-imageframe imageframe-none imageframe-2 hover-type-none\"><img decoding=\"async\" width=\"936\" height=\"975\" alt=\"Equitrack\uff1aTechnical Information\" title=\"technical information about equitrack\" src=\"https:\/\/molenkoning.com\/wp-content\/uploads\/2020\/02\/equitrack-surface-horsesmbl.jpg\" class=\"img-responsive wp-image-17015\" srcset=\"https:\/\/molenkoning.com\/wp-content\/uploads\/2020\/02\/equitrack-surface-horsesmbl-200x208.jpg 200w, https:\/\/molenkoning.com\/wp-content\/uploads\/2020\/02\/equitrack-surface-horsesmbl-400x417.jpg 400w, https:\/\/molenkoning.com\/wp-content\/uploads\/2020\/02\/equitrack-surface-horsesmbl-600x625.jpg 600w, https:\/\/molenkoning.com\/wp-content\/uploads\/2020\/02\/equitrack-surface-horsesmbl-800x833.jpg 800w, https:\/\/molenkoning.com\/wp-content\/uploads\/2020\/02\/equitrack-surface-horsesmbl.jpg 936w\" sizes=\"(max-width: 1024px) 100vw, (max-width: 640px) 100vw, 936px\" \/><\/span><\/div><\/div><\/div><\/div><\/div><\/div><div class=\"fusion-layout-column fusion_builder_column fusion-builder-column-3 fusion_builder_column_1_2 1_2 fusion-flex-column\" style=\"--awb-padding-top:20px;--awb-padding-right:20px;--awb-padding-bottom:20px;--awb-padding-left:20px;--awb-bg-color:#484848;--awb-bg-color-hover:#484848;--awb-bg-size:cover;--awb-width-large:50%;--awb-margin-top-large:0px;--awb-spacing-right-large:3.84%;--awb-margin-bottom-large:20px;--awb-spacing-left-large:3.84%;--awb-width-medium:100%;--awb-order-medium:0;--awb-spacing-right-medium:1.92%;--awb-spacing-left-medium:1.92%;--awb-width-small:100%;--awb-order-small:0;--awb-spacing-right-small:1.92%;--awb-spacing-left-small:1.92%;\"><div class=\"fusion-column-wrapper fusion-column-has-shadow fusion-flex-justify-content-flex-start fusion-content-layout-column\"><div class=\"fusion-title title fusion-title-4 fusion-sep-none fusion-title-text fusion-title-size-two\" style=\"--awb-text-color:#ffffff;--awb-margin-bottom:10px;\"><h2 class=\"fusion-title-heading title-heading-left\" style=\"margin:0;\">VILL DU HA EN BROSCHYR<\/h2><\/div><div class=\"fusion-text fusion-text-3\"><p><script charset=\"utf-8\" type=\"text\/javascript\" src=\"\/\/js.hsforms.net\/forms\/embed\/v2.js\"><\/script><br \/>\n<script>\n  hbspt.forms.create({\n    region: \"na1\",\n    portalId: \"7963348\",\n    formId: \"69753161-2440-4ced-958a-550c68f97167\"\n  });\n<\/script><\/p>\n<\/div><\/div><\/div><\/div><\/div><\/p>\n","protected":false},"excerpt":{"rendered":"","protected":false},"author":1,"featured_media":0,"parent":11710,"menu_order":0,"comment_status":"closed","ping_status":"closed","template":"","meta":{"_acf_changed":false,"content-type":"","footnotes":""},"class_list":["post-15629","page","type-page","status-publish","hentry"],"acf":[],"_links":{"self":[{"href":"https:\/\/molenkoning.com\/sv\/wp-json\/wp\/v2\/pages\/15629","targetHints":{"allow":["GET"]}}],"collection":[{"href":"https:\/\/molenkoning.com\/sv\/wp-json\/wp\/v2\/pages"}],"about":[{"href":"https:\/\/molenkoning.com\/sv\/wp-json\/wp\/v2\/types\/page"}],"author":[{"embeddable":true,"href":"https:\/\/molenkoning.com\/sv\/wp-json\/wp\/v2\/users\/1"}],"replies":[{"embeddable":true,"href":"https:\/\/molenkoning.com\/sv\/wp-json\/wp\/v2\/comments?post=15629"}],"version-history":[{"count":20,"href":"https:\/\/molenkoning.com\/sv\/wp-json\/wp\/v2\/pages\/15629\/revisions"}],"predecessor-version":[{"id":170416,"href":"https:\/\/molenkoning.com\/sv\/wp-json\/wp\/v2\/pages\/15629\/revisions\/170416"}],"up":[{"embeddable":true,"href":"https:\/\/molenkoning.com\/sv\/wp-json\/wp\/v2\/pages\/11710"}],"wp:attachment":[{"href":"https:\/\/molenkoning.com\/sv\/wp-json\/wp\/v2\/media?parent=15629"}],"curies":[{"name":"wp","href":"https:\/\/api.w.org\/{rel}","templated":true}]}}