{"id":15504,"date":"2020-02-04T07:04:57","date_gmt":"2020-02-04T07:04:57","guid":{"rendered":"https:\/\/molenkoning.com\/produkter\/covered-entrances-for-equestrian-roofs\/"},"modified":"2024-09-19T13:29:50","modified_gmt":"2024-09-19T13:29:50","slug":"tackt-ingang-for-takmodell","status":"publish","type":"page","link":"https:\/\/molenkoning.com\/sv\/produkter\/tackt-ingang-for-takmodell\/","title":{"rendered":"T\u00e4ckta entreer"},"content":{"rendered":"<p><div class=\"fusion-fullwidth fullwidth-box fusion-builder-row-1 fusion-flex-container nonhundred-percent-fullwidth non-hundred-percent-height-scrolling\" style=\"--awb-border-radius-top-left:0px;--awb-border-radius-top-right:0px;--awb-border-radius-bottom-right:0px;--awb-border-radius-bottom-left:0px;--awb-flex-wrap:wrap;\" ><div class=\"fusion-builder-row fusion-row fusion-flex-align-items-flex-start fusion-flex-content-wrap\" style=\"max-width:1144px;margin-left: calc(-4% \/ 2 );margin-right: calc(-4% \/ 2 );\"><div class=\"fusion-layout-column fusion_builder_column fusion-builder-column-0 fusion_builder_column_1_1 1_1 fusion-flex-column\" style=\"--awb-bg-size:cover;--awb-width-large:100%;--awb-margin-top-large:0px;--awb-spacing-right-large:1.92%;--awb-margin-bottom-large:20px;--awb-spacing-left-large:1.92%;--awb-width-medium:100%;--awb-spacing-right-medium:1.92%;--awb-spacing-left-medium:1.92%;--awb-width-small:100%;--awb-spacing-right-small:1.92%;--awb-spacing-left-small:1.92%;\"><div class=\"fusion-column-wrapper fusion-column-has-shadow fusion-flex-justify-content-flex-start fusion-content-layout-column\"><div class=\"fusion-title title fusion-title-1 fusion-sep-none fusion-title-text fusion-title-size-one\" style=\"--awb-text-color:#333333;\"><h1 class=\"fusion-title-heading title-heading-left\" style=\"margin:0;\">T\u00e4ckta entr\u00e9er<\/h1><\/div><div class=\"fusion-text fusion-text-1\"><p>Genom att l\u00e4gga till en t\u00e4ckt entr\u00e9 till din MK skrittmaskin och\/eller longeringstak g\u00f6r du dem inte bara vackrare utan erbjuder ocks\u00e5 olika f\u00f6rdelar.<\/p>\n<p>Till exempel g\u00f6r de det m\u00f6jligt f\u00f6r dig att h\u00e5lla dig torr n\u00e4r du tar med din h\u00e4st till skrittmaskinen i regnet och under tiden du anv\u00e4nder kontrollpanelen.<\/p>\n<p>Du kan ocks\u00e5 bekv\u00e4mt h\u00e4nga t\u00e4cken och grimma p\u00e5 entr\u00e9d\u00f6rren d\u00e4r de h\u00e5ller sig torra och utom r\u00e4ckh\u00e5ll f\u00f6r g\u00e5ende h\u00e4star.<\/p>\n<p>N\u00e4r dina h\u00e4star \u00e4r klara med tr\u00e4ningen (skrittmaskin eller longering) kan du direkt reng\u00f6ra deras hovar under den inh\u00e4gnade entr\u00e9n, vilket \u00e4r bra f\u00f6r att h\u00e5lla sp\u00e5ret rent.<\/p>\n<p>En annan f\u00f6rdel med den inh\u00e4gnade entr\u00e9n \u00e4r att kontrollpanelen \u00e4r skyddad mot alla v\u00e4derf\u00f6rh\u00e5llanden.<\/p>\n<p>Som tidigare n\u00e4mnts kan du l\u00e4gga till en t\u00e4ckt entr\u00e9 till taket p\u00e5 din skrittmaskin eller longeringsvolt, med eller utan staket. Men om du gillar MK:s-staketserie har vi goda nyheter! Eftersom alla MK-staket \u00e4r l\u00e4mpliga att anv\u00e4ndas till en t\u00e4ckt entr\u00e9. Du kan v\u00e4lja mellan: <a href=\"https:\/\/molenkoning.com\/sv\/produkter\/skrittmaskin-komplett-modell-runt-staket\/\">Round staket<\/a>, <a href=\"https:\/\/molenkoning.com\/sv\/produkter\/hast-traning-komplett-modell-trastaket\/\">Sverige-staket<\/a> eller <a href=\"https:\/\/molenkoning.com\/sv\/produkter\/skrittmaskin-med-plastband\/\">MK Safeline staket<\/a>!<\/p>\n<\/div><\/div><\/div><\/div><\/div><div class=\"fusion-fullwidth fullwidth-box fusion-builder-row-2 fusion-flex-container nonhundred-percent-fullwidth non-hundred-percent-height-scrolling\" style=\"--awb-border-radius-top-left:0px;--awb-border-radius-top-right:0px;--awb-border-radius-bottom-right:0px;--awb-border-radius-bottom-left:0px;--awb-padding-top:20px;--awb-flex-wrap:wrap;\" ><div class=\"fusion-builder-row fusion-row fusion-flex-align-items-flex-start fusion-flex-content-wrap\" style=\"max-width:1144px;margin-left: calc(-4% \/ 2 );margin-right: calc(-4% \/ 2 );\"><div class=\"fusion-layout-column fusion_builder_column fusion-builder-column-1 fusion_builder_column_1_1 1_1 fusion-flex-column sliderouternew\" style=\"--awb-bg-size:cover;--awb-width-large:100%;--awb-margin-top-large:0px;--awb-spacing-right-large:1.92%;--awb-margin-bottom-large:20px;--awb-spacing-left-large:1.92%;--awb-width-medium:100%;--awb-order-medium:0;--awb-spacing-right-medium:1.92%;--awb-spacing-left-medium:1.92%;--awb-width-small:100%;--awb-order-small:0;--awb-spacing-right-small:1.92%;--awb-spacing-left-small:1.92%;\"><div class=\"fusion-column-wrapper fusion-column-has-shadow fusion-flex-justify-content-flex-start fusion-content-layout-column\"><div class=\"fusion-title title fusion-title-2 fusion-title-center fusion-title-text fusion-title-size-two\"><div class=\"title-sep-container title-sep-container-left\"><div class=\"title-sep sep-double sep-solid\" style=\"border-color:#e0dede;\"><\/div><\/div><span class=\"awb-title-spacer\"><\/span><h2 class=\"fusion-title-heading title-heading-center\" style=\"margin:0;\">Photos<\/h2><span class=\"awb-title-spacer\"><\/span><div class=\"title-sep-container title-sep-container-right\"><div class=\"title-sep sep-double sep-solid\" style=\"border-color:#e0dede;\"><\/div><\/div><\/div><div class=\"fusion-image-carousel fusion-image-carousel-fixed fusion-image-carousel-1 lightbox-enabled\"><div class=\"awb-carousel awb-swiper awb-swiper-carousel\" data-autoplay=\"no\" data-columns=\"3\" data-itemmargin=\"1\" data-itemwidth=\"180\" data-touchscroll=\"no\" data-imagesize=\"fixed\" style=\"--awb-columns:3;--awb-column-spacing:1px;\"><div class=\"swiper-wrapper awb-image-carousel-wrapper fusion-flex-align-items-center\"><div class=\"swiper-slide\"><div class=\"fusion-carousel-item-wrapper\"><div class=\"fusion-image-wrapper hover-type-none\"><a data-rel=\"iLightbox[image_carousel_1]\" data-caption=\"Red de cortavientos circular Molenkoning\" data-title=\"Covered entrance Molenkoning &#8221;De Lux&#8221;\" aria-label=\"Covered entrance Molenkoning &#8221;De Lux&#8221;\" href=\"https:\/\/molenkoning.com\/wp-content\/uploads\/2020\/02\/cover-entrances-mk-logo-14.jpg\" target=\"_self\"><img decoding=\"async\" width=\"460\" height=\"295\" src=\"https:\/\/molenkoning.com\/wp-content\/uploads\/2020\/02\/cover-entrances-mk-logo-14-460x295.jpg\" class=\"attachment-portfolio-two size-portfolio-two\" alt=\"Covered entrance Molenkoning &quot;De Lux&quot;\" \/><\/a><\/div><\/div><\/div><div class=\"swiper-slide\"><div class=\"fusion-carousel-item-wrapper\"><div class=\"fusion-image-wrapper hover-type-none\"><a data-rel=\"iLightbox[image_carousel_1]\" data-caption=\"Red de cortavientos circular Molenkoning\" data-title=\"Equestrian roofs molenkoning\" aria-label=\"Equestrian roofs molenkoning\" href=\"https:\/\/molenkoning.com\/wp-content\/uploads\/2020\/02\/cover-entrances-mk-logo-12-scaled.jpg\" target=\"_self\"><img decoding=\"async\" width=\"460\" height=\"295\" src=\"https:\/\/molenkoning.com\/wp-content\/uploads\/2020\/02\/cover-entrances-mk-logo-12-460x295.jpg\" class=\"attachment-portfolio-two size-portfolio-two\" alt=\"Equestrian roofs molenkoning\" \/><\/a><\/div><\/div><\/div><div class=\"swiper-slide\"><div class=\"fusion-carousel-item-wrapper\"><div class=\"fusion-image-wrapper hover-type-none\"><a data-rel=\"iLightbox[image_carousel_1]\" data-caption=\"Red de cortavientos circular Molenkoning\" data-title=\"ecuestrian-constructions-ridding-schools-horsewalker\" aria-label=\"ecuestrian-constructions-ridding-schools-horsewalker\" href=\"https:\/\/molenkoning.com\/wp-content\/uploads\/2020\/02\/cover-entrances-mk-logo-4.jpg\" target=\"_self\"><img decoding=\"async\" width=\"460\" height=\"295\" src=\"https:\/\/molenkoning.com\/wp-content\/uploads\/2020\/02\/cover-entrances-mk-logo-4-460x295.jpg\" class=\"attachment-portfolio-two size-portfolio-two\" alt=\"Track roof in the Horse Service Internationa\" \/><\/a><\/div><\/div><\/div><div class=\"swiper-slide\"><div class=\"fusion-carousel-item-wrapper\"><div class=\"fusion-image-wrapper hover-type-none\"><a data-rel=\"iLightbox[image_carousel_1]\" data-caption=\"Red de cortavientos circular Molenkoning\" data-title=\"Equestrian constructions molenkoning\" aria-label=\"Equestrian constructions molenkoning\" href=\"https:\/\/molenkoning.com\/wp-content\/uploads\/2020\/02\/cover-entrances-mk-logo-3.jpg\" target=\"_self\"><img decoding=\"async\" width=\"460\" height=\"295\" src=\"https:\/\/molenkoning.com\/wp-content\/uploads\/2020\/02\/cover-entrances-mk-logo-3-460x295.jpg\" class=\"attachment-portfolio-two size-portfolio-two\" alt=\"Equestrian constructions molenkoning\" \/><\/a><\/div><\/div><\/div><div class=\"swiper-slide\"><div class=\"fusion-carousel-item-wrapper\"><div class=\"fusion-image-wrapper hover-type-none\"><a data-rel=\"iLightbox[image_carousel_1]\" data-caption=\"Red de cortavientos circular Molenkoning\" data-title=\"Ridding hall Gut Scheuerhof\" aria-label=\"Ridding hall Gut Scheuerhof\" href=\"https:\/\/molenkoning.com\/wp-content\/uploads\/2020\/02\/cover-entrances-mk-logo-5.jpg\" target=\"_self\"><img decoding=\"async\" width=\"460\" height=\"295\" src=\"https:\/\/molenkoning.com\/wp-content\/uploads\/2020\/02\/cover-entrances-mk-logo-5-460x295.jpg\" class=\"attachment-portfolio-two size-portfolio-two\" alt=\"Ridding hall Gut Scheuerhof\" \/><\/a><\/div><\/div><\/div><div class=\"swiper-slide\"><div class=\"fusion-carousel-item-wrapper\"><div class=\"fusion-image-wrapper hover-type-none\"><a data-rel=\"iLightbox[image_carousel_1]\" data-caption=\"Red de cortavientos circular Molenkoning\" data-title=\"Horse exerciser\" aria-label=\"Horse exerciser\" href=\"https:\/\/molenkoning.com\/wp-content\/uploads\/2020\/02\/cover-entrances-mk-logo-6.jpg\" target=\"_self\"><img decoding=\"async\" width=\"460\" height=\"295\" src=\"https:\/\/molenkoning.com\/wp-content\/uploads\/2020\/02\/cover-entrances-mk-logo-6-460x295.jpg\" class=\"attachment-portfolio-two size-portfolio-two\" alt=\"Horse exerciser\" \/><\/a><\/div><\/div><\/div><div class=\"swiper-slide\"><div class=\"fusion-carousel-item-wrapper\"><div class=\"fusion-image-wrapper hover-type-none\"><a data-rel=\"iLightbox[image_carousel_1]\" data-caption=\"Red de cortavientos circular Molenkoning\" data-title=\"width of the cover entrance\" aria-label=\"width of the cover entrance\" href=\"https:\/\/molenkoning.com\/wp-content\/uploads\/2020\/02\/cover-entrances-mk-logo-7.jpg\" target=\"_self\"><img decoding=\"async\" width=\"460\" height=\"295\" src=\"https:\/\/molenkoning.com\/wp-content\/uploads\/2020\/02\/cover-entrances-mk-logo-7-460x295.jpg\" class=\"attachment-portfolio-two size-portfolio-two\" alt=\"width of the cover entrance\" \/><\/a><\/div><\/div><\/div><div class=\"swiper-slide\"><div class=\"fusion-carousel-item-wrapper\"><div class=\"fusion-image-wrapper hover-type-none\"><a data-rel=\"iLightbox[image_carousel_1]\" data-caption=\"Red de cortavientos circular Molenkoning\" data-title=\"Entrances and gates for roofs Molenkoning\" aria-label=\"Entrances and gates for roofs Molenkoning\" href=\"https:\/\/molenkoning.com\/wp-content\/uploads\/2020\/02\/cover-entrances-mk-logo-8.jpg\" target=\"_self\"><img decoding=\"async\" width=\"460\" height=\"295\" src=\"https:\/\/molenkoning.com\/wp-content\/uploads\/2020\/02\/cover-entrances-mk-logo-8-460x295.jpg\" class=\"attachment-portfolio-two size-portfolio-two\" alt=\"Entrances and gates for roofs Molenkoning\" \/><\/a><\/div><\/div><\/div><div class=\"swiper-slide\"><div class=\"fusion-carousel-item-wrapper\"><div class=\"fusion-image-wrapper hover-type-none\"><a data-rel=\"iLightbox[image_carousel_1]\" data-caption=\"Red de cortavientos circular Molenkoning\" data-title=\"Lunging circle\" aria-label=\"Lunging circle\" href=\"https:\/\/molenkoning.com\/wp-content\/uploads\/2020\/02\/cover-entrances-mk-logo-10.jpg\" target=\"_self\"><img decoding=\"async\" width=\"460\" height=\"295\" src=\"https:\/\/molenkoning.com\/wp-content\/uploads\/2020\/02\/cover-entrances-mk-logo-10-460x295.jpg\" class=\"attachment-portfolio-two size-portfolio-two\" alt=\"Lunging circle\" \/><\/a><\/div><\/div><\/div><div class=\"swiper-slide\"><div class=\"fusion-carousel-item-wrapper\"><div class=\"fusion-image-wrapper hover-type-none\"><a data-rel=\"iLightbox[image_carousel_1]\" data-caption=\"Red de cortavientos circular Molenkoning\" data-title=\"Track roof for horsewalker\" aria-label=\"Track roof for horsewalker\" href=\"https:\/\/molenkoning.com\/wp-content\/uploads\/2020\/02\/cover-entrances-mk-logo-11.jpg\" target=\"_self\"><img decoding=\"async\" width=\"460\" height=\"295\" src=\"https:\/\/molenkoning.com\/wp-content\/uploads\/2020\/02\/cover-entrances-mk-logo-11-460x295.jpg\" class=\"attachment-portfolio-two size-portfolio-two\" alt=\"Track roof for horsewalker\" \/><\/a><\/div><\/div><\/div><div class=\"swiper-slide\"><div class=\"fusion-carousel-item-wrapper\"><div class=\"fusion-image-wrapper hover-type-none\"><a data-rel=\"iLightbox[image_carousel_1]\" data-title=\"cover-entrances-mk-logo (2)\" aria-label=\"cover-entrances-mk-logo (2)\" href=\"https:\/\/molenkoning.com\/wp-content\/uploads\/2020\/02\/cover-entrances-mk-logo-2.jpg\" target=\"_self\"><img decoding=\"async\" width=\"460\" height=\"295\" src=\"https:\/\/molenkoning.com\/wp-content\/uploads\/2020\/02\/cover-entrances-mk-logo-2-460x295.jpg\" class=\"attachment-portfolio-two size-portfolio-two\" alt=\"Insulated roof plates\" \/><\/a><\/div><\/div><\/div><div class=\"swiper-slide\"><div class=\"fusion-carousel-item-wrapper\"><div class=\"fusion-image-wrapper hover-type-none\"><a data-rel=\"iLightbox[image_carousel_1]\" data-title=\"Equestrian construction in Haras de la Perelle\" aria-label=\"Equestrian construction in Haras de la Perelle\" href=\"https:\/\/molenkoning.com\/wp-content\/uploads\/2020\/02\/cover-entrances-mk-logo-9.jpg\" target=\"_self\"><img decoding=\"async\" width=\"460\" height=\"295\" src=\"https:\/\/molenkoning.com\/wp-content\/uploads\/2020\/02\/cover-entrances-mk-logo-9-460x295.jpg\" class=\"attachment-portfolio-two size-portfolio-two\" alt=\"Equestrian construction in Haras de la Perelle\" \/><\/a><\/div><\/div><\/div><div class=\"swiper-slide\"><div class=\"fusion-carousel-item-wrapper\"><div class=\"fusion-image-wrapper hover-type-none\"><a data-rel=\"iLightbox[image_carousel_1]\" data-title=\"Entrance of the Rail-Gliding Horse exerciser\" aria-label=\"Entrance of the Rail-Gliding Horse exerciser\" href=\"https:\/\/molenkoning.com\/wp-content\/uploads\/2022\/04\/cover-entrances-mk-logo-1-scaled-1.jpg\" target=\"_self\"><img decoding=\"async\" width=\"460\" height=\"295\" src=\"https:\/\/molenkoning.com\/wp-content\/uploads\/2022\/04\/cover-entrances-mk-logo-1-scaled-1-460x295.jpg\" class=\"attachment-portfolio-two size-portfolio-two\" alt=\"\" \/><\/a><\/div><\/div><\/div><\/div><div class=\"awb-swiper-button awb-swiper-button-prev\"><i class=\"awb-icon-angle-left\" aria-hidden=\"true\"><\/i><\/div><div class=\"awb-swiper-button awb-swiper-button-next\"><i class=\"awb-icon-angle-right\" aria-hidden=\"true\"><\/i><\/div><\/div><\/div><\/div><\/div><\/div><\/div><div class=\"fusion-fullwidth fullwidth-box fusion-builder-row-3 techinfohrs nonhundred-percent-fullwidth non-hundred-percent-height-scrolling\" style=\"--awb-border-radius-top-left:0px;--awb-border-radius-top-right:0px;--awb-border-radius-bottom-right:0px;--awb-border-radius-bottom-left:0px;--awb-flex-wrap:wrap;\" ><div class=\"fusion-builder-row fusion-row\"><div class=\"fusion-layout-column fusion_builder_column fusion-builder-column-2 fusion_builder_column_1_1 1_1 fusion-one-full fusion-column-first fusion-column-last\" style=\"--awb-bg-size:cover;\"><div class=\"fusion-column-wrapper fusion-column-has-shadow fusion-flex-column-wrapper-legacy\"><div class=\"fusion-title title fusion-title-3 fusion-title-center fusion-title-text fusion-title-size-two\"><div class=\"title-sep-container title-sep-container-left\"><div class=\"title-sep sep-double sep-solid\" style=\"border-color:#e0dede;\"><\/div><\/div><span class=\"awb-title-spacer\"><\/span><h2 class=\"fusion-title-heading title-heading-center\" style=\"margin:0;\">Teknisk information<\/h2><span class=\"awb-title-spacer\"><\/span><div class=\"title-sep-container title-sep-container-right\"><div class=\"title-sep sep-double sep-solid\" style=\"border-color:#e0dede;\"><\/div><\/div><\/div><div class=\"fusion-clearfix\"><\/div><\/div><\/div><div class=\"fusion-layout-column fusion_builder_column fusion-builder-column-3 fusion_builder_column_1_5 1_5 fusion-one-fifth fusion-column-first\" style=\"--awb-bg-size:cover;width:20%;width:calc(20% - ( ( 4% + 4% ) * 0.2 ) );margin-right: 4%;\"><div class=\"fusion-column-wrapper fusion-column-has-shadow fusion-flex-column-wrapper-legacy\"><div class=\"fusion-clearfix\"><\/div><\/div><\/div><div class=\"fusion-layout-column fusion_builder_column fusion-builder-column-4 fusion_builder_column_3_5 3_5 fusion-three-fifth\" style=\"--awb-bg-size:cover;width:60%;width:calc(60% - ( ( 4% + 4% ) * 0.6 ) );margin-right: 4%;\"><div class=\"fusion-column-wrapper fusion-column-has-shadow fusion-flex-column-wrapper-legacy\"><div class=\"fusion-image-element fusion-no-small-visibility in-legacy-container\" style=\"--awb-caption-title-font-family:var(--h2_typography-font-family);--awb-caption-title-font-weight:var(--h2_typography-font-weight);--awb-caption-title-font-style:var(--h2_typography-font-style);--awb-caption-title-size:var(--h2_typography-font-size);--awb-caption-title-transform:var(--h2_typography-text-transform);--awb-caption-title-line-height:var(--h2_typography-line-height);--awb-caption-title-letter-spacing:var(--h2_typography-letter-spacing);\"><span class=\" fusion-imageframe imageframe-none imageframe-1 hover-type-none\"><img decoding=\"async\" width=\"600\" height=\"625\" alt=\"3d drawing of a entrance Molenkoning for equestrian roofs\" title=\"3d drawing of a entrance Molenkoning for equestrian roofs\" src=\"https:\/\/molenkoning.com\/wp-content\/uploads\/2020\/02\/gates-for-horse-walkers-600x625.jpg\" class=\"img-responsive wp-image-10241\" srcset=\"https:\/\/molenkoning.com\/wp-content\/uploads\/2020\/02\/gates-for-horse-walkers-200x208.jpg 200w, https:\/\/molenkoning.com\/wp-content\/uploads\/2020\/02\/gates-for-horse-walkers-400x417.jpg 400w, https:\/\/molenkoning.com\/wp-content\/uploads\/2020\/02\/gates-for-horse-walkers-600x625.jpg 600w, https:\/\/molenkoning.com\/wp-content\/uploads\/2020\/02\/gates-for-horse-walkers-800x833.jpg 800w, https:\/\/molenkoning.com\/wp-content\/uploads\/2020\/02\/gates-for-horse-walkers.jpg 936w\" sizes=\"(max-width: 800px) 100vw, 800px\" \/><\/span><\/div><div class=\"fusion-image-element fusion-no-medium-visibility fusion-no-large-visibility in-legacy-container\" style=\"--awb-caption-title-font-family:var(--h2_typography-font-family);--awb-caption-title-font-weight:var(--h2_typography-font-weight);--awb-caption-title-font-style:var(--h2_typography-font-style);--awb-caption-title-size:var(--h2_typography-font-size);--awb-caption-title-transform:var(--h2_typography-text-transform);--awb-caption-title-line-height:var(--h2_typography-line-height);--awb-caption-title-letter-spacing:var(--h2_typography-letter-spacing);\"><span class=\" fusion-imageframe imageframe-none imageframe-2 hover-type-none\"><img decoding=\"async\" width=\"936\" height=\"975\" alt=\"\u30ab\u30d0\u30fc\u30a8\u30f3\u30c8\u30e9\u30f3\u30b9\u306e\u8a73\u7d30\" title=\"3d design of the roof type Full Option\" src=\"https:\/\/molenkoning.com\/wp-content\/uploads\/2020\/02\/gates-for-horse-walkersmbl.jpg\" class=\"img-responsive wp-image-16892\" srcset=\"https:\/\/molenkoning.com\/wp-content\/uploads\/2020\/02\/gates-for-horse-walkersmbl-200x208.jpg 200w, https:\/\/molenkoning.com\/wp-content\/uploads\/2020\/02\/gates-for-horse-walkersmbl-400x417.jpg 400w, https:\/\/molenkoning.com\/wp-content\/uploads\/2020\/02\/gates-for-horse-walkersmbl-600x625.jpg 600w, https:\/\/molenkoning.com\/wp-content\/uploads\/2020\/02\/gates-for-horse-walkersmbl-800x833.jpg 800w, https:\/\/molenkoning.com\/wp-content\/uploads\/2020\/02\/gates-for-horse-walkersmbl.jpg 936w\" sizes=\"(max-width: 800px) 100vw, 800px\" \/><\/span><\/div><div class=\"fusion-text fusion-text-2 tchinfotxt\"><ul>\n<li>\u00c5sryggskivor p\u00e5 3000 mm l\u00e4ngd och 3000 mm bredd.<\/li>\n<li>Avslutningsbr\u00e4da f\u00f6r fasaden.<\/li>\n<li>V\u00e4lj den modell av staket som du gillar.<\/li>\n<\/ul>\n<\/div><div class=\"fusion-clearfix\"><\/div><\/div><\/div><div class=\"fusion-layout-column fusion_builder_column fusion-builder-column-5 fusion_builder_column_1_5 1_5 fusion-one-fifth fusion-column-last\" style=\"--awb-bg-size:cover;width:20%;width:calc(20% - ( ( 4% + 4% ) * 0.2 ) );\"><div class=\"fusion-column-wrapper fusion-column-has-shadow fusion-flex-column-wrapper-legacy\"><div class=\"fusion-clearfix\"><\/div><\/div><\/div><\/div><\/div><div class=\"fusion-fullwidth fullwidth-box fusion-builder-row-4 nonhundred-percent-fullwidth non-hundred-percent-height-scrolling\" style=\"--awb-border-radius-top-left:0px;--awb-border-radius-top-right:0px;--awb-border-radius-bottom-right:0px;--awb-border-radius-bottom-left:0px;--awb-flex-wrap:wrap;\" ><div class=\"fusion-builder-row fusion-row\"><div class=\"fusion-layout-column fusion_builder_column fusion-builder-column-6 fusion_builder_column_1_2 1_2 fusion-one-half fusion-column-first\" style=\"--awb-bg-size:cover;width:50%;width:calc(50% - ( ( 4% ) * 0.5 ) );margin-right: 4%;\"><div class=\"fusion-column-wrapper fusion-column-has-shadow fusion-flex-column-wrapper-legacy\"><div class=\"fusion-clearfix\"><\/div><\/div><\/div><div class=\"fusion-layout-column fusion_builder_column fusion-builder-column-7 fusion_builder_column_1_2 1_2 fusion-one-half fusion-column-last\" style=\"--awb-padding-top:20px;--awb-padding-right:20px;--awb-padding-bottom:20px;--awb-padding-left:20px;--awb-bg-color:#484848;--awb-bg-color-hover:#484848;--awb-bg-size:cover;width:50%;width:calc(50% - ( ( 4% ) * 0.5 ) );\"><div class=\"fusion-column-wrapper fusion-column-has-shadow fusion-flex-column-wrapper-legacy\"><div class=\"fusion-title title fusion-title-4 fusion-sep-none fusion-title-text fusion-title-size-two\" style=\"--awb-text-color:#ffffff;--awb-margin-bottom:10px;\"><h2 class=\"fusion-title-heading title-heading-left\" style=\"margin:0;\">VILL DU HA EN BROSCHYR<\/h2><\/div><div class=\"fusion-text fusion-text-3\"><p><script charset=\"utf-8\" type=\"text\/javascript\" src=\"\/\/js.hsforms.net\/forms\/embed\/v2.js\"><\/script><br \/>\n<script>\n  hbspt.forms.create({\n    region: \"na1\",\n    portalId: \"7963348\",\n    formId: \"69753161-2440-4ced-958a-550c68f97167\"\n  });\n<\/script><\/p>\n<\/div><div class=\"fusion-clearfix\"><\/div><\/div><\/div><\/div><\/div><\/p>\n","protected":false},"excerpt":{"rendered":"","protected":false},"author":1,"featured_media":0,"parent":11710,"menu_order":0,"comment_status":"closed","ping_status":"closed","template":"","meta":{"_acf_changed":false,"content-type":"","footnotes":""},"class_list":["post-15504","page","type-page","status-publish","hentry"],"acf":[],"_links":{"self":[{"href":"https:\/\/molenkoning.com\/sv\/wp-json\/wp\/v2\/pages\/15504","targetHints":{"allow":["GET"]}}],"collection":[{"href":"https:\/\/molenkoning.com\/sv\/wp-json\/wp\/v2\/pages"}],"about":[{"href":"https:\/\/molenkoning.com\/sv\/wp-json\/wp\/v2\/types\/page"}],"author":[{"embeddable":true,"href":"https:\/\/molenkoning.com\/sv\/wp-json\/wp\/v2\/users\/1"}],"replies":[{"embeddable":true,"href":"https:\/\/molenkoning.com\/sv\/wp-json\/wp\/v2\/comments?post=15504"}],"version-history":[{"count":18,"href":"https:\/\/molenkoning.com\/sv\/wp-json\/wp\/v2\/pages\/15504\/revisions"}],"predecessor-version":[{"id":185798,"href":"https:\/\/molenkoning.com\/sv\/wp-json\/wp\/v2\/pages\/15504\/revisions\/185798"}],"up":[{"embeddable":true,"href":"https:\/\/molenkoning.com\/sv\/wp-json\/wp\/v2\/pages\/11710"}],"wp:attachment":[{"href":"https:\/\/molenkoning.com\/sv\/wp-json\/wp\/v2\/media?parent=15504"}],"curies":[{"name":"wp","href":"https:\/\/api.w.org\/{rel}","templated":true}]}}