{"id":11710,"date":"2020-01-27T16:51:09","date_gmt":"2020-01-27T16:51:09","guid":{"rendered":"https:\/\/molenkoning.com\/product\/"},"modified":"2024-10-08T10:06:55","modified_gmt":"2024-10-08T10:06:55","slug":"produkter","status":"publish","type":"page","link":"https:\/\/molenkoning.com\/sv\/produkter\/","title":{"rendered":"Produkter"},"content":{"rendered":"<div class=\"fusion-fullwidth fullwidth-box fusion-builder-row-1 nonhundred-percent-fullwidth non-hundred-percent-height-scrolling\" style=\"--awb-border-radius-top-left:0px;--awb-border-radius-top-right:0px;--awb-border-radius-bottom-right:0px;--awb-border-radius-bottom-left:0px;--awb-flex-wrap:wrap;\" ><div class=\"fusion-builder-row fusion-row\"><div class=\"fusion-layout-column fusion_builder_column fusion-builder-column-0 fusion_builder_column_1_1 1_1 fusion-one-full fusion-column-first fusion-column-last\" style=\"--awb-bg-size:cover;\"><div class=\"fusion-column-wrapper fusion-column-has-shadow fusion-flex-column-wrapper-legacy\"><div class=\"fusion-flip-boxes flip-boxes row fusion-columns-3 flip-effect-classic equal-heights\" style=\"--awb-flip-duration:1.2s;\"><div class=\"fusion-flip-box-wrapper fusion-column col-lg-4 col-md-4 col-sm-4\"><div class=\"fusion-flip-box flip-up\" tabindex=\"0\"><div class=\"flip-box-inner-wrapper\"><div class=\"flip-box-front\"><div class=\"flip-box-front-inner\"><div class=\"flip-box-grafix flip-box-image\"><img decoding=\"async\" src=\"https:\/\/molenkoning.com\/wp-content\/uploads\/2020\/01\/molen.jpg\" width=\"280\" height=\"142\" alt=\"3d drawing of a horsewalker\" \/><\/div><h2 class=\"flip-box-heading without-text\">Skrittmaskin<\/h2><\/div><\/div><div class=\"flip-box-back\" style=\"--awb-background-image-back:url(&#039;https:\/\/molenkoning.com\/wp-content\/uploads\/2020\/02\/Horsewalker-600x400.jpg&#039;);\"><div class=\"flip-box-back-inner\"><h3 class=\"flip-box-heading-back\">Skrittmaskin<\/h3>\n<p>Molenkoning skrittmaskin \u00e4r av massiv galvaniserat st\u00e5l konstruktion , bara att koppla in och k\u00f6ra.<br \/>\n<a href=\"https:\/\/molenkoning.com\/sv\/produkter\/skrittmaskin\/\">L\u00e4s mer<\/a><\/p>\n<\/div><\/div><\/div><\/div><\/div><div class=\"fusion-flip-box-wrapper fusion-column col-lg-4 col-md-4 col-sm-4\"><div class=\"fusion-flip-box flip-up\" tabindex=\"0\"><div class=\"flip-box-inner-wrapper\"><div class=\"flip-box-front\"><div class=\"flip-box-front-inner\"><div class=\"flip-box-grafix flip-box-image\"><img decoding=\"async\" src=\"https:\/\/molenkoning.com\/wp-content\/uploads\/2022\/09\/The-Rail-Gliding-Walker-2-1200x675.png\" width=\"1200\" height=\"675\" alt=\"The Rail Gliding Walker - 2\" \/><\/div><h2 class=\"flip-box-heading without-text\">Glidskenor-skrittmaskiner<\/h2><\/div><\/div><div class=\"flip-box-back\" style=\"--awb-background-image-back:url(&#039;https:\/\/molenkoning.com\/wp-content\/uploads\/2020\/02\/railgliding-600x451.jpg&#039;);\"><div class=\"flip-box-back-inner\"><h3 class=\"flip-box-heading-back\">Glidskenor-skrittmaskiner<\/h3>\n<p>Den senaste Molenkoning innovationen: f\u00f6r er som fr\u00e5gar efter n\u00e5got annorlunda. Den ovala skrittmaskinen , som inte har n\u00e5gra begr\u00e4nsningar i storlek.<\/p>\n<p><a href=\"https:\/\/molenkoning.com\/sv\/produkter\/rals-hangd-skrittmaskin\/\">L\u00e4s mer<\/a><\/p>\n<\/div><\/div><\/div><\/div><\/div><div class=\"fusion-flip-box-wrapper fusion-column col-lg-4 col-md-4 col-sm-4\"><div class=\"fusion-flip-box flip-up\" tabindex=\"0\"><div class=\"flip-box-inner-wrapper\"><div class=\"flip-box-front\"><div class=\"flip-box-front-inner\"><div class=\"flip-box-grafix flip-box-image\"><img decoding=\"async\" src=\"https:\/\/molenkoning.com\/wp-content\/uploads\/2020\/01\/skywalker-molenkoning.jpg\" width=\"280\" height=\"142\" alt=\"3D design of a skywalker\" \/><\/div><h2 class=\"flip-box-heading without-text\">Skywalker<\/h2><\/div><\/div><div class=\"flip-box-back\" style=\"--awb-background-image-back:url(&#039;https:\/\/molenkoning.com\/wp-content\/uploads\/2020\/02\/Skywalker-1-600x400.jpg&#039;);\"><div class=\"flip-box-back-inner\"><h3 class=\"flip-box-heading-back\">Skywalker<\/h3>\n<p>Takh\u00e4ngd , \u00e4r en innovativ monterering av skritt. Detta \u00e4r en skrittmaskin upph\u00e4ngd i taket.<\/p>\n<p><a href=\"https:\/\/molenkoning.com\/sv\/produkter\/tak-hangd-skrittmaskin\/\">L\u00e4s mer<\/a><\/p>\n<\/div><\/div><\/div><\/div><\/div><div class=\"fusion-flip-box-wrapper fusion-column col-lg-4 col-md-4 col-sm-4\"><div class=\"fusion-flip-box flip-up\" tabindex=\"0\"><div class=\"flip-box-inner-wrapper\"><div class=\"flip-box-front\"><div class=\"flip-box-front-inner\"><div class=\"flip-box-grafix flip-box-image\"><img decoding=\"async\" src=\"https:\/\/molenkoning.com\/wp-content\/uploads\/2020\/01\/track-roof-molenkoning.jpg\" width=\"280\" height=\"142\" alt=\"track roof 3d design\" \/><\/div><h2 class=\"flip-box-heading without-text\">Tak \u00f6ver sp\u00e5ret<\/h2><\/div><\/div><div class=\"flip-box-back\" style=\"--awb-background-image-back:url(&#039;https:\/\/molenkoning.com\/wp-content\/uploads\/2020\/02\/Trackroof-600x400.jpg&#039;);\"><div class=\"flip-box-back-inner\"><h3 class=\"flip-box-heading-back\">Tak \u00f6ver sp\u00e5ret<\/h3>\n<p>A track roof over your horse walker ensures that your horses get a regular exercise and the roof protects your animals of the inclement weather but Molenkoning track roofs thank to their five meters wide scope ensure an effective coverage no matter how the climate is.<\/p>\n<p><a href=\"https:\/\/molenkoning.com\/sv\/produkter\/skritt-med-tak-over-sparet\/\">L\u00e4s mer<\/a><\/p>\n<\/div><\/div><\/div><\/div><\/div><div class=\"fusion-flip-box-wrapper fusion-column col-lg-4 col-md-4 col-sm-4\"><div class=\"fusion-flip-box flip-up\" tabindex=\"0\"><div class=\"flip-box-inner-wrapper\"><div class=\"flip-box-front\"><div class=\"flip-box-front-inner\"><div class=\"flip-box-grafix flip-box-image\"><img decoding=\"async\" src=\"https:\/\/molenkoning.com\/wp-content\/uploads\/2020\/01\/closed-roof-lunging-molenkoning.jpg\" width=\"280\" height=\"142\" alt=\"Lunging-ring 3D drawing\" \/><\/div><h2 class=\"flip-box-heading without-text\">Helt tak<\/h2><\/div><\/div><div class=\"flip-box-back\" style=\"--awb-background-image-back:url(&#039;https:\/\/molenkoning.com\/wp-content\/uploads\/2020\/02\/closed_roof.png&#039;);\"><div class=\"flip-box-back-inner\"><h3 class=\"flip-box-heading-back\">Helt tak<\/h3>\n<p>Molenkoning designar och bygger efter din \u00f6nskem\u00e5l<br \/>\n<a href=\"https:\/\/molenkoning.com\/sv\/produkter\/longeringscirkel-med-helttak\/\">L\u00e4s mer<\/a><\/p>\n<\/div><\/div><\/div><\/div><\/div><div class=\"fusion-flip-box-wrapper fusion-column col-lg-4 col-md-4 col-sm-4\"><div class=\"fusion-flip-box flip-up\" tabindex=\"0\"><div class=\"flip-box-inner-wrapper\"><div class=\"flip-box-front\"><div class=\"flip-box-front-inner\"><div class=\"flip-box-grafix flip-box-image\"><img decoding=\"async\" src=\"https:\/\/molenkoning.com\/wp-content\/uploads\/2020\/01\/entrance-molenkoning-for-horse-walkers.jpg\" width=\"280\" height=\"142\" alt=\"technical description of the covered entries\" \/><\/div><h2 class=\"flip-box-heading without-text\">Skyddad Ing\u00e5ng<\/h2><\/div><\/div><div class=\"flip-box-back\" style=\"--awb-background-image-back:url(&#039;https:\/\/molenkoning.com\/wp-content\/uploads\/2020\/02\/covered-entrance-600x453.jpg&#039;);\"><div class=\"flip-box-back-inner\"><h3 class=\"flip-box-heading-back\">Skyddad Ing\u00e5ng<\/h3>\n<p>En t\u00e4ckt ing\u00e5ng \u00e4r att f\u00f6redra , n\u00e4r man g\u00e5r in till skritten. Man sl\u00e4pper d\u00e5 in h\u00e4starna i skydd av regn eller sn\u00f6.<\/p>\n<p><a href=\"https:\/\/molenkoning.com\/sv\/produkter\/tackt-ingang-for-takmodell\/\">L\u00e4s mer<\/a><\/p>\n<\/div><\/div><\/div><\/div><\/div><div class=\"fusion-flip-box-wrapper fusion-column col-lg-4 col-md-4 col-sm-4\"><div class=\"fusion-flip-box flip-up\" tabindex=\"0\"><div class=\"flip-box-inner-wrapper\"><div class=\"flip-box-front\"><div class=\"flip-box-front-inner\"><div class=\"flip-box-grafix flip-box-image\"><img decoding=\"async\" src=\"https:\/\/molenkoning.com\/wp-content\/uploads\/2020\/01\/round-fence.jpg\" width=\"280\" height=\"142\" alt=\"Round fence MK\" \/><\/div><h2 class=\"flip-box-heading without-text\">Runt staket<\/h2><\/div><\/div><div class=\"flip-box-back\" style=\"--awb-background-image-back:url(&#039;https:\/\/molenkoning.com\/wp-content\/uploads\/2020\/02\/roundfence-600x400.jpg&#039;);\"><div class=\"flip-box-back-inner\"><h3 class=\"flip-box-heading-back\">Runt staket<\/h3>\n<p>Det runda staketet \u00e4r kronjuvelen i Molenkonings sortiment.<\/p>\n<p><a href=\"https:\/\/molenkoning.com\/sv\/skrittmaskin-komplett-modell-runt-staket\/\">L\u00e4s mer<\/a><\/p>\n<\/div><\/div><\/div><\/div><\/div><div class=\"fusion-flip-box-wrapper fusion-column col-lg-4 col-md-4 col-sm-4\"><div class=\"fusion-flip-box flip-up\" tabindex=\"0\"><div class=\"flip-box-inner-wrapper\"><div class=\"flip-box-front\"><div class=\"flip-box-front-inner\"><div class=\"flip-box-grafix flip-box-image\"><img decoding=\"async\" src=\"https:\/\/molenkoning.com\/wp-content\/uploads\/2020\/01\/sweden-fence-molenkoning.jpg\" width=\"280\" height=\"142\" alt=\"MK Sweden fence\" \/><\/div><h2 class=\"flip-box-heading without-text\">Sverige staket<\/h2><\/div><\/div><div class=\"flip-box-back\" style=\"--awb-background-image-back:url(&#039;https:\/\/molenkoning.com\/wp-content\/uploads\/2020\/02\/Sweden-Fence-600x402.jpg&#039;);\"><div class=\"flip-box-back-inner\"><h3 class=\"flip-box-heading-back\">Sverige staket<\/h3>\n<p>Som namnet s\u00e4ger , har vi inspirerats av naturen och de vilda markerna i Sverige , som \u00e4r utm\u00e4rkande f\u00f6r den fina furan , som \u00e4r b\u00e4st i Europa.<\/p>\n<p><a href=\"https:\/\/molenkoning.com\/sv\/produkter\/hast-traning-komplett-modell-trastaket\/\">L\u00e4s mer<\/a><\/p>\n<\/div><\/div><\/div><\/div><\/div><div class=\"fusion-flip-box-wrapper fusion-column col-lg-4 col-md-4 col-sm-4\"><div class=\"fusion-flip-box flip-up\" tabindex=\"0\"><div class=\"flip-box-inner-wrapper\"><div class=\"flip-box-front\"><div class=\"flip-box-front-inner\"><div class=\"flip-box-grafix flip-box-image\"><img decoding=\"async\" src=\"https:\/\/molenkoning.com\/wp-content\/uploads\/2020\/01\/horsewalker-with-beoband-from-molenkoning.jpg\" width=\"280\" height=\"118\" alt=\"Beoband Mk\" \/><\/div><h2 class=\"flip-box-heading without-text\">MK Safeline Staket<\/h2><\/div><\/div><div class=\"flip-box-back\" style=\"--awb-background-image-back:url(&#039;https:\/\/molenkoning.com\/wp-content\/uploads\/2020\/02\/Beo-Band-600x400.jpg&#039;);\"><div class=\"flip-box-back-inner\"><h3 class=\"flip-box-heading-back\">MK Safeline Staket<\/h3>\n<p>MK Safeline Staket eller det smarta budget- staket \u00e4r av Holl\u00e4ndsk standard: H\u00f6g Kvalitet till ett rimligt pris.<\/p>\n<p><a href=\"https:\/\/molenkoning.com\/sv\/produkter\/skrittmaskin-med-plastband\/\">L\u00e4s mer<\/a><\/p>\n<\/div><\/div><\/div><\/div><\/div><div class=\"fusion-flip-box-wrapper fusion-column col-lg-4 col-md-4 col-sm-4\"><div class=\"fusion-flip-box flip-up\" tabindex=\"0\"><div class=\"flip-box-inner-wrapper\"><div class=\"flip-box-front\"><div class=\"flip-box-front-inner\"><div class=\"flip-box-grafix flip-box-image\"><img decoding=\"async\" src=\"https:\/\/molenkoning.com\/wp-content\/uploads\/2020\/11\/solarium-mkshop.png\" width=\"1200\" height=\"675\" alt=\"\" \/><\/div><h2 class=\"flip-box-heading without-text\">Solarium<\/h2><\/div><\/div><div class=\"flip-box-back\" style=\"--awb-background-image-back:url(&#039;https:\/\/molenkoning.com\/wp-content\/uploads\/2021\/04\/MK-solarium-for-horses-1.jpg&#039;);\"><div class=\"flip-box-back-inner\"><h3 class=\"flip-box-heading-back\">Solarium<\/h3>\n<p>A horse is an athlete; therefore it is likely to endure injuries regardless of the level in which it competes.<\/p>\n<p><a href=\"https:\/\/molenkoning.com\/sv\/produkter\/solarium\/\">L\u00e4s mer<\/a><\/p>\n<\/div><\/div><\/div><\/div><\/div><div class=\"fusion-flip-box-wrapper fusion-column col-lg-4 col-md-4 col-sm-4\"><div class=\"fusion-flip-box flip-up\" tabindex=\"0\"><div class=\"flip-box-inner-wrapper\"><div class=\"flip-box-front\"><div class=\"flip-box-front-inner\"><div class=\"flip-box-grafix flip-box-image\"><img decoding=\"async\" src=\"https:\/\/molenkoning.com\/wp-content\/uploads\/2020\/01\/equitrack.jpg\" width=\"280\" height=\"142\" alt=\"equitrack\" \/><\/div><h2 class=\"flip-box-heading without-text\">Equitrack<\/h2><\/div><\/div><div class=\"flip-box-back\" style=\"--awb-background-image-back:url(&#039;https:\/\/molenkoning.com\/wp-content\/uploads\/2020\/02\/EQUITRACK-600x414.jpg&#039;);\"><div class=\"flip-box-back-inner\"><h3 class=\"flip-box-heading-back\">Equitrack<\/h3>\n<p>Inget mer betong , eller dyra sidobr\u00e4der beh\u00f6vs. Equitrack anv\u00e4nds i sp\u00e5ret av skrittmaskinen , som g\u00f6r att det inte blir halt och att h\u00e4starna f\u00e5r det b\u00e4sta greppet.<\/p>\n<p><a href=\"https:\/\/molenkoning.com\/sv\/produkter\/equitrack-golv-for-skrittmaskin\/\">L\u00e4s mer<\/a><\/p>\n<\/div><\/div><\/div><\/div><\/div><div class=\"fusion-flip-box-wrapper fusion-column col-lg-4 col-md-4 col-sm-4\"><div class=\"fusion-flip-box flip-up\" tabindex=\"0\"><div class=\"flip-box-inner-wrapper\"><div class=\"flip-box-front\"><div class=\"flip-box-front-inner\"><div class=\"flip-box-grafix flip-box-image\"><img decoding=\"async\" src=\"https:\/\/molenkoning.com\/wp-content\/uploads\/2020\/01\/molenkoning-groundwoks-equestrian-constructions.jpg\" width=\"280\" height=\"142\" alt=\"3d drawing of prefab foundation\" \/><\/div><h2 class=\"flip-box-heading without-text\">Grundarbete<\/h2><\/div><\/div><div class=\"flip-box-back\" style=\"--awb-background-image-back:url(&#039;https:\/\/molenkoning.com\/wp-content\/uploads\/2020\/02\/GROUNDWORKS-600x398.jpg&#039;);\"><div class=\"flip-box-back-inner\"><h3 class=\"flip-box-heading-back\">Grundarbete<\/h3>\n<p>Tillfredsst\u00e4llelsen av att k\u00f6pa en skrittmaskin beror ocks\u00e5 p\u00e5 r\u00e4tt installation.<\/p>\n<p><a href=\"https:\/\/molenkoning.com\/sv\/produkter\/forarbete-byggnad\/\">L\u00e4s mer<\/a><\/p>\n<\/div><\/div><\/div><\/div><\/div><div class=\"fusion-flip-box-wrapper fusion-column col-lg-4 col-md-4 col-sm-4\"><div class=\"fusion-flip-box flip-up\" tabindex=\"0\"><div class=\"flip-box-inner-wrapper\"><div class=\"flip-box-front\"><div class=\"flip-box-front-inner\"><div class=\"flip-box-grafix flip-box-image\"><img decoding=\"async\" src=\"https:\/\/molenkoning.com\/wp-content\/uploads\/2023\/03\/Power_plate_mkshop.png\" width=\"1200\" height=\"900\" alt=\"\" \/><\/div><h2 class=\"flip-box-heading without-text\">Tr\u00e4ningsplatta f\u00f6r h\u00e4star<\/h2><\/div><\/div><div class=\"flip-box-back\" style=\"--awb-background-image-back:url(&#039;https:\/\/molenkoning.com\/wp-content\/uploads\/2020\/02\/powerplate-600x725.jpg&#039;);\"><div class=\"flip-box-back-inner\"><h3 class=\"flip-box-heading-back\">Tr\u00e4ningsplatta f\u00f6r h\u00e4star<\/h3>\n<p>Vibratorplattan \u00e4r en unik tr\u00e4nings och rehabiliteringsmaskin f\u00f6r h\u00e4starna.<\/p>\n<p><a href=\"https:\/\/molenkoning.com\/sv\/produkter\/rehabilitations-verktyg-for-hastar\/\">L\u00e4s mer<\/a><\/p>\n<\/div><\/div><\/div><\/div><\/div><div class=\"fusion-flip-box-wrapper fusion-column col-lg-4 col-md-4 col-sm-4\"><div class=\"fusion-flip-box flip-up\" tabindex=\"0\"><div class=\"flip-box-inner-wrapper\"><div class=\"flip-box-front\"><div class=\"flip-box-front-inner\"><div class=\"flip-box-grafix flip-box-image\"><img decoding=\"async\" src=\"https:\/\/molenkoning.com\/wp-content\/uploads\/2020\/01\/windbreak-net-molenkoning.jpg\" width=\"280\" height=\"142\" alt=\"3d design of the windbreak net\" \/><\/div><h2 class=\"flip-box-heading without-text\">Vindn\u00e4t Standard<\/h2><\/div><\/div><div class=\"flip-box-back\" style=\"--awb-background-image-back:url(&#039;https:\/\/molenkoning.com\/wp-content\/uploads\/2020\/02\/windbreaknet-600x450.jpg&#039;);\"><div class=\"flip-box-back-inner\"><h3 class=\"flip-box-heading-back\">Vindn\u00e4t Standard<\/h3>\n<p>Vi vet alla hur mycket vinden kan p\u00e5verka n\u00e4r vi skall tr\u00e4na v\u00e5ra h\u00e4star.<\/p>\n<p><a href=\"https:\/\/molenkoning.com\/sv\/produkter\/vindnat-for-longering-och-byggnad-med-tak\/\">L\u00e4s mer<\/a><\/p>\n<\/div><\/div><\/div><\/div><\/div><div class=\"fusion-flip-box-wrapper fusion-column col-lg-4 col-md-4 col-sm-4\"><div class=\"fusion-flip-box flip-up\" tabindex=\"0\"><div class=\"flip-box-inner-wrapper\"><div class=\"flip-box-front\"><div class=\"flip-box-front-inner\"><div class=\"flip-box-grafix flip-box-image\"><img decoding=\"async\" src=\"https:\/\/molenkoning.com\/wp-content\/uploads\/2020\/01\/options-walker.jpg\" width=\"280\" height=\"142\" alt=\"MK\" \/><\/div><h2 class=\"flip-box-heading without-text\">Tillval f\u00f6r MK Skrittmaskin<\/h2><\/div><\/div><div class=\"flip-box-back\" style=\"--awb-background-image-back:url(&#039;https:\/\/molenkoning.com\/wp-content\/uploads\/2020\/02\/options-600x400.jpg&#039;);\"><div class=\"flip-box-back-inner\"><h3 class=\"flip-box-heading-back\">Tillval f\u00f6r MK Skrittmaskin<\/h3>\n<p><a href=\"https:\/\/molenkoning.com\/se\/produkt\/skrittmaskiner\">Molenkoning skrittmaskinsystem<\/a> till\u00e5ter dig att \u00f6ka s\u00e4kerheten och effektiviteten till din maskin , med ett flertal tillval\u00a0Som n\u00e4r du k\u00f6per en bil , kan du v\u00e4lja tillbeh\u00f6r efter \u00f6nskem\u00e5l , s\u00e5 \u00e4ven till MK Skrittmaskin d\u00e4r det finns ett flertal tillbeh\u00f6r att komplettera med.<\/p>\n<p><a href=\"https:\/\/molenkoning.com\/sv\/produkter\/tillval-for-skrittmaskiner\/\">L\u00e4s mer<\/a><\/p>\n<\/div><\/div><\/div><\/div><\/div><\/div><div class=\"clearfix\"><\/div><div class=\"fusion-clearfix\"><\/div><\/div><\/div><\/div><\/div>\n","protected":false},"excerpt":{"rendered":"","protected":false},"author":1,"featured_media":0,"parent":0,"menu_order":0,"comment_status":"closed","ping_status":"closed","template":"","meta":{"_acf_changed":false,"content-type":"","footnotes":""},"class_list":["post-11710","page","type-page","status-publish","hentry"],"acf":[],"_links":{"self":[{"href":"https:\/\/molenkoning.com\/sv\/wp-json\/wp\/v2\/pages\/11710","targetHints":{"allow":["GET"]}}],"collection":[{"href":"https:\/\/molenkoning.com\/sv\/wp-json\/wp\/v2\/pages"}],"about":[{"href":"https:\/\/molenkoning.com\/sv\/wp-json\/wp\/v2\/types\/page"}],"author":[{"embeddable":true,"href":"https:\/\/molenkoning.com\/sv\/wp-json\/wp\/v2\/users\/1"}],"replies":[{"embeddable":true,"href":"https:\/\/molenkoning.com\/sv\/wp-json\/wp\/v2\/comments?post=11710"}],"version-history":[{"count":19,"href":"https:\/\/molenkoning.com\/sv\/wp-json\/wp\/v2\/pages\/11710\/revisions"}],"predecessor-version":[{"id":186267,"href":"https:\/\/molenkoning.com\/sv\/wp-json\/wp\/v2\/pages\/11710\/revisions\/186267"}],"wp:attachment":[{"href":"https:\/\/molenkoning.com\/sv\/wp-json\/wp\/v2\/media?parent=11710"}],"curies":[{"name":"wp","href":"https:\/\/api.w.org\/{rel}","templated":true}]}}