{"id":11636,"date":"2016-02-24T05:23:09","date_gmt":"2016-02-24T05:23:09","guid":{"rendered":"https:\/\/molenkoning.com\/about\/"},"modified":"2020-09-18T07:38:21","modified_gmt":"2020-09-18T07:38:21","slug":"om-oss","status":"publish","type":"page","link":"https:\/\/molenkoning.com\/sv\/om-oss\/","title":{"rendered":"Vem \u00e4r vi"},"content":{"rendered":"<p><div class=\"fusion-fullwidth fullwidth-box fusion-builder-row-1 fusion-parallax-none abtouter hundred-percent-fullwidth non-hundred-percent-height-scrolling fusion-no-small-visibility\" style=\"--awb-background-position:center top;--awb-border-radius-top-left:0px;--awb-border-radius-top-right:0px;--awb-border-radius-bottom-right:0px;--awb-border-radius-bottom-left:0px;--awb-padding-top:30px;--awb-padding-right:30px;--awb-padding-bottom:0px;--awb-margin-bottom:0px;--awb-background-image:url(&quot;https:\/\/molenkoning.com\/wp-content\/uploads\/2020\/04\/storybg.jpg&quot;);--awb-background-size:cover;--awb-flex-wrap:wrap;\" ><div class=\"fusion-builder-row fusion-row\"><div class=\"fusion-layout-column fusion_builder_column fusion-builder-column-0 fusion_builder_column_1_2 1_2 fusion-one-half fusion-column-first abtouter\" style=\"--awb-bg-position:right bottom;--awb-bg-size:cover;--awb-margin-bottom:0px;width:50%;width:calc(50% - ( ( 0px ) * 0.5 ) );margin-right: 0px;\"><div class=\"fusion-column-wrapper fusion-column-has-shadow fusion-flex-column-wrapper-legacy\"><div class=\"fusion-clearfix\"><\/div><\/div><\/div><div class=\"fusion-layout-column fusion_builder_column fusion-builder-column-1 fusion_builder_column_1_2 1_2 fusion-one-half fusion-column-last\" style=\"--awb-padding-left:110px;--awb-bg-position:right bottom;--awb-bg-size:cover;--awb-margin-bottom:0px;width:50%;width:calc(50% - ( ( 0px ) * 0.5 ) );\"><div class=\"fusion-column-wrapper fusion-column-has-shadow fusion-flex-column-wrapper-legacy\"><div class=\"fusion-title title fusion-title-1 fusion-sep-none fusion-title-center fusion-title-text fusion-title-size-one\" style=\"--awb-font-size:35px;\"><h1 class=\"fusion-title-heading title-heading-center\" style=\"margin:0;font-size:1em;\"><span style=\"color: #ffffff;\">Molenkoning: Historien om <\/span><span style=\"color: #bfa723;\">en far och hans 2 s\u00f6ner<\/span><\/h1><\/div><div class=\"fusion-text fusion-text-1\" style=\"--awb-text-color:#ffffff;\"><p><span style=\"color: #bfa723;\">Jos de Swart<\/span> var en h\u00e4st\u00e4lskare i hj\u00e4rta och sj\u00e4l. Han k\u00f6pte sin f\u00f6rsta h\u00e4st vid 18 \u00e5rs \u00e5lder, inte f\u00f6r att uppr\u00e4tth\u00e5lla familjetraditionen, utan f\u00f6r att djuren tilltalade honom. Han visste omedelbart vad han gillade: den Holl\u00e4ndska k\u00f6rh\u00e4sten.<\/p>\n<p>\u00c5r av tr\u00e4ning och arbete med h\u00e4starna skapade fint fyllt trof\u00e9sk\u00e5p. S\u00f6nerna <span style=\"color: #bfa723;\">Ton och Nicky de Swart<\/span> deltog regelbundet i t\u00e4vlingar och drogs in i sin fadern Jos entusiasm. De tog hemregionala och till och med nationella priser.<\/p>\n<p>Efter att Ton avslutat skolan vid 17 \u00e5rs \u00e5lder visste han omedelbart vad han ville ha !Sitt eget handelsf\u00f6retag. Jos, en d\u00e5varande svetsare, s\u00e5lde ett par h\u00e4star och tillsammans startade de den f\u00f6rsta verksamheten som sin egen chef. De k\u00f6pte en s\u00e5g, borrpress och en svetsmaskin och med dem var de redo att g\u00f6ra stall f\u00f6r m\u00e4nniskor som sig sj\u00e4lva , <span style=\"color: #bfa723;\">m\u00e4nniskor som brinner f\u00f6r h\u00e4star<\/span>.<\/p>\n<p>De f\u00f6rsta \u00e5ren var sv\u00e5ra. Ton fokuserade p\u00e5 f\u00f6rs\u00e4ljning av stall och Jos ledde produktionen. Det var ett litet f\u00f6retag och det var sv\u00e5rt att g\u00f6ra de m\u00e5nga olika stallen perfekta. Vid den tiden gjorde de ibland en skrittmaskin mellan alla de vanliga projekten, men det var inte alls en viktig produkt. Priserna var h\u00f6ga och en skrittmaskin var alldeles f\u00f6r dyr f\u00f6r den genomsnittliga h\u00e4st\u00e4garen. De enda kunderna som hade en skrittmaskind\u00e5, var stora ridskolorna eller professionella stall.<\/p>\n<p>Vid den tiden avslutade sonen Nicky sina studier och gick med i f\u00f6retaget. Tillsammans gjorde de designen f\u00f6r skritten. Under en l\u00e5ng tid hade Jos velat g\u00f6ra skrittmaskiner precis som andra enheter, G\u00f6r-det-sj\u00e4lv paket. Modellen reviderades f\u00f6r att vara flexibel och enkel. Om de producerade mer i serie skulle skritten ocks\u00e5 bli billigare och tillg\u00e4nglig f\u00f6r en bredare publik f\u00f6r h\u00e4st\u00e4gare precis som de sj\u00e4lva.<\/p>\n<p>De gjorde de f\u00f6rsta prototyperna och skrittmaskinen tog form. De var redo f\u00f6r n\u00e4sta steg, namnet. P\u00e5 en helg brainstormade familjen. Flera namn f\u00f6reslogs. Men de letade efter ett sl\u00e5ende namn, ett som f\u00e4ster. Till slut blev det Molenkoning &#8211; kanske lite v\u00e5gat men det k\u00e4ndes bra. Samma helg gjorde Nicky en webbplats och Ton lade en annons i h\u00e4sttidningen. Under veckan som f\u00f6ljde s\u00e5lde de tre skrittmaskiner. D\u00e5 visste m\u00e4nnen att deras satsning var r\u00e4tt! De kunde aldrig ha f\u00f6rest\u00e4llt sig vad som h\u00e4nde d\u00e4refter.<\/p>\n<p>Under de f\u00f6ljande \u00e5ren blev Molenkoning den globala marknadsledaren inom skrittmaskiner och rundade staket och tak. <span style=\"color: #bfa723;\">Hittills \u00e4r Molenkonings uppdrag att g\u00f6ra <a href=\"https:\/\/molenkoning.com\/sv\/produkter\/skrittmaskiner\/\">skrittmaskiner<\/a> av h\u00f6gsta kvalitet till ett konkurrenskraftigt pris.<\/span> Molenkoningstr\u00e4ningsmaskiner \u00e4r perfekta, och o\u00f6vertr\u00e4ffade som eng\u00f6r-det-sj\u00e4lv sats. L\u00e4s ber\u00e4ttelserna om tusentals kunder som f\u00f6regick dig:<\/p>\n<p><a href=\"https:\/\/molenkoning.com\/sv\/mk-erfarenhet\/\">Klick !<\/a><\/p>\n<\/div><div class=\"fusion-clearfix\"><\/div><\/div><\/div><\/div><\/div><div class=\"fusion-fullwidth fullwidth-box fusion-builder-row-2 abtouter hundred-percent-fullwidth non-hundred-percent-height-scrolling fusion-no-medium-visibility fusion-no-large-visibility\" style=\"--awb-background-position:center top;--awb-border-radius-top-left:0px;--awb-border-radius-top-right:0px;--awb-border-radius-bottom-right:0px;--awb-border-radius-bottom-left:0px;--awb-padding-right:0px;--awb-padding-bottom:0px;--awb-padding-left:0px;--awb-margin-bottom:0px;--awb-flex-wrap:wrap;\" ><div class=\"fusion-builder-row fusion-row\"><div class=\"fusion-layout-column fusion_builder_column fusion-builder-column-2 fusion_builder_column_1_2 1_2 fusion-one-half fusion-column-first abtouter\" style=\"--awb-bg-position:right bottom;--awb-bg-size:cover;--awb-margin-bottom:0px;width:50%;width:calc(50% - ( ( 0px ) * 0.5 ) );margin-right: 0px;\"><div class=\"fusion-column-wrapper fusion-column-has-shadow fusion-flex-column-wrapper-legacy\"><div class=\"fusion-image-element in-legacy-container\" style=\"--awb-caption-title-font-family:var(--h2_typography-font-family);--awb-caption-title-font-weight:var(--h2_typography-font-weight);--awb-caption-title-font-style:var(--h2_typography-font-style);--awb-caption-title-size:var(--h2_typography-font-size);--awb-caption-title-transform:var(--h2_typography-text-transform);--awb-caption-title-line-height:var(--h2_typography-line-height);--awb-caption-title-letter-spacing:var(--h2_typography-letter-spacing);\"><span class=\" fusion-imageframe imageframe-none imageframe-1 hover-type-none\"><img decoding=\"async\" width=\"915\" height=\"1024\" alt=\"\u30c8\u30f3\u2013\u30e8\u30b9\u2013\u30cb\u30c3\u30ad\u30fc\" title=\"Ton-Jos-Nicky\" src=\"https:\/\/molenkoning.com\/wp-content\/uploads\/2020\/05\/Ton-Jos-Nicky-915x1024.jpg\" class=\"img-responsive wp-image-21340\" srcset=\"https:\/\/molenkoning.com\/wp-content\/uploads\/2020\/05\/Ton-Jos-Nicky-200x224.jpg 200w, https:\/\/molenkoning.com\/wp-content\/uploads\/2020\/05\/Ton-Jos-Nicky-400x448.jpg 400w, https:\/\/molenkoning.com\/wp-content\/uploads\/2020\/05\/Ton-Jos-Nicky-600x671.jpg 600w, https:\/\/molenkoning.com\/wp-content\/uploads\/2020\/05\/Ton-Jos-Nicky-800x895.jpg 800w, https:\/\/molenkoning.com\/wp-content\/uploads\/2020\/05\/Ton-Jos-Nicky-1200x1343.jpg 1200w\" sizes=\"(max-width: 800px) 100vw, 600px\" \/><\/span><\/div><div class=\"fusion-clearfix\"><\/div><\/div><\/div><div class=\"fusion-layout-column fusion_builder_column fusion-builder-column-3 fusion_builder_column_1_2 1_2 fusion-one-half fusion-column-last\" style=\"--awb-padding-top:20px;--awb-padding-right:20px;--awb-padding-bottom:20px;--awb-padding-left:20px;--awb-bg-color:#484848;--awb-bg-color-hover:#484848;--awb-bg-position:right bottom;--awb-bg-size:cover;--awb-margin-bottom:0px;width:50%;width:calc(50% - ( ( 0px ) * 0.5 ) );\"><div class=\"fusion-column-wrapper fusion-column-has-shadow fusion-flex-column-wrapper-legacy\"><div class=\"fusion-title title fusion-title-2 fusion-sep-none fusion-title-center fusion-title-text fusion-title-size-one\" style=\"--awb-font-size:20px;\"><h1 class=\"fusion-title-heading title-heading-center\" style=\"margin:0;font-size:1em;\"><span style=\"color: #ffffff;\">Molenkoning: Historien om <\/span><span style=\"color: #bfa723;\">en far och hans 2 s\u00f6ner<\/span><\/h1><\/div><div class=\"fusion-text fusion-text-2\" style=\"--awb-text-color:#ffffff;\"><p><span style=\"color: #bfa723;\">Jos de Swart<\/span> var en h\u00e4st\u00e4lskare i hj\u00e4rta och sj\u00e4l. Han k\u00f6pte sin f\u00f6rsta h\u00e4st vid 18 \u00e5rs \u00e5lder, inte f\u00f6r att uppr\u00e4tth\u00e5lla familjetraditionen, utan f\u00f6r att djuren tilltalade honom. Han visste omedelbart vad han gillade: den Holl\u00e4ndska k\u00f6rh\u00e4sten.<\/p>\n<p>\u00c5r av tr\u00e4ning och arbete med h\u00e4starna skapade fint fyllt trof\u00e9sk\u00e5p. S\u00f6nerna <span style=\"color: #bfa723;\">Ton och Nicky de Swart<\/span> deltog regelbundet i t\u00e4vlingar och drogs in i sin fadern Jos entusiasm. De tog hemregionala och till och med nationella priser.<\/p>\n<p>Efter att Ton avslutat skolan vid 17 \u00e5rs \u00e5lder visste han omedelbart vad han ville ha !Sitt eget handelsf\u00f6retag. Jos, en d\u00e5varande svetsare, s\u00e5lde ett par h\u00e4star och tillsammans startade de den f\u00f6rsta verksamheten som sin egen chef. De k\u00f6pte en s\u00e5g, borrpress och en svetsmaskin och med dem var de redo att g\u00f6ra stall f\u00f6r m\u00e4nniskor som sig sj\u00e4lva , <span style=\"color: #bfa723;\">m\u00e4nniskor som brinner f\u00f6r h\u00e4star.<\/span><\/p>\n<p>De f\u00f6rsta \u00e5ren var sv\u00e5ra. Ton fokuserade p\u00e5 f\u00f6rs\u00e4ljning av stall och Jos ledde produktionen. Det var ett litet f\u00f6retag och det var sv\u00e5rt att g\u00f6ra de m\u00e5nga olika stallen perfekta. Vid den tiden gjorde de ibland en skrittmaskin mellan alla de vanliga projekten, men det var inte alls en viktig produkt. Priserna var h\u00f6ga och en skrittmaskin var alldeles f\u00f6r dyr f\u00f6r den genomsnittliga h\u00e4st\u00e4garen. De enda kunderna som hade en skrittmaskind\u00e5, var stora ridskolorna eller professionella stall.<\/p>\n<p>Vid den tiden avslutade sonen Nicky sina studier och gick med i f\u00f6retaget. Tillsammans gjorde de designen f\u00f6r skritten. Under en l\u00e5ng tid hade Jos velat g\u00f6ra skrittmaskiner precis som andra enheter, G\u00f6r-det-sj\u00e4lv paket. Modellen reviderades f\u00f6r att vara flexibel och enkel. Om de producerade mer i serie skulle skritten ocks\u00e5 bli billigare och tillg\u00e4nglig f\u00f6r en bredare publik f\u00f6r h\u00e4st\u00e4gare precis som de sj\u00e4lva.<\/p>\n<p>De gjorde de f\u00f6rsta prototyperna och skrittmaskinen tog form. De var redo f\u00f6r n\u00e4sta steg, namnet. P\u00e5 en helg brainstormade familjen. Flera namn f\u00f6reslogs. Men de letade efter ett sl\u00e5ende namn, ett som f\u00e4ster. Till slut blev det Molenkoning &#8211; kanske lite v\u00e5gat men det k\u00e4ndes bra. Samma helg gjorde Nicky en webbplats och Ton lade en annons i h\u00e4sttidningen. Under veckan som f\u00f6ljde s\u00e5lde de tre skrittmaskiner. D\u00e5 visste m\u00e4nnen att deras satsning var r\u00e4tt! De kunde aldrig ha f\u00f6rest\u00e4llt sig vad som h\u00e4nde d\u00e4refter.<\/p>\n<p>Under de f\u00f6ljande \u00e5ren blev Molenkoning den globala marknadsledaren inom skrittmaskiner och rundade staket och tak. <span style=\"color: #bfa723;\">Hittills \u00e4r Molenkonings uppdrag att g\u00f6ra <a href=\"https:\/\/molenkoning.com\/sv\/produkter\/skrittmaskiner\/\">skrittmaskiner<\/a> av h\u00f6gsta kvalitet till ett konkurrenskraftigt pris.<\/span> Molenkoningstr\u00e4ningsmaskiner \u00e4r perfekta, och o\u00f6vertr\u00e4ffade som eng\u00f6r-det-sj\u00e4lv sats. L\u00e4s ber\u00e4ttelserna om tusentals kunder som f\u00f6regick dig:<\/p>\n<p><a href=\"https:\/\/molenkoning.com\/sv\/mk-erfarenhet\/\">Klick !<\/a><\/p>\n<\/div><div class=\"fusion-clearfix\"><\/div><\/div><\/div><\/div><\/div><\/p>\n","protected":false},"excerpt":{"rendered":"","protected":false},"author":1,"featured_media":0,"parent":0,"menu_order":0,"comment_status":"closed","ping_status":"closed","template":"100-width.php","meta":{"_acf_changed":false,"content-type":"","footnotes":""},"class_list":["post-11636","page","type-page","status-publish","hentry"],"acf":[],"_links":{"self":[{"href":"https:\/\/molenkoning.com\/sv\/wp-json\/wp\/v2\/pages\/11636","targetHints":{"allow":["GET"]}}],"collection":[{"href":"https:\/\/molenkoning.com\/sv\/wp-json\/wp\/v2\/pages"}],"about":[{"href":"https:\/\/molenkoning.com\/sv\/wp-json\/wp\/v2\/types\/page"}],"author":[{"embeddable":true,"href":"https:\/\/molenkoning.com\/sv\/wp-json\/wp\/v2\/users\/1"}],"replies":[{"embeddable":true,"href":"https:\/\/molenkoning.com\/sv\/wp-json\/wp\/v2\/comments?post=11636"}],"version-history":[{"count":19,"href":"https:\/\/molenkoning.com\/sv\/wp-json\/wp\/v2\/pages\/11636\/revisions"}],"predecessor-version":[{"id":34192,"href":"https:\/\/molenkoning.com\/sv\/wp-json\/wp\/v2\/pages\/11636\/revisions\/34192"}],"wp:attachment":[{"href":"https:\/\/molenkoning.com\/sv\/wp-json\/wp\/v2\/media?parent=11636"}],"curies":[{"name":"wp","href":"https:\/\/api.w.org\/{rel}","templated":true}]}}