{"id":201031,"date":"2026-03-10T13:58:57","date_gmt":"2026-03-10T13:58:57","guid":{"rendered":"https:\/\/molenkoning.com\/?post_type=product&#038;p=201031"},"modified":"2026-04-14T13:19:47","modified_gmt":"2026-04-14T13:19:47","slug":"set-6-infrardecih-svetilk-120w","status":"publish","type":"product","link":"https:\/\/molenkoning.com\/sl\/izdelek\/set-6-infrardecih-svetilk-120w\/","title":{"rendered":"Set 6 Infrarde\u010dih Svetilk \u2013 120W"},"content":{"rendered":"<div class=\"fusion-fullwidth fullwidth-box fusion-builder-row-1 fusion-flex-container has-pattern-background has-mask-background nonhundred-percent-fullwidth non-hundred-percent-height-scrolling\" style=\"--awb-border-radius-top-left:0px;--awb-border-radius-top-right:0px;--awb-border-radius-bottom-right:0px;--awb-border-radius-bottom-left:0px;--awb-flex-wrap:wrap;\" ><div class=\"fusion-builder-row fusion-row fusion-flex-align-items-flex-start fusion-flex-content-wrap\" style=\"max-width:1144px;margin-left: calc(-4% \/ 2 );margin-right: calc(-4% \/ 2 );\"><div class=\"fusion-layout-column fusion_builder_column fusion-builder-column-0 fusion_builder_column_1_1 1_1 fusion-flex-column\" style=\"--awb-bg-size:cover;--awb-width-large:100%;--awb-margin-top-large:0px;--awb-spacing-right-large:1.92%;--awb-margin-bottom-large:20px;--awb-spacing-left-large:1.92%;--awb-width-medium:100%;--awb-order-medium:0;--awb-spacing-right-medium:1.92%;--awb-spacing-left-medium:1.92%;--awb-width-small:100%;--awb-order-small:0;--awb-spacing-right-small:1.92%;--awb-spacing-left-small:1.92%;\"><div class=\"fusion-column-wrapper fusion-column-has-shadow fusion-flex-justify-content-flex-start fusion-content-layout-column\"><div class=\"fusion-text fusion-text-1\"><p>Naro\u010dite svoj komplet zdaj in izkoristite takoj\u0161nji popust na MK \u017earnice ter ugodnej\u0161o ceno dostave. Ta komplet \u017earnic je vedno na zalogi, dostava znotraj Evropske unije pa je zagotovljena v 7 dneh.<\/p>\n<p><span style=\"color: #bfa723;\">6 MK infrarde\u010dih \u017earnic 120 W, E27 grlo.<\/span><\/p>\n<p>Ta komplet \u017earnic ni zdru\u017eljiv z MK Premium infrarde\u010dim solarijem, prodanim po marec 2026.<\/p>\n<\/div><\/div><\/div><\/div><\/div>\n","protected":false},"excerpt":{"rendered":"","protected":false},"featured_media":186837,"template":"","meta":{"_acf_changed":false,"content-type":""},"product_brand":[],"product_cat":[573,720],"product_tag":[],"class_list":{"0":"post-201031","1":"product","2":"type-product","3":"status-publish","4":"has-post-thumbnail","6":"product_cat-solarium-sl","7":"product_cat-spare-parts-sl","9":"first","10":"instock","11":"taxable","12":"shipping-taxable","13":"purchasable","14":"product-type-simple"},"acf":[],"_links":{"self":[{"href":"https:\/\/molenkoning.com\/sl\/wp-json\/wp\/v2\/product\/201031","targetHints":{"allow":["GET"]}}],"collection":[{"href":"https:\/\/molenkoning.com\/sl\/wp-json\/wp\/v2\/product"}],"about":[{"href":"https:\/\/molenkoning.com\/sl\/wp-json\/wp\/v2\/types\/product"}],"wp:featuredmedia":[{"embeddable":true,"href":"https:\/\/molenkoning.com\/sl\/wp-json\/wp\/v2\/media\/186837"}],"wp:attachment":[{"href":"https:\/\/molenkoning.com\/sl\/wp-json\/wp\/v2\/media?parent=201031"}],"wp:term":[{"taxonomy":"product_brand","embeddable":true,"href":"https:\/\/molenkoning.com\/sl\/wp-json\/wp\/v2\/product_brand?post=201031"},{"taxonomy":"product_cat","embeddable":true,"href":"https:\/\/molenkoning.com\/sl\/wp-json\/wp\/v2\/product_cat?post=201031"},{"taxonomy":"product_tag","embeddable":true,"href":"https:\/\/molenkoning.com\/sl\/wp-json\/wp\/v2\/product_tag?post=201031"}],"curies":[{"name":"wp","href":"https:\/\/api.w.org\/{rel}","templated":true}]}}