{"id":175491,"date":"2016-02-24T05:23:09","date_gmt":"2016-02-24T05:23:09","guid":{"rendered":"https:\/\/molenkoning.com\/about\/"},"modified":"2024-03-19T09:26:19","modified_gmt":"2024-03-19T09:26:19","slug":"o-nas","status":"publish","type":"page","link":"https:\/\/molenkoning.com\/sl\/o-nas\/","title":{"rendered":"O nas"},"content":{"rendered":"<p><div class=\"fusion-fullwidth fullwidth-box fusion-builder-row-1 fusion-flex-container fusion-parallax-none abtouter hundred-percent-fullwidth non-hundred-percent-height-scrolling fusion-no-small-visibility\" style=\"--awb-background-position:center top;--awb-border-radius-top-left:0px;--awb-border-radius-top-right:0px;--awb-border-radius-bottom-right:0px;--awb-border-radius-bottom-left:0px;--awb-padding-top:30px;--awb-padding-right:30px;--awb-padding-bottom:0px;--awb-margin-bottom:0px;--awb-background-image:url(&quot;https:\/\/molenkoning.com\/wp-content\/uploads\/2020\/04\/storybg.jpg&quot;);--awb-background-size:cover;--awb-flex-wrap:wrap;\" ><div class=\"fusion-builder-row fusion-row fusion-flex-align-items-flex-start fusion-flex-content-wrap\" style=\"width:104% !important;max-width:104% !important;margin-left: calc(-4% \/ 2 );margin-right: calc(-4% \/ 2 );\"><div class=\"fusion-layout-column fusion_builder_column fusion-builder-column-0 fusion_builder_column_1_2 1_2 fusion-flex-column abtouter\" style=\"--awb-bg-position:right bottom;--awb-bg-size:cover;--awb-width-large:50%;--awb-margin-top-large:0px;--awb-spacing-right-large:0px;--awb-margin-bottom-large:0px;--awb-spacing-left-large:3.84%;--awb-width-medium:50%;--awb-spacing-right-medium:0px;--awb-spacing-left-medium:3.84%;--awb-width-small:100%;--awb-spacing-right-small:1.92%;--awb-spacing-left-small:1.92%;\"><div class=\"fusion-column-wrapper fusion-column-has-shadow fusion-flex-justify-content-flex-start fusion-content-layout-column\"><\/div><\/div><div class=\"fusion-layout-column fusion_builder_column fusion-builder-column-1 fusion_builder_column_1_2 1_2 fusion-flex-column\" style=\"--awb-padding-left:110px;--awb-bg-position:right bottom;--awb-bg-size:cover;--awb-width-large:50%;--awb-margin-top-large:0px;--awb-spacing-right-large:3.84%;--awb-margin-bottom-large:0px;--awb-spacing-left-large:0px;--awb-width-medium:50%;--awb-spacing-right-medium:3.84%;--awb-spacing-left-medium:0px;--awb-width-small:100%;--awb-spacing-right-small:1.92%;--awb-spacing-left-small:1.92%;\"><div class=\"fusion-column-wrapper fusion-column-has-shadow fusion-flex-justify-content-flex-start fusion-content-layout-column\"><div class=\"fusion-title title fusion-title-1 fusion-sep-none fusion-title-center fusion-title-text fusion-title-size-one\" style=\"--awb-font-size:35px;\"><h1 class=\"fusion-title-heading title-heading-center\" style=\"margin:0;font-size:1em;\"><span style=\"color: #ffffff;\">MOLENKONING: ZGODBA<\/span> <span style=\"color: #bfa723;\">O\u010cETA IN NJEGOVIH DVEH SINOVH<\/span><\/h1><\/div><div class=\"fusion-text fusion-text-1\" style=\"--awb-text-color:#ffffff;\"><p><span style=\"color: #bfa723;\">Jos de Swart<\/span> je bil ljubitelj konj z du\u0161o in telesom. Prvega konja je kupil pri 18 letih, ne da bi nadaljeval dru\u017einsko tradicijo, ampak ker so ga \u017eivali privla\u010dile. Takoj je vedel, kaj mu je v\u0161e\u010d: nizozemski vpre\u017eni konj.<\/p>\n<p>Leta treningov in dela s konji so prinesla polno vitrino pokalov. Sinova <span style=\"color: #bfa723;\">Ton in Nicky de Swart<\/span> sta redno obiskovala tekmovanja in sta bila navdu\u0161ena nad o\u010detovim entuziazmom. Domov sta prihajala z regionalnimi in celo nacionalnimi nagradami.<\/p>\n<p>Ko je Ton kon\u010dal \u0161olo pri 17 letih, je takoj vedel, kaj ho\u010de: svoje trgovsko podjetje. Jos, takrat varilec, je prodal par konj in skupaj sta za\u010dela prvo podjetje kot samostojna podjetnika. Kupila sta \u017eago, stiskalnico in varilni aparat in s tem bila pripravljena delati hleve za ljudi, kot so bili sami:<span style=\"color: #bfa723;\"> strastni ljubitelji konj.<\/span><\/p>\n<p>Prva leta so bila te\u017eka. Ton se je osredoto\u010dil na prodajo hlevov, Jos pa je vodil proizvodnjo. Bilo je majhno podjetje, kar je ote\u017eevalo izpopolnjevanje razli\u010dnih hlevov. Takrat so ob\u010dasno izdelali kak\u0161no sprehajalno napravo med vsemi projekti hlevov, vendar to \u0161e zdale\u010d ni bil pomemben izdelek. Cene so bile visoke in sprehajalna naprava je bila za povpre\u010dnega lastnika konj predraga. Edini kupci, ki so takrat imeli name\u0161\u010deno sprehajalno napravo, so bile velike jahalne \u0161ole ali profesionalni hlevi.<\/p>\n<p>V takratnem \u010dasu je sin Nicky kon\u010dal \u0161tudij in se pridru\u017eil dvojici. Skupaj so zasnovali model sprehajalne naprave. Jos je \u017ee dolgo \u017eelel izdelovati konjske sprehajalne naprave kot druge naprave, pripravljene za uporabo. Model je bil prenovljen tako, da je bil modularni in preprost. \u010ce bi proizvedli ve\u010d v seriji, bi sprehajalna naprava postala cenej\u0161a in dostopnej\u0161a \u0161ir\u0161emu ob\u010dinstvu, lastnikom konj, kot so bili sami.<\/p>\n<p>Izdelali so prve prototipe in sprehajalna naprava je dobila obliko. Bili so pripravljeni na naslednji korak, ime. V enem vikendu je dru\u017eina organizirala brainstorming. Predlaganih je bilo ve\u010d imen. A iskali so vpadljivo ime, nekaj kar se prime. Na koncu je postalo Molenkoning \u2013 morda malo drzno, ampak se je zdelo prav. Tisti isti vikend je Nicky naredil spletno stran in Ton dal oglas v konjski \u010dasopis. V tednu, ki je sledil, so prodali tri sprehajalne naprave. Takrat so mo\u017eje vedeli, da so na\u0161li zlato! Nikoli si niso mogli predstavljati, kaj se bo zgodilo naprej.<\/p>\n<p>V letih, ki so sledila, je Molenkoning postal svetovni tr\u017eni vodja na podro\u010dju sprehajalnih naprav za konje ter ograj in streh za naprave.<span style=\"color: #bfa723;\"> Molenkoningova misija je \u0161e danes izdelovati vrhunske sprehajalne naprave za konje po konkuren\u010dnih cenah.<\/span> Vadbeni pripomo\u010dki Molenkoning so izpopolnjeni in brez konkurence kot komplet za samostojno sestavo \u2013 besede, ki jim ni treba verjeti od nas. Preberite zgodbe tiso\u010dih strank, ki so \u017ee uporabniki MK:<\/p>\n<p><a href=\"https:\/\/molenkoning.com\/sl\/mk-izkusnje\/\">Klik!<\/a><\/p>\n<\/div><\/div><\/div><\/div><\/div><div class=\"fusion-fullwidth fullwidth-box fusion-builder-row-2 fusion-flex-container hundred-percent-fullwidth non-hundred-percent-height-scrolling fusion-no-medium-visibility fusion-no-large-visibility\" style=\"--awb-border-radius-top-left:0px;--awb-border-radius-top-right:0px;--awb-border-radius-bottom-right:0px;--awb-border-radius-bottom-left:0px;--awb-padding-right:0px;--awb-padding-left:0px;--awb-flex-wrap:wrap;\" ><div class=\"fusion-builder-row fusion-row fusion-flex-align-items-flex-start fusion-flex-content-wrap\" style=\"width:calc( 100% + 0px ) !important;max-width:calc( 100% + 0px ) !important;margin-left: calc(-0px \/ 2 );margin-right: calc(-0px \/ 2 );\"><div class=\"fusion-layout-column fusion_builder_column fusion-builder-column-2 fusion_builder_column_1_2 1_2 fusion-flex-column\" style=\"--awb-bg-size:cover;--awb-width-large:50%;--awb-margin-top-large:0px;--awb-spacing-right-large:0px;--awb-margin-bottom-large:0px;--awb-spacing-left-large:0px;--awb-width-medium:50%;--awb-spacing-right-medium:0px;--awb-spacing-left-medium:0px;--awb-width-small:100%;--awb-spacing-right-small:0px;--awb-spacing-left-small:0px;\"><div class=\"fusion-column-wrapper fusion-column-has-shadow fusion-flex-justify-content-flex-start fusion-content-layout-column\"><div class=\"fusion-image-element \" style=\"--awb-caption-title-font-family:var(--h2_typography-font-family);--awb-caption-title-font-weight:var(--h2_typography-font-weight);--awb-caption-title-font-style:var(--h2_typography-font-style);--awb-caption-title-size:var(--h2_typography-font-size);--awb-caption-title-transform:var(--h2_typography-text-transform);--awb-caption-title-line-height:var(--h2_typography-line-height);--awb-caption-title-letter-spacing:var(--h2_typography-letter-spacing);\"><span class=\" fusion-imageframe imageframe-none imageframe-1 hover-type-none\"><img decoding=\"async\" width=\"915\" height=\"1024\" title=\"Ton-Jos-Nicky\" src=\"https:\/\/molenkoning.com\/wp-content\/uploads\/2020\/05\/Ton-Jos-Nicky-915x1024.jpg\" alt class=\"img-responsive wp-image-175498\" srcset=\"https:\/\/molenkoning.com\/wp-content\/uploads\/2020\/05\/Ton-Jos-Nicky-200x224.jpg 200w, https:\/\/molenkoning.com\/wp-content\/uploads\/2020\/05\/Ton-Jos-Nicky-400x448.jpg 400w, https:\/\/molenkoning.com\/wp-content\/uploads\/2020\/05\/Ton-Jos-Nicky-600x671.jpg 600w, https:\/\/molenkoning.com\/wp-content\/uploads\/2020\/05\/Ton-Jos-Nicky-800x895.jpg 800w, https:\/\/molenkoning.com\/wp-content\/uploads\/2020\/05\/Ton-Jos-Nicky-1200x1343.jpg 1200w\" sizes=\"(max-width: 640px) 100vw, 600px\" \/><\/span><\/div><\/div><\/div><div class=\"fusion-layout-column fusion_builder_column fusion-builder-column-3 fusion_builder_column_1_2 1_2 fusion-flex-column\" style=\"--awb-padding-left:110px;--awb-bg-position:right bottom;--awb-bg-size:cover;--awb-width-large:50%;--awb-margin-top-large:0px;--awb-spacing-right-large:0px;--awb-margin-bottom-large:0px;--awb-spacing-left-large:0px;--awb-width-medium:50%;--awb-spacing-right-medium:0px;--awb-spacing-left-medium:0px;--awb-width-small:100%;--awb-spacing-right-small:0px;--awb-spacing-left-small:0px;\"><div class=\"fusion-column-wrapper fusion-column-has-shadow fusion-flex-justify-content-flex-start fusion-content-layout-column\"><div class=\"fusion-title title fusion-title-2 fusion-sep-none fusion-title-center fusion-title-text fusion-title-size-one\" style=\"--awb-font-size:20px;\"><h1 class=\"fusion-title-heading title-heading-center\" style=\"margin:0;font-size:1em;\"><span style=\"color: #ffffff;\">MOLENKONING: ZGODBA<\/span> <span style=\"color: #bfa723;\">O\u010cETA IN NJEGOVIH DVEH SINOVH<\/span><\/h1><\/div><div class=\"fusion-text fusion-text-2\" style=\"--awb-text-color:#ffffff;\"><p><span style=\"color: #bfa723;\">Jos de Swart<\/span> je bil ljubitelj konj z du\u0161o in telesom. Prvega konja je kupil pri 18 letih, ne da bi nadaljeval dru\u017einsko tradicijo, ampak ker so ga \u017eivali privla\u010dile. Takoj je vedel, kaj mu je v\u0161e\u010d: nizozemski vpre\u017eni konj.<\/p>\n<p>Leta treningov in dela s konji so prinesla polno vitrino pokalov. Sinova <span style=\"color: #bfa723;\">Ton in Nicky de Swart<\/span> sta redno obiskovala tekmovanja in sta bila navdu\u0161ena nad o\u010detovim entuziazmom. Domov sta prihajala z regionalnimi in celo nacionalnimi nagradami.<\/p>\n<p>Ko je Ton kon\u010dal \u0161olo pri 17 letih, je takoj vedel, kaj ho\u010de: svoje trgovsko podjetje. Jos, takrat varilec, je prodal par konj in skupaj sta za\u010dela prvo podjetje kot samostojna podjetnika. Kupila sta \u017eago, stiskalnico in varilni aparat in s tem bila pripravljena delati hleve za ljudi, kot so bili sami:<span style=\"color: #bfa723;\"> strastni ljubitelji konj.<\/span><\/p>\n<p>Prva leta so bila te\u017eka. Ton se je osredoto\u010dil na prodajo hlevov, Jos pa je vodil proizvodnjo. Bilo je majhno podjetje, kar je ote\u017eevalo izpopolnjevanje razli\u010dnih hlevov. Takrat so ob\u010dasno izdelali kak\u0161no sprehajalno napravo med vsemi projekti hlevov, vendar to \u0161e zdale\u010d ni bil pomemben izdelek. Cene so bile visoke in sprehajalna naprava je bila za povpre\u010dnega lastnika konj predraga. Edini kupci, ki so takrat imeli name\u0161\u010deno sprehajalno napravo, so bile velike jahalne \u0161ole ali profesionalni hlevi.<\/p>\n<p>V takratnem \u010dasu je sin Nicky kon\u010dal \u0161tudij in se pridru\u017eil dvojici. Skupaj so zasnovali model sprehajalne naprave. Jos je \u017ee dolgo \u017eelel izdelovati konjske sprehajalne naprave kot druge naprave, pripravljene za uporabo. Model je bil prenovljen tako, da je bil modularni in preprost. \u010ce bi proizvedli ve\u010d v seriji, bi sprehajalna naprava postala cenej\u0161a in dostopnej\u0161a \u0161ir\u0161emu ob\u010dinstvu, lastnikom konj, kot so bili sami.<\/p>\n<p>Izdelali so prve prototipe in sprehajalna naprava je dobila obliko. Bili so pripravljeni na naslednji korak, ime. V enem vikendu je dru\u017eina organizirala brainstorming. Predlaganih je bilo ve\u010d imen. A iskali so vpadljivo ime, nekaj kar se prime. Na koncu je postalo Molenkoning \u2013 morda malo drzno, ampak se je zdelo prav. Tisti isti vikend je Nicky naredil spletno stran in Ton dal oglas v konjski \u010dasopis. V tednu, ki je sledil, so prodali tri sprehajalne naprave. Takrat so mo\u017eje vedeli, da so na\u0161li zlato! Nikoli si niso mogli predstavljati, kaj se bo zgodilo naprej.<\/p>\n<p>V letih, ki so sledila, je Molenkoning postal svetovni tr\u017eni vodja na podro\u010dju sprehajalnih naprav za konje ter ograj in streh za naprave.<span style=\"color: #bfa723;\"> Molenkoningova misija je \u0161e danes izdelovati vrhunske sprehajalne naprave za konje po konkuren\u010dnih cenah.<\/span> Vadbeni pripomo\u010dki Molenkoning so izpopolnjeni in brez konkurence kot komplet za samostojno sestavo \u2013 besede, ki jim ni treba verjeti od nas. Preberite zgodbe tiso\u010dih strank, ki so \u017ee uporabniki MK:<\/p>\n<p><a href=\"https:\/\/molenkoning.com\/sl\/mk-izkusnje\/\">Klik!<\/a><\/p>\n<\/div><\/div><\/div><\/div><\/div><\/p>\n","protected":false},"excerpt":{"rendered":"","protected":false},"author":1,"featured_media":0,"parent":0,"menu_order":0,"comment_status":"closed","ping_status":"closed","template":"100-width.php","meta":{"_acf_changed":false,"content-type":"","footnotes":""},"class_list":["post-175491","page","type-page","status-publish","hentry"],"acf":[],"_links":{"self":[{"href":"https:\/\/molenkoning.com\/sl\/wp-json\/wp\/v2\/pages\/175491","targetHints":{"allow":["GET"]}}],"collection":[{"href":"https:\/\/molenkoning.com\/sl\/wp-json\/wp\/v2\/pages"}],"about":[{"href":"https:\/\/molenkoning.com\/sl\/wp-json\/wp\/v2\/types\/page"}],"author":[{"embeddable":true,"href":"https:\/\/molenkoning.com\/sl\/wp-json\/wp\/v2\/users\/1"}],"replies":[{"embeddable":true,"href":"https:\/\/molenkoning.com\/sl\/wp-json\/wp\/v2\/comments?post=175491"}],"version-history":[{"count":9,"href":"https:\/\/molenkoning.com\/sl\/wp-json\/wp\/v2\/pages\/175491\/revisions"}],"predecessor-version":[{"id":182232,"href":"https:\/\/molenkoning.com\/sl\/wp-json\/wp\/v2\/pages\/175491\/revisions\/182232"}],"wp:attachment":[{"href":"https:\/\/molenkoning.com\/sl\/wp-json\/wp\/v2\/media?parent=175491"}],"curies":[{"name":"wp","href":"https:\/\/api.w.org\/{rel}","templated":true}]}}