{"id":175489,"date":"2020-04-22T12:41:07","date_gmt":"2020-04-22T12:41:07","guid":{"rendered":"https:\/\/molenkoning.com\/mk-agents\/"},"modified":"2025-06-06T08:44:36","modified_gmt":"2025-06-06T08:44:36","slug":"mk-agenti","status":"publish","type":"page","link":"https:\/\/molenkoning.com\/sl\/mk-agenti\/","title":{"rendered":"MK Agenti"},"content":{"rendered":"<p><div class=\"fusion-fullwidth fullwidth-box fusion-builder-row-1 fusion-flex-container hundred-percent-fullwidth non-hundred-percent-height-scrolling\" style=\"--awb-border-radius-top-left:0px;--awb-border-radius-top-right:0px;--awb-border-radius-bottom-right:0px;--awb-border-radius-bottom-left:0px;--awb-padding-top:20px;--awb-padding-right:0px;--awb-padding-bottom:20px;--awb-padding-left:0px;--awb-flex-wrap:wrap;\" ><div class=\"fusion-builder-row fusion-row fusion-flex-align-items-flex-start fusion-flex-content-wrap\" style=\"width:104% !important;max-width:104% !important;margin-left: calc(-4% \/ 2 );margin-right: calc(-4% \/ 2 );\"><div class=\"fusion-layout-column fusion_builder_column fusion-builder-column-0 fusion_builder_column_1_1 1_1 fusion-flex-column agenttxt\" style=\"--awb-padding-top:20px;--awb-padding-right:20px;--awb-padding-bottom:20px;--awb-padding-left:20px;--awb-bg-color:#969696;--awb-bg-color-hover:#969696;--awb-bg-size:cover;--awb-width-large:100%;--awb-margin-top-large:0px;--awb-spacing-right-large:1.92%;--awb-margin-bottom-large:20px;--awb-spacing-left-large:1.92%;--awb-width-medium:100%;--awb-spacing-right-medium:1.92%;--awb-spacing-left-medium:1.92%;--awb-width-small:100%;--awb-spacing-right-small:1.92%;--awb-spacing-left-small:1.92%;\"><div class=\"fusion-column-wrapper fusion-column-has-shadow fusion-flex-justify-content-flex-start fusion-content-layout-column\"><div class=\"fusion-text fusion-text-1\"><p style=\"text-align: center; margin-bottom: 0;\"><span style=\"color: #ffffff;\">\u010ce v va\u0161i dr\u017eavi ni zastopnika MK, se obrnite na na\u0161 sede\u017e na Nizozemskem.<br \/>\nZ veseljem vam bomo pomagali!<\/span><\/p>\n<\/div><\/div><\/div><div class=\"fusion-layout-column fusion_builder_column fusion-builder-column-1 fusion_builder_column_1_1 1_1 fusion-flex-column\" style=\"--awb-bg-size:cover;--awb-width-large:100%;--awb-margin-top-large:0px;--awb-spacing-right-large:1.92%;--awb-margin-bottom-large:20px;--awb-spacing-left-large:1.92%;--awb-width-medium:100%;--awb-spacing-right-medium:1.92%;--awb-spacing-left-medium:1.92%;--awb-width-small:100%;--awb-spacing-right-small:1.92%;--awb-spacing-left-small:1.92%;\"><div class=\"fusion-column-wrapper fusion-column-has-shadow fusion-flex-justify-content-flex-start fusion-content-layout-column\"><div class=\"fusion-text fusion-text-2\"><div id=\"unique_iwm_0\"><!-- Map Generated CSS --> \n <style>\n.iwm_map_canvas { overflow:hidden; }#map_canvas_25 path:not([id]) { stroke:#ffffff; }#map_canvas_25 path:not([id]) { stroke-width:1; }#map_canvas_25 { background-repeat:no-repeat; background-size: 100% 100%; }#map_canvas_25 .google-visualization-tooltip { background:#f7f7f7; }#map_canvas_25 .google-visualization-tooltip { min-width:100px; }@media handheld, only screen and (max-width: 480px) { #map_canvas_25 circle { r:4 !important; }}@media handheld, only screen and (max-width: 480px) { #map_canvas_25 svg image { width:4px !important; height:4px !important; transform: translate(-2px,-2px) !important;  }}#map_canvas_25 .google-visualization-tooltip { border-color:#E3E3E3; }#map_canvas_25 .google-visualization-tooltip { border-width:1; }<\/style><div class='iwm_map_canvas iwm_custom_icon'><div id='map_canvas_25' data-map-id='25' data-marker-size='12' data-icon-url='https:\/\/molenkoning.com\/wp-content\/uploads\/2020\/04\/footerlogo.png' data-icon-position='center' class='i_world_map ' class='iwm_map_canvas iwm_custom_icon'><div class='iwm_placeholder'><img width='32px' alt='New World Map SL Placeholder' title='New World Map SL' src='https:\/\/molenkoning.com\/wp-content\/plugins\/interactive-world-maps\/imgs\/placeholder.png'><br>New World Map SL<\/div><\/div><\/div><div id='imap25message' style='display:none;'>\n\t\t\t\t<div id=\"map_25_message_525001698\" style=\"display:block;\"><\/div><div id=\"map_25_message_505039\" style=\"display:block;\"><\/div><div id=\"map_25_message_46603354\" style=\"display:block;\"><\/div><div id=\"map_25_message_511657\" style=\"display:block;\"><\/div><div id=\"map_25_message_469287643\" style=\"display:block;\"><\/div><div id=\"map_25_message_480663342\" style=\"display:block;\"><\/div><div id=\"map_25_message_52980240\" style=\"display:block;\"><\/div><div id=\"map_25_message_358456802\" style=\"display:block;\"><\/div><div id=\"map_25_message_393262345\" style=\"display:block;\"><\/div><div id=\"map_25_message_596749712\" style=\"display:block;\"><\/div><div id=\"map_25_message_590628733\" style=\"display:block;\"><\/div><div id=\"map_25_message_51919437\" style=\"display:block;\"><\/div><div id=\"map_25_message_418719\" style=\"display:block;\"><\/div><div id=\"map_25_message_397837304\" style=\"display:block;\"><\/div><div id=\"map_25_message_610666922\" style=\"display:block;\"><\/div><div id=\"map_25_message_62389702\" style=\"display:block;\"><\/div><div id=\"map_25_message_362048\" style=\"display:block;\"><\/div><div id=\"map_25_message_38736946\" style=\"display:block;\"><\/div><div id=\"map_25_message_50073658\" style=\"display:block;\"><\/div><div id=\"map_25_message_461199444\" style=\"display:block;\"><\/div><div id=\"map_25_message_389597594\" style=\"display:block;\"><\/div><div id=\"map_25_message_24453884\" style=\"display:block;\"><\/div>\n\t\t\t\t<\/div><\/div>\n<\/div><\/div><\/div><\/div><\/div><div class=\"fusion-fullwidth fullwidth-box fusion-builder-row-2 fusion-flex-container hundred-percent-fullwidth non-hundred-percent-height-scrolling\" style=\"--awb-border-radius-top-left:0px;--awb-border-radius-top-right:0px;--awb-border-radius-bottom-right:0px;--awb-border-radius-bottom-left:0px;--awb-padding-top:20px;--awb-padding-bottom:20px;--awb-background-color:#f7f7f7;--awb-flex-wrap:wrap;\" ><div class=\"fusion-builder-row fusion-row fusion-flex-align-items-flex-start fusion-flex-content-wrap\" style=\"width:104% !important;max-width:104% !important;margin-left: calc(-4% \/ 2 );margin-right: calc(-4% \/ 2 );\"><div class=\"fusion-layout-column fusion_builder_column fusion-builder-column-2 fusion_builder_column_1_5 1_5 fusion-flex-column\" style=\"--awb-bg-size:cover;--awb-width-large:20%;--awb-margin-top-large:0px;--awb-spacing-right-large:9.6%;--awb-margin-bottom-large:20px;--awb-spacing-left-large:9.6%;--awb-width-medium:20%;--awb-spacing-right-medium:9.6%;--awb-spacing-left-medium:9.6%;--awb-width-small:100%;--awb-spacing-right-small:1.92%;--awb-spacing-left-small:1.92%;\"><div class=\"fusion-column-wrapper fusion-column-has-shadow fusion-flex-justify-content-flex-start fusion-content-layout-column\"><\/div><\/div><div class=\"fusion-layout-column fusion_builder_column fusion-builder-column-3 fusion_builder_column_3_5 3_5 fusion-flex-column\" style=\"--awb-bg-size:cover;--awb-width-large:60%;--awb-margin-top-large:0px;--awb-spacing-right-large:3.2%;--awb-margin-bottom-large:20px;--awb-spacing-left-large:3.2%;--awb-width-medium:60%;--awb-spacing-right-medium:3.2%;--awb-spacing-left-medium:3.2%;--awb-width-small:100%;--awb-spacing-right-small:1.92%;--awb-spacing-left-small:1.92%;\"><div class=\"fusion-column-wrapper fusion-column-has-shadow fusion-flex-justify-content-flex-start fusion-content-layout-column\"><div class=\"fusion-text fusion-text-3\"><p><script charset=\"utf-8\" type=\"text\/javascript\" src=\"\/\/js.hsforms.net\/forms\/embed\/v2.js\"><\/script><br \/>\n<script>\n  hbspt.forms.create({\n    region: \"na1\",\n    portalId: \"7963348\",\n    formId: \"18957440-1685-4987-9855-d13dd3b68165\"\n  });\n<\/script><\/p>\n<\/div><\/div><\/div><div class=\"fusion-layout-column fusion_builder_column fusion-builder-column-4 fusion_builder_column_1_5 1_5 fusion-flex-column\" style=\"--awb-bg-size:cover;--awb-width-large:20%;--awb-margin-top-large:0px;--awb-spacing-right-large:9.6%;--awb-margin-bottom-large:20px;--awb-spacing-left-large:9.6%;--awb-width-medium:20%;--awb-spacing-right-medium:9.6%;--awb-spacing-left-medium:9.6%;--awb-width-small:100%;--awb-spacing-right-small:1.92%;--awb-spacing-left-small:1.92%;\"><div class=\"fusion-column-wrapper fusion-column-has-shadow fusion-flex-justify-content-flex-start fusion-content-layout-column\"><\/div><\/div><\/div><\/div><\/p>\n","protected":false},"excerpt":{"rendered":"","protected":false},"author":1,"featured_media":0,"parent":0,"menu_order":0,"comment_status":"closed","ping_status":"closed","template":"100-width.php","meta":{"_acf_changed":false,"content-type":"","footnotes":""},"class_list":["post-175489","page","type-page","status-publish","hentry"],"acf":[],"_links":{"self":[{"href":"https:\/\/molenkoning.com\/sl\/wp-json\/wp\/v2\/pages\/175489","targetHints":{"allow":["GET"]}}],"collection":[{"href":"https:\/\/molenkoning.com\/sl\/wp-json\/wp\/v2\/pages"}],"about":[{"href":"https:\/\/molenkoning.com\/sl\/wp-json\/wp\/v2\/types\/page"}],"author":[{"embeddable":true,"href":"https:\/\/molenkoning.com\/sl\/wp-json\/wp\/v2\/users\/1"}],"replies":[{"embeddable":true,"href":"https:\/\/molenkoning.com\/sl\/wp-json\/wp\/v2\/comments?post=175489"}],"version-history":[{"count":20,"href":"https:\/\/molenkoning.com\/sl\/wp-json\/wp\/v2\/pages\/175489\/revisions"}],"predecessor-version":[{"id":191720,"href":"https:\/\/molenkoning.com\/sl\/wp-json\/wp\/v2\/pages\/175489\/revisions\/191720"}],"wp:attachment":[{"href":"https:\/\/molenkoning.com\/sl\/wp-json\/wp\/v2\/media?parent=175489"}],"curies":[{"name":"wp","href":"https:\/\/api.w.org\/{rel}","templated":true}]}}