{"id":175433,"date":"2020-02-11T13:24:13","date_gmt":"2020-02-11T13:24:13","guid":{"rendered":"https:\/\/molenkoning.com\/structure-and-composition-of-a-molenkoning-horse-walker\/"},"modified":"2023-08-23T08:06:22","modified_gmt":"2023-08-23T08:06:22","slug":"struktura-in-sestava-konjskega-sprehajalca","status":"publish","type":"page","link":"https:\/\/molenkoning.com\/sl\/struktura-in-sestava-konjskega-sprehajalca\/","title":{"rendered":"Struktura in sestava konjskega sprehajalca"},"content":{"rendered":"<p><div class=\"fusion-fullwidth fullwidth-box fusion-builder-row-1 fusion-flex-container has-pattern-background has-mask-background nonhundred-percent-fullwidth non-hundred-percent-height-scrolling\" style=\"--awb-border-radius-top-left:0px;--awb-border-radius-top-right:0px;--awb-border-radius-bottom-right:0px;--awb-border-radius-bottom-left:0px;--awb-flex-wrap:wrap;\" ><div class=\"fusion-builder-row fusion-row fusion-flex-align-items-flex-start fusion-flex-content-wrap\" style=\"max-width:1144px;margin-left: calc(-4% \/ 2 );margin-right: calc(-4% \/ 2 );\"><div class=\"fusion-layout-column fusion_builder_column fusion-builder-column-0 fusion_builder_column_1_1 1_1 fusion-flex-column\" style=\"--awb-bg-size:cover;--awb-width-large:100%;--awb-margin-top-large:0px;--awb-spacing-right-large:1.92%;--awb-margin-bottom-large:20px;--awb-spacing-left-large:1.92%;--awb-width-medium:100%;--awb-order-medium:0;--awb-spacing-right-medium:1.92%;--awb-spacing-left-medium:1.92%;--awb-width-small:100%;--awb-order-small:0;--awb-spacing-right-small:1.92%;--awb-spacing-left-small:1.92%;\"><div class=\"fusion-column-wrapper fusion-column-has-shadow fusion-flex-justify-content-flex-start fusion-content-layout-column\"><div class=\"fusion-title title fusion-title-1 fusion-sep-none fusion-title-text fusion-title-size-one\" style=\"--awb-text-color:#333333;\"><h1 class=\"fusion-title-heading title-heading-left\" style=\"margin:0;\">Konstrukcija in zgradba sprehajalne naprave za konje Molenkoning<\/h1><\/div><div class=\"fusion-text fusion-text-1\"><p>Sprehajalna naprava za konje Molenkoning je prijazna do uporabnika in ima dolgo \u017eivljenjsko dobo zaradi svoje trpe\u017ene konstrukcije. Sprehajalna naprava ne potrebuje veliko vzdr\u017eevanja, je zelo varna in u\u010dinkovito porablja energijo. Na\u0161e sprehajalne naprave lahko sestavi tehnik, ve\u010dinoma pa jih na\u0161e stranke sestavijo same s pomo\u010djo preprostega priro\u010dnika.<\/p>\n<p>V tem \u010dlanku vas bomo nau\u010dili vse o konstrukciji in sestavi na\u0161e sprehajalne naprave za konje. Tako boste vedeli vse o glavnih temah, povezanih z uporabo na\u0161e sprehajalne naprave za konje. \u010ce \u017eelite izvedeti ve\u010d o vadbi s sprehajalnikom za konje, kliknite tukaj za \u010dlanek na to temo. Poleg tega boste v tem \u010dlanku izvedeli naslednje:<\/p>\n<ul>\n<li>Varnost konja in trenerja<\/li>\n<li>Visokokakovostni materiali in obdelava<\/li>\n<li>Prvovrstne storitve pred prodajo in po njej<\/li>\n<li>Enostavno upravljanje s pomo\u010djo funkcionalnih gumbov<\/li>\n<li>Najbolj\u0161e razmerje med ceno in kakovostjo<\/li>\n<\/ul>\n<\/div><\/div><\/div><div class=\"fusion-layout-column fusion_builder_column fusion-builder-column-1 fusion_builder_column_1_1 1_1 fusion-flex-column\" style=\"--awb-bg-size:cover;--awb-width-large:100%;--awb-margin-top-large:0px;--awb-spacing-right-large:1.92%;--awb-margin-bottom-large:20px;--awb-spacing-left-large:1.92%;--awb-width-medium:100%;--awb-order-medium:0;--awb-spacing-right-medium:1.92%;--awb-spacing-left-medium:1.92%;--awb-width-small:100%;--awb-order-small:0;--awb-spacing-right-small:1.92%;--awb-spacing-left-small:1.92%;\"><div class=\"fusion-column-wrapper fusion-column-has-shadow fusion-flex-justify-content-flex-start fusion-content-layout-column\"><div class=\"fusion-title title fusion-title-2 fusion-sep-none fusion-title-text fusion-title-size-one\" style=\"--awb-text-color:#333333;\"><h1 class=\"fusion-title-heading title-heading-left\" style=\"margin:0;\">Sprehajalna naprava in varnost va\u0161ega konja<\/h1><\/div><div class=\"fusion-text fusion-text-2\"><p>Varnost in kvaliteta sta na prvem mestu va\u0161ega seznama in ni\u010d druga\u010de ni pri nas. Zato je na\u0161a sprehajalna naprava za konje vedno opremljena z 220-voltnim elektri\u010dnim motorjem, zasnovanim za dolgo \u017eivljenjsko dobo vsaj 15.000 ur.<\/p>\n<\/div><\/div><\/div><\/div><\/div><div class=\"fusion-fullwidth fullwidth-box fusion-builder-row-2 fusion-flex-container has-pattern-background has-mask-background ctabannerouter nonhundred-percent-fullwidth non-hundred-percent-height-scrolling\" style=\"--awb-border-radius-top-left:0px;--awb-border-radius-top-right:0px;--awb-border-radius-bottom-right:0px;--awb-border-radius-bottom-left:0px;--awb-padding-right:0px;--awb-padding-left:0px;--awb-margin-bottom:20px;--awb-background-color:#484848;--awb-flex-wrap:wrap;\" ><div class=\"fusion-builder-row fusion-row fusion-flex-align-items-flex-start fusion-flex-content-wrap\" style=\"max-width:calc( 1100px + 0px );margin-left: calc(-0px \/ 2 );margin-right: calc(-0px \/ 2 );\"><div class=\"fusion-layout-column fusion_builder_column fusion-builder-column-2 fusion_builder_column_1_3 1_3 fusion-flex-column\" style=\"--awb-padding-top:50px;--awb-padding-right:50px;--awb-padding-bottom:68px;--awb-padding-left:50px;--awb-bg-color:#484848;--awb-bg-color-hover:#484848;--awb-bg-size:cover;--awb-width-large:33.333333333333%;--awb-margin-top-large:0px;--awb-spacing-right-large:0;--awb-margin-bottom-large:0px;--awb-spacing-left-large:0px;--awb-width-medium:33.333333333333%;--awb-order-medium:0;--awb-spacing-right-medium:0;--awb-spacing-left-medium:0px;--awb-width-small:100%;--awb-order-small:0;--awb-spacing-right-small:0px;--awb-spacing-left-small:0px;\"><div class=\"fusion-column-wrapper fusion-column-has-shadow fusion-flex-justify-content-flex-start fusion-content-layout-column\"><div class=\"fusion-title title fusion-title-3 fusion-sep-none fusion-title-text fusion-title-size-two\" style=\"--awb-text-color:#ffffff;\"><h2 class=\"fusion-title-heading title-heading-left\" style=\"margin:0;\">Postavite vpra\u0161anja enemu od na\u0161ih strokovnjakov<\/h2><\/div><div class=\"fusion-text fusion-text-3\" style=\"--awb-text-color:#ffffff;\"><p>Imate vpra\u0161anja o postavitvi, namestitvi ali uporabi sprehajalne naprave za konje?<\/p>\n<\/div><\/div><\/div><div class=\"fusion-layout-column fusion_builder_column fusion-builder-column-3 fusion_builder_column_2_3 2_3 fusion-flex-column ctabannerinner\" style=\"--awb-padding-top:50px;--awb-padding-right:50px;--awb-padding-bottom:51px;--awb-padding-left:30px;--awb-bg-color:rgba(0,0,0,0.38);--awb-bg-color-hover:rgba(0,0,0,0.38);--awb-bg-image:url(&#039;https:\/\/molenkoning.com\/wp-content\/uploads\/2021\/09\/Molenkoning-66.jpeg&#039;);--awb-bg-position:center center;--awb-bg-size:cover;--awb-width-large:66.666666666667%;--awb-margin-top-large:0px;--awb-spacing-right-large:0px;--awb-margin-bottom-large:0px;--awb-spacing-left-large:0;--awb-width-medium:66.666666666667%;--awb-order-medium:0;--awb-spacing-right-medium:0px;--awb-spacing-left-medium:0;--awb-width-small:100%;--awb-order-small:0;--awb-spacing-right-small:0px;--awb-spacing-left-small:0px;\"><div class=\"fusion-column-wrapper fusion-column-has-shadow fusion-flex-justify-content-flex-start fusion-content-layout-column fusion-column-has-bg-image\" data-bg-url=\"https:\/\/molenkoning.com\/wp-content\/uploads\/2021\/09\/Molenkoning-66.jpeg\"><div class=\"fusion-image-element \" style=\"text-align:left;--awb-margin-bottom:10px;--awb-caption-title-font-family:var(--h2_typography-font-family);--awb-caption-title-font-weight:var(--h2_typography-font-weight);--awb-caption-title-font-style:var(--h2_typography-font-style);--awb-caption-title-size:var(--h2_typography-font-size);--awb-caption-title-transform:var(--h2_typography-text-transform);--awb-caption-title-line-height:var(--h2_typography-line-height);--awb-caption-title-letter-spacing:var(--h2_typography-letter-spacing);\"><span class=\" fusion-imageframe imageframe-none imageframe-1 hover-type-none\"><img decoding=\"async\" width=\"150\" height=\"150\" title=\"ctabannerton\" src=\"https:\/\/molenkoning.com\/wp-content\/uploads\/2022\/03\/ctabannerton-150x150.png\" alt class=\"img-responsive wp-image-175409\" srcset=\"https:\/\/molenkoning.com\/wp-content\/uploads\/2022\/03\/ctabannerton-66x66.png 66w, https:\/\/molenkoning.com\/wp-content\/uploads\/2022\/03\/ctabannerton-150x150.png 150w, https:\/\/molenkoning.com\/wp-content\/uploads\/2022\/03\/ctabannerton.png 200w\" sizes=\"(max-width: 150px) 100vw, 150px\" \/><\/span><\/div><div ><a class=\"fusion-button button-flat fusion-button-default-size button-custom fusion-button-default button-1 fusion-button-default-span fusion-button-default-type\" style=\"--button_accent_color:#ffffff;--button_accent_hover_color:#ffffff;--button_border_hover_color:#ffffff;--button_gradient_top_color:#b98712;--button_gradient_bottom_color:#b98712;--button_gradient_top_color_hover:rgba(151,124,61,0.89);--button_gradient_bottom_color_hover:rgba(151,124,61,0.89);\" target=\"_self\" href=\"mailto:slovenija@molenkoning.com \"><span class=\"fusion-button-text\">Pogovor s strokovnjakom <\/span><\/a><\/div><\/div><\/div><\/div><\/div><div class=\"fusion-fullwidth fullwidth-box fusion-builder-row-3 fusion-flex-container has-pattern-background has-mask-background nonhundred-percent-fullwidth non-hundred-percent-height-scrolling\" style=\"--awb-border-radius-top-left:0px;--awb-border-radius-top-right:0px;--awb-border-radius-bottom-right:0px;--awb-border-radius-bottom-left:0px;--awb-margin-top:20px;--awb-flex-wrap:wrap;\" ><div class=\"fusion-builder-row fusion-row fusion-flex-align-items-flex-start fusion-flex-content-wrap\" style=\"max-width:1144px;margin-left: calc(-4% \/ 2 );margin-right: calc(-4% \/ 2 );\"><div class=\"fusion-layout-column fusion_builder_column fusion-builder-column-4 fusion_builder_column_1_1 1_1 fusion-flex-column\" style=\"--awb-bg-size:cover;--awb-width-large:100%;--awb-margin-top-large:0px;--awb-spacing-right-large:1.92%;--awb-margin-bottom-large:20px;--awb-spacing-left-large:1.92%;--awb-width-medium:100%;--awb-order-medium:0;--awb-spacing-right-medium:1.92%;--awb-spacing-left-medium:1.92%;--awb-width-small:100%;--awb-order-small:0;--awb-spacing-right-small:1.92%;--awb-spacing-left-small:1.92%;\"><div class=\"fusion-column-wrapper fusion-column-has-shadow fusion-flex-justify-content-flex-start fusion-content-layout-column\"><div class=\"fusion-title title fusion-title-4 fusion-sep-none fusion-title-text fusion-title-size-two\"><h2 class=\"fusion-title-heading title-heading-left\" style=\"margin:0;\">Specifikacije visokokakovostne sprehajalne naprave za konje<\/h2><\/div><div class=\"fusion-text fusion-text-4\"><p>Vrhunski le\u017eaji, brezhrupni pogon s klinastim jermenom z dolgo \u017eivljenjsko dobo in najvarnej\u0161e za va\u0161ega konja. Poleg tega je celotna konstrukcija pocinkana in odporna na vodo. Konstrukcija je v celoti toplotno pocinkana in ima nizko te\u017ei\u0161\u010de za najbolj\u0161o stabilnost. Na\u0161e standardne velikosti so 10, 12, 15, 16, 18 in 20 metrov v premeru za 3 do 8 konj. Mo\u017ene so tudi sprehajalne naprave za konje, izdelane po meri.<\/p>\n<p>Sprehajalne naprave za konje so opremljene z uporabniku prijaznim krmilnim sistemom z digitalnim frekven\u010dnim regulatorjem najvi\u0161je kakovosti.<\/p>\n<\/div><\/div><\/div><div class=\"fusion-layout-column fusion_builder_column fusion-builder-column-5 fusion_builder_column_1_1 1_1 fusion-flex-column\" style=\"--awb-bg-size:cover;--awb-width-large:100%;--awb-margin-top-large:0px;--awb-spacing-right-large:1.92%;--awb-margin-bottom-large:20px;--awb-spacing-left-large:1.92%;--awb-width-medium:100%;--awb-order-medium:0;--awb-spacing-right-medium:1.92%;--awb-spacing-left-medium:1.92%;--awb-width-small:100%;--awb-order-small:0;--awb-spacing-right-small:1.92%;--awb-spacing-left-small:1.92%;\"><div class=\"fusion-column-wrapper fusion-column-has-shadow fusion-flex-justify-content-flex-start fusion-content-layout-column\"><div class=\"fusion-title title fusion-title-5 fusion-sep-none fusion-title-text fusion-title-size-two\"><h2 class=\"fusion-title-heading title-heading-left\" style=\"margin:0;\">Je potisna pregrada del osnove va\u0161e bodo\u010de sprehajalne naprave za konje?<\/h2><\/div><div class=\"fusion-text fusion-text-5\"><p>Potisna pregrada z drogovi podalj\u0161ujejo \u017eivljenjsko dobo motorja, saj imajo majhen upor. Pregrade je mogo\u010de po potrebi zamenjati posamezno. Vsi sprehajalniki za konje so opremljeni s sistemom elektri\u010dnega napajanja, saj je varnost konj na prvem mestu!<\/p>\n<p>Ta sistem potisnih pregrad tudi zagotavlja, da konstrukcija ali pogonski sistem ne ob\u010duti vsakega udarca. Vsaka potisna pregrada za konje je opremljena z aluminijastimi palicami, ki po \u017eelji prevajajo elektri\u010dni tok. Te palice povzro\u010dijo zelo lahek udarec 6j. To je uporabno le na za\u010detku, ko \u017eelite konje navaditi na hojo v napravi. S\u010dasoma bo \u017eival samostojno in z velikim veseljem hodila v sprehajalni napravi za konje.<\/p>\n<\/div><\/div><\/div><\/div><\/div><div class=\"fusion-fullwidth fullwidth-box fusion-builder-row-4 fusion-flex-container has-pattern-background has-mask-background nonhundred-percent-fullwidth non-hundred-percent-height-scrolling\" style=\"--awb-border-radius-top-left:0px;--awb-border-radius-top-right:0px;--awb-border-radius-bottom-right:0px;--awb-border-radius-bottom-left:0px;--awb-flex-wrap:wrap;\" ><div class=\"fusion-builder-row fusion-row fusion-flex-align-items-flex-start fusion-flex-content-wrap\" style=\"max-width:1144px;margin-left: calc(-4% \/ 2 );margin-right: calc(-4% \/ 2 );\"><div class=\"fusion-layout-column fusion_builder_column fusion-builder-column-6 fusion_builder_column_1_1 1_1 fusion-flex-column\" style=\"--awb-bg-size:cover;--awb-width-large:100%;--awb-margin-top-large:0px;--awb-spacing-right-large:1.92%;--awb-margin-bottom-large:20px;--awb-spacing-left-large:1.92%;--awb-width-medium:100%;--awb-order-medium:0;--awb-spacing-right-medium:1.92%;--awb-spacing-left-medium:1.92%;--awb-width-small:100%;--awb-order-small:0;--awb-spacing-right-small:1.92%;--awb-spacing-left-small:1.92%;\"><div class=\"fusion-column-wrapper fusion-column-has-shadow fusion-flex-justify-content-flex-start fusion-content-layout-column\"><div class=\"fusion-title title fusion-title-6 fusion-sep-none fusion-title-text fusion-title-size-two\"><h2 class=\"fusion-title-heading title-heading-left\" style=\"margin:0;\">Dodatna varnost z re\u0161etkami Safeguard podjetja Molenkoning<\/h2><\/div><div class=\"fusion-text fusion-text-6\"><p>Za tiste, ki \u017eelijo svoji sprehajalni napravi za konje zagotoviti dodatno varnost, ponujamo palice Molenkoning Safeguard. Potisne pregrade so nato opremljena s plasti\u010dnimi palicami (polietilen). Te palice so izjemno mo\u010dne, vendar \u0161e vedno zelo pro\u017ene. Pro\u017ene so celo pri temperaturah pod ledi\u0161\u010dem.<\/p>\n<p>Te palice se lahko upognejo, vendar se takoj vrnejo v normalno obliko. Palice prepre\u010dujejo udarce, plastika pa prepre\u010duje ureznine na ostrih robovih. Palice so pokrite z aluminijastim pokrovom, ki omogo\u010da delovanje naprave za elektri\u010dni tok v kombinaciji z na\u0161imi palicami Safeguard.<\/p>\n<p>Za zmanj\u0161anje vidljivosti med treningom nevzgojenih konj in \u017erebcev je mogo\u010de potisne pregrade opremiti tudi z mre\u017eo proti vetru.<\/p>\n<\/div><\/div><\/div><\/div><\/div><\/p>\n","protected":false},"excerpt":{"rendered":"","protected":false},"author":1,"featured_media":0,"parent":0,"menu_order":0,"comment_status":"closed","ping_status":"closed","template":"","meta":{"_acf_changed":false,"content-type":"","footnotes":""},"class_list":["post-175433","page","type-page","status-publish","hentry"],"acf":[],"_links":{"self":[{"href":"https:\/\/molenkoning.com\/sl\/wp-json\/wp\/v2\/pages\/175433","targetHints":{"allow":["GET"]}}],"collection":[{"href":"https:\/\/molenkoning.com\/sl\/wp-json\/wp\/v2\/pages"}],"about":[{"href":"https:\/\/molenkoning.com\/sl\/wp-json\/wp\/v2\/types\/page"}],"author":[{"embeddable":true,"href":"https:\/\/molenkoning.com\/sl\/wp-json\/wp\/v2\/users\/1"}],"replies":[{"embeddable":true,"href":"https:\/\/molenkoning.com\/sl\/wp-json\/wp\/v2\/comments?post=175433"}],"version-history":[{"count":4,"href":"https:\/\/molenkoning.com\/sl\/wp-json\/wp\/v2\/pages\/175433\/revisions"}],"predecessor-version":[{"id":175440,"href":"https:\/\/molenkoning.com\/sl\/wp-json\/wp\/v2\/pages\/175433\/revisions\/175440"}],"wp:attachment":[{"href":"https:\/\/molenkoning.com\/sl\/wp-json\/wp\/v2\/media?parent=175433"}],"curies":[{"name":"wp","href":"https:\/\/api.w.org\/{rel}","templated":true}]}}