{"id":186965,"date":"2024-12-03T15:09:38","date_gmt":"2024-12-03T15:09:38","guid":{"rendered":"https:\/\/molenkoning.com\/product\/set-of-6-infrared-lamps\/"},"modified":"2026-04-14T13:58:24","modified_gmt":"2026-04-14T13:58:24","slug":"conjunto-de-6-lampadas-infravermelhas-mk","status":"publish","type":"product","link":"https:\/\/molenkoning.com\/pt-pt\/produto\/conjunto-de-6-lampadas-infravermelhas-mk\/","title":{"rendered":"Conjunto de 6 L\u00e2mpadas de Infravermelho \u2013 150W"},"content":{"rendered":"<div class=\"fusion-fullwidth fullwidth-box fusion-builder-row-1 fusion-flex-container has-pattern-background has-mask-background nonhundred-percent-fullwidth non-hundred-percent-height-scrolling\" style=\"--awb-border-radius-top-left:0px;--awb-border-radius-top-right:0px;--awb-border-radius-bottom-right:0px;--awb-border-radius-bottom-left:0px;--awb-flex-wrap:wrap;\" ><div class=\"fusion-builder-row fusion-row fusion-flex-align-items-flex-start fusion-flex-content-wrap\" style=\"max-width:1144px;margin-left: calc(-4% \/ 2 );margin-right: calc(-4% \/ 2 );\"><div class=\"fusion-layout-column fusion_builder_column fusion-builder-column-0 fusion_builder_column_1_1 1_1 fusion-flex-column\" style=\"--awb-bg-size:cover;--awb-width-large:100%;--awb-margin-top-large:0px;--awb-spacing-right-large:1.92%;--awb-margin-bottom-large:20px;--awb-spacing-left-large:1.92%;--awb-width-medium:100%;--awb-order-medium:0;--awb-spacing-right-medium:1.92%;--awb-spacing-left-medium:1.92%;--awb-width-small:100%;--awb-order-small:0;--awb-spacing-right-small:1.92%;--awb-spacing-left-small:1.92%;\"><div class=\"fusion-column-wrapper fusion-column-has-shadow fusion-flex-justify-content-flex-start fusion-content-layout-column\"><div class=\"fusion-text fusion-text-1\"><p>Pe\u00e7a seu conjunto agora e aproveite um desconto instant\u00e2neo nas suas l\u00e2mpadas MK, al\u00e9m de uma melhor tarifa de envio. Este conjunto de l\u00e2mpadas est\u00e1 sempre em estoque, e a entrega dentro da Uni\u00e3o Europeia \u00e9 garantida em at\u00e9 7 dias.<\/p>\n<p><span style=\"color: #bfa723;\">6 l\u00e2mpadas infravermelhas MK 150W Soquete E27.<\/span><\/p>\n<p>Este conjunto de l\u00e2mpadas n\u00e3o \u00e9 compat\u00edvel com o sol\u00e1rio infravermelho MK Premium vendido ap\u00f3s abril de 2025.<\/p>\n<\/div><\/div><\/div><\/div><\/div>\n","protected":false},"excerpt":{"rendered":"","protected":false},"featured_media":186835,"template":"","meta":{"_acf_changed":false,"content-type":""},"product_brand":[],"product_cat":[558,719],"product_tag":[],"class_list":{"0":"post-186965","1":"product","2":"type-product","3":"status-publish","4":"has-post-thumbnail","6":"product_cat-solarium-pt-pt","7":"product_cat-spare-parts-pt-pt","9":"first","10":"instock","11":"taxable","12":"shipping-taxable","13":"purchasable","14":"product-type-simple"},"acf":[],"_links":{"self":[{"href":"https:\/\/molenkoning.com\/pt-pt\/wp-json\/wp\/v2\/product\/186965","targetHints":{"allow":["GET"]}}],"collection":[{"href":"https:\/\/molenkoning.com\/pt-pt\/wp-json\/wp\/v2\/product"}],"about":[{"href":"https:\/\/molenkoning.com\/pt-pt\/wp-json\/wp\/v2\/types\/product"}],"wp:featuredmedia":[{"embeddable":true,"href":"https:\/\/molenkoning.com\/pt-pt\/wp-json\/wp\/v2\/media\/186835"}],"wp:attachment":[{"href":"https:\/\/molenkoning.com\/pt-pt\/wp-json\/wp\/v2\/media?parent=186965"}],"wp:term":[{"taxonomy":"product_brand","embeddable":true,"href":"https:\/\/molenkoning.com\/pt-pt\/wp-json\/wp\/v2\/product_brand?post=186965"},{"taxonomy":"product_cat","embeddable":true,"href":"https:\/\/molenkoning.com\/pt-pt\/wp-json\/wp\/v2\/product_cat?post=186965"},{"taxonomy":"product_tag","embeddable":true,"href":"https:\/\/molenkoning.com\/pt-pt\/wp-json\/wp\/v2\/product_tag?post=186965"}],"curies":[{"name":"wp","href":"https:\/\/api.w.org\/{rel}","templated":true}]}}