{"id":174094,"date":"2016-02-24T05:23:09","date_gmt":"2016-02-24T05:23:09","guid":{"rendered":"https:\/\/molenkoning.com\/about\/"},"modified":"2024-02-20T12:59:11","modified_gmt":"2024-02-20T12:59:11","slug":"sobre-nos","status":"publish","type":"page","link":"https:\/\/molenkoning.com\/pt-pt\/sobre-nos\/","title":{"rendered":"Sobre nos"},"content":{"rendered":"<p><div class=\"fusion-fullwidth fullwidth-box fusion-builder-row-1 fusion-flex-container fusion-parallax-none abtouter hundred-percent-fullwidth non-hundred-percent-height-scrolling fusion-no-small-visibility\" style=\"--awb-background-position:center top;--awb-border-radius-top-left:0px;--awb-border-radius-top-right:0px;--awb-border-radius-bottom-right:0px;--awb-border-radius-bottom-left:0px;--awb-padding-top:30px;--awb-padding-right:30px;--awb-padding-bottom:0px;--awb-margin-bottom:0px;--awb-background-image:url(&quot;https:\/\/molenkoning.com\/wp-content\/uploads\/2020\/04\/storybg.jpg&quot;);--awb-background-size:cover;--awb-flex-wrap:wrap;\" ><div class=\"fusion-builder-row fusion-row fusion-flex-align-items-flex-start fusion-flex-content-wrap\" style=\"width:104% !important;max-width:104% !important;margin-left: calc(-4% \/ 2 );margin-right: calc(-4% \/ 2 );\"><div class=\"fusion-layout-column fusion_builder_column fusion-builder-column-0 fusion_builder_column_1_2 1_2 fusion-flex-column abtouter\" style=\"--awb-bg-position:right bottom;--awb-bg-size:cover;--awb-width-large:50%;--awb-margin-top-large:0px;--awb-spacing-right-large:0px;--awb-margin-bottom-large:0px;--awb-spacing-left-large:3.84%;--awb-width-medium:50%;--awb-spacing-right-medium:0px;--awb-spacing-left-medium:3.84%;--awb-width-small:100%;--awb-spacing-right-small:1.92%;--awb-spacing-left-small:1.92%;\"><div class=\"fusion-column-wrapper fusion-column-has-shadow fusion-flex-justify-content-flex-start fusion-content-layout-column\"><\/div><\/div><div class=\"fusion-layout-column fusion_builder_column fusion-builder-column-1 fusion_builder_column_1_2 1_2 fusion-flex-column\" style=\"--awb-padding-left:110px;--awb-bg-position:right bottom;--awb-bg-size:cover;--awb-width-large:50%;--awb-margin-top-large:0px;--awb-spacing-right-large:3.84%;--awb-margin-bottom-large:0px;--awb-spacing-left-large:0px;--awb-width-medium:50%;--awb-spacing-right-medium:3.84%;--awb-spacing-left-medium:0px;--awb-width-small:100%;--awb-spacing-right-small:1.92%;--awb-spacing-left-small:1.92%;\"><div class=\"fusion-column-wrapper fusion-column-has-shadow fusion-flex-justify-content-flex-start fusion-content-layout-column\"><div class=\"fusion-title title fusion-title-1 fusion-sep-none fusion-title-center fusion-title-text fusion-title-size-one\" style=\"--awb-font-size:35px;\"><h1 class=\"fusion-title-heading title-heading-center\" style=\"margin:0;font-size:1em;\"><span style=\"color: #ffffff;\">MOLENKONING: A HIST\u00d3RIA DE <\/span><span style=\"color: #bfa723;\">UM PAI E SEUS DOIS FILHOS<\/span><\/h1><\/div><div class=\"fusion-text fusion-text-1\" style=\"--awb-text-color:#ffffff;\"><p><span style=\"color: #bfa723;\">Jos de Swart<\/span> era um amante de cavalos de cora\u00e7\u00e3o e alma. Comprou o seu primeiro cavalo aos 18 anos, n\u00e3o para manter a tradi\u00e7\u00e3o familiar, mas porque adorava cavalos. Ele imediatamente soube o que gostava: o cavalo de tra\u00e7\u00e3o holand\u00eas.<\/p>\n<p>Anos de treino e trabalho com os cavalos resultaram num arm\u00e1rio repleto de trof\u00e9us. Os filhos <span style=\"color: #bfa723;\">Ton e Nicky de Swart<\/span> frequentavam regularmente competi\u00e7\u00f5es e eram atra\u00eddos pelo entusiasmo de seu pai Jos. Eles voltavam para casa com pr\u00eamios regionais e at\u00e9 nacionais.<\/p>\n<p>Ap\u00f3s Ton terminar a escola aos 17 anos, ele imediatamente soube o que queria: a sua pr\u00f3pria empresa de com\u00e9rcio. Jos, um soldador na \u00e9poca, vendeu um par de cavalos e juntos come\u00e7aram o primeiro neg\u00f3cio como seus pr\u00f3prios chefes. Compraram uma serra, um berbequim e uma m\u00e1quina de solda e com isso estavam prontos para fazer est\u00e1bulos para pessoas como eles: <span style=\"color: #bfa723;\">apaixonadas por cavalos.<\/span><\/p>\n<p>Os primeiros anos foram dif\u00edceis. Ton focou-se na venda de est\u00e1bulos e Jos liderou a produ\u00e7\u00e3o. Era uma empresa pequena, o que dificultava aperfei\u00e7oar os muitos diferentes est\u00e1bulos. Naquela \u00e9poca, ocasionalmente faziam uma guia el\u00e9trica entre todos os projetos de est\u00e1bulos, mas de forma alguma era um produto importante. Os pre\u00e7os eram altos e uma guia eletrica era demasiado cara para um propriet\u00e1rio m\u00e9dio de cavalos. Os unicos clientes que tinham guias el\u00e9tricas instaladas naquela \u00e9poca eram as grandes escolas de equita\u00e7\u00e3o ou est\u00e1bulos profissionais.<\/p>\n<p>Por volta dessa \u00e9poca, o seu filho Nicky terminou seus estudos e juntou-se \u00e0 dupla. Juntos, fizeram o design para uma guia el\u00e9trica. H\u00e1 muito tempo, Jos queria fazer guias como outros dispositivos, prontos para usar. O modelo foi revisado para ser modular e simples. Se produzissem mais em s\u00e9rie, a guia el\u00e9trica tamb\u00e9m se tornaria mais barata e acess\u00edvel a um p\u00fablico mais amplo, para propriet\u00e1rios de cavalos como eles.<\/p>\n<p>Eles fizeram os primeiros prot\u00f3tipos e a guia el\u00e9trica para cavalos ganhou forma. Estavam prontos para o pr\u00f3ximo passo, o nome. Num fim de semana, a fam\u00edlia fez uma debate de ideias. V\u00e1rios nomes foram propostos. Mas eles procuravam um nome marcante, que ficasse. No final, ficou Molenkoning \u2013 talvez um pouco ousado, mas soava bem. Naquele mesmo fim de semana, Nicky fez um site e Ton colocou um an\u00fancio no jornal de cavalos. Na semana seguinte, eles venderam tr\u00eas guias el\u00e9tricas. Ent\u00e3o os homens souberam que tinham encontrado ouro! Eles nunca poderiam imaginar o que aconteceria a seguir.<\/p>\n<p>Nos anos que se seguiram, Molenkoning tornou-se l\u00edder de mercado global no campo das guias el\u00e9tricas para cavalos e respectivas veda\u00e7\u00f5es e coberturas. <span style=\"color: #bfa723;\">At\u00e9 hoje, a miss\u00e3o da Molenkoning \u00e9 fazer guias el\u00e9tricas para cavalos de alta qualidade a um pre\u00e7o competitivo.<\/span> As guias el\u00e9tricas da Molenkoning s\u00e3o aperfei\u00e7oadas e inigual\u00e1veis como um kit fa\u00e7a-voc\u00ea-mesmo \u2013 palavras que voc\u00ea n\u00e3o precisa acreditar de n\u00f3s. Leia as hist\u00f3rias de milhares de clientes que nos precederam:<\/p>\n<p><a href=\"https:\/\/molenkoning.com\/pt-pt\/mk-experiencia\/\">Clique !<\/a><\/p>\n<\/div><\/div><\/div><\/div><\/div><div class=\"fusion-fullwidth fullwidth-box fusion-builder-row-2 fusion-flex-container hundred-percent-fullwidth non-hundred-percent-height-scrolling fusion-no-medium-visibility fusion-no-large-visibility\" style=\"--awb-border-radius-top-left:0px;--awb-border-radius-top-right:0px;--awb-border-radius-bottom-right:0px;--awb-border-radius-bottom-left:0px;--awb-padding-right:0px;--awb-padding-left:0px;--awb-flex-wrap:wrap;\" ><div class=\"fusion-builder-row fusion-row fusion-flex-align-items-flex-start fusion-flex-content-wrap\" style=\"width:calc( 100% + 0px ) !important;max-width:calc( 100% + 0px ) !important;margin-left: calc(-0px \/ 2 );margin-right: calc(-0px \/ 2 );\"><div class=\"fusion-layout-column fusion_builder_column fusion-builder-column-2 fusion_builder_column_1_2 1_2 fusion-flex-column\" style=\"--awb-bg-size:cover;--awb-width-large:50%;--awb-margin-top-large:0px;--awb-spacing-right-large:0px;--awb-margin-bottom-large:0px;--awb-spacing-left-large:0px;--awb-width-medium:50%;--awb-spacing-right-medium:0px;--awb-spacing-left-medium:0px;--awb-width-small:100%;--awb-spacing-right-small:0px;--awb-spacing-left-small:0px;\"><div class=\"fusion-column-wrapper fusion-column-has-shadow fusion-flex-justify-content-flex-start fusion-content-layout-column\"><div class=\"fusion-image-element \" style=\"--awb-caption-title-font-family:var(--h2_typography-font-family);--awb-caption-title-font-weight:var(--h2_typography-font-weight);--awb-caption-title-font-style:var(--h2_typography-font-style);--awb-caption-title-size:var(--h2_typography-font-size);--awb-caption-title-transform:var(--h2_typography-text-transform);--awb-caption-title-line-height:var(--h2_typography-line-height);--awb-caption-title-letter-spacing:var(--h2_typography-letter-spacing);\"><span class=\" fusion-imageframe imageframe-none imageframe-1 hover-type-none\"><img decoding=\"async\" width=\"915\" height=\"1024\" title=\"Ton-Jos-Nicky\" src=\"https:\/\/molenkoning.com\/wp-content\/uploads\/2020\/05\/Ton-Jos-Nicky-915x1024.jpg\" alt class=\"img-responsive wp-image-174107\" srcset=\"https:\/\/molenkoning.com\/wp-content\/uploads\/2020\/05\/Ton-Jos-Nicky-200x224.jpg 200w, https:\/\/molenkoning.com\/wp-content\/uploads\/2020\/05\/Ton-Jos-Nicky-400x448.jpg 400w, https:\/\/molenkoning.com\/wp-content\/uploads\/2020\/05\/Ton-Jos-Nicky-600x671.jpg 600w, https:\/\/molenkoning.com\/wp-content\/uploads\/2020\/05\/Ton-Jos-Nicky-800x895.jpg 800w, https:\/\/molenkoning.com\/wp-content\/uploads\/2020\/05\/Ton-Jos-Nicky-1200x1343.jpg 1200w\" sizes=\"(max-width: 640px) 100vw, 600px\" \/><\/span><\/div><\/div><\/div><div class=\"fusion-layout-column fusion_builder_column fusion-builder-column-3 fusion_builder_column_1_2 1_2 fusion-flex-column\" style=\"--awb-padding-left:110px;--awb-bg-position:right bottom;--awb-bg-size:cover;--awb-width-large:50%;--awb-margin-top-large:0px;--awb-spacing-right-large:0px;--awb-margin-bottom-large:0px;--awb-spacing-left-large:0px;--awb-width-medium:50%;--awb-spacing-right-medium:0px;--awb-spacing-left-medium:0px;--awb-width-small:100%;--awb-spacing-right-small:0px;--awb-spacing-left-small:0px;\"><div class=\"fusion-column-wrapper fusion-column-has-shadow fusion-flex-justify-content-flex-start fusion-content-layout-column\"><div class=\"fusion-title title fusion-title-2 fusion-sep-none fusion-title-center fusion-title-text fusion-title-size-one\" style=\"--awb-font-size:35px;\"><h1 class=\"fusion-title-heading title-heading-center\" style=\"margin:0;font-size:1em;\"><span style=\"color: #ffffff;\">MOLENKONING: A HIST\u00d3RIA DE <\/span><span style=\"color: #bfa723;\">UM PAI E SEUS DOIS FILHOS<\/span><\/h1><\/div><div class=\"fusion-text fusion-text-2\" style=\"--awb-text-color:#ffffff;\"><p><span style=\"color: #bfa723;\">Jos de Swart<\/span> era um amante de cavalos de cora\u00e7\u00e3o e alma. Comprou o seu primeiro cavalo aos 18 anos, n\u00e3o para manter a tradi\u00e7\u00e3o familiar, mas porque adorava cavalos. Ele imediatamente soube o que gostava: o cavalo de tra\u00e7\u00e3o holand\u00eas.<\/p>\n<p>Anos de treino e trabalho com os cavalos resultaram num arm\u00e1rio repleto de trof\u00e9us. Os filhos <span style=\"color: #bfa723;\">Ton e Nicky de Swart<\/span> frequentavam regularmente competi\u00e7\u00f5es e eram atra\u00eddos pelo entusiasmo de seu pai Jos. Eles voltavam para casa com pr\u00eamios regionais e at\u00e9 nacionais.<\/p>\n<p>Ap\u00f3s Ton terminar a escola aos 17 anos, ele imediatamente soube o que queria: a sua pr\u00f3pria empresa de com\u00e9rcio. Jos, um soldador na \u00e9poca, vendeu um par de cavalos e juntos come\u00e7aram o primeiro neg\u00f3cio como seus pr\u00f3prios chefes. Compraram uma serra, um berbequim e uma m\u00e1quina de solda e com isso estavam prontos para fazer est\u00e1bulos para pessoas como eles: <span style=\"color: #bfa723;\">apaixonadas por cavalos.<\/span><\/p>\n<p>Os primeiros anos foram dif\u00edceis. Ton focou-se na venda de est\u00e1bulos e Jos liderou a produ\u00e7\u00e3o. Era uma empresa pequena, o que dificultava aperfei\u00e7oar os muitos diferentes est\u00e1bulos. Naquela \u00e9poca, ocasionalmente faziam uma guia el\u00e9trica entre todos os projetos de est\u00e1bulos, mas de forma alguma era um produto importante. Os pre\u00e7os eram altos e uma guia eletrica era demasiado cara para um propriet\u00e1rio m\u00e9dio de cavalos. Os unicos clientes que tinham guias el\u00e9tricas instaladas naquela \u00e9poca eram as grandes escolas de equita\u00e7\u00e3o ou est\u00e1bulos profissionais.<\/p>\n<p>Por volta dessa \u00e9poca, o seu filho Nicky terminou seus estudos e juntou-se \u00e0 dupla. Juntos, fizeram o design para uma guia el\u00e9trica. H\u00e1 muito tempo, Jos queria fazer guias como outros dispositivos, prontos para usar. O modelo foi revisado para ser modular e simples. Se produzissem mais em s\u00e9rie, a guia el\u00e9trica tamb\u00e9m se tornaria mais barata e acess\u00edvel a um p\u00fablico mais amplo, para propriet\u00e1rios de cavalos como eles.<\/p>\n<p>Eles fizeram os primeiros prot\u00f3tipos e a guia el\u00e9trica para cavalos ganhou forma. Estavam prontos para o pr\u00f3ximo passo, o nome. Num fim de semana, a fam\u00edlia fez uma debate de ideias. V\u00e1rios nomes foram propostos. Mas eles procuravam um nome marcante, que ficasse. No final, ficou Molenkoning \u2013 talvez um pouco ousado, mas soava bem. Naquele mesmo fim de semana, Nicky fez um site e Ton colocou um an\u00fancio no jornal de cavalos. Na semana seguinte, eles venderam tr\u00eas guias el\u00e9tricas. Ent\u00e3o os homens souberam que tinham encontrado ouro! Eles nunca poderiam imaginar o que aconteceria a seguir.<\/p>\n<p>Nos anos que se seguiram, Molenkoning tornou-se l\u00edder de mercado global no campo das guias el\u00e9tricas para cavalos e respectivas veda\u00e7\u00f5es e coberturas. <span style=\"color: #bfa723;\">At\u00e9 hoje, a miss\u00e3o da Molenkoning \u00e9 fazer guias el\u00e9tricas para cavalos de alta qualidade a um pre\u00e7o competitivo.<\/span> As guias el\u00e9tricas da Molenkoning s\u00e3o aperfei\u00e7oadas e inigual\u00e1veis como um kit fa\u00e7a-voc\u00ea-mesmo \u2013 palavras que voc\u00ea n\u00e3o precisa acreditar de n\u00f3s. Leia as hist\u00f3rias de milhares de clientes que nos precederam:<\/p>\n<p><a href=\"https:\/\/molenkoning.com\/pt-pt\/mk-experiencia\/\">Clique !<\/a><\/p>\n<\/div><\/div><\/div><\/div><\/div><\/p>\n","protected":false},"excerpt":{"rendered":"","protected":false},"author":1,"featured_media":0,"parent":0,"menu_order":0,"comment_status":"closed","ping_status":"closed","template":"100-width.php","meta":{"_acf_changed":false,"content-type":"","footnotes":""},"class_list":["post-174094","page","type-page","status-publish","hentry"],"acf":[],"_links":{"self":[{"href":"https:\/\/molenkoning.com\/pt-pt\/wp-json\/wp\/v2\/pages\/174094","targetHints":{"allow":["GET"]}}],"collection":[{"href":"https:\/\/molenkoning.com\/pt-pt\/wp-json\/wp\/v2\/pages"}],"about":[{"href":"https:\/\/molenkoning.com\/pt-pt\/wp-json\/wp\/v2\/types\/page"}],"author":[{"embeddable":true,"href":"https:\/\/molenkoning.com\/pt-pt\/wp-json\/wp\/v2\/users\/1"}],"replies":[{"embeddable":true,"href":"https:\/\/molenkoning.com\/pt-pt\/wp-json\/wp\/v2\/comments?post=174094"}],"version-history":[{"count":6,"href":"https:\/\/molenkoning.com\/pt-pt\/wp-json\/wp\/v2\/pages\/174094\/revisions"}],"predecessor-version":[{"id":179027,"href":"https:\/\/molenkoning.com\/pt-pt\/wp-json\/wp\/v2\/pages\/174094\/revisions\/179027"}],"wp:attachment":[{"href":"https:\/\/molenkoning.com\/pt-pt\/wp-json\/wp\/v2\/media?parent=174094"}],"curies":[{"name":"wp","href":"https:\/\/api.w.org\/{rel}","templated":true}]}}