{"id":171788,"date":"2020-01-27T16:51:09","date_gmt":"2020-01-27T16:51:09","guid":{"rendered":"https:\/\/molenkoning.com\/products\/"},"modified":"2024-10-08T10:27:25","modified_gmt":"2024-10-08T10:27:25","slug":"produtos","status":"publish","type":"page","link":"https:\/\/molenkoning.com\/pt-pt\/produtos\/","title":{"rendered":"Produto"},"content":{"rendered":"<div class=\"fusion-fullwidth fullwidth-box fusion-builder-row-1 fusion-flex-container nonhundred-percent-fullwidth non-hundred-percent-height-scrolling\" style=\"--awb-border-radius-top-left:0px;--awb-border-radius-top-right:0px;--awb-border-radius-bottom-right:0px;--awb-border-radius-bottom-left:0px;--awb-flex-wrap:wrap;\" ><div class=\"fusion-builder-row fusion-row fusion-flex-align-items-flex-start fusion-flex-content-wrap\" style=\"max-width:1144px;margin-left: calc(-4% \/ 2 );margin-right: calc(-4% \/ 2 );\"><div class=\"fusion-layout-column fusion_builder_column fusion-builder-column-0 fusion_builder_column_1_1 1_1 fusion-flex-column\" style=\"--awb-bg-size:cover;--awb-width-large:100%;--awb-margin-top-large:0px;--awb-spacing-right-large:1.92%;--awb-margin-bottom-large:20px;--awb-spacing-left-large:1.92%;--awb-width-medium:100%;--awb-spacing-right-medium:1.92%;--awb-spacing-left-medium:1.92%;--awb-width-small:100%;--awb-spacing-right-small:1.92%;--awb-spacing-left-small:1.92%;\"><div class=\"fusion-column-wrapper fusion-column-has-shadow fusion-flex-justify-content-flex-start fusion-content-layout-column\"><div class=\"fusion-flip-boxes flip-boxes row fusion-columns-3 flip-effect-classic equal-heights\" style=\"--awb-flip-duration:1.2s;\"><div class=\"fusion-flip-box-wrapper fusion-column col-lg-4 col-md-4 col-sm-4\"><div class=\"fusion-flip-box flip-up\" tabindex=\"0\"><div class=\"flip-box-inner-wrapper\"><div class=\"flip-box-front\"><div class=\"flip-box-front-inner\"><div class=\"flip-box-grafix flip-box-image\"><img decoding=\"async\" src=\"https:\/\/molenkoning.com\/wp-content\/uploads\/2020\/01\/molen.jpg\" width=\"280\" height=\"142\" alt=\"\" \/><\/div><h2 class=\"flip-box-heading without-text\">Guia eletrica<\/h2><\/div><\/div><div class=\"flip-box-back\" style=\"--awb-background-image-back:url(&#039;https:\/\/molenkoning.com\/wp-content\/uploads\/2020\/02\/Horsewalker-600x400.jpg&#039;);\"><div class=\"flip-box-back-inner\"><h3 class=\"flip-box-heading-back\">Guia eletrica<\/h3>Na Molenkoning, voc\u00ea encontrar\u00e1 uma guia el\u00e9trica para cavalos com uma s\u00f3lida constru\u00e7\u00e3o galvanizada.<br \/>\n<a href=\"https:\/\/molenkoning.com\/pt-pt\/produtos\/guia-eletrica-mk\/\">Ler mais<\/a><\/div><\/div><\/div><\/div><\/div><div class=\"fusion-flip-box-wrapper fusion-column col-lg-4 col-md-4 col-sm-4\"><div class=\"fusion-flip-box flip-up\" tabindex=\"0\"><div class=\"flip-box-inner-wrapper\"><div class=\"flip-box-front\"><div class=\"flip-box-front-inner\"><div class=\"flip-box-grafix flip-box-image\"><img decoding=\"async\" src=\"https:\/\/molenkoning.com\/wp-content\/uploads\/2024\/10\/The-Rail-Gliding-Walker-2-1200x675-1.png\" width=\"1200\" height=\"675\" alt=\"\" \/><\/div><h2 class=\"flip-box-heading without-text\">Guia el\u00e9trica para cavalos<\/h2><\/div><\/div><div class=\"flip-box-back\" style=\"--awb-background-image-back:url(&#039;https:\/\/molenkoning.com\/wp-content\/uploads\/2020\/02\/railgliding-600x451.jpg&#039;);\"><div class=\"flip-box-back-inner\"><h3 class=\"flip-box-heading-back\">Guia el\u00e9trica para cavalos<\/h3>\n<p>A guia el\u00e9trica deslizante em carris da Molenkoning \u00e9 um dos modelos mais populares entre os amantes de cavalos.<\/p>\n<p><a href=\"https:\/\/molenkoning.com\/pt-pt\/produtos\/guia-eletrica-para-cavalos\/\">Ler mais<\/a><\/p>\n<\/div><\/div><\/div><\/div><\/div><div class=\"fusion-flip-box-wrapper fusion-column col-lg-4 col-md-4 col-sm-4\"><div class=\"fusion-flip-box flip-up\" tabindex=\"0\"><div class=\"flip-box-inner-wrapper\"><div class=\"flip-box-front\"><div class=\"flip-box-front-inner\"><div class=\"flip-box-grafix flip-box-image\"><img decoding=\"async\" src=\"https:\/\/molenkoning.com\/wp-content\/uploads\/2020\/01\/skywalker-molenkoning.jpg\" width=\"280\" height=\"142\" alt=\"\" \/><\/div><h2 class=\"flip-box-heading without-text\">Guia eletrica suspensa<\/h2><\/div><\/div><div class=\"flip-box-back\" style=\"--awb-background-image-back:url(&#039;https:\/\/molenkoning.com\/wp-content\/uploads\/2020\/02\/Skywalker-1-600x400.jpg&#039;);\"><div class=\"flip-box-back-inner\"><h3 class=\"flip-box-heading-back\">Guia eletrica suspensa<\/h3>A guia el\u00e9trica suspensa \u00e9 uma m\u00e1quina de treino inovadora para cavalos que \u00e9 montada no topo interior da sua cobertura.<\/p>\n<p><a href=\"https:\/\/molenkoning.com\/pt-pt\/produtos\/guia-eletrica-suspensa\/\">Ler mais<\/a><\/div><\/div><\/div><\/div><\/div><div class=\"fusion-flip-box-wrapper fusion-column col-lg-4 col-md-4 col-sm-4\"><div class=\"fusion-flip-box flip-up\" tabindex=\"0\"><div class=\"flip-box-inner-wrapper\"><div class=\"flip-box-front\"><div class=\"flip-box-front-inner\"><div class=\"flip-box-grafix flip-box-image\"><img decoding=\"async\" src=\"https:\/\/molenkoning.com\/wp-content\/uploads\/2020\/01\/track-roof-molenkoning.jpg\" width=\"280\" height=\"142\" alt=\"\" \/><\/div><h2 class=\"flip-box-heading without-text\">Cobertura do corredor<\/h2><\/div><\/div><div class=\"flip-box-back\" style=\"--awb-background-image-back:url(&#039;https:\/\/molenkoning.com\/wp-content\/uploads\/2020\/02\/Trackroof-600x400.jpg&#039;);\"><div class=\"flip-box-back-inner\"><h3 class=\"flip-box-heading-back\">Cobertura do corredor<\/h3>Com uma cobertura do corredor, consegue garantir que os seus cavalos possam continuar o seu exerc\u00edcio regular numa guia el\u00e9trica mesmo durante dias com m\u00e1s condi\u00e7\u00f5es clim\u00e1ticas.<\/p>\n<p><a href=\"https:\/\/molenkoning.com\/pt-pt\/produtos\/cobertura-do-corredor\/\">Ler mais<\/a><\/div><\/div><\/div><\/div><\/div><div class=\"fusion-flip-box-wrapper fusion-column col-lg-4 col-md-4 col-sm-4\"><div class=\"fusion-flip-box flip-up\" tabindex=\"0\"><div class=\"flip-box-inner-wrapper\"><div class=\"flip-box-front\"><div class=\"flip-box-front-inner\"><div class=\"flip-box-grafix flip-box-image\"><img decoding=\"async\" src=\"https:\/\/molenkoning.com\/wp-content\/uploads\/2020\/01\/closed-roof-lunging-molenkoning.jpg\" width=\"280\" height=\"142\" alt=\"\" \/><\/div><h2 class=\"flip-box-heading without-text\">Cobertura total<\/h2><\/div><\/div><div class=\"flip-box-back\" style=\"--awb-background-image-back:url(&#039;https:\/\/molenkoning.com\/wp-content\/uploads\/2020\/02\/closed_roof.png&#039;);\"><div class=\"flip-box-back-inner\"><h3 class=\"flip-box-heading-back\">Cobertura total<\/h3>\n<p>Esta cobertura total \u00e9 ideal para cobrir a sua \u00e1rea de trabalho ou a guia el\u00e9trica para cavalos existente ou futura.<br \/>\n<a href=\"https:\/\/molenkoning.com\/pt-pt\/produtos\/cobertura-total\/\">Ler mais<\/a><\/p>\n<\/div><\/div><\/div><\/div><\/div><div class=\"fusion-flip-box-wrapper fusion-column col-lg-4 col-md-4 col-sm-4\"><div class=\"fusion-flip-box flip-up\" tabindex=\"0\"><div class=\"flip-box-inner-wrapper\"><div class=\"flip-box-front\"><div class=\"flip-box-front-inner\"><div class=\"flip-box-grafix flip-box-image\"><img decoding=\"async\" src=\"https:\/\/molenkoning.com\/wp-content\/uploads\/2020\/01\/entrance-molenkoning-for-horse-walkers.jpg\" width=\"280\" height=\"142\" alt=\"\" \/><\/div><h2 class=\"flip-box-heading without-text\">Entradas Coberta<\/h2><\/div><\/div><div class=\"flip-box-back\" style=\"--awb-background-image-back:url(&#039;https:\/\/molenkoning.com\/wp-content\/uploads\/2020\/02\/covered-entrance-600x453.jpg&#039;);\"><div class=\"flip-box-back-inner\"><h3 class=\"flip-box-heading-back\">Entradas Coberta<\/h3>Adicionar uma entrada coberta \u00e0 sua guia el\u00e9trica MK e\/ou cobertura do redondel para passar \u00e0 guia n\u00e3o apenas as torna bonitas, mas oferece diversos benef\u00edcios!<\/p>\n<p><a href=\"https:\/\/molenkoning.com\/pt-pt\/produtos\/entradas-coberta\/\">Ler mais<\/a><\/div><\/div><\/div><\/div><\/div><div class=\"fusion-flip-box-wrapper fusion-column col-lg-4 col-md-4 col-sm-4\"><div class=\"fusion-flip-box flip-up\" tabindex=\"0\"><div class=\"flip-box-inner-wrapper\"><div class=\"flip-box-front\"><div class=\"flip-box-front-inner\"><div class=\"flip-box-grafix flip-box-image\"><img decoding=\"async\" src=\"https:\/\/molenkoning.com\/wp-content\/uploads\/2020\/01\/horsewalker-with-beoband-from-molenkoning.jpg\" width=\"280\" height=\"118\" alt=\"\" \/><\/div><h2 class=\"flip-box-heading without-text\">Veda\u00e7\u00e3o MK Safeline<\/h2><\/div><\/div><div class=\"flip-box-back\" style=\"--awb-background-image-back:url(&#039;https:\/\/molenkoning.com\/wp-content\/uploads\/2020\/02\/Beo-Band-600x400.jpg&#039;);\"><div class=\"flip-box-back-inner\"><h3 class=\"flip-box-heading-back\">Veda\u00e7\u00e3o MK Safeline<\/h3>N\u00e3o procure mais! A nossa veda\u00e7\u00e3o MK Safeline \u00e9 o exemplo perfeito dos padr\u00f5es holandeses, o que significa materiais de alta qualidade e com pre\u00e7os competitivos.<br \/>\n<a href=\"https:\/\/molenkoning.com\/pt-pt\/produtos\/vedacao-mk-safeline\/\">Ler mais<\/a><\/div><\/div><\/div><\/div><\/div><div class=\"fusion-flip-box-wrapper fusion-column col-lg-4 col-md-4 col-sm-4\"><div class=\"fusion-flip-box flip-up\" tabindex=\"0\"><div class=\"flip-box-inner-wrapper\"><div class=\"flip-box-front\"><div class=\"flip-box-front-inner\"><div class=\"flip-box-grafix flip-box-image\"><img decoding=\"async\" src=\"https:\/\/molenkoning.com\/wp-content\/uploads\/2020\/01\/round-fence.jpg\" width=\"280\" height=\"142\" alt=\"\" \/><\/div><h2 class=\"flip-box-heading without-text\">Veda\u00e7\u00e3o Redonda<\/h2><\/div><\/div><div class=\"flip-box-back\" style=\"--awb-background-image-back:url(&#039;https:\/\/molenkoning.com\/wp-content\/uploads\/2020\/02\/roundfence-600x400.jpg&#039;);\"><div class=\"flip-box-back-inner\"><h3 class=\"flip-box-heading-back\">Veda\u00e7\u00e3o Redonda<\/h3>\n<p>Ent\u00e3o escolha a distintiva veda\u00e7\u00e3o redonda da Molenkoning<\/p>\n<p><a href=\"https:\/\/molenkoning.com\/pt-pt\/produtos\/vedacao-redonda\/\">Ler mais<\/a><\/p>\n<\/div><\/div><\/div><\/div><\/div><div class=\"fusion-flip-box-wrapper fusion-column col-lg-4 col-md-4 col-sm-4\"><div class=\"fusion-flip-box flip-up\" tabindex=\"0\"><div class=\"flip-box-inner-wrapper\"><div class=\"flip-box-front\"><div class=\"flip-box-front-inner\"><div class=\"flip-box-grafix flip-box-image\"><img decoding=\"async\" src=\"https:\/\/molenkoning.com\/wp-content\/uploads\/2020\/01\/sweden-fence-molenkoning.jpg\" width=\"280\" height=\"142\" alt=\"\" \/><\/div><h2 class=\"flip-box-heading without-text\">Veda\u00e7\u00e3o Suecia<\/h2><\/div><\/div><div class=\"flip-box-back\" style=\"--awb-background-image-back:url(&#039;https:\/\/molenkoning.com\/wp-content\/uploads\/2020\/02\/Sweden-Fence-600x402.jpg&#039;);\"><div class=\"flip-box-back-inner\"><h3 class=\"flip-box-heading-back\">Veda\u00e7\u00e3o Suecia<\/h3>Leia mais para saber mais sobre a Vdda\u00e7\u00e3o Suecia da Molenkoning. Robusta e bonita.<\/p>\n<p><a href=\"https:\/\/molenkoning.com\/pt-pt\/produtos\/vedacao-suecia\/\">Ler mais<\/a><\/div><\/div><\/div><\/div><\/div><div class=\"fusion-flip-box-wrapper fusion-column col-lg-4 col-md-4 col-sm-4\"><div class=\"fusion-flip-box flip-up\" tabindex=\"0\"><div class=\"flip-box-inner-wrapper\"><div class=\"flip-box-front\"><div class=\"flip-box-front-inner\"><div class=\"flip-box-grafix flip-box-image\"><img decoding=\"async\" src=\"https:\/\/molenkoning.com\/wp-content\/uploads\/2020\/01\/windbreak-net-molenkoning.jpg\" width=\"280\" height=\"142\" alt=\"\" \/><\/div><h2 class=\"flip-box-heading without-text\">Rede Quebra-Vento<\/h2><\/div><\/div><div class=\"flip-box-back\" style=\"--awb-background-image-back:url(&#039;https:\/\/molenkoning.com\/wp-content\/uploads\/2020\/02\/windbreaknet-600x450.jpg&#039;);\"><div class=\"flip-box-back-inner\"><h3 class=\"flip-box-heading-back\">Rede Quebra-Vento<\/h3>Como extra para uma cobertura total ou cobertura do corredor, uma rede quebra-vento<\/p>\n<p><a href=\"https:\/\/molenkoning.com\/pt-pt\/produtos\/rede-quebra-vento\/\">Ler mais<\/a><\/div><\/div><\/div><\/div><\/div><div class=\"fusion-flip-box-wrapper fusion-column col-lg-4 col-md-4 col-sm-4\"><div class=\"fusion-flip-box flip-up\" tabindex=\"0\"><div class=\"flip-box-inner-wrapper\"><div class=\"flip-box-front\"><div class=\"flip-box-front-inner\"><div class=\"flip-box-grafix flip-box-image\"><img decoding=\"async\" src=\"https:\/\/molenkoning.com\/wp-content\/uploads\/2020\/01\/equitrack.jpg\" width=\"280\" height=\"142\" alt=\"\" \/><\/div><h2 class=\"flip-box-heading without-text\">Equitrack<\/h2><\/div><\/div><div class=\"flip-box-back\" style=\"--awb-background-image-back:url(&#039;https:\/\/molenkoning.com\/wp-content\/uploads\/2020\/02\/EQUITRACK-600x414.jpg&#039;);\"><div class=\"flip-box-back-inner\"><h3 class=\"flip-box-heading-back\">Equitrack<\/h3>Equitrack \u00e9 uma superf\u00edcie ideal para o seu paddock ou guia el\u00e9trica para cavalos.<\/p>\n<p><a href=\"https:\/\/molenkoning.com\/pt-pt\/produtos\/pavimento-para-guia-eletrica\/\">Ler mais<\/a><\/div><\/div><\/div><\/div><\/div><div class=\"fusion-flip-box-wrapper fusion-column col-lg-4 col-md-4 col-sm-4\"><div class=\"fusion-flip-box flip-up\" tabindex=\"0\"><div class=\"flip-box-inner-wrapper\"><div class=\"flip-box-front\"><div class=\"flip-box-front-inner\"><div class=\"flip-box-grafix flip-box-image\"><img decoding=\"async\" src=\"https:\/\/molenkoning.com\/wp-content\/uploads\/2020\/01\/molenkoning-groundwoks-equestrian-constructions.jpg\" width=\"280\" height=\"142\" alt=\"\" \/><\/div><h2 class=\"flip-box-heading without-text\">Funda\u00e7\u00f5es pr\u00e9-fabricadas para auto-instala\u00e7\u00e3o<\/h2><\/div><\/div><div class=\"flip-box-back\" style=\"--awb-background-image-back:url(&#039;https:\/\/molenkoning.com\/wp-content\/uploads\/2020\/02\/GROUNDWORKS-600x398.jpg&#039;);\"><div class=\"flip-box-back-inner\"><h3 class=\"flip-box-heading-back\">Funda\u00e7\u00f5es pr\u00e9-fabricadas para auto-instala\u00e7\u00e3o<\/h3>A Molenkoning projetou uma guia el\u00e9trica que \u00e9 adequada para instala\u00e7\u00e3o fa\u00e7a-voc\u00ea-mesmo (FVM).<\/p>\n<p><a href=\"https:\/\/molenkoning.com\/pt-pt\/produtos\/fundacoes-pre-fabricadas-para-auto-instalacao\/\">Ler mais<\/a><\/div><\/div><\/div><\/div><\/div><div class=\"fusion-flip-box-wrapper fusion-column col-lg-4 col-md-4 col-sm-4\"><div class=\"fusion-flip-box flip-up\" tabindex=\"0\"><div class=\"flip-box-inner-wrapper\"><div class=\"flip-box-front\"><div class=\"flip-box-front-inner\"><div class=\"flip-box-grafix flip-box-image\"><img decoding=\"async\" src=\"https:\/\/molenkoning.com\/wp-content\/uploads\/2023\/03\/Power_plate_mkshop.png\" width=\"1200\" height=\"900\" alt=\"\" \/><\/div><h2 class=\"flip-box-heading without-text\">Placa vibrat\u00f3ria para cavalos<\/h2><\/div><\/div><div class=\"flip-box-back\" style=\"--awb-background-image-back:url(&#039;https:\/\/molenkoning.com\/wp-content\/uploads\/2020\/02\/powerplate-600x725.jpg&#039;);\"><div class=\"flip-box-back-inner\"><h3 class=\"flip-box-heading-back\">Placa vibrat\u00f3ria para cavalos<\/h3>\n<p>Na Molenkoning, estamos constantemente trabalhando em inova\u00e7\u00f5es que contribuem para a boa condi\u00e7\u00e3o fisica e a sa\u00fade dos seus cavalos.<\/p>\n<p><a href=\"https:\/\/molenkoning.com\/pt-pt\/produtos\/placa-vibratoria-para-cavalos\/\">Ler mais<\/a><\/p>\n<\/div><\/div><\/div><\/div><\/div><div class=\"fusion-flip-box-wrapper fusion-column col-lg-4 col-md-4 col-sm-4\"><div class=\"fusion-flip-box flip-up\" tabindex=\"0\"><div class=\"flip-box-inner-wrapper\"><div class=\"flip-box-front\"><div class=\"flip-box-front-inner\"><div class=\"flip-box-grafix flip-box-image\"><img decoding=\"async\" src=\"https:\/\/molenkoning.com\/wp-content\/uploads\/2021\/04\/Solariumfront.png\" width=\"1920\" height=\"1080\" alt=\"\" \/><\/div><h2 class=\"flip-box-heading without-text\">Sol\u00e1rio<\/h2><\/div><\/div><div class=\"flip-box-back\" style=\"--awb-background-image-back:url(&#039;https:\/\/molenkoning.com\/wp-content\/uploads\/2021\/04\/MK-solarium-for-horses-1.jpg&#039;);\"><div class=\"flip-box-back-inner\"><h3 class=\"flip-box-heading-back\">Sol\u00e1rio<\/h3>Um cavalo de desporto \u00e9 um atleta; portanto, os cavalos podem sofrer les\u00f5es, independentemente do n\u00edvel em que competem.<\/p>\n<p><a href=\"https:\/\/molenkoning.com\/pt-pt\/produtos\/solario\/\">Ler mais<\/a><\/div><\/div><\/div><\/div><\/div><div class=\"fusion-flip-box-wrapper fusion-column col-lg-4 col-md-4 col-sm-4\"><div class=\"fusion-flip-box flip-up\" tabindex=\"0\"><div class=\"flip-box-inner-wrapper\"><div class=\"flip-box-front\"><div class=\"flip-box-front-inner\"><div class=\"flip-box-grafix flip-box-image\"><img decoding=\"async\" src=\"https:\/\/molenkoning.com\/wp-content\/uploads\/2020\/01\/options-walker.jpg\" width=\"280\" height=\"142\" alt=\"\" \/><\/div><h2 class=\"flip-box-heading without-text\">Op\u00e7\u00f5es da guia el\u00e9trica<\/h2><\/div><\/div><div class=\"flip-box-back\" style=\"--awb-background-image-back:url(&#039;https:\/\/molenkoning.com\/wp-content\/uploads\/2020\/02\/options-600x400.jpg&#039;);\"><div class=\"flip-box-back-inner\"><h3 class=\"flip-box-heading-back\">Op\u00e7\u00f5es da guia el\u00e9trica<\/h3>Existem v\u00e1rias op\u00e7\u00f5es que podem ser adicionadas \u00e0 sua guia el\u00e9trica Molenkoning.<\/p>\n<p><a href=\"https:\/\/molenkoning.com\/pt-pt\/produtos\/opcoes-da-guia-eletrica\/\">Ler mais<\/a><\/div><\/div><\/div><\/div><\/div><\/div><\/div><\/div><\/div><\/div>\n","protected":false},"excerpt":{"rendered":"","protected":false},"author":1,"featured_media":0,"parent":0,"menu_order":0,"comment_status":"closed","ping_status":"closed","template":"","meta":{"_acf_changed":false,"content-type":"","footnotes":""},"class_list":["post-171788","page","type-page","status-publish","hentry"],"acf":[],"_links":{"self":[{"href":"https:\/\/molenkoning.com\/pt-pt\/wp-json\/wp\/v2\/pages\/171788","targetHints":{"allow":["GET"]}}],"collection":[{"href":"https:\/\/molenkoning.com\/pt-pt\/wp-json\/wp\/v2\/pages"}],"about":[{"href":"https:\/\/molenkoning.com\/pt-pt\/wp-json\/wp\/v2\/types\/page"}],"author":[{"embeddable":true,"href":"https:\/\/molenkoning.com\/pt-pt\/wp-json\/wp\/v2\/users\/1"}],"replies":[{"embeddable":true,"href":"https:\/\/molenkoning.com\/pt-pt\/wp-json\/wp\/v2\/comments?post=171788"}],"version-history":[{"count":9,"href":"https:\/\/molenkoning.com\/pt-pt\/wp-json\/wp\/v2\/pages\/171788\/revisions"}],"predecessor-version":[{"id":186289,"href":"https:\/\/molenkoning.com\/pt-pt\/wp-json\/wp\/v2\/pages\/171788\/revisions\/186289"}],"wp:attachment":[{"href":"https:\/\/molenkoning.com\/pt-pt\/wp-json\/wp\/v2\/media?parent=171788"}],"curies":[{"name":"wp","href":"https:\/\/api.w.org\/{rel}","templated":true}]}}