{"id":171652,"date":"2020-02-11T13:24:13","date_gmt":"2020-02-11T13:24:13","guid":{"rendered":"https:\/\/molenkoning.com\/structure-and-composition-of-a-molenkoning-horse-walker\/"},"modified":"2024-03-05T10:50:39","modified_gmt":"2024-03-05T10:50:39","slug":"construcao-e-composicao-da-guia-eletrica-molenkoning","status":"publish","type":"page","link":"https:\/\/molenkoning.com\/pt-pt\/construcao-e-composicao-da-guia-eletrica-molenkoning\/","title":{"rendered":"Constru\u00e7\u00e3o e composi\u00e7\u00e3o da guia el\u00e9trica Molenkoning"},"content":{"rendered":"<p><div class=\"fusion-fullwidth fullwidth-box fusion-builder-row-1 fusion-flex-container has-pattern-background has-mask-background nonhundred-percent-fullwidth non-hundred-percent-height-scrolling\" style=\"--awb-border-radius-top-left:0px;--awb-border-radius-top-right:0px;--awb-border-radius-bottom-right:0px;--awb-border-radius-bottom-left:0px;--awb-flex-wrap:wrap;\" ><div class=\"fusion-builder-row fusion-row fusion-flex-align-items-flex-start fusion-flex-content-wrap\" style=\"max-width:1144px;margin-left: calc(-4% \/ 2 );margin-right: calc(-4% \/ 2 );\"><div class=\"fusion-layout-column fusion_builder_column fusion-builder-column-0 fusion_builder_column_1_1 1_1 fusion-flex-column\" style=\"--awb-bg-size:cover;--awb-width-large:100%;--awb-margin-top-large:0px;--awb-spacing-right-large:1.92%;--awb-margin-bottom-large:20px;--awb-spacing-left-large:1.92%;--awb-width-medium:100%;--awb-order-medium:0;--awb-spacing-right-medium:1.92%;--awb-spacing-left-medium:1.92%;--awb-width-small:100%;--awb-order-small:0;--awb-spacing-right-small:1.92%;--awb-spacing-left-small:1.92%;\"><div class=\"fusion-column-wrapper fusion-column-has-shadow fusion-flex-justify-content-flex-start fusion-content-layout-column\"><div class=\"fusion-title title fusion-title-1 fusion-sep-none fusion-title-text fusion-title-size-one\" style=\"--awb-text-color:#333333;\"><h1 class=\"fusion-title-heading title-heading-left\" style=\"margin:0;\">Constru\u00e7\u00e3o e composi\u00e7\u00e3o da guia el\u00e9trica Molenkoning<\/h1><\/div><div class=\"fusion-text fusion-text-1\"><p>A guia el\u00e9trica Molenkoning \u00e9 f\u00e1cil de usar e tem uma longa vida \u00fatil gra\u00e7as \u00e0 sua resistente constru\u00e7\u00e3o. A guia el\u00e9trica requer pouca manuten\u00e7\u00e3o, \u00e9 muito segura e \u00e9 eficiente no uso de energia. As nossas guias el\u00e9tricas podem ser montadas por um t\u00e9cnico, mas s\u00e3o principalmente montadas pelos pr\u00f3prios clientes com a ajuda de um simples manual.<\/p>\n<p>Neste artigo, ensinaremos tudo sobre a constru\u00e7\u00e3o e composi\u00e7\u00e3o da nossa guia el\u00e9trica. Desta forma, saber\u00e1 tudo sobre os principais t\u00f3picos relacionados com o uso da nossa guia el\u00e9trica. Se pretender saber mais sobre o treino com uma guia el\u00e9trica, <a href=\"https:\/\/molenkoning.com\/pt-pt\/treine-com-guias-eletricas\/\">clique aqui<\/a> para um artigo sobre esse assunto. Al\u00e9m disso, aprender\u00e1 neste artigo sobre:<\/p>\n<ul>\n<li>Seguran\u00e7a para o cavalo e treinador<\/li>\n<li>Materiais e acabamentos de alta qualidade<\/li>\n<li>Servi\u00e7o antes e ap\u00f3s a venda de primeira classe<\/li>\n<li>Opera\u00e7\u00e3o f\u00e1cil com bot\u00f5es funcionais<\/li>\n<li>Melhor rela\u00e7\u00e3o qualidade-pre\u00e7o<\/li>\n<\/ul>\n<\/div><\/div><\/div><div class=\"fusion-layout-column fusion_builder_column fusion-builder-column-1 fusion_builder_column_1_1 1_1 fusion-flex-column\" style=\"--awb-bg-size:cover;--awb-width-large:100%;--awb-margin-top-large:0px;--awb-spacing-right-large:1.92%;--awb-margin-bottom-large:20px;--awb-spacing-left-large:1.92%;--awb-width-medium:100%;--awb-order-medium:0;--awb-spacing-right-medium:1.92%;--awb-spacing-left-medium:1.92%;--awb-width-small:100%;--awb-order-small:0;--awb-spacing-right-small:1.92%;--awb-spacing-left-small:1.92%;\"><div class=\"fusion-column-wrapper fusion-column-has-shadow fusion-flex-justify-content-flex-start fusion-content-layout-column\"><div class=\"fusion-title title fusion-title-2 fusion-sep-none fusion-title-text fusion-title-size-one\" style=\"--awb-text-color:#333333;\"><h1 class=\"fusion-title-heading title-heading-left\" style=\"margin:0;\">A guia el\u00e9trica e a seguran\u00e7a do seu cavalo<\/h1><\/div><div class=\"fusion-text fusion-text-2\"><p>Seguran\u00e7a e qualidade est\u00e3o no topo da sua lista de prioridades e n\u00e3o \u00e9 diferente para n\u00f3s. \u00c9 por isso que a nossa guia el\u00e9trica sempre vem com um motor el\u00e9trico de 220V, projetado para uma longa vida \u00fatil de pelo menos 15.000 horas.<\/p>\n<\/div><\/div><\/div><\/div><\/div><div class=\"fusion-fullwidth fullwidth-box fusion-builder-row-2 fusion-flex-container has-pattern-background has-mask-background ctabannerouter nonhundred-percent-fullwidth non-hundred-percent-height-scrolling\" style=\"--awb-border-radius-top-left:0px;--awb-border-radius-top-right:0px;--awb-border-radius-bottom-right:0px;--awb-border-radius-bottom-left:0px;--awb-margin-bottom:20px;--awb-background-color:#484848;--awb-flex-wrap:wrap;\" ><div class=\"fusion-builder-row fusion-row fusion-flex-align-items-flex-start fusion-flex-content-wrap\" style=\"max-width:calc( 1100px + 0px );margin-left: calc(-0px \/ 2 );margin-right: calc(-0px \/ 2 );\"><div class=\"fusion-layout-column fusion_builder_column fusion-builder-column-2 fusion_builder_column_1_3 1_3 fusion-flex-column\" style=\"--awb-padding-top:50px;--awb-padding-right:50px;--awb-padding-bottom:68px;--awb-padding-left:50px;--awb-bg-color:#484848;--awb-bg-color-hover:#484848;--awb-bg-size:cover;--awb-width-large:33.333333333333%;--awb-margin-top-large:0px;--awb-spacing-right-large:0;--awb-margin-bottom-large:0px;--awb-spacing-left-large:0px;--awb-width-medium:33.333333333333%;--awb-order-medium:0;--awb-spacing-right-medium:0;--awb-spacing-left-medium:0px;--awb-width-small:100%;--awb-order-small:0;--awb-spacing-right-small:0px;--awb-spacing-left-small:0px;\"><div class=\"fusion-column-wrapper fusion-column-has-shadow fusion-flex-justify-content-flex-start fusion-content-layout-column\"><div class=\"fusion-title title fusion-title-3 fusion-sep-none fusion-title-text fusion-title-size-two\" style=\"--awb-text-color:#ffffff;\"><h2 class=\"fusion-title-heading title-heading-left\" style=\"margin:0;\">Fa\u00e7a a sua pergunta a um dos nossos especialistas<\/h2><\/div><div class=\"fusion-text fusion-text-3\" style=\"--awb-text-color:#ffffff;\"><p>Tem alguma quest\u00e3o sobre a coloca\u00e7\u00e3o, instala\u00e7\u00e3o ou utiliza\u00e7\u00e3o de um cavalete?<\/p>\n<\/div><\/div><\/div><div class=\"fusion-layout-column fusion_builder_column fusion-builder-column-3 fusion_builder_column_2_3 2_3 fusion-flex-column ctabannerinner\" style=\"--awb-padding-top:50px;--awb-padding-right:50px;--awb-padding-bottom:51px;--awb-padding-left:30px;--awb-bg-color:rgba(0,0,0,0.38);--awb-bg-color-hover:rgba(0,0,0,0.38);--awb-bg-image:url(&#039;https:\/\/molenkoning.com\/wp-content\/uploads\/2021\/09\/Molenkoning-66.jpeg&#039;);--awb-bg-position:center center;--awb-bg-size:cover;--awb-width-large:66.666666666667%;--awb-margin-top-large:0px;--awb-spacing-right-large:0px;--awb-margin-bottom-large:0px;--awb-spacing-left-large:0;--awb-width-medium:66.666666666667%;--awb-order-medium:0;--awb-spacing-right-medium:0px;--awb-spacing-left-medium:0;--awb-width-small:100%;--awb-order-small:0;--awb-spacing-right-small:0px;--awb-spacing-left-small:0px;\"><div class=\"fusion-column-wrapper fusion-column-has-shadow fusion-flex-justify-content-flex-start fusion-content-layout-column fusion-column-has-bg-image\" data-bg-url=\"https:\/\/molenkoning.com\/wp-content\/uploads\/2021\/09\/Molenkoning-66.jpeg\"><div class=\"fusion-image-element \" style=\"text-align:left;--awb-margin-bottom:10px;--awb-caption-title-font-family:var(--h2_typography-font-family);--awb-caption-title-font-weight:var(--h2_typography-font-weight);--awb-caption-title-font-style:var(--h2_typography-font-style);--awb-caption-title-size:var(--h2_typography-font-size);--awb-caption-title-transform:var(--h2_typography-text-transform);--awb-caption-title-line-height:var(--h2_typography-line-height);--awb-caption-title-letter-spacing:var(--h2_typography-letter-spacing);\"><span class=\" fusion-imageframe imageframe-none imageframe-1 hover-type-none\"><img decoding=\"async\" width=\"150\" height=\"150\" title=\"ctabannerton\" src=\"https:\/\/molenkoning.com\/wp-content\/uploads\/2022\/03\/ctabannerton-150x150.png\" alt class=\"img-responsive wp-image-171102\" srcset=\"https:\/\/molenkoning.com\/wp-content\/uploads\/2022\/03\/ctabannerton-66x66.png 66w, https:\/\/molenkoning.com\/wp-content\/uploads\/2022\/03\/ctabannerton-150x150.png 150w, https:\/\/molenkoning.com\/wp-content\/uploads\/2022\/03\/ctabannerton.png 200w\" sizes=\"(max-width: 150px) 100vw, 150px\" \/><\/span><\/div><div ><a class=\"fusion-button button-flat fusion-button-default-size button-custom fusion-button-default button-1 fusion-button-default-span fusion-button-default-type\" style=\"--button_accent_color:#ffffff;--button_accent_hover_color:#ffffff;--button_border_hover_color:#ffffff;--button_gradient_top_color:#b98713;--button_gradient_bottom_color:#b98713;--button_gradient_top_color_hover:rgba(151,124,61,0.89);--button_gradient_bottom_color_hover:rgba(151,124,61,0.89);\" target=\"_self\" href=\"mailto:portugal@molenkoning.com\"><span class=\"fusion-button-text\">Falar com um especialista <\/span><\/a><\/div><\/div><\/div><\/div><\/div><div class=\"fusion-fullwidth fullwidth-box fusion-builder-row-3 fusion-flex-container has-pattern-background has-mask-background nonhundred-percent-fullwidth non-hundred-percent-height-scrolling\" style=\"--awb-border-radius-top-left:0px;--awb-border-radius-top-right:0px;--awb-border-radius-bottom-right:0px;--awb-border-radius-bottom-left:0px;--awb-margin-top:20px;--awb-flex-wrap:wrap;\" ><div class=\"fusion-builder-row fusion-row fusion-flex-align-items-flex-start fusion-flex-content-wrap\" style=\"max-width:1144px;margin-left: calc(-4% \/ 2 );margin-right: calc(-4% \/ 2 );\"><div class=\"fusion-layout-column fusion_builder_column fusion-builder-column-4 fusion_builder_column_1_1 1_1 fusion-flex-column\" style=\"--awb-bg-size:cover;--awb-width-large:100%;--awb-margin-top-large:0px;--awb-spacing-right-large:1.92%;--awb-margin-bottom-large:20px;--awb-spacing-left-large:1.92%;--awb-width-medium:100%;--awb-order-medium:0;--awb-spacing-right-medium:1.92%;--awb-spacing-left-medium:1.92%;--awb-width-small:100%;--awb-order-small:0;--awb-spacing-right-small:1.92%;--awb-spacing-left-small:1.92%;\"><div class=\"fusion-column-wrapper fusion-column-has-shadow fusion-flex-justify-content-flex-start fusion-content-layout-column\"><div class=\"fusion-title title fusion-title-4 fusion-sep-none fusion-title-text fusion-title-size-two\"><h2 class=\"fusion-title-heading title-heading-left\" style=\"margin:0;\">Especifica\u00e7\u00f5es de uma guia el\u00e9trica de alta qualidade<\/h2><\/div><div class=\"fusion-text fusion-text-4\"><p>Rolamentos de alta qualidade, uma silenciosa transmiss\u00e3o com correia em V com uma longa vida \u00fatil e a mais segura para o seu cavalo. Toda a constru\u00e7\u00e3o \u00e9 galvanizada e resistente \u00e0 \u00e1gua. A constru\u00e7\u00e3o \u00e9 totalmente galvanizada termicamente e tem um baixo centro de gravidade para a melhor estabilidade. Os nossos tamanhos standard s\u00e3o 10, 12, 15, 16, 18 e 20 metros de di\u00e2metro, para 3 a 8 cavalos. Tamb\u00e9m \u00e9 poss\u00edvel fazer guias el\u00e9tricas \u00e0 medida.<\/p>\n<p>As guias el\u00e9tricas s\u00e3o equipadas com um sistema de controle f\u00e1cil de usar com um controlador de frequ\u00eancia digital da mais alta qualidade.<\/p>\n<\/div><\/div><\/div><div class=\"fusion-layout-column fusion_builder_column fusion-builder-column-5 fusion_builder_column_1_1 1_1 fusion-flex-column\" style=\"--awb-bg-size:cover;--awb-width-large:100%;--awb-margin-top-large:0px;--awb-spacing-right-large:1.92%;--awb-margin-bottom-large:20px;--awb-spacing-left-large:1.92%;--awb-width-medium:100%;--awb-order-medium:0;--awb-spacing-right-medium:1.92%;--awb-spacing-left-medium:1.92%;--awb-width-small:100%;--awb-order-small:0;--awb-spacing-right-small:1.92%;--awb-spacing-left-small:1.92%;\"><div class=\"fusion-column-wrapper fusion-column-has-shadow fusion-flex-justify-content-flex-start fusion-content-layout-column\"><div class=\"fusion-title title fusion-title-5 fusion-sep-none fusion-title-text fusion-title-size-two\"><h2 class=\"fusion-title-heading title-heading-left\" style=\"margin:0;\">Divis\u00f3rias formam a base para sua futura guia el\u00e9trica?<\/h2><\/div><div class=\"fusion-text fusion-text-5\"><p>As divis\u00f3rias com barras prolongam a vida \u00fatil do motor porque oferecem pouca resist\u00eancia. As divis\u00f3rias s\u00e3o todas substitu\u00edveis individualmente, se necess\u00e1rio. Todas as guias el\u00e9tricas v\u00eam com um sistema de choques el\u00e9tricos, pois a seguran\u00e7a dos cavalos vem em primeiro lugar!<\/p>\n<p>Este sistema de divis\u00f3rias tamb\u00e9m garante que nem todo impacto seja absorvido pela constru\u00e7\u00e3o ou pelo sistema de acionamento. Cada guia el\u00e9trica vem com barras de alum\u00ednio que conduzem carga el\u00e9trica, se desejado. Essas barras d\u00e3o um choque muito leve de 6 joules. Isso \u00e9 \u00fatil apenas no in\u00edcio, para habituar os cavalos a andar numa guia el\u00e9trica. Com o tempo, o animal dar\u00e1 suas voltas na guia el\u00e9trica de forma independente e com grande prazer.<\/p>\n<\/div><\/div><\/div><\/div><\/div><div class=\"fusion-fullwidth fullwidth-box fusion-builder-row-4 fusion-flex-container has-pattern-background has-mask-background nonhundred-percent-fullwidth non-hundred-percent-height-scrolling\" style=\"--awb-border-radius-top-left:0px;--awb-border-radius-top-right:0px;--awb-border-radius-bottom-right:0px;--awb-border-radius-bottom-left:0px;--awb-flex-wrap:wrap;\" ><div class=\"fusion-builder-row fusion-row fusion-flex-align-items-flex-start fusion-flex-content-wrap\" style=\"max-width:1144px;margin-left: calc(-4% \/ 2 );margin-right: calc(-4% \/ 2 );\"><div class=\"fusion-layout-column fusion_builder_column fusion-builder-column-6 fusion_builder_column_1_1 1_1 fusion-flex-column\" style=\"--awb-bg-size:cover;--awb-width-large:100%;--awb-margin-top-large:0px;--awb-spacing-right-large:1.92%;--awb-margin-bottom-large:20px;--awb-spacing-left-large:1.92%;--awb-width-medium:100%;--awb-order-medium:0;--awb-spacing-right-medium:1.92%;--awb-spacing-left-medium:1.92%;--awb-width-small:100%;--awb-order-small:0;--awb-spacing-right-small:1.92%;--awb-spacing-left-small:1.92%;\"><div class=\"fusion-column-wrapper fusion-column-has-shadow fusion-flex-justify-content-flex-start fusion-content-layout-column\"><div class=\"fusion-title title fusion-title-6 fusion-sep-none fusion-title-text fusion-title-size-two\"><h2 class=\"fusion-title-heading title-heading-left\" style=\"margin:0;\">Seguran\u00e7a extra com as barras de seguran\u00e7a da Molenkoning<\/h2><\/div><div class=\"fusion-text fusion-text-6\"><p>Para aqueles que desejam adicionar seguran\u00e7a extra \u00e0 sua guia el\u00e9trica, oferecemos as barras de seguran\u00e7a Molenkoning Safeguard. As divis\u00f3rias s\u00e3o ent\u00e3o equipadas com barras de pl\u00e1stico (polietileno). Essas barras s\u00e3o extremamente fortes, mas muito flex\u00edveis. Elas s\u00e3o at\u00e9 flex\u00edveis em temperaturas abaixo de zero.<\/p>\n<p>Essas barras podem se curvar, mas imediatamente voltam \u00e0 sua forma normal. Essas barras evitam fraturas e o pl\u00e1stico evita bordas afiadas. As barras s\u00e3o cobertas com uma capa de alum\u00ednio, permitindo que o dispositivo dos choques el\u00e9tricos funcione em combina\u00e7\u00e3o com nossas barras de seguran\u00e7a.<br \/>\nPara reduzir a visibilidade dos cavalos durante o treino de cavalos sarreiros e garanh\u00f5es, tamb\u00e9m \u00e9 poss\u00edvel equipar as divis\u00f3rias de seguran\u00e7a com uma rede de tela.<\/p>\n<\/div><\/div><\/div><\/div><\/div><\/p>\n","protected":false},"excerpt":{"rendered":"","protected":false},"author":1,"featured_media":0,"parent":0,"menu_order":0,"comment_status":"closed","ping_status":"closed","template":"","meta":{"_acf_changed":false,"content-type":"","footnotes":""},"class_list":["post-171652","page","type-page","status-publish","hentry"],"acf":[],"_links":{"self":[{"href":"https:\/\/molenkoning.com\/pt-pt\/wp-json\/wp\/v2\/pages\/171652","targetHints":{"allow":["GET"]}}],"collection":[{"href":"https:\/\/molenkoning.com\/pt-pt\/wp-json\/wp\/v2\/pages"}],"about":[{"href":"https:\/\/molenkoning.com\/pt-pt\/wp-json\/wp\/v2\/types\/page"}],"author":[{"embeddable":true,"href":"https:\/\/molenkoning.com\/pt-pt\/wp-json\/wp\/v2\/users\/1"}],"replies":[{"embeddable":true,"href":"https:\/\/molenkoning.com\/pt-pt\/wp-json\/wp\/v2\/comments?post=171652"}],"version-history":[{"count":6,"href":"https:\/\/molenkoning.com\/pt-pt\/wp-json\/wp\/v2\/pages\/171652\/revisions"}],"predecessor-version":[{"id":181367,"href":"https:\/\/molenkoning.com\/pt-pt\/wp-json\/wp\/v2\/pages\/171652\/revisions\/181367"}],"wp:attachment":[{"href":"https:\/\/molenkoning.com\/pt-pt\/wp-json\/wp\/v2\/media?parent=171652"}],"curies":[{"name":"wp","href":"https:\/\/api.w.org\/{rel}","templated":true}]}}