{"id":201028,"date":"2026-03-10T13:58:57","date_gmt":"2026-03-10T13:58:57","guid":{"rendered":"https:\/\/molenkoning.com\/?post_type=product&#038;p=201028"},"modified":"2026-04-14T13:15:56","modified_gmt":"2026-04-14T13:15:56","slug":"sett-med-6-infrarode-lamper-120w","status":"publish","type":"product","link":"https:\/\/molenkoning.com\/no\/produkt\/sett-med-6-infrarode-lamper-120w\/","title":{"rendered":"Sett med 6 Infrar\u00f8de Lamper \u2013 120W"},"content":{"rendered":"<div class=\"fusion-fullwidth fullwidth-box fusion-builder-row-1 fusion-flex-container has-pattern-background has-mask-background nonhundred-percent-fullwidth non-hundred-percent-height-scrolling\" style=\"--awb-border-radius-top-left:0px;--awb-border-radius-top-right:0px;--awb-border-radius-bottom-right:0px;--awb-border-radius-bottom-left:0px;--awb-flex-wrap:wrap;\" ><div class=\"fusion-builder-row fusion-row fusion-flex-align-items-flex-start fusion-flex-content-wrap\" style=\"max-width:1144px;margin-left: calc(-4% \/ 2 );margin-right: calc(-4% \/ 2 );\"><div class=\"fusion-layout-column fusion_builder_column fusion-builder-column-0 fusion_builder_column_1_1 1_1 fusion-flex-column\" style=\"--awb-bg-size:cover;--awb-width-large:100%;--awb-margin-top-large:0px;--awb-spacing-right-large:1.92%;--awb-margin-bottom-large:20px;--awb-spacing-left-large:1.92%;--awb-width-medium:100%;--awb-order-medium:0;--awb-spacing-right-medium:1.92%;--awb-spacing-left-medium:1.92%;--awb-width-small:100%;--awb-order-small:0;--awb-spacing-right-small:1.92%;--awb-spacing-left-small:1.92%;\"><div class=\"fusion-column-wrapper fusion-column-has-shadow fusion-flex-justify-content-flex-start fusion-content-layout-column\"><div class=\"fusion-text fusion-text-1\"><p>Bestill ditt sett n\u00e5 og f\u00e5 en umiddelbar rabatt p\u00e5 dine MK-lamper, samt en bedre fraktrate. Dette lampesettet er alltid p\u00e5 lager, og levering innen EU er garantert innen 7 dager.<\/p>\n<p><span style=\"color: #bfa723;\">6 MK infrar\u00f8de lamper 120W E27 Sokkel.<\/span><\/p>\n<p>Dette lampesettet er ikke kompatibelt med MK Premium Infrar\u00f8d Solarium solgt etter mars 2026.<\/p>\n<\/div><\/div><\/div><\/div><\/div>\n","protected":false},"excerpt":{"rendered":"","protected":false},"featured_media":186834,"template":"","meta":{"_acf_changed":false,"content-type":""},"product_brand":[],"product_cat":[551,552],"product_tag":[],"class_list":{"0":"post-201028","1":"product","2":"type-product","3":"status-publish","4":"has-post-thumbnail","6":"product_cat-solarium-no","7":"product_cat-spare-parts-no","9":"first","10":"instock","11":"taxable","12":"shipping-taxable","13":"purchasable","14":"product-type-simple"},"acf":[],"_links":{"self":[{"href":"https:\/\/molenkoning.com\/no\/wp-json\/wp\/v2\/product\/201028","targetHints":{"allow":["GET"]}}],"collection":[{"href":"https:\/\/molenkoning.com\/no\/wp-json\/wp\/v2\/product"}],"about":[{"href":"https:\/\/molenkoning.com\/no\/wp-json\/wp\/v2\/types\/product"}],"wp:featuredmedia":[{"embeddable":true,"href":"https:\/\/molenkoning.com\/no\/wp-json\/wp\/v2\/media\/186834"}],"wp:attachment":[{"href":"https:\/\/molenkoning.com\/no\/wp-json\/wp\/v2\/media?parent=201028"}],"wp:term":[{"taxonomy":"product_brand","embeddable":true,"href":"https:\/\/molenkoning.com\/no\/wp-json\/wp\/v2\/product_brand?post=201028"},{"taxonomy":"product_cat","embeddable":true,"href":"https:\/\/molenkoning.com\/no\/wp-json\/wp\/v2\/product_cat?post=201028"},{"taxonomy":"product_tag","embeddable":true,"href":"https:\/\/molenkoning.com\/no\/wp-json\/wp\/v2\/product_tag?post=201028"}],"curies":[{"name":"wp","href":"https:\/\/api.w.org\/{rel}","templated":true}]}}