{"id":184844,"date":"2024-08-13T09:10:40","date_gmt":"2024-08-13T09:10:40","guid":{"rendered":"https:\/\/molenkoning.com\/?post_type=product&#038;p=184844"},"modified":"2026-04-01T11:32:58","modified_gmt":"2026-04-01T11:32:58","slug":"bestill-mk-compact-solarium-molenkoning","status":"publish","type":"product","link":"https:\/\/molenkoning.com\/no\/produkt\/bestill-mk-compact-solarium-molenkoning\/","title":{"rendered":"Bestill MK Compact Solarium \u2013 Molenkoning"},"content":{"rendered":"<p><div class=\"fusion-fullwidth fullwidth-box fusion-builder-row-1 fusion-flex-container nonhundred-percent-fullwidth non-hundred-percent-height-scrolling\" style=\"--awb-border-radius-top-left:0px;--awb-border-radius-top-right:0px;--awb-border-radius-bottom-right:0px;--awb-border-radius-bottom-left:0px;--awb-flex-wrap:wrap;\" ><div class=\"fusion-builder-row fusion-row fusion-flex-align-items-flex-start fusion-flex-content-wrap\" style=\"max-width:1144px;margin-left: calc(-4% \/ 2 );margin-right: calc(-4% \/ 2 );\"><div class=\"fusion-layout-column fusion_builder_column fusion-builder-column-0 fusion_builder_column_1_1 1_1 fusion-flex-column\" style=\"--awb-bg-size:cover;--awb-width-large:100%;--awb-margin-top-large:0px;--awb-spacing-right-large:1.92%;--awb-margin-bottom-large:20px;--awb-spacing-left-large:1.92%;--awb-width-medium:100%;--awb-order-medium:0;--awb-spacing-right-medium:1.92%;--awb-spacing-left-medium:1.92%;--awb-width-small:100%;--awb-order-small:0;--awb-spacing-right-small:1.92%;--awb-spacing-left-small:1.92%;\"><div class=\"fusion-column-wrapper fusion-column-has-shadow fusion-flex-justify-content-flex-start fusion-content-layout-column\"><div ><a class=\"fusion-button button-flat fusion-button-default-size button-default fusion-button-default button-1 fusion-button-default-span fusion-button-default-type\" target=\"_self\" href=\"https:\/\/molenkoning.com\/no\/produktkategori\/solarium-no\/\"><span class=\"fusion-button-text\">ALLE PRODUKTER<\/span><\/a><\/div><div class=\"fusion-text fusion-text-1\"><p>Vi har oppgradert v\u00e5r MK infrar\u00f8de Compact for \u00e5 gj\u00f8re den lettere og enklere \u00e5 varme opp hestens rygg f\u00f8r ridning \u2013 hele \u00e5ret!<\/p>\n<p><strong>Oppgraderte lamper: n\u00e5 120 W (tidligere 100 W)<\/strong><br \/>\nGir litt mer varme samtidig som trygg og dyp muskelpenetrasjon opprettholdes. V\u00e5r langb\u00f8lgede infrar\u00f8de varme bidrar til:<\/p>\n<p>Bedre blodsirkulasjon<\/p>\n<p>Raskere utskillelse av avfallsstoffer etter trening<\/p>\n<p>Bedre forberedelse av ryggmuskulaturen f\u00f8r ridning<\/p>\n<p>Redusert risiko for muskelskader<\/p>\n<p>Dette er ekte <strong>infrar\u00f8d terapi.<\/strong><\/p>\n<\/div><\/div><\/div><\/div><\/div><div class=\"fusion-fullwidth fullwidth-box fusion-builder-row-2 fusion-flex-container has-pattern-background has-mask-background nonhundred-percent-fullwidth non-hundred-percent-height-scrolling\" style=\"--awb-border-radius-top-left:0px;--awb-border-radius-top-right:0px;--awb-border-radius-bottom-right:0px;--awb-border-radius-bottom-left:0px;--awb-flex-wrap:wrap;\" ><div class=\"fusion-builder-row fusion-row fusion-flex-align-items-flex-start fusion-flex-content-wrap\" style=\"max-width:1144px;margin-left: calc(-4% \/ 2 );margin-right: calc(-4% \/ 2 );\"><div class=\"fusion-layout-column fusion_builder_column fusion-builder-column-1 fusion_builder_column_1_1 1_1 fusion-flex-column sliderouternew\" style=\"--awb-padding-bottom:0px;--awb-bg-size:cover;--awb-width-large:100%;--awb-margin-top-large:0px;--awb-spacing-right-large:1.92%;--awb-margin-bottom-large:0px;--awb-spacing-left-large:1.92%;--awb-width-medium:100%;--awb-order-medium:0;--awb-spacing-right-medium:1.92%;--awb-spacing-left-medium:1.92%;--awb-width-small:100%;--awb-order-small:0;--awb-spacing-right-small:1.92%;--awb-spacing-left-small:1.92%;\"><div class=\"fusion-column-wrapper fusion-column-has-shadow fusion-flex-justify-content-flex-start fusion-content-layout-column\"><div class=\"fusion-title title fusion-title-1 fusion-title-center fusion-title-text fusion-title-size-two\"><div class=\"title-sep-container title-sep-container-left\"><div class=\"title-sep sep-double sep-solid\" style=\"border-color:#e0dede;\"><\/div><\/div><span class=\"awb-title-spacer\"><\/span><h2 class=\"fusion-title-heading title-heading-center\" style=\"margin:0;\">Bilder<\/h2><span class=\"awb-title-spacer\"><\/span><div class=\"title-sep-container title-sep-container-right\"><div class=\"title-sep sep-double sep-solid\" style=\"border-color:#e0dede;\"><\/div><\/div><\/div><div class=\"fusion-image-carousel fusion-image-carousel-fixed fusion-image-carousel-1 lightbox-enabled fusion-carousel-border solarium-carousel\"><div class=\"awb-carousel awb-swiper awb-swiper-carousel\" data-autoplay=\"no\" data-columns=\"4\" data-itemmargin=\"1\" data-itemwidth=\"180\" data-touchscroll=\"no\" data-imagesize=\"fixed\" style=\"--awb-columns:4;--awb-column-spacing:1px;\"><div class=\"swiper-wrapper awb-image-carousel-wrapper fusion-flex-align-items-center\"><div class=\"swiper-slide\"><div class=\"fusion-carousel-item-wrapper\"><div class=\"fusion-image-wrapper hover-type-none\"><a data-rel=\"iLightbox[image_carousel_1]\" data-title=\"MK SOLARIUM ONLY 2 LIGHT BULB\" aria-label=\"MK SOLARIUM ONLY 2 LIGHT BULB\" href=\"https:\/\/molenkoning.com\/wp-content\/uploads\/2024\/08\/MK-SOLARIUM-ONLY-2-LIGHT-BULB.png\" target=\"_self\"><img decoding=\"async\" width=\"320\" height=\"202\" src=\"https:\/\/molenkoning.com\/wp-content\/uploads\/2024\/08\/MK-SOLARIUM-ONLY-2-LIGHT-BULB-320x202.png\" class=\"attachment-blog-medium size-blog-medium\" alt=\"\" \/><\/a><\/div><\/div><\/div><div class=\"swiper-slide\"><div class=\"fusion-carousel-item-wrapper\"><div class=\"fusion-image-wrapper hover-type-none\"><a data-rel=\"iLightbox[image_carousel_1]\" data-title=\"MK SOLARIUM ONLY 2 LIGHT BULB2\" aria-label=\"MK SOLARIUM ONLY 2 LIGHT BULB2\" href=\"https:\/\/molenkoning.com\/wp-content\/uploads\/2024\/08\/MK-SOLARIUM-ONLY-2-LIGHT-BULB2.png\" target=\"_self\"><img decoding=\"async\" width=\"320\" height=\"202\" src=\"https:\/\/molenkoning.com\/wp-content\/uploads\/2024\/08\/MK-SOLARIUM-ONLY-2-LIGHT-BULB2-320x202.png\" class=\"attachment-blog-medium size-blog-medium\" alt=\"\" \/><\/a><\/div><\/div><\/div><div class=\"swiper-slide\"><div class=\"fusion-carousel-item-wrapper\"><div class=\"fusion-image-wrapper hover-type-none\"><a data-rel=\"iLightbox[image_carousel_1]\" data-title=\"MK SOLARIUM ONLY 2 LIGHT BULB3\" aria-label=\"MK SOLARIUM ONLY 2 LIGHT BULB3\" href=\"https:\/\/molenkoning.com\/wp-content\/uploads\/2024\/08\/MK-SOLARIUM-ONLY-2-LIGHT-BULB3.png\" target=\"_self\"><img decoding=\"async\" width=\"320\" height=\"202\" src=\"https:\/\/molenkoning.com\/wp-content\/uploads\/2024\/08\/MK-SOLARIUM-ONLY-2-LIGHT-BULB3-320x202.png\" class=\"attachment-blog-medium size-blog-medium\" alt=\"\" \/><\/a><\/div><\/div><\/div><div class=\"swiper-slide\"><div class=\"fusion-carousel-item-wrapper\"><div class=\"fusion-image-wrapper hover-type-none\"><a data-rel=\"iLightbox[image_carousel_1]\" data-title=\"MK SOLARIUM ONLY 2 LIGHT BULB4\" aria-label=\"MK SOLARIUM ONLY 2 LIGHT BULB4\" href=\"https:\/\/molenkoning.com\/wp-content\/uploads\/2024\/08\/MK-SOLARIUM-ONLY-2-LIGHT-BULB4.png\" target=\"_self\"><img decoding=\"async\" width=\"320\" height=\"202\" src=\"https:\/\/molenkoning.com\/wp-content\/uploads\/2024\/08\/MK-SOLARIUM-ONLY-2-LIGHT-BULB4-320x202.png\" class=\"attachment-blog-medium size-blog-medium\" alt=\"\" \/><\/a><\/div><\/div><\/div><div class=\"swiper-slide\"><div class=\"fusion-carousel-item-wrapper\"><div class=\"fusion-image-wrapper hover-type-none\"><a data-rel=\"iLightbox[image_carousel_1]\" data-title=\"MK SOLARIUM ONLY 2 LIGHT BULB6\" aria-label=\"MK SOLARIUM ONLY 2 LIGHT BULB6\" href=\"https:\/\/molenkoning.com\/wp-content\/uploads\/2024\/08\/MK-SOLARIUM-ONLY-2-LIGHT-BULB6.png\" target=\"_self\"><img decoding=\"async\" width=\"320\" height=\"202\" src=\"https:\/\/molenkoning.com\/wp-content\/uploads\/2024\/08\/MK-SOLARIUM-ONLY-2-LIGHT-BULB6-320x202.png\" class=\"attachment-blog-medium size-blog-medium\" alt=\"\" \/><\/a><\/div><\/div><\/div><\/div><div class=\"awb-swiper-button awb-swiper-button-prev\"><i class=\"awb-icon-angle-left\" aria-hidden=\"true\"><\/i><\/div><div class=\"awb-swiper-button awb-swiper-button-next\"><i class=\"awb-icon-angle-right\" aria-hidden=\"true\"><\/i><\/div><\/div><\/div><\/div><\/div><\/div><\/div><div class=\"fusion-fullwidth fullwidth-box fusion-builder-row-3 fusion-flex-container has-pattern-background has-mask-background customsolarium nonhundred-percent-fullwidth non-hundred-percent-height-scrolling\" style=\"--awb-border-radius-top-left:0px;--awb-border-radius-top-right:0px;--awb-border-radius-bottom-right:0px;--awb-border-radius-bottom-left:0px;--awb-flex-wrap:wrap;\" ><div class=\"fusion-builder-row fusion-row fusion-flex-align-items-flex-start fusion-flex-content-wrap\" style=\"max-width:1144px;margin-left: calc(-4% \/ 2 );margin-right: calc(-4% \/ 2 );\"><div class=\"fusion-layout-column fusion_builder_column fusion-builder-column-2 fusion_builder_column_1_1 1_1 fusion-flex-column\" style=\"--awb-bg-size:cover;--awb-width-large:100%;--awb-margin-top-large:0px;--awb-spacing-right-large:1.92%;--awb-margin-bottom-large:0px;--awb-spacing-left-large:1.92%;--awb-width-medium:100%;--awb-spacing-right-medium:1.92%;--awb-spacing-left-medium:1.92%;--awb-width-small:100%;--awb-spacing-right-small:1.92%;--awb-spacing-left-small:1.92%;\"><div class=\"fusion-column-wrapper fusion-flex-justify-content-flex-start fusion-content-layout-column\"><div class=\"fusion-title title fusion-title-2 fusion-sep-none fusion-title-text fusion-title-size-two\" style=\"--awb-margin-top:20px;--awb-margin-bottom:10px;\"><h2 class=\"fusion-title-heading title-heading-left\" style=\"margin:0;\"><strong>Tekniske spesifikasjoner for solariet<\/strong><\/h2><\/div><div class=\"fusion-text fusion-text-2\"><p>\u2013 220\u2013240 Volt 50 Hz \/ 60 Hz<br \/>\n\u2013 1450 W<br \/>\n\u2013 Egen kurs 16 A<br \/>\n\u2013 8 vifter (4 per segment)<br \/>\n\u2013 10 lamper p\u00e5 120 Watt<br \/>\n\u2013 Moderne display med ventilasjonskontroll og timer: velg mellom 5 ventilasjonsmoduser, med justerbar tid opptil 60 minutter<br \/>\n\u2013 Inkludert sett med takopphengskjeder i svart pulverlakkert utf\u00f8relse, 150 cm lange<br \/>\n\u2013 2 \u00e5rs garanti<\/p>\n<p>\u00d8nsker du \u00e5 vite mer om fordelene og spesifikasjonene til v\u00e5rt infrar\u00f8de hestesolarium? <a href=\"https:\/\/molenkoning.com\/no\/produkter\/solarium\/\">Klikk her<\/a> for mer informasjon.<\/p>\n<\/div><\/div><\/div><div class=\"fusion-layout-column fusion_builder_column fusion-builder-column-3 fusion_builder_column_1_1 1_1 fusion-flex-column\" style=\"--awb-bg-size:cover;--awb-width-large:100%;--awb-margin-top-large:0px;--awb-spacing-right-large:1.92%;--awb-margin-bottom-large:0px;--awb-spacing-left-large:1.92%;--awb-width-medium:100%;--awb-spacing-right-medium:1.92%;--awb-spacing-left-medium:1.92%;--awb-width-small:100%;--awb-spacing-right-small:1.92%;--awb-spacing-left-small:1.92%;\"><div class=\"fusion-column-wrapper fusion-flex-justify-content-flex-start fusion-content-layout-column\"><div class=\"fusion-title title fusion-title-3 fusion-sep-none fusion-title-text fusion-title-size-two\" style=\"--awb-margin-top:20px;--awb-margin-bottom:10px;\"><h2 class=\"fusion-title-heading title-heading-left\" style=\"margin:0;\"><strong>Avansert ventilasjonssystem \u2013 Ny viftestyring: niv\u00e5er 0\u20135<\/strong><\/h2><\/div><div class=\"fusion-text fusion-text-3\"><p>Du kan n\u00e5 velge ingen ventilasjon eller full luftstr\u00f8m, slik at MK infrar\u00f8dt solarium kan brukes ogs\u00e5 p\u00e5 varme dager og om sommeren.<\/p>\n<p>\u2714 Holder hestene komfortable<br \/>\n\u2714 Egnet for bruk hele \u00e5ret<br \/>\n\u2714 Viktig for restitusjon selv i varme klima<\/p>\n<\/div><\/div><\/div><div class=\"fusion-layout-column fusion_builder_column fusion-builder-column-4 fusion_builder_column_1_1 1_1 fusion-flex-column\" style=\"--awb-bg-size:cover;--awb-width-large:100%;--awb-margin-top-large:0px;--awb-spacing-right-large:1.92%;--awb-margin-bottom-large:0px;--awb-spacing-left-large:1.92%;--awb-width-medium:100%;--awb-spacing-right-medium:1.92%;--awb-spacing-left-medium:1.92%;--awb-width-small:100%;--awb-spacing-right-small:1.92%;--awb-spacing-left-small:1.92%;\"><div class=\"fusion-column-wrapper fusion-flex-justify-content-flex-start fusion-content-layout-column\"><div class=\"fusion-title title fusion-title-4 fusion-sep-none fusion-title-text fusion-title-size-two\" style=\"--awb-margin-top:20px;--awb-margin-bottom:10px;\"><h2 class=\"fusion-title-heading title-heading-left\" style=\"margin:0;\"><strong>Trenger du tilbeh\u00f8r og reservedeler?<\/strong><\/h2><\/div><div class=\"fusion-text fusion-text-4\"><p>V\u00e5re solarium leveres som standard med svart pulverlakkerte kjeder. I tillegg kan du bestille veggfeste eller l\u00f8ftesystem for enkel montering p\u00e5 veggen. Det finnes ogs\u00e5 myntautomat, og selvf\u00f8lgelig kan du bestille reservep\u00e6rer.<\/p>\n<\/div><p class=\"price\"><ins><span class=\"woocommerce-Price-amount amount\"><bdi><span class=\"woocommerce-Price-currencySymbol\">\u20ac<\/span>875.00<\/bdi><\/span><\/ins><\/p>\n<p class=\"vattext\">Ekskl. mva. og transport<\/p><\/div><\/div><\/div><\/div><\/p>\n","protected":false},"excerpt":{"rendered":"","protected":false},"featured_media":199046,"template":"","meta":{"_acf_changed":false,"content-type":""},"product_brand":[],"product_cat":[551],"product_tag":[760],"class_list":{"0":"post-184844","1":"product","2":"type-product","3":"status-publish","4":"has-post-thumbnail","6":"product_cat-solarium-no","7":"product_tag-new-no","9":"first","10":"instock","11":"featured","12":"taxable","13":"shipping-taxable","14":"product-type-simple"},"acf":[],"_links":{"self":[{"href":"https:\/\/molenkoning.com\/no\/wp-json\/wp\/v2\/product\/184844","targetHints":{"allow":["GET"]}}],"collection":[{"href":"https:\/\/molenkoning.com\/no\/wp-json\/wp\/v2\/product"}],"about":[{"href":"https:\/\/molenkoning.com\/no\/wp-json\/wp\/v2\/types\/product"}],"wp:featuredmedia":[{"embeddable":true,"href":"https:\/\/molenkoning.com\/no\/wp-json\/wp\/v2\/media\/199046"}],"wp:attachment":[{"href":"https:\/\/molenkoning.com\/no\/wp-json\/wp\/v2\/media?parent=184844"}],"wp:term":[{"taxonomy":"product_brand","embeddable":true,"href":"https:\/\/molenkoning.com\/no\/wp-json\/wp\/v2\/product_brand?post=184844"},{"taxonomy":"product_cat","embeddable":true,"href":"https:\/\/molenkoning.com\/no\/wp-json\/wp\/v2\/product_cat?post=184844"},{"taxonomy":"product_tag","embeddable":true,"href":"https:\/\/molenkoning.com\/no\/wp-json\/wp\/v2\/product_tag?post=184844"}],"curies":[{"name":"wp","href":"https:\/\/api.w.org\/{rel}","templated":true}]}}