{"id":170929,"date":"2023-03-27T11:41:49","date_gmt":"2023-03-27T11:41:49","guid":{"rendered":"https:\/\/molenkoning.com\/product\/ordering-a-horsepower-plate-at-molenkoning\/"},"modified":"2026-04-20T13:04:43","modified_gmt":"2026-04-20T13:04:43","slug":"bestilling-av-en-skrittemaskin-hos-molenkoning","status":"publish","type":"product","link":"https:\/\/molenkoning.com\/no\/produkt\/bestilling-av-en-skrittemaskin-hos-molenkoning\/","title":{"rendered":"Bestilling av en skrittemaskin hos Molenkoning"},"content":{"rendered":"<p><div class=\"fusion-fullwidth fullwidth-box fusion-builder-row-1 fusion-flex-container nonhundred-percent-fullwidth non-hundred-percent-height-scrolling\" style=\"--awb-border-radius-top-left:0px;--awb-border-radius-top-right:0px;--awb-border-radius-bottom-right:0px;--awb-border-radius-bottom-left:0px;--awb-flex-wrap:wrap;\" ><div class=\"fusion-builder-row fusion-row fusion-flex-align-items-flex-start fusion-flex-content-wrap\" style=\"max-width:1144px;margin-left: calc(-4% \/ 2 );margin-right: calc(-4% \/ 2 );\"><div class=\"fusion-layout-column fusion_builder_column fusion-builder-column-0 fusion_builder_column_1_1 1_1 fusion-flex-column\" style=\"--awb-bg-size:cover;--awb-width-large:100%;--awb-margin-top-large:0px;--awb-spacing-right-large:1.92%;--awb-margin-bottom-large:20px;--awb-spacing-left-large:1.92%;--awb-width-medium:100%;--awb-order-medium:0;--awb-spacing-right-medium:1.92%;--awb-spacing-left-medium:1.92%;--awb-width-small:100%;--awb-order-small:0;--awb-spacing-right-small:1.92%;--awb-spacing-left-small:1.92%;\"><div class=\"fusion-column-wrapper fusion-column-has-shadow fusion-flex-justify-content-flex-start fusion-content-layout-column\"><div class=\"fusion-text fusion-text-1\"><p><strong>Molenkoning tilbyr den supereffektive MK Horsepower Plate (vibrasjonsgulv). Ved hjelp av to kraftige motorer oppn\u00e5s den ideelle vertikale bevegelsen, kombinert med en elegant finish og et attraktivt design. I kombinasjon med det innovative kontrollpanelet gj\u00f8r det MK Horsepower Plate til en globalt brukt vibrasjonsplate for hester. Produktet er designet i Nederland og leveres direkte fra v\u00e5rt verksted. Hvis du bestiller platen \/ gulvet i dag, vil du motta produktet innen 7 virkedager i EU.<\/strong><\/p>\n<\/div><\/div><\/div><\/div><\/div><div class=\"fusion-fullwidth fullwidth-box fusion-builder-row-2 fusion-flex-container has-pattern-background has-mask-background nonhundred-percent-fullwidth non-hundred-percent-height-scrolling\" style=\"--awb-border-radius-top-left:0px;--awb-border-radius-top-right:0px;--awb-border-radius-bottom-right:0px;--awb-border-radius-bottom-left:0px;--awb-flex-wrap:wrap;\" ><div class=\"fusion-builder-row fusion-row fusion-flex-align-items-flex-start fusion-flex-content-wrap\" style=\"max-width:1144px;margin-left: calc(-4% \/ 2 );margin-right: calc(-4% \/ 2 );\"><div class=\"fusion-layout-column fusion_builder_column fusion-builder-column-1 fusion_builder_column_1_1 1_1 fusion-flex-column sliderouternew\" style=\"--awb-bg-size:cover;--awb-width-large:100%;--awb-margin-top-large:0px;--awb-spacing-right-large:1.92%;--awb-margin-bottom-large:20px;--awb-spacing-left-large:1.92%;--awb-width-medium:100%;--awb-order-medium:0;--awb-spacing-right-medium:1.92%;--awb-spacing-left-medium:1.92%;--awb-width-small:100%;--awb-order-small:0;--awb-spacing-right-small:1.92%;--awb-spacing-left-small:1.92%;\"><div class=\"fusion-column-wrapper fusion-column-has-shadow fusion-flex-justify-content-flex-start fusion-content-layout-column\"><div class=\"fusion-title title fusion-title-1 fusion-title-center fusion-title-text fusion-title-size-two\" style=\"--awb-margin-bottom:30px;\"><div class=\"title-sep-container title-sep-container-left\"><div class=\"title-sep sep-double sep-solid\" style=\"border-color:#e0dede;\"><\/div><\/div><span class=\"awb-title-spacer\"><\/span><h2 class=\"fusion-title-heading title-heading-center\" style=\"margin:0;\">Photos<\/h2><span class=\"awb-title-spacer\"><\/span><div class=\"title-sep-container title-sep-container-right\"><div class=\"title-sep sep-double sep-solid\" style=\"border-color:#e0dede;\"><\/div><\/div><\/div><div class=\"fusion-image-carousel fusion-image-carousel-fixed fusion-image-carousel-1 lightbox-enabled solarium-carousel\"><div class=\"awb-carousel awb-swiper awb-swiper-carousel\" data-autoplay=\"no\" data-columns=\"3\" data-itemmargin=\"1\" data-itemwidth=\"180\" data-touchscroll=\"no\" data-imagesize=\"fixed\" style=\"--awb-columns:3;--awb-column-spacing:1px;--awb-caption-title-size:13px;--awb-caption-margin-bottom:10px;\"><div class=\"swiper-wrapper awb-image-carousel-wrapper fusion-flex-align-items-center\"><div class=\"swiper-slide\"><div class=\"fusion-carousel-item-wrapper\"><div class=\"fusion-image-wrapper hover-type-none\"><a data-rel=\"iLightbox[image_carousel_1]\" data-title=\"hoofsfront\" aria-label=\"hoofsfront\" href=\"https:\/\/molenkoning.com\/wp-content\/uploads\/2022\/10\/mk-horsepower-plate-floor-1024x683.jpg\" target=\"_self\"><img decoding=\"async\" width=\"460\" height=\"295\" src=\"https:\/\/molenkoning.com\/wp-content\/uploads\/2022\/10\/hoofsfront-460x295.jpg\" class=\"attachment-portfolio-two size-portfolio-two\" alt=\"Trilplaat paarden vloer\" \/><\/a><\/div><\/div><\/div><div class=\"swiper-slide\"><div class=\"fusion-carousel-item-wrapper\"><div class=\"fusion-image-wrapper hover-type-none\"><a data-rel=\"iLightbox[image_carousel_1]\" data-title=\"Antipanikk underlag\" aria-label=\"Antipanikk underlag\" href=\"https:\/\/molenkoning.com\/wp-content\/uploads\/2020\/02\/anti-panic-attachment.jpg\" target=\"_self\"><img decoding=\"async\" width=\"460\" height=\"295\" src=\"https:\/\/molenkoning.com\/wp-content\/uploads\/2020\/02\/Power-plate-Mk-logo-4-460x295.jpg\" class=\"attachment-portfolio-two size-portfolio-two\" alt=\"Antipanikk underlag\" \/><\/a><\/div><\/div><\/div><div class=\"swiper-slide\"><div class=\"fusion-carousel-item-wrapper\"><div class=\"fusion-image-wrapper hover-type-none\"><a data-rel=\"iLightbox[image_carousel_1]\" data-title=\"Powerplate-dilando-from-behind\" aria-label=\"Powerplate-dilando-from-behind\" href=\"https:\/\/molenkoning.com\/wp-content\/uploads\/2022\/10\/Powerplate-dilando-from-behind.jpg\" target=\"_self\"><img decoding=\"async\" width=\"460\" height=\"295\" src=\"https:\/\/molenkoning.com\/wp-content\/uploads\/2022\/10\/Powerplate-dilando-from-behind-460x295.jpg\" class=\"attachment-portfolio-two size-portfolio-two\" alt=\"Trilplaat paarden achterkant\" \/><\/a><\/div><\/div><\/div><div class=\"swiper-slide\"><div class=\"fusion-carousel-item-wrapper\"><div class=\"fusion-image-wrapper hover-type-none\"><a data-rel=\"iLightbox[image_carousel_1]\" data-title=\"powerplate bright colour\" aria-label=\"powerplate bright colour\" href=\"https:\/\/molenkoning.com\/wp-content\/uploads\/2022\/10\/powerplate-bright-colour.jpg\" target=\"_self\"><img decoding=\"async\" width=\"460\" height=\"295\" src=\"https:\/\/molenkoning.com\/wp-content\/uploads\/2022\/10\/powerplate-bright-colour-460x295.jpg\" class=\"attachment-portfolio-two size-portfolio-two\" alt=\"Trilplaat paarden\" \/><\/a><\/div><\/div><\/div><div class=\"swiper-slide\"><div class=\"fusion-carousel-item-wrapper\"><div class=\"fusion-image-wrapper hover-type-none\"><a data-rel=\"iLightbox[image_carousel_1]\" data-title=\"sidecloseup\" aria-label=\"sidecloseup\" href=\"https:\/\/molenkoning.com\/wp-content\/uploads\/2022\/10\/horsepower-plate-side.jpg\" target=\"_self\"><img decoding=\"async\" width=\"460\" height=\"295\" src=\"https:\/\/molenkoning.com\/wp-content\/uploads\/2022\/10\/sidecloseup-460x295.jpg\" class=\"attachment-portfolio-two size-portfolio-two\" alt=\"Trilplaat paarden achterkant\" \/><\/a><\/div><\/div><\/div><div class=\"swiper-slide\"><div class=\"fusion-carousel-item-wrapper\"><div class=\"fusion-image-wrapper hover-type-none\"><a data-rel=\"iLightbox[image_carousel_1]\" data-title=\"closeupdilando\" aria-label=\"closeupdilando\" href=\"https:\/\/molenkoning.com\/wp-content\/uploads\/2022\/10\/mk-horsepower-plate.jpg\" target=\"_self\"><img decoding=\"async\" width=\"460\" height=\"295\" src=\"https:\/\/molenkoning.com\/wp-content\/uploads\/2022\/10\/closeupdilando-460x295.jpg\" class=\"attachment-portfolio-two size-portfolio-two\" alt=\"Trilplaat paarden\" \/><\/a><\/div><\/div><\/div><\/div><div class=\"awb-swiper-button awb-swiper-button-prev\"><i class=\"awb-icon-angle-left\" aria-hidden=\"true\"><\/i><\/div><div class=\"awb-swiper-button awb-swiper-button-next\"><i class=\"awb-icon-angle-right\" aria-hidden=\"true\"><\/i><\/div><\/div><\/div><\/div><\/div><\/div><\/div><div class=\"fusion-fullwidth fullwidth-box fusion-builder-row-3 fusion-flex-container has-pattern-background has-mask-background customsolarium nonhundred-percent-fullwidth non-hundred-percent-height-scrolling\" style=\"--awb-border-radius-top-left:0px;--awb-border-radius-top-right:0px;--awb-border-radius-bottom-right:0px;--awb-border-radius-bottom-left:0px;--awb-flex-wrap:wrap;\" ><div class=\"fusion-builder-row fusion-row fusion-flex-align-items-flex-start fusion-flex-content-wrap\" style=\"max-width:1144px;margin-left: calc(-4% \/ 2 );margin-right: calc(-4% \/ 2 );\"><div class=\"fusion-layout-column fusion_builder_column fusion-builder-column-2 fusion_builder_column_1_1 1_1 fusion-flex-column\" style=\"--awb-bg-size:cover;--awb-width-large:100%;--awb-margin-top-large:0px;--awb-spacing-right-large:1.92%;--awb-margin-bottom-large:0px;--awb-spacing-left-large:1.92%;--awb-width-medium:100%;--awb-spacing-right-medium:1.92%;--awb-spacing-left-medium:1.92%;--awb-width-small:100%;--awb-spacing-right-small:1.92%;--awb-spacing-left-small:1.92%;\"><div class=\"fusion-column-wrapper fusion-flex-justify-content-flex-start fusion-content-layout-column\"><div class=\"fusion-title title fusion-title-2 fusion-sep-none fusion-title-text fusion-title-size-two\" style=\"--awb-margin-bottom:10px;\"><h2 class=\"fusion-title-heading title-heading-left\" style=\"margin:0;\">Tekniske spesifikasjoner skrittemaskin<\/h2><\/div><div class=\"fusion-text fusion-text-2\"><p>Hestekraftplaten kan kobles direkte til en 230 volt-tilkobling, p\u00e5 en egen kurs.<\/p>\n<ul>\n<li>220-240 Volt 50 Hz \/ 60 Hz<\/li>\n<li><strong>Struktur: <\/strong>svart pulverlakkert st\u00e5l<\/li>\n<li><strong>Lengde:<\/strong> 209 cm<\/li>\n<li><strong>Bredde:<\/strong> 116 cm<\/li>\n<li><strong>H\u00f8yde:<\/strong> 129 cm<\/li>\n<li><strong>Vekt:<\/strong> 350 kg<\/li>\n<li><strong>Gulv:<\/strong> sklisikker gummi<\/li>\n<li><strong>Elektrisk tilkobling:<\/strong> 220V-16 A<\/li>\n<li><strong>Motor:<\/strong> 2 enheter p\u00e5 0,18 KW<\/li>\n<li><strong>Kontroll:<\/strong> ber\u00f8ringsskjerm som du kan programmere med og som inneholder sikkerhetsstopp<\/li>\n<\/ul>\n<p>Vil du vite mer om fordelene og spesifikasjonene til <a href=\"https:\/\/molenkoning.com\/no\/produkter\/rehabilterings-utstyr-for-hester-vibrasjons-gulv\/\">hestekraftplaten v\u00e5r<\/a>? Klikk her for mer informasjon.<\/p>\n<\/div><\/div><\/div><div class=\"fusion-layout-column fusion_builder_column fusion-builder-column-3 fusion_builder_column_1_1 1_1 fusion-flex-column\" style=\"--awb-bg-size:cover;--awb-width-large:100%;--awb-margin-top-large:0px;--awb-spacing-right-large:1.92%;--awb-margin-bottom-large:0px;--awb-spacing-left-large:1.92%;--awb-width-medium:100%;--awb-spacing-right-medium:1.92%;--awb-spacing-left-medium:1.92%;--awb-width-small:100%;--awb-spacing-right-small:1.92%;--awb-spacing-left-small:1.92%;\"><div class=\"fusion-column-wrapper fusion-flex-justify-content-flex-start fusion-content-layout-column\"><div class=\"fusion-title title fusion-title-3 fusion-sep-none fusion-title-text fusion-title-size-two\" style=\"--awb-margin-top:20px;--awb-margin-bottom:10px;\"><h2 class=\"fusion-title-heading title-heading-left\" style=\"margin:0;\"><p class=\"p1\">Bestill din vibrasjons-plate hos Molenkoning i dag<\/p><\/h2><\/div><div class=\"fusion-text fusion-text-3\"><p class=\"p1\">Molenkoning er et nederlandsk selskap. Det betyr at alle v\u00e5re produkter er designet i Nederland og leveres direkte fra v\u00e5rt verksted. Derfor har vi kort leveringstid, og du kan bestille et produkt av h\u00f8y kvalitet som brukes av fagfolk over hele verden.<\/p>\n<p>For \u00e5 sikre en problemfri leveringsprosess, vil v\u00e5r fraktpartner personlig kontakte deg for \u00e5 avtale et passende tidspunkt for lossing av din bestilling.<\/p>\n<\/div><p class=\"price\"><ins><span class=\"woocommerce-Price-amount amount\"><bdi>5 950<span class=\"woocommerce-Price-currencySymbol\">\u20ac<\/span><\/bdi><\/span><\/ins><\/p>\n<p class=\"vattext\">ekskl. mva. og ekskl. transport<\/p><\/div><\/div><\/div><\/div><\/p>\n","protected":false},"excerpt":{"rendered":"","protected":false},"featured_media":174747,"template":"","meta":{"_acf_changed":false,"content-type":""},"product_brand":[],"product_cat":[448],"product_tag":[],"class_list":{"0":"post-170929","1":"product","2":"type-product","3":"status-publish","4":"has-post-thumbnail","6":"product_cat-uncategorized-no","8":"first","9":"instock","10":"taxable","11":"shipping-taxable","12":"product-type-simple"},"acf":[],"_links":{"self":[{"href":"https:\/\/molenkoning.com\/no\/wp-json\/wp\/v2\/product\/170929","targetHints":{"allow":["GET"]}}],"collection":[{"href":"https:\/\/molenkoning.com\/no\/wp-json\/wp\/v2\/product"}],"about":[{"href":"https:\/\/molenkoning.com\/no\/wp-json\/wp\/v2\/types\/product"}],"wp:featuredmedia":[{"embeddable":true,"href":"https:\/\/molenkoning.com\/no\/wp-json\/wp\/v2\/media\/174747"}],"wp:attachment":[{"href":"https:\/\/molenkoning.com\/no\/wp-json\/wp\/v2\/media?parent=170929"}],"wp:term":[{"taxonomy":"product_brand","embeddable":true,"href":"https:\/\/molenkoning.com\/no\/wp-json\/wp\/v2\/product_brand?post=170929"},{"taxonomy":"product_cat","embeddable":true,"href":"https:\/\/molenkoning.com\/no\/wp-json\/wp\/v2\/product_cat?post=170929"},{"taxonomy":"product_tag","embeddable":true,"href":"https:\/\/molenkoning.com\/no\/wp-json\/wp\/v2\/product_tag?post=170929"}],"curies":[{"name":"wp","href":"https:\/\/api.w.org\/{rel}","templated":true}]}}