{"id":181179,"date":"2024-02-20T11:09:02","date_gmt":"2024-02-20T11:09:02","guid":{"rendered":"https:\/\/molenkoning.com\/specific-terms-and-conditions-of-purchase-on-mks-online-store-webshop\/"},"modified":"2024-02-28T09:49:05","modified_gmt":"2024-02-28T09:49:05","slug":"kjopsbetingelser","status":"publish","type":"page","link":"https:\/\/molenkoning.com\/no\/kjopsbetingelser\/","title":{"rendered":"Kj\u00f8psbetingelser"},"content":{"rendered":"<div class=\"fusion-fullwidth fullwidth-box fusion-builder-row-1 fusion-flex-container nonhundred-percent-fullwidth non-hundred-percent-height-scrolling\" style=\"--awb-border-radius-top-left:0px;--awb-border-radius-top-right:0px;--awb-border-radius-bottom-right:0px;--awb-border-radius-bottom-left:0px;--awb-flex-wrap:wrap;\" ><div class=\"fusion-builder-row fusion-row fusion-flex-align-items-flex-start fusion-flex-content-wrap\" style=\"max-width:1144px;margin-left: calc(-4% \/ 2 );margin-right: calc(-4% \/ 2 );\"><div class=\"fusion-layout-column fusion_builder_column fusion-builder-column-0 fusion_builder_column_1_1 1_1 fusion-flex-column\" style=\"--awb-bg-size:cover;--awb-width-large:100%;--awb-margin-top-large:0px;--awb-spacing-right-large:1.92%;--awb-margin-bottom-large:0px;--awb-spacing-left-large:1.92%;--awb-width-medium:100%;--awb-spacing-right-medium:1.92%;--awb-spacing-left-medium:1.92%;--awb-width-small:100%;--awb-spacing-right-small:1.92%;--awb-spacing-left-small:1.92%;\"><div class=\"fusion-column-wrapper fusion-flex-justify-content-flex-start fusion-content-layout-column\"><div class=\"fusion-text fusion-text-1\"><p>1.Ordrer som blir lagt inn gjennom nettsiden til Molenkoning BV vil bli behandlet umiddelbart p\u00e5 p\u00e5f\u00f8lgende arbeidsdag etter bekreftelse av betaling.<\/p>\n<p>2.Den estimerte leveringstiden er 7 til 10 arbeidsdager.<\/p>\n<p>3.Dersom det er utilstrekkelig lager tilgjengelig p\u00e5 ordretidspunktet, vil Molenkoning BV umiddelbart ta kontakt med kunden for \u00e5 tilby en refusjonsmulighet eller oppgi en omtrentlig leveringsdato.<\/p>\n<p>4.Eventuelle krav ang\u00e5ende produktfeil eller ufullstendig levering m\u00e5 rapporteres innen en maksimal periode p\u00e5 8 naturlige dager via e-post til <a href=\"mailto:info@molenkoning.com\">info@molenkoning.com<\/a> eller telefonisk p\u00e5 <a href=\"tel:31486415174\">+31486415174<\/a>. Kunden har rett til \u00e5 returnere produktet hvis de velger \u00e5 ikke beholde det, forutsatt at klagen blir levert innen den fastsatte 8-dagers perioden og returprosessen blir umiddelbart startet til Molenkoning BV p\u00e5 f\u00f8lgende adresse: Voederheil 6A, 5411RK Zeeland, Nederland.<\/p>\n<p>5.Fraktkostnader for retur vil v\u00e6re kundens ansvar.<\/p>\n<p>6.Produktreturer vil bare bli akseptert hvis varene returneres i sin originale emballasje, for eksempel solsengeboksen. Etter mottak av de returnerte produktene, vil det bli gjort en vurdering for \u00e5 verifisere deres tilstand, bruk, eventuelle skader eller endringer for\u00e5rsaket av feilaktig h\u00e5ndtering. Denne vurderingen vil legge til rette for en beslutning om retur, som vil bli kommunisert til kunden innen maksimalt 5 arbeidsdager fra mottakelsen av de returnerte produktene.<\/p>\n<p>7.Produkter kj\u00f8pt gjennom Molenkoning BV&#8217;s nettside vil v\u00e6re underlagt de gjenv\u00e6rende vilk\u00e5rene og betingelsene som er spesifisert i dette dokumentet, forutsatt at de ikke motsier det som er etablert p\u00e5 dette punktet.<\/p>\n<\/div><\/div><\/div><\/div><\/div>\n","protected":false},"excerpt":{"rendered":"","protected":false},"author":1,"featured_media":0,"parent":0,"menu_order":0,"comment_status":"closed","ping_status":"closed","template":"","meta":{"_acf_changed":false,"content-type":"","footnotes":""},"class_list":["post-181179","page","type-page","status-publish","hentry"],"acf":[],"_links":{"self":[{"href":"https:\/\/molenkoning.com\/no\/wp-json\/wp\/v2\/pages\/181179","targetHints":{"allow":["GET"]}}],"collection":[{"href":"https:\/\/molenkoning.com\/no\/wp-json\/wp\/v2\/pages"}],"about":[{"href":"https:\/\/molenkoning.com\/no\/wp-json\/wp\/v2\/types\/page"}],"author":[{"embeddable":true,"href":"https:\/\/molenkoning.com\/no\/wp-json\/wp\/v2\/users\/1"}],"replies":[{"embeddable":true,"href":"https:\/\/molenkoning.com\/no\/wp-json\/wp\/v2\/comments?post=181179"}],"version-history":[{"count":1,"href":"https:\/\/molenkoning.com\/no\/wp-json\/wp\/v2\/pages\/181179\/revisions"}],"predecessor-version":[{"id":181180,"href":"https:\/\/molenkoning.com\/no\/wp-json\/wp\/v2\/pages\/181179\/revisions\/181180"}],"wp:attachment":[{"href":"https:\/\/molenkoning.com\/no\/wp-json\/wp\/v2\/media?parent=181179"}],"curies":[{"name":"wp","href":"https:\/\/api.w.org\/{rel}","templated":true}]}}