{"id":15996,"date":"2020-02-11T13:24:13","date_gmt":"2020-02-11T13:24:13","guid":{"rendered":"https:\/\/molenkoning.com\/structure-and-composition-of-a-molenkoning-horse-walker\/"},"modified":"2023-08-16T11:56:39","modified_gmt":"2023-08-16T11:56:39","slug":"stuktur-til-este-treningsmaskin","status":"publish","type":"page","link":"https:\/\/molenkoning.com\/no\/stuktur-til-este-treningsmaskin\/","title":{"rendered":"Utforming og kosntruksjon av Molenkoning skrittemaskin"},"content":{"rendered":"<p><div class=\"fusion-fullwidth fullwidth-box fusion-builder-row-1 fusion-flex-container has-pattern-background has-mask-background nonhundred-percent-fullwidth non-hundred-percent-height-scrolling\" style=\"--awb-border-radius-top-left:0px;--awb-border-radius-top-right:0px;--awb-border-radius-bottom-right:0px;--awb-border-radius-bottom-left:0px;--awb-flex-wrap:wrap;\" ><div class=\"fusion-builder-row fusion-row fusion-flex-align-items-flex-start fusion-flex-content-wrap\" style=\"max-width:1144px;margin-left: calc(-4% \/ 2 );margin-right: calc(-4% \/ 2 );\"><div class=\"fusion-layout-column fusion_builder_column fusion-builder-column-0 fusion_builder_column_1_1 1_1 fusion-flex-column\" style=\"--awb-bg-size:cover;--awb-width-large:100%;--awb-margin-top-large:0px;--awb-spacing-right-large:1.92%;--awb-margin-bottom-large:20px;--awb-spacing-left-large:1.92%;--awb-width-medium:100%;--awb-order-medium:0;--awb-spacing-right-medium:1.92%;--awb-spacing-left-medium:1.92%;--awb-width-small:100%;--awb-order-small:0;--awb-spacing-right-small:1.92%;--awb-spacing-left-small:1.92%;\"><div class=\"fusion-column-wrapper fusion-column-has-shadow fusion-flex-justify-content-flex-start fusion-content-layout-column\"><div class=\"fusion-title title fusion-title-1 fusion-sep-none fusion-title-text fusion-title-size-one\" style=\"--awb-text-color:#333333;\"><h1 class=\"fusion-title-heading title-heading-left\" style=\"margin:0;\">Konstruksjon og sammensetning av Molenkonings skrittmaskin<\/h1><\/div><div class=\"fusion-text fusion-text-1\"><p>Molenkoning skrittmaskinen er brukervennlig og har lang levetid takket v\u00e6re den robuste konstruksjonen. Skrittmaskinen krever lite vedlikehold, er sv\u00e6rt sikker og bruker lite energi. V\u00e5re skrittmaskiner kan monteres av en tekniker, men de fleste monteres av kundene v\u00e5re selv ved hjelp av en enkel bruksanvisning.<\/p>\n<p>I denne artikkelen vil vi l\u00e6re deg alt om konstruksjonen og sammensetningen av skrittmaskinen v\u00e5r. P\u00e5 denne m\u00e5ten f\u00e5r du vite alt om de viktigste temaene knyttet til bruk av skrittmaskinen v\u00e5r. Hvis du vil l\u00e6re mer om trening med skrittmaskin, kan du klikke her for en artikkel om dette emnet. I denne artikkelen vil du ogs\u00e5 l\u00e6re mer om:<\/p>\n<ul>\n<li>Sikkerhet for hest og trener<\/li>\n<li>Materialer og etterbehandling av h\u00f8y kvalitet<\/li>\n<li>F\u00f8rsteklasses service f\u00f8r og etter salg<\/li>\n<li>Enkel betjening med funksjonsknapper<\/li>\n<li>Beste forhold mellom pris og kvalitet<\/li>\n<\/ul>\n<\/div><\/div><\/div><div class=\"fusion-layout-column fusion_builder_column fusion-builder-column-1 fusion_builder_column_1_1 1_1 fusion-flex-column\" style=\"--awb-bg-size:cover;--awb-width-large:100%;--awb-margin-top-large:0px;--awb-spacing-right-large:1.92%;--awb-margin-bottom-large:20px;--awb-spacing-left-large:1.92%;--awb-width-medium:100%;--awb-order-medium:0;--awb-spacing-right-medium:1.92%;--awb-spacing-left-medium:1.92%;--awb-width-small:100%;--awb-order-small:0;--awb-spacing-right-small:1.92%;--awb-spacing-left-small:1.92%;\"><div class=\"fusion-column-wrapper fusion-column-has-shadow fusion-flex-justify-content-flex-start fusion-content-layout-column\"><div class=\"fusion-title title fusion-title-2 fusion-sep-none fusion-title-text fusion-title-size-one\" style=\"--awb-text-color:#333333;\"><h1 class=\"fusion-title-heading title-heading-left\" style=\"margin:0;\">Skrittmaskinen og hestens sikkerhet<\/h1><\/div><div class=\"fusion-text fusion-text-2\"><p>Sikkerhet og kvalitet st\u00e5r \u00f8verst p\u00e5 prioriteringslisten din, og det gjelder ogs\u00e5 for oss. Derfor leveres v\u00e5re skrittmaskiner alltid med en 220V elektrisk motor, designet for en lang levetid p\u00e5 minst 15 000 timer.<\/p>\n<\/div><\/div><\/div><\/div><\/div><div class=\"fusion-fullwidth fullwidth-box fusion-builder-row-2 fusion-flex-container has-pattern-background has-mask-background ctabannerouter hundred-percent-fullwidth non-hundred-percent-height-scrolling\" style=\"--awb-border-radius-top-left:0px;--awb-border-radius-top-right:0px;--awb-border-radius-bottom-right:0px;--awb-border-radius-bottom-left:0px;--awb-padding-right:0px;--awb-padding-left:0px;--awb-background-color:#484848;--awb-flex-wrap:wrap;\" ><div class=\"fusion-builder-row fusion-row fusion-flex-align-items-flex-start fusion-flex-content-wrap\" style=\"width:calc( 100% + 0px ) !important;max-width:calc( 100% + 0px ) !important;margin-left: calc(-0px \/ 2 );margin-right: calc(-0px \/ 2 );\"><div class=\"fusion-layout-column fusion_builder_column fusion-builder-column-2 fusion_builder_column_1_3 1_3 fusion-flex-column\" style=\"--awb-padding-top:50px;--awb-padding-right:50px;--awb-padding-bottom:50px;--awb-padding-left:50px;--awb-bg-color:#484848;--awb-bg-color-hover:#484848;--awb-bg-size:cover;--awb-width-large:33.333333333333%;--awb-margin-top-large:0px;--awb-spacing-right-large:0;--awb-margin-bottom-large:0px;--awb-spacing-left-large:0px;--awb-width-medium:100%;--awb-order-medium:0;--awb-spacing-right-medium:0px;--awb-spacing-left-medium:0px;--awb-width-small:100%;--awb-order-small:0;--awb-spacing-right-small:0px;--awb-spacing-left-small:0px;\"><div class=\"fusion-column-wrapper fusion-column-has-shadow fusion-flex-justify-content-flex-start fusion-content-layout-column\"><div class=\"fusion-title title fusion-title-3 fusion-sep-none fusion-title-text fusion-title-size-two\" style=\"--awb-text-color:#ffffff;\"><h2 class=\"fusion-title-heading title-heading-left\" style=\"margin:0;\">Still sp\u00f8rsm\u00e5lene dine til en av v\u00e5re spesialister<\/h2><\/div><div class=\"fusion-text fusion-text-3\" style=\"--awb-text-color:#ffffff;\"><p>Har du sp\u00f8rsm\u00e5l om plassering, installasjon eller bruk av en skrittmaskin?<\/p>\n<\/div><\/div><\/div><div class=\"fusion-layout-column fusion_builder_column fusion-builder-column-3 fusion_builder_column_2_3 2_3 fusion-flex-column ctabannerinner\" style=\"--awb-padding-top:50px;--awb-padding-right:50px;--awb-padding-bottom:51px;--awb-padding-left:30px;--awb-bg-color:rgba(0,0,0,0.38);--awb-bg-color-hover:rgba(0,0,0,0.38);--awb-bg-image:url(&#039;https:\/\/molenkoning.com\/wp-content\/uploads\/2021\/09\/Molenkoning-66.jpeg&#039;);--awb-bg-position:center center;--awb-bg-size:cover;--awb-width-large:66.666666666667%;--awb-margin-top-large:0px;--awb-spacing-right-large:0px;--awb-margin-bottom-large:0px;--awb-spacing-left-large:0;--awb-width-medium:100%;--awb-order-medium:0;--awb-spacing-right-medium:0px;--awb-spacing-left-medium:0px;--awb-width-small:100%;--awb-order-small:0;--awb-spacing-right-small:0px;--awb-spacing-left-small:0px;\"><div class=\"fusion-column-wrapper fusion-column-has-shadow fusion-flex-justify-content-flex-start fusion-content-layout-column fusion-column-has-bg-image\" data-bg-url=\"https:\/\/molenkoning.com\/wp-content\/uploads\/2021\/09\/Molenkoning-66.jpeg\"><div class=\"fusion-image-element \" style=\"text-align:left;--awb-margin-bottom:10px;--awb-caption-title-font-family:var(--h2_typography-font-family);--awb-caption-title-font-weight:var(--h2_typography-font-weight);--awb-caption-title-font-style:var(--h2_typography-font-style);--awb-caption-title-size:var(--h2_typography-font-size);--awb-caption-title-transform:var(--h2_typography-text-transform);--awb-caption-title-line-height:var(--h2_typography-line-height);--awb-caption-title-letter-spacing:var(--h2_typography-letter-spacing);\"><span class=\" fusion-imageframe imageframe-none imageframe-1 hover-type-none\"><img decoding=\"async\" width=\"150\" height=\"150\" title=\"ctabannerton\" src=\"https:\/\/molenkoning.com\/wp-content\/uploads\/2022\/03\/ctabannerton-150x150.png\" alt class=\"img-responsive wp-image-152295\" srcset=\"https:\/\/molenkoning.com\/wp-content\/uploads\/2022\/03\/ctabannerton-66x66.png 66w, https:\/\/molenkoning.com\/wp-content\/uploads\/2022\/03\/ctabannerton-150x150.png 150w, https:\/\/molenkoning.com\/wp-content\/uploads\/2022\/03\/ctabannerton.png 200w\" sizes=\"(max-width: 150px) 100vw, 150px\" \/><\/span><\/div><div ><a class=\"fusion-button button-flat fusion-button-default-size button-custom fusion-button-default button-1 fusion-button-default-span fusion-button-default-type\" style=\"--button_accent_color:#ffffff;--button_accent_hover_color:#ffffff;--button_border_hover_color:#ffffff;--button_gradient_top_color:#b98713;--button_gradient_bottom_color:#b98713;--button_gradient_top_color_hover:rgba(151,124,61,0.89);--button_gradient_bottom_color_hover:rgba(151,124,61,0.89);\" target=\"_self\" href=\"mailto:info@molenkoning.com\"><span class=\"fusion-button-text\">Snakk med en forhandler<\/span><\/a><\/div><\/div><\/div><\/div><\/div><div class=\"fusion-fullwidth fullwidth-box fusion-builder-row-3 fusion-flex-container has-pattern-background has-mask-background nonhundred-percent-fullwidth non-hundred-percent-height-scrolling\" style=\"--awb-border-radius-top-left:0px;--awb-border-radius-top-right:0px;--awb-border-radius-bottom-right:0px;--awb-border-radius-bottom-left:0px;--awb-margin-top:20px;--awb-flex-wrap:wrap;\" ><div class=\"fusion-builder-row fusion-row fusion-flex-align-items-flex-start fusion-flex-content-wrap\" style=\"max-width:1144px;margin-left: calc(-4% \/ 2 );margin-right: calc(-4% \/ 2 );\"><div class=\"fusion-layout-column fusion_builder_column fusion-builder-column-4 fusion_builder_column_1_1 1_1 fusion-flex-column\" style=\"--awb-bg-size:cover;--awb-width-large:100%;--awb-margin-top-large:0px;--awb-spacing-right-large:1.92%;--awb-margin-bottom-large:20px;--awb-spacing-left-large:1.92%;--awb-width-medium:100%;--awb-order-medium:0;--awb-spacing-right-medium:1.92%;--awb-spacing-left-medium:1.92%;--awb-width-small:100%;--awb-order-small:0;--awb-spacing-right-small:1.92%;--awb-spacing-left-small:1.92%;\"><div class=\"fusion-column-wrapper fusion-column-has-shadow fusion-flex-justify-content-flex-start fusion-content-layout-column\"><div class=\"fusion-title title fusion-title-4 fusion-sep-none fusion-title-text fusion-title-size-two\"><h2 class=\"fusion-title-heading title-heading-left\" style=\"margin:0;\">Spesifikasjoner for en skrittmaskin av h\u00f8y kvalitet<\/h2><\/div><div class=\"fusion-text fusion-text-4\"><p>Lager av topp kvalitet, lydl\u00f8s kilereimdrift med lang levetid og det sikreste for hesten din. I tillegg er hele konstruksjonen galvanisert og vannbestandig. Konstruksjonen er fullstendig varmgalvanisert og har et lavt tyngdepunkt for best mulig stabilitet. Standardst\u00f8rrelsene v\u00e5re er 10, 12, 15, 16, 18 og 20 meter i diameter, for 3 til 8 hester. Skreddersydde skrittmaskiner er ogs\u00e5 mulig.<\/p>\n<p>Skrittmaskinen er utstyrt med et brukervennlig kontrollsystem med en digital frekvensregulator av h\u00f8yeste kvalitet.<\/p>\n<\/div><\/div><\/div><div class=\"fusion-layout-column fusion_builder_column fusion-builder-column-5 fusion_builder_column_1_1 1_1 fusion-flex-column\" style=\"--awb-bg-size:cover;--awb-width-large:100%;--awb-margin-top-large:0px;--awb-spacing-right-large:1.92%;--awb-margin-bottom-large:20px;--awb-spacing-left-large:1.92%;--awb-width-medium:100%;--awb-order-medium:0;--awb-spacing-right-medium:1.92%;--awb-spacing-left-medium:1.92%;--awb-width-small:100%;--awb-order-small:0;--awb-spacing-right-small:1.92%;--awb-spacing-left-small:1.92%;\"><div class=\"fusion-column-wrapper fusion-column-has-shadow fusion-flex-justify-content-flex-start fusion-content-layout-column\"><div class=\"fusion-title title fusion-title-5 fusion-sep-none fusion-title-text fusion-title-size-two\"><h2 class=\"fusion-title-heading title-heading-left\" style=\"margin:0;\">Pusher gates danner grunnlaget for din fremtidige skrittmaskin?<\/h2><\/div><div class=\"fusion-text fusion-text-5\"><p>Drivportene med stenger forlenger motorens levetid fordi de gir liten motstand. Alle drivportene kan skiftes ut enkeltvis ved behov. Alle skrittmaskiner leveres med et elektrisk str\u00f8mforsyningssystem, siden hestenes sikkerhet kommer f\u00f8rst!<\/p>\n<p>Dette skyvegrindsystemet (skiller( s\u00f8rger ogs\u00e5 for at ikke alle st\u00f8t absorberes av konstruksjonen eller drivsystemet. Hver skrittmaskin leveres med aluminiums stenger<\/p>\n<\/div><\/div><\/div><\/div><\/div><div class=\"fusion-fullwidth fullwidth-box fusion-builder-row-4 fusion-flex-container has-pattern-background has-mask-background nonhundred-percent-fullwidth non-hundred-percent-height-scrolling\" style=\"--awb-border-radius-top-left:0px;--awb-border-radius-top-right:0px;--awb-border-radius-bottom-right:0px;--awb-border-radius-bottom-left:0px;--awb-flex-wrap:wrap;\" ><div class=\"fusion-builder-row fusion-row fusion-flex-align-items-flex-start fusion-flex-content-wrap\" style=\"max-width:1144px;margin-left: calc(-4% \/ 2 );margin-right: calc(-4% \/ 2 );\"><div class=\"fusion-layout-column fusion_builder_column fusion-builder-column-6 fusion_builder_column_1_1 1_1 fusion-flex-column\" style=\"--awb-bg-size:cover;--awb-width-large:100%;--awb-margin-top-large:0px;--awb-spacing-right-large:1.92%;--awb-margin-bottom-large:20px;--awb-spacing-left-large:1.92%;--awb-width-medium:100%;--awb-order-medium:0;--awb-spacing-right-medium:1.92%;--awb-spacing-left-medium:1.92%;--awb-width-small:100%;--awb-order-small:0;--awb-spacing-right-small:1.92%;--awb-spacing-left-small:1.92%;\"><div class=\"fusion-column-wrapper fusion-column-has-shadow fusion-flex-justify-content-flex-start fusion-content-layout-column\"><div class=\"fusion-title title fusion-title-6 fusion-sep-none fusion-title-text fusion-title-size-two\"><h2 class=\"fusion-title-heading title-heading-left\" style=\"margin:0;\">Ekstra sikkerhet med Molenkonings Safeguard-skiller<\/h2><\/div><div class=\"fusion-text fusion-text-6\"><p>For de som \u00f8nsker \u00e5 gj\u00f8re skrittmaskinen ekstra sikker, tilbyr vi Molenkoning Safeguard-gitter. Drivportene er da utstyrt med plaststenger (polyetylen). Disse stengene er ekstremt sterke, men likevel sv\u00e6rt fleksible. De er til og med fleksible ved temperaturer under frysepunktet.<\/p>\n<p>Disse stengene kan b\u00f8yes, men fj\u00e6rer umiddelbart tilbake til sin normale form. Disse stengene forhindrer brudd, og plasten forhindrer skarpe kanter. Stengene har gummi propper i endene<\/p>\n<p>For \u00e5 redusere hestenes synlighet under trening av unge\/urutinerte og hingster er det ogs\u00e5 mulig \u00e5 utstyre skillene med et frontrutenett.<\/p>\n<\/div><\/div><\/div><\/div><\/div><\/p>\n","protected":false},"excerpt":{"rendered":"","protected":false},"author":1,"featured_media":0,"parent":0,"menu_order":0,"comment_status":"closed","ping_status":"closed","template":"","meta":{"_acf_changed":false,"content-type":"","footnotes":""},"class_list":["post-15996","page","type-page","status-publish","hentry"],"acf":[],"_links":{"self":[{"href":"https:\/\/molenkoning.com\/no\/wp-json\/wp\/v2\/pages\/15996","targetHints":{"allow":["GET"]}}],"collection":[{"href":"https:\/\/molenkoning.com\/no\/wp-json\/wp\/v2\/pages"}],"about":[{"href":"https:\/\/molenkoning.com\/no\/wp-json\/wp\/v2\/types\/page"}],"author":[{"embeddable":true,"href":"https:\/\/molenkoning.com\/no\/wp-json\/wp\/v2\/users\/1"}],"replies":[{"embeddable":true,"href":"https:\/\/molenkoning.com\/no\/wp-json\/wp\/v2\/comments?post=15996"}],"version-history":[{"count":8,"href":"https:\/\/molenkoning.com\/no\/wp-json\/wp\/v2\/pages\/15996\/revisions"}],"predecessor-version":[{"id":174362,"href":"https:\/\/molenkoning.com\/no\/wp-json\/wp\/v2\/pages\/15996\/revisions\/174362"}],"wp:attachment":[{"href":"https:\/\/molenkoning.com\/no\/wp-json\/wp\/v2\/media?parent=15996"}],"curies":[{"name":"wp","href":"https:\/\/api.w.org\/{rel}","templated":true}]}}