{"id":15662,"date":"2020-02-04T08:13:20","date_gmt":"2020-02-04T08:13:20","guid":{"rendered":"https:\/\/molenkoning.com\/produkter\/groundwork-for-equestrian-constructions\/"},"modified":"2024-09-19T13:35:19","modified_gmt":"2024-09-19T13:35:19","slug":"gunnarbeid-for-heste-konstruksjoner","status":"publish","type":"page","link":"https:\/\/molenkoning.com\/no\/produkter\/gunnarbeid-for-heste-konstruksjoner\/","title":{"rendered":"Ferdige fundamenter for egen montasje"},"content":{"rendered":"<p><div class=\"fusion-fullwidth fullwidth-box fusion-builder-row-1 fusion-flex-container nonhundred-percent-fullwidth non-hundred-percent-height-scrolling\" style=\"--awb-border-radius-top-left:0px;--awb-border-radius-top-right:0px;--awb-border-radius-bottom-right:0px;--awb-border-radius-bottom-left:0px;--awb-flex-wrap:wrap;\" ><div class=\"fusion-builder-row fusion-row fusion-flex-align-items-flex-start fusion-flex-content-wrap\" style=\"max-width:1144px;margin-left: calc(-4% \/ 2 );margin-right: calc(-4% \/ 2 );\"><div class=\"fusion-layout-column fusion_builder_column fusion-builder-column-0 fusion_builder_column_1_1 1_1 fusion-flex-column\" style=\"--awb-bg-size:cover;--awb-width-large:100%;--awb-margin-top-large:0px;--awb-spacing-right-large:1.92%;--awb-margin-bottom-large:20px;--awb-spacing-left-large:1.92%;--awb-width-medium:100%;--awb-spacing-right-medium:1.92%;--awb-spacing-left-medium:1.92%;--awb-width-small:100%;--awb-spacing-right-small:1.92%;--awb-spacing-left-small:1.92%;\"><div class=\"fusion-column-wrapper fusion-column-has-shadow fusion-flex-justify-content-flex-start fusion-content-layout-column\"><div class=\"fusion-title title fusion-title-1 fusion-sep-none fusion-title-text fusion-title-size-one\" style=\"--awb-text-color:#333333;\"><h1 class=\"fusion-title-heading title-heading-left\" style=\"margin:0;\">Molenkoning tilbyr prefabrikkerte gj\u00f8r-det-selv-fundamenter<\/h1><\/div><div class=\"fusion-text fusion-text-1 prefabtxt\"><p>Molenkoning har utviklet en skrittmaskin som egner seg for gj\u00f8r-det-selv-installasjon. For \u00e5 gj\u00f8re monteringen s\u00e5 enkel som mulig har Molenkoning alltid fundamenter til grunnarbeidet p\u00e5 lager.<\/p>\n<p style=\"margin-bottom: 0;\">&#8211; Fundamenter for taket<\/p>\n<p style=\"margin: 0 0 20px 20px;\">Et godt fundament er viktig n\u00e5r du skal bygge tak. Til dette er Molenkonings prefabrikkerte DIY-fundamenter en perfekt l\u00f8sning. I tillegg har vi ogs\u00e5 stelcon-plater for skrittmaskin som brukes til \u00e5 stabilisere og forsterke alle takene v\u00e5re.<\/p>\n<p style=\"margin-bottom: 0;\">&#8211; Buede kantstein<\/p>\n<p style=\"margin: 0 0 20px 20px;\">Radialkanter er en viktig st\u00f8tte for Round Fence. I tillegg kan de brukes som st\u00f8tteplanker for Sweden Fence og MK Safeline Fence.<\/p>\n<p style=\"margin-bottom: 0;\">&#8211; Stelcon-plate for skrittmaskin<\/p>\n<p style=\"margin: 0 0 20px 20px;\">En solid stelcon-plate i betong p\u00e5 120 \u00d7 120 \u00d7 16 centimeter er perfekt til \u00e5 forankre skrittmaskinen. Det eneste kravet er at underlaget er helt plant. Det kreves ingen ytterligere forberedelser for \u00e5 montere stelcon-platen.<\/p>\n<\/div><\/div><\/div><\/div><\/div><div class=\"fusion-fullwidth fullwidth-box fusion-builder-row-2 fusion-flex-container has-pattern-background has-mask-background sliderouternew nonhundred-percent-fullwidth non-hundred-percent-height-scrolling\" style=\"--awb-border-radius-top-left:0px;--awb-border-radius-top-right:0px;--awb-border-radius-bottom-right:0px;--awb-border-radius-bottom-left:0px;--awb-padding-top:20px;--awb-flex-wrap:wrap;\" ><div class=\"fusion-builder-row fusion-row fusion-flex-align-items-flex-start fusion-flex-content-wrap\" style=\"max-width:1144px;margin-left: calc(-4% \/ 2 );margin-right: calc(-4% \/ 2 );\"><div class=\"fusion-layout-column fusion_builder_column fusion-builder-column-1 fusion_builder_column_1_1 1_1 fusion-flex-column\" style=\"--awb-bg-size:cover;--awb-width-large:100%;--awb-margin-top-large:0px;--awb-spacing-right-large:1.92%;--awb-margin-bottom-large:20px;--awb-spacing-left-large:1.92%;--awb-width-medium:100%;--awb-spacing-right-medium:1.92%;--awb-spacing-left-medium:1.92%;--awb-width-small:100%;--awb-spacing-right-small:1.92%;--awb-spacing-left-small:1.92%;\"><div class=\"fusion-column-wrapper fusion-column-has-shadow fusion-flex-justify-content-flex-start fusion-content-layout-column\"><div class=\"fusion-title title fusion-title-2 fusion-title-center fusion-title-text fusion-title-size-two\"><div class=\"title-sep-container title-sep-container-left\"><div class=\"title-sep sep-double sep-solid\" style=\"border-color:#e0dede;\"><\/div><\/div><span class=\"awb-title-spacer\"><\/span><h2 class=\"fusion-title-heading title-heading-center\" style=\"margin:0;\">Photos<\/h2><span class=\"awb-title-spacer\"><\/span><div class=\"title-sep-container title-sep-container-right\"><div class=\"title-sep sep-double sep-solid\" style=\"border-color:#e0dede;\"><\/div><\/div><\/div><div class=\"fusion-image-carousel fusion-image-carousel-fixed fusion-image-carousel-1 lightbox-enabled fusion-carousel-border\"><div class=\"awb-carousel awb-swiper awb-swiper-carousel\" data-autoplay=\"no\" data-columns=\"3\" data-itemmargin=\"1\" data-itemwidth=\"180\" data-touchscroll=\"no\" data-imagesize=\"fixed\" style=\"--awb-columns:3;--awb-column-spacing:1px;\"><div class=\"swiper-wrapper awb-image-carousel-wrapper fusion-flex-align-items-center\"><div class=\"swiper-slide\"><div class=\"fusion-carousel-item-wrapper\"><div class=\"fusion-image-wrapper hover-type-none\"><a data-rel=\"iLightbox[image_carousel_1]\" data-title=\"Molenkoning fundament deler\" aria-label=\"Molenkoning fundament deler\" href=\"https:\/\/molenkoning.com\/wp-content\/uploads\/2020\/02\/prefab-fundament-Mk-logo-6.jpg\" target=\"_self\"><img decoding=\"async\" width=\"460\" height=\"295\" src=\"https:\/\/molenkoning.com\/wp-content\/uploads\/2020\/02\/prefab-fundament-Mk-logo-6-460x295.jpg\" class=\"attachment-portfolio-two size-portfolio-two\" alt=\"Molenkoning fundament deler\" \/><\/a><\/div><\/div><\/div><div class=\"swiper-slide\"><div class=\"fusion-carousel-item-wrapper\"><div class=\"fusion-image-wrapper hover-type-none\"><a data-rel=\"iLightbox[image_carousel_1]\" data-title=\"Molenkoning fundament deler\" aria-label=\"Molenkoning fundament deler\" href=\"https:\/\/molenkoning.com\/wp-content\/uploads\/2020\/02\/prefab-fundament-Mk-logo-13.jpg\" target=\"_self\"><img decoding=\"async\" width=\"460\" height=\"295\" src=\"https:\/\/molenkoning.com\/wp-content\/uploads\/2020\/02\/prefab-fundament-Mk-logo-13-460x295.jpg\" class=\"attachment-portfolio-two size-portfolio-two\" alt=\"Molenkoning fundament deler\" \/><\/a><\/div><\/div><\/div><div class=\"swiper-slide\"><div class=\"fusion-carousel-item-wrapper\"><div class=\"fusion-image-wrapper hover-type-none\"><a data-rel=\"iLightbox[image_carousel_1]\" data-title=\"Hestetrener Radial curbs\" aria-label=\"Hestetrener Radial curbs\" href=\"https:\/\/molenkoning.com\/wp-content\/uploads\/2020\/02\/prefab-fundament-Mk-logo-11.jpg\" target=\"_self\"><img decoding=\"async\" width=\"460\" height=\"295\" src=\"https:\/\/molenkoning.com\/wp-content\/uploads\/2020\/02\/prefab-fundament-Mk-logo-11-460x295.jpg\" class=\"attachment-portfolio-two size-portfolio-two\" alt=\"Hestetrener Radial curbs\" \/><\/a><\/div><\/div><\/div><div class=\"swiper-slide\"><div class=\"fusion-carousel-item-wrapper\"><div class=\"fusion-image-wrapper hover-type-none\"><a data-rel=\"iLightbox[image_carousel_1]\" data-title=\"Avl\u00f8p i grunnen\" aria-label=\"Avl\u00f8p i grunnen\" href=\"https:\/\/molenkoning.com\/wp-content\/uploads\/2020\/02\/prefab-fundament-Mk-logo-1.jpg\" target=\"_self\"><img decoding=\"async\" width=\"460\" height=\"295\" src=\"https:\/\/molenkoning.com\/wp-content\/uploads\/2020\/02\/prefab-fundament-Mk-logo-1-460x295.jpg\" class=\"attachment-portfolio-two size-portfolio-two\" alt=\"Avl\u00f8p i grunnen\" \/><\/a><\/div><\/div><\/div><div class=\"swiper-slide\"><div class=\"fusion-carousel-item-wrapper\"><div class=\"fusion-image-wrapper hover-type-none\"><a data-rel=\"iLightbox[image_carousel_1]\" data-title=\"Anker m 16\" aria-label=\"Anker m 16\" href=\"https:\/\/molenkoning.com\/wp-content\/uploads\/2020\/02\/prefab-fundament-Mk-logo-2.jpg\" target=\"_self\"><img decoding=\"async\" width=\"460\" height=\"295\" src=\"https:\/\/molenkoning.com\/wp-content\/uploads\/2020\/02\/prefab-fundament-Mk-logo-2-460x295.jpg\" class=\"attachment-portfolio-two size-portfolio-two\" alt=\"Anker m 16\" \/><\/a><\/div><\/div><\/div><div class=\"swiper-slide\"><div class=\"fusion-carousel-item-wrapper\"><div class=\"fusion-image-wrapper hover-type-none\"><a data-rel=\"iLightbox[image_carousel_1]\" data-title=\"Molenkoning fundament deler\" aria-label=\"Molenkoning fundament deler\" href=\"https:\/\/molenkoning.com\/wp-content\/uploads\/2020\/02\/prefab-fundament-Mk-logo-4.jpg\" target=\"_self\"><img decoding=\"async\" width=\"460\" height=\"295\" src=\"https:\/\/molenkoning.com\/wp-content\/uploads\/2020\/02\/prefab-fundament-Mk-logo-4-460x295.jpg\" class=\"attachment-portfolio-two size-portfolio-two\" alt=\"Molenkoning fundament deler\" \/><\/a><\/div><\/div><\/div><div class=\"swiper-slide\"><div class=\"fusion-carousel-item-wrapper\"><div class=\"fusion-image-wrapper hover-type-none\"><a data-rel=\"iLightbox[image_carousel_1]\" data-title=\"Siste sjekk av sporet\" aria-label=\"Siste sjekk av sporet\" href=\"https:\/\/molenkoning.com\/wp-content\/uploads\/2020\/02\/prefab-fundament-Mk-logo-5.jpg\" target=\"_self\"><img decoding=\"async\" width=\"460\" height=\"295\" src=\"https:\/\/molenkoning.com\/wp-content\/uploads\/2020\/02\/prefab-fundament-Mk-logo-5-460x295.jpg\" class=\"attachment-portfolio-two size-portfolio-two\" alt=\"Siste sjekk av sporet\" \/><\/a><\/div><\/div><\/div><div class=\"swiper-slide\"><div class=\"fusion-carousel-item-wrapper\"><div class=\"fusion-image-wrapper hover-type-none\"><a data-rel=\"iLightbox[image_carousel_1]\" data-title=\"detaljer\" aria-label=\"detaljer\" href=\"https:\/\/molenkoning.com\/wp-content\/uploads\/2020\/02\/prefab-fundament-Mk-logo-7.jpg\" target=\"_self\"><img decoding=\"async\" width=\"460\" height=\"295\" src=\"https:\/\/molenkoning.com\/wp-content\/uploads\/2020\/02\/prefab-fundament-Mk-logo-7-460x295.jpg\" class=\"attachment-portfolio-two size-portfolio-two\" alt=\"detaljer\" \/><\/a><\/div><\/div><\/div><div class=\"swiper-slide\"><div class=\"fusion-carousel-item-wrapper\"><div class=\"fusion-image-wrapper hover-type-none\"><a data-rel=\"iLightbox[image_carousel_1]\" data-title=\"Hestetrener Radial curbs\" aria-label=\"Hestetrener Radial curbs\" href=\"https:\/\/molenkoning.com\/wp-content\/uploads\/2020\/02\/prefab-fundament-Mk-logo-8.jpg\" target=\"_self\"><img decoding=\"async\" width=\"460\" height=\"295\" src=\"https:\/\/molenkoning.com\/wp-content\/uploads\/2020\/02\/prefab-fundament-Mk-logo-8-460x295.jpg\" class=\"attachment-portfolio-two size-portfolio-two\" alt=\"Hestetrener Radial curbs\" \/><\/a><\/div><\/div><\/div><div class=\"swiper-slide\"><div class=\"fusion-carousel-item-wrapper\"><div class=\"fusion-image-wrapper hover-type-none\"><a data-rel=\"iLightbox[image_carousel_1]\" data-title=\"Siste sjekk av sporet\" aria-label=\"Siste sjekk av sporet\" href=\"https:\/\/molenkoning.com\/wp-content\/uploads\/2020\/02\/prefab-fundament-Mk-logo-9.jpg\" target=\"_self\"><img decoding=\"async\" width=\"460\" height=\"295\" src=\"https:\/\/molenkoning.com\/wp-content\/uploads\/2020\/02\/prefab-fundament-Mk-logo-9-460x295.jpg\" class=\"attachment-portfolio-two size-portfolio-two\" alt=\"Siste sjekk av sporet\" \/><\/a><\/div><\/div><\/div><div class=\"swiper-slide\"><div class=\"fusion-carousel-item-wrapper\"><div class=\"fusion-image-wrapper hover-type-none\"><a data-rel=\"iLightbox[image_carousel_1]\" data-title=\"Padial st\u00f8ttekant\" aria-label=\"Padial st\u00f8ttekant\" href=\"https:\/\/molenkoning.com\/wp-content\/uploads\/2020\/02\/prefab-fundament-Mk-logo-10.jpg\" target=\"_self\"><img decoding=\"async\" width=\"460\" height=\"295\" src=\"https:\/\/molenkoning.com\/wp-content\/uploads\/2020\/02\/prefab-fundament-Mk-logo-10-460x295.jpg\" class=\"attachment-portfolio-two size-portfolio-two\" alt=\"Padial st\u00f8ttekant\" \/><\/a><\/div><\/div><\/div><div class=\"swiper-slide\"><div class=\"fusion-carousel-item-wrapper\"><div class=\"fusion-image-wrapper hover-type-none\"><a data-rel=\"iLightbox[image_carousel_1]\" data-title=\"detaljer\" aria-label=\"detaljer\" href=\"https:\/\/molenkoning.com\/wp-content\/uploads\/2020\/02\/prefab-fundament-Mk-logo-12.jpg\" target=\"_self\"><img decoding=\"async\" width=\"460\" height=\"295\" src=\"https:\/\/molenkoning.com\/wp-content\/uploads\/2020\/02\/prefab-fundament-Mk-logo-12-460x295.jpg\" class=\"attachment-portfolio-two size-portfolio-two\" alt=\"detaljer\" \/><\/a><\/div><\/div><\/div><\/div><div class=\"awb-swiper-button awb-swiper-button-prev\"><i class=\"awb-icon-angle-left\" aria-hidden=\"true\"><\/i><\/div><div class=\"awb-swiper-button awb-swiper-button-next\"><i class=\"awb-icon-angle-right\" aria-hidden=\"true\"><\/i><\/div><\/div><\/div><\/div><\/div><\/div><\/div><div class=\"fusion-fullwidth fullwidth-box fusion-builder-row-3 nonhundred-percent-fullwidth non-hundred-percent-height-scrolling\" style=\"--awb-border-radius-top-left:0px;--awb-border-radius-top-right:0px;--awb-border-radius-bottom-right:0px;--awb-border-radius-bottom-left:0px;--awb-flex-wrap:wrap;\" ><div class=\"fusion-builder-row fusion-row\"><div class=\"fusion-layout-column fusion_builder_column fusion-builder-column-2 fusion_builder_column_1_2 1_2 fusion-one-half fusion-column-first\" style=\"--awb-bg-size:cover;width:50%;width:calc(50% - ( ( 4% ) * 0.5 ) );margin-right: 4%;\"><div class=\"fusion-column-wrapper fusion-column-has-shadow fusion-flex-column-wrapper-legacy\"><div class=\"fusion-title title fusion-title-3 fusion-title-center fusion-title-text fusion-title-size-two\"><div class=\"title-sep-container title-sep-container-left\"><div class=\"title-sep sep-double sep-solid\" style=\"border-color:#e0dede;\"><\/div><\/div><span class=\"awb-title-spacer\"><\/span><h2 class=\"fusion-title-heading title-heading-center\" style=\"margin:0;\">FAQ<\/h2><span class=\"awb-title-spacer\"><\/span><div class=\"title-sep-container title-sep-container-right\"><div class=\"title-sep sep-double sep-solid\" style=\"border-color:#e0dede;\"><\/div><\/div><\/div><div class=\"fusion-text fusion-text-2\"><style>.ewd-ufaq-faq-title h4{\r\nfont-size:16px !important;\r\n}\r\ndiv.ewd-ufaq-faq-title div.ewd-ufaq-post-margin-symbol{\r\n    float: right;\r\n    line-height: 33px;\r\n}\r\n.ewd-ufaq-faq-title .ewd-ufaq-post-margin-symbol span{\r\nfont-size: 17px;\r\n}\r\n\r\n.ewd-ufaq-faq-div{\r\nbox-shadow: -1px 2px 8px 4px rgba(0,0,0,0.25);\r\n-webkit-box-shadow: -1px 2px 8px 4px rgba(0,0,0,0.25);\r\n-moz-box-shadow: -1px 2px 8px 4px rgba(0,0,0,0.25);\r\npadding: 10px;\r\nmargin-bottom: 15px;\r\n}<\/style><div  class=\"ewd-ufaq-faq-list ewd-ufaq-page-type-load_more ewd-ufaq-category-tabs-\" id='ewd-ufaq-faq-list'>\n\n\t<input type='hidden' name='show_on_load' value='' id='ewd-ufaq-show-on-load' \/>\n<input type='hidden' name='include_category' value='Prefab Foundations for Self-install NO' id='ewd-ufaq-include-category' \/>\n<input type='hidden' name='exclude_category' value='' id='ewd-ufaq-exclude-category' \/>\n<input type='hidden' name='orderby' value='date' id='ewd-ufaq-orderby' \/>\n<input type='hidden' name='order' value='asc' id='ewd-ufaq-order' \/>\n<input type='hidden' name='post_count' value='-1' id='ewd-ufaq-post-count' \/>\n<input type='hidden' name='current_url' value='\/no\/wp-json\/wp\/v2\/pages\/15662' id='ewd-ufaq-current-url' \/>\n\t\n\t\n\t<div class='ewd-ufaq-faqs'>\n\n\t\t<div  class=\"ewd-ufaq-faq-div ewd-ufaq-faq-column-count-one ewd-ufaq-faq-responsive-columns- ewd-ufaq-faq-display-style-default ewd-ufaq-can-be-toggled\" id='ewd-ufaq-post-176291-HIBt0N8868' data-post_id='176291'>\n\n\t\t\n\t<div class='ewd-ufaq-faq-title ewd-ufaq-faq-toggle'>\n\t\n\t<a class='ewd-ufaq-post-margin'  href='#' role=\"button\">\n\n\t\t<div class='ewd-ufaq-post-margin-symbol ewd-ufaq-square'>\n\t\t\t<span >a<\/span>\n\t\t<\/div>\n\n\t\t<div class='ewd-ufaq-faq-title-text'>\n\n\t\t\t<h4>\n\t\t\t\tKan jeg installere disse fundamentene selv?\t\t\t<\/h4>\n\n\t\t<\/div>\n\n\t\t<div class='ewd-ufaq-clear'><\/div>\n\n\t<\/a>\n\t\n<\/div>\n\t\n\t<div class='ewd-ufaq-faq-body ewd-ufaq-hidden' >\n\n\t\t\n\t\t\t\n\t\t\n\t\t\t<div class='ewd-ufaq-post-margin ewd-ufaq-faq-post'>\n\t<p>Selvf\u00f8lgelig! De fleste av kundene v\u00e5re gj\u00f8r det selv. Alle produktene v\u00e5re leveres med monteringsmateriale og en trinnvis installasjonsmanual.<\/p>\n<\/div>\n\t\t\n\t\t\t<div class='ewd-ufaq-faq-custom-fields'>\n\n\t\n<\/div>\n\t\t\n\t\t\t\n\t\t\n\t\t\t\n\t\t\n\t\t\t\n\t\t\n\t\t\t\n\t\t\n\t\t\t\n\t\t\n\t\t\t\n\t\t\n\t\t\t\n\t\t\n\t<\/div>\n\n<\/div><div  class=\"ewd-ufaq-faq-div ewd-ufaq-faq-column-count-one ewd-ufaq-faq-responsive-columns- ewd-ufaq-faq-display-style-default ewd-ufaq-can-be-toggled\" id='ewd-ufaq-post-176292-Qe9Nlg4J2o' data-post_id='176292'>\n\n\t\t\n\t<div class='ewd-ufaq-faq-title ewd-ufaq-faq-toggle'>\n\t\n\t<a class='ewd-ufaq-post-margin'  href='#' role=\"button\">\n\n\t\t<div class='ewd-ufaq-post-margin-symbol ewd-ufaq-square'>\n\t\t\t<span >a<\/span>\n\t\t<\/div>\n\n\t\t<div class='ewd-ufaq-faq-title-text'>\n\n\t\t\t<h4>\n\t\t\t\tKan jeg f\u00e5 det levert hjem?\t\t\t<\/h4>\n\n\t\t<\/div>\n\n\t\t<div class='ewd-ufaq-clear'><\/div>\n\n\t<\/a>\n\t\n<\/div>\n\t\n\t<div class='ewd-ufaq-faq-body ewd-ufaq-hidden' >\n\n\t\t\n\t\t\t\n\t\t\n\t\t\t<div class='ewd-ufaq-post-margin ewd-ufaq-faq-post'>\n\t<p>Ditt valg! Vi kan ordne transport til ditt sted, eller du kan selv hente det p\u00e5 v\u00e5rt lager. Vi transporterer produktene v\u00e5re over hele verden hver dag, og vi kan ordne eksportdokumenter for de klientene som trenger det. Du kan gjerne sp\u00f8rre oss om transportpriser.<\/p>\n<\/div>\n\t\t\n\t\t\t<div class='ewd-ufaq-faq-custom-fields'>\n\n\t\n<\/div>\n\t\t\n\t\t\t\n\t\t\n\t\t\t\n\t\t\n\t\t\t\n\t\t\n\t\t\t\n\t\t\n\t\t\t\n\t\t\n\t\t\t\n\t\t\n\t\t\t\n\t\t\n\t<\/div>\n\n<\/div><div  class=\"ewd-ufaq-faq-div ewd-ufaq-faq-column-count-one ewd-ufaq-faq-responsive-columns- ewd-ufaq-faq-display-style-default ewd-ufaq-can-be-toggled\" id='ewd-ufaq-post-176293-z8QIhnCYSr' data-post_id='176293'>\n\n\t\t\n\t<div class='ewd-ufaq-faq-title ewd-ufaq-faq-toggle'>\n\t\n\t<a class='ewd-ufaq-post-margin'  href='#' role=\"button\">\n\n\t\t<div class='ewd-ufaq-post-margin-symbol ewd-ufaq-square'>\n\t\t\t<span >a<\/span>\n\t\t<\/div>\n\n\t\t<div class='ewd-ufaq-faq-title-text'>\n\n\t\t\t<h4>\n\t\t\t\tHva er tilgjengeligheten av dette produktet?\t\t\t<\/h4>\n\n\t\t<\/div>\n\n\t\t<div class='ewd-ufaq-clear'><\/div>\n\n\t<\/a>\n\t\n<\/div>\n\t\n\t<div class='ewd-ufaq-faq-body ewd-ufaq-hidden' >\n\n\t\t\n\t\t\t\n\t\t\n\t\t\t<div class='ewd-ufaq-post-margin ewd-ufaq-faq-post'>\n\t<p>Dette produktet er jevnlig p\u00e5 lager<\/p>\n<\/div>\n\t\t\n\t\t\t<div class='ewd-ufaq-faq-custom-fields'>\n\n\t\n<\/div>\n\t\t\n\t\t\t\n\t\t\n\t\t\t\n\t\t\n\t\t\t\n\t\t\n\t\t\t\n\t\t\n\t\t\t\n\t\t\n\t\t\t\n\t\t\n\t\t\t\n\t\t\n\t<\/div>\n\n<\/div>\n\t<\/div>\n\n\t\n<\/div>\n<\/div><div class=\"fusion-builder-row fusion-builder-row-inner fusion-row\"><div class=\"fusion-layout-column fusion_builder_column_inner fusion-builder-nested-column-0 fusion_builder_column_inner_1_1 1_1 fusion-one-full fusion-column-first fusion-column-last tchinfotxt\" style=\"--awb-bg-size:cover;\"><div class=\"fusion-column-wrapper fusion-column-has-shadow fusion-flex-column-wrapper-legacy\"><div class=\"fusion-title title fusion-title-4 fusion-title-center fusion-title-text fusion-title-size-two\"><div class=\"title-sep-container title-sep-container-left\"><div class=\"title-sep sep-double sep-solid\" style=\"border-color:#e0dede;\"><\/div><\/div><span class=\"awb-title-spacer\"><\/span><h2 class=\"fusion-title-heading title-heading-center\" style=\"margin:0;\">Technical Information<\/h2><span class=\"awb-title-spacer\"><\/span><div class=\"title-sep-container title-sep-container-right\"><div class=\"title-sep sep-double sep-solid\" style=\"border-color:#e0dede;\"><\/div><\/div><\/div><div class=\"fusion-image-element fusion-no-small-visibility in-legacy-container\" style=\"--awb-caption-title-font-family:var(--h2_typography-font-family);--awb-caption-title-font-weight:var(--h2_typography-font-weight);--awb-caption-title-font-style:var(--h2_typography-font-style);--awb-caption-title-size:var(--h2_typography-font-size);--awb-caption-title-transform:var(--h2_typography-text-transform);--awb-caption-title-line-height:var(--h2_typography-line-height);--awb-caption-title-letter-spacing:var(--h2_typography-letter-spacing);\"><span class=\" fusion-imageframe imageframe-none imageframe-1 hover-type-none\"><img decoding=\"async\" width=\"600\" height=\"625\" alt=\"3d tegning av prefabrikerte fundament deler\" title=\"3d tegning av prefabrikerte fundament deler\" src=\"https:\/\/molenkoning.com\/wp-content\/uploads\/2020\/02\/molenkoning-groundwoks-equestrian-constructions-1-600x625.jpg\" class=\"img-responsive wp-image-11024\" srcset=\"https:\/\/molenkoning.com\/wp-content\/uploads\/2020\/02\/molenkoning-groundwoks-equestrian-constructions-1-200x208.jpg 200w, https:\/\/molenkoning.com\/wp-content\/uploads\/2020\/02\/molenkoning-groundwoks-equestrian-constructions-1-400x417.jpg 400w, https:\/\/molenkoning.com\/wp-content\/uploads\/2020\/02\/molenkoning-groundwoks-equestrian-constructions-1-600x625.jpg 600w, https:\/\/molenkoning.com\/wp-content\/uploads\/2020\/02\/molenkoning-groundwoks-equestrian-constructions-1-800x833.jpg 800w, https:\/\/molenkoning.com\/wp-content\/uploads\/2020\/02\/molenkoning-groundwoks-equestrian-constructions-1.jpg 936w\" sizes=\"(max-width: 800px) 100vw, 600px\" \/><\/span><\/div><div class=\"fusion-image-element fusion-no-medium-visibility fusion-no-large-visibility in-legacy-container\" style=\"--awb-caption-title-font-family:var(--h2_typography-font-family);--awb-caption-title-font-weight:var(--h2_typography-font-weight);--awb-caption-title-font-style:var(--h2_typography-font-style);--awb-caption-title-size:var(--h2_typography-font-size);--awb-caption-title-transform:var(--h2_typography-text-transform);--awb-caption-title-line-height:var(--h2_typography-line-height);--awb-caption-title-letter-spacing:var(--h2_typography-letter-spacing);\"><span class=\" fusion-imageframe imageframe-none imageframe-2 hover-type-none\"><img decoding=\"async\" width=\"936\" height=\"975\" alt=\"3d drawing of prefab foundation\" title=\"3d tegning av prefabrikerte fundament deler\" src=\"https:\/\/molenkoning.com\/wp-content\/uploads\/2020\/02\/molenkoning-groundwoks-equestrian-constructions-1mbl.jpg\" class=\"img-responsive wp-image-17050\" srcset=\"https:\/\/molenkoning.com\/wp-content\/uploads\/2020\/02\/molenkoning-groundwoks-equestrian-constructions-1mbl-200x208.jpg 200w, https:\/\/molenkoning.com\/wp-content\/uploads\/2020\/02\/molenkoning-groundwoks-equestrian-constructions-1mbl-400x417.jpg 400w, https:\/\/molenkoning.com\/wp-content\/uploads\/2020\/02\/molenkoning-groundwoks-equestrian-constructions-1mbl-600x625.jpg 600w, https:\/\/molenkoning.com\/wp-content\/uploads\/2020\/02\/molenkoning-groundwoks-equestrian-constructions-1mbl-800x833.jpg 800w, https:\/\/molenkoning.com\/wp-content\/uploads\/2020\/02\/molenkoning-groundwoks-equestrian-constructions-1mbl.jpg 936w\" sizes=\"(max-width: 800px) 100vw, 936px\" \/><\/span><\/div><div class=\"fusion-text fusion-text-3 tchinfotxt prefab\"><ul>\n<li>Fundamenter for tak<\/li>\n<li>Buede kantstein for Round Fence<\/li>\n<li>telcon-plate for skrittmaskin<\/li>\n<\/ul>\n<\/div><div class=\"fusion-clearfix\"><\/div><\/div><\/div><\/div><div class=\"fusion-clearfix\"><\/div><\/div><\/div><div class=\"fusion-layout-column fusion_builder_column fusion-builder-column-3 fusion_builder_column_1_2 1_2 fusion-one-half fusion-column-last\" style=\"--awb-padding-top:20px;--awb-padding-right:20px;--awb-padding-bottom:20px;--awb-padding-left:20px;--awb-bg-color:#484848;--awb-bg-color-hover:#484848;--awb-bg-size:cover;width:50%;width:calc(50% - ( ( 4% ) * 0.5 ) );\"><div class=\"fusion-column-wrapper fusion-column-has-shadow fusion-flex-column-wrapper-legacy\"><div class=\"fusion-title title fusion-title-5 fusion-sep-none fusion-title-text fusion-title-size-two\" style=\"--awb-text-color:#ffffff;--awb-margin-bottom:10px;\"><h2 class=\"fusion-title-heading title-heading-left\" style=\"margin:0;\">BROSJYRE FORES P\u00d8RSEL<\/h2><\/div><div class=\"fusion-text fusion-text-4\"><p><script charset=\"utf-8\" type=\"text\/javascript\" src=\"\/\/js.hsforms.net\/forms\/embed\/v2.js\"><\/script><br \/>\n<script>\n  hbspt.forms.create({\n    region: \"na1\",\n    portalId: \"7963348\",\n    formId: \"e6e87836-7781-46ad-b890-2f24e9645450\"\n  });\n<\/script><\/p>\n<\/div><div class=\"fusion-clearfix\"><\/div><\/div><\/div><\/div><\/div><\/p>\n","protected":false},"excerpt":{"rendered":"<p>A Hva er tilgjengeligheten av dette produktet? Dette produktet er jevnlig p\u00e5 lager<\/p>\n","protected":false},"author":1,"featured_media":0,"parent":11706,"menu_order":0,"comment_status":"closed","ping_status":"closed","template":"","meta":{"_acf_changed":false,"content-type":"","footnotes":""},"class_list":["post-15662","page","type-page","status-publish","hentry"],"acf":[],"_links":{"self":[{"href":"https:\/\/molenkoning.com\/no\/wp-json\/wp\/v2\/pages\/15662","targetHints":{"allow":["GET"]}}],"collection":[{"href":"https:\/\/molenkoning.com\/no\/wp-json\/wp\/v2\/pages"}],"about":[{"href":"https:\/\/molenkoning.com\/no\/wp-json\/wp\/v2\/types\/page"}],"author":[{"embeddable":true,"href":"https:\/\/molenkoning.com\/no\/wp-json\/wp\/v2\/users\/1"}],"replies":[{"embeddable":true,"href":"https:\/\/molenkoning.com\/no\/wp-json\/wp\/v2\/comments?post=15662"}],"version-history":[{"count":15,"href":"https:\/\/molenkoning.com\/no\/wp-json\/wp\/v2\/pages\/15662\/revisions"}],"predecessor-version":[{"id":185804,"href":"https:\/\/molenkoning.com\/no\/wp-json\/wp\/v2\/pages\/15662\/revisions\/185804"}],"up":[{"embeddable":true,"href":"https:\/\/molenkoning.com\/no\/wp-json\/wp\/v2\/pages\/11706"}],"wp:attachment":[{"href":"https:\/\/molenkoning.com\/no\/wp-json\/wp\/v2\/media?parent=15662"}],"curies":[{"name":"wp","href":"https:\/\/api.w.org\/{rel}","templated":true}]}}