{"id":11706,"date":"2020-01-27T16:51:09","date_gmt":"2020-01-27T16:51:09","guid":{"rendered":"https:\/\/molenkoning.com\/product\/"},"modified":"2024-10-08T10:11:24","modified_gmt":"2024-10-08T10:11:24","slug":"produkter","status":"publish","type":"page","link":"https:\/\/molenkoning.com\/no\/produkter\/","title":{"rendered":"Produkter"},"content":{"rendered":"<div class=\"fusion-fullwidth fullwidth-box fusion-builder-row-1 nonhundred-percent-fullwidth non-hundred-percent-height-scrolling\" style=\"--awb-border-radius-top-left:0px;--awb-border-radius-top-right:0px;--awb-border-radius-bottom-right:0px;--awb-border-radius-bottom-left:0px;--awb-flex-wrap:wrap;\" ><div class=\"fusion-builder-row fusion-row\"><div class=\"fusion-layout-column fusion_builder_column fusion-builder-column-0 fusion_builder_column_1_1 1_1 fusion-one-full fusion-column-first fusion-column-last\" style=\"--awb-bg-size:cover;\"><div class=\"fusion-column-wrapper fusion-column-has-shadow fusion-flex-column-wrapper-legacy\"><div class=\"fusion-flip-boxes flip-boxes row fusion-columns-3 flip-effect-classic equal-heights\" style=\"--awb-flip-duration:1.2s;\"><div class=\"fusion-flip-box-wrapper fusion-column col-lg-4 col-md-4 col-sm-4\"><div class=\"fusion-flip-box flip-up\" tabindex=\"0\"><div class=\"flip-box-inner-wrapper\"><div class=\"flip-box-front\"><div class=\"flip-box-front-inner\"><div class=\"flip-box-grafix flip-box-image\"><img decoding=\"async\" src=\"https:\/\/molenkoning.com\/wp-content\/uploads\/2020\/01\/molen.jpg\" width=\"280\" height=\"142\" alt=\"3d tegning av en skrittemaskin\" \/><\/div><h2 class=\"flip-box-heading without-text\">Skrittemaskiner<\/h2><\/div><\/div><div class=\"flip-box-back\" style=\"--awb-background-image-back:url(&#039;https:\/\/molenkoning.com\/wp-content\/uploads\/2020\/02\/Horsewalker-600x400.jpg&#039;);\"><div class=\"flip-box-back-inner\"><h3 class=\"flip-box-heading-back\">Skrittemaskiner<\/h3>\n<p>Molenkonings skrittemaskin er en solid varmegalvansiert st\u00e5lkonstruksjon \u201cplug and play\u201d V\u00e5re maskiner leveres med justerbare bevegelige skiller.<br \/>\n<a href=\"https:\/\/molenkoning.com\/no\/produkter\/skrittemaskiner\/\">Les mer<\/a><\/p>\n<\/div><\/div><\/div><\/div><\/div><div class=\"fusion-flip-box-wrapper fusion-column col-lg-4 col-md-4 col-sm-4\"><div class=\"fusion-flip-box flip-up\" tabindex=\"0\"><div class=\"flip-box-inner-wrapper\"><div class=\"flip-box-front\"><div class=\"flip-box-front-inner\"><div class=\"flip-box-grafix flip-box-image\"><img decoding=\"async\" src=\"https:\/\/molenkoning.com\/wp-content\/uploads\/2022\/09\/The-Rail-Gliding-Walker-2-1200x675.png\" width=\"1200\" height=\"675\" alt=\"The Rail Gliding Walker - 2\" \/><\/div><h2 class=\"flip-box-heading without-text\">Oval treningsmaskin<\/h2><\/div><\/div><div class=\"flip-box-back\" style=\"--awb-background-image-back:url(&#039;https:\/\/molenkoning.com\/wp-content\/uploads\/2020\/02\/railgliding-600x451.jpg&#039;);\"><div class=\"flip-box-back-inner\"><h3 class=\"flip-box-heading-back\">Oval treningsmaskin<\/h3>\n<p>For deg som vil ha noe unikt; Molenkonings nyeste produkt; En oval skrittemaskin som ikke har noen begrensninger p\u00e5 st\u00f8rrelse.<\/p>\n<p><a href=\"https:\/\/molenkoning.com\/no\/produkter\/skinne-glide-skrittemaskin\/\">Les mer<\/a><\/p>\n<\/div><\/div><\/div><\/div><\/div><div class=\"fusion-flip-box-wrapper fusion-column col-lg-4 col-md-4 col-sm-4\"><div class=\"fusion-flip-box flip-up\" tabindex=\"0\"><div class=\"flip-box-inner-wrapper\"><div class=\"flip-box-front\"><div class=\"flip-box-front-inner\"><div class=\"flip-box-grafix flip-box-image\"><img decoding=\"async\" src=\"https:\/\/molenkoning.com\/wp-content\/uploads\/2020\/01\/skywalker-molenkoning.jpg\" width=\"280\" height=\"142\" alt=\"3d design skywalker\" \/><\/div><h2 class=\"flip-box-heading without-text\">Skywalker<\/h2><\/div><\/div><div class=\"flip-box-back\" style=\"--awb-background-image-back:url(&#039;https:\/\/molenkoning.com\/wp-content\/uploads\/2020\/02\/Skywalker-1-600x400.jpg&#039;);\"><div class=\"flip-box-back-inner\"><h3 class=\"flip-box-heading-back\">Skywalker<\/h3>\n<p>Skywalker on kekseli\u00e4s, kattoon asennettava k\u00e4velytyskone, joka riippuu katosta.<\/p>\n<p><a href=\"https:\/\/molenkoning.com\/no\/produkter\/tak-montert-skrittemaskin-skywalker\/\">Les mer<\/a><\/p>\n<\/div><\/div><\/div><\/div><\/div><div class=\"fusion-flip-box-wrapper fusion-column col-lg-4 col-md-4 col-sm-4\"><div class=\"fusion-flip-box flip-up\" tabindex=\"0\"><div class=\"flip-box-inner-wrapper\"><div class=\"flip-box-front\"><div class=\"flip-box-front-inner\"><div class=\"flip-box-grafix flip-box-image\"><img decoding=\"async\" src=\"https:\/\/molenkoning.com\/wp-content\/uploads\/2020\/01\/track-roof-molenkoning.jpg\" width=\"280\" height=\"142\" alt=\"Smultringtak 3d design\" \/><\/div><h2 class=\"flip-box-heading without-text\">Smultringtak<\/h2><\/div><\/div><div class=\"flip-box-back\" style=\"--awb-background-image-back:url(&#039;https:\/\/molenkoning.com\/wp-content\/uploads\/2020\/02\/Trackroof-600x400.jpg&#039;);\"><div class=\"flip-box-back-inner\"><h3 class=\"flip-box-heading-back\">Smultringtak<\/h3>\n<p>Smultringtak gj\u00f8r at hesten kan trenes regelmessig selv i d\u00e5rlig v\u00e6r.<\/p>\n<p><a href=\"https:\/\/molenkoning.com\/no\/produkter\/smultring-tak-for-skrittemaskin\/\">Les mer<\/a><\/p>\n<\/div><\/div><\/div><\/div><\/div><div class=\"fusion-flip-box-wrapper fusion-column col-lg-4 col-md-4 col-sm-4\"><div class=\"fusion-flip-box flip-up\" tabindex=\"0\"><div class=\"flip-box-inner-wrapper\"><div class=\"flip-box-front\"><div class=\"flip-box-front-inner\"><div class=\"flip-box-grafix flip-box-image\"><img decoding=\"async\" src=\"https:\/\/molenkoning.com\/wp-content\/uploads\/2020\/01\/closed-roof-lunging-molenkoning.jpg\" width=\"280\" height=\"142\" alt=\"Longeringssirkel 3d tegning\" \/><\/div><h2 class=\"flip-box-heading without-text\">Helt tak<\/h2><\/div><\/div><div class=\"flip-box-back\" style=\"--awb-background-image-back:url(&#039;https:\/\/molenkoning.com\/wp-content\/uploads\/2020\/02\/closed_roof.png&#039;);\"><div class=\"flip-box-back-inner\"><h3 class=\"flip-box-heading-back\">Helt tak<\/h3>\n<p>Molenkoning designer og bygger din hestedr\u00f8m.<br \/>\n<a href=\"https:\/\/molenkoning.com\/no\/produkter\/longerings-sirkel-med-tett-tak\/\">Les mer<\/a><\/p>\n<\/div><\/div><\/div><\/div><\/div><div class=\"fusion-flip-box-wrapper fusion-column col-lg-4 col-md-4 col-sm-4\"><div class=\"fusion-flip-box flip-up\" tabindex=\"0\"><div class=\"flip-box-inner-wrapper\"><div class=\"flip-box-front\"><div class=\"flip-box-front-inner\"><div class=\"flip-box-grafix flip-box-image\"><img decoding=\"async\" src=\"https:\/\/molenkoning.com\/wp-content\/uploads\/2020\/01\/entrance-molenkoning-for-horse-walkers.jpg\" width=\"280\" height=\"142\" alt=\"Tekninsk beskrivelse av tildekkede innganger\" \/><\/div><h2 class=\"flip-box-heading without-text\">Overbygde innganger<\/h2><\/div><\/div><div class=\"flip-box-back\" style=\"--awb-background-image-back:url(&#039;https:\/\/molenkoning.com\/wp-content\/uploads\/2020\/02\/covered-entrance-600x453.jpg&#039;);\"><div class=\"flip-box-back-inner\"><h3 class=\"flip-box-heading-back\">Overbygde innganger<\/h3>\n<p>En overbygd inngang gjr ikke bare byningen penere, det gj\u00f8r det ogs\u00e5 enklere \u00e5 f\u00e5 hestene til \u00e5 g\u00e5 inn n\u00e5r det regner.<\/p>\n<p><a href=\"https:\/\/molenkoning.com\/no\/produkter\/covered-entrances-for-equestrian-roofs\/\">Les mer<\/a><\/p>\n<\/div><\/div><\/div><\/div><\/div><div class=\"fusion-flip-box-wrapper fusion-column col-lg-4 col-md-4 col-sm-4\"><div class=\"fusion-flip-box flip-up\" tabindex=\"0\"><div class=\"flip-box-inner-wrapper\"><div class=\"flip-box-front\"><div class=\"flip-box-front-inner\"><div class=\"flip-box-grafix flip-box-image\"><img decoding=\"async\" src=\"https:\/\/molenkoning.com\/wp-content\/uploads\/2020\/01\/round-fence.jpg\" width=\"280\" height=\"142\" alt=\"Round fence MK\" \/><\/div><h2 class=\"flip-box-heading without-text\">Round Fence<\/h2><\/div><\/div><div class=\"flip-box-back\" style=\"--awb-background-image-back:url(&#039;https:\/\/molenkoning.com\/wp-content\/uploads\/2020\/02\/roundfence-600x400.jpg&#039;);\"><div class=\"flip-box-back-inner\"><h3 class=\"flip-box-heading-back\">Round Fence<\/h3>\n<p>V\u00e5rt &laquo;Round fence&raquo; er v\u00e5r kronjuvel. Mange \u00e5r med research, utvikling og innovasjon har gjordt det mulig for oss \u00e5 tilby v\u00e5re kunder det tryggeste gjerde p\u00e5 markedet.<\/p>\n<p><a href=\"https:\/\/molenkoning.com\/no\/skrittemaskin-gjerde-modell-round-gjerde\/\">Les mer<\/a><\/p>\n<\/div><\/div><\/div><\/div><\/div><div class=\"fusion-flip-box-wrapper fusion-column col-lg-4 col-md-4 col-sm-4\"><div class=\"fusion-flip-box flip-up\" tabindex=\"0\"><div class=\"flip-box-inner-wrapper\"><div class=\"flip-box-front\"><div class=\"flip-box-front-inner\"><div class=\"flip-box-grafix flip-box-image\"><img decoding=\"async\" src=\"https:\/\/molenkoning.com\/wp-content\/uploads\/2020\/01\/sweden-fence-molenkoning.jpg\" width=\"280\" height=\"142\" alt=\"MK Sweden fence\" \/><\/div><h2 class=\"flip-box-heading without-text\">Sweden Fence<\/h2><\/div><\/div><div class=\"flip-box-back\" style=\"--awb-background-image-back:url(&#039;https:\/\/molenkoning.com\/wp-content\/uploads\/2020\/02\/Sweden-Fence-600x402.jpg&#039;);\"><div class=\"flip-box-back-inner\"><h3 class=\"flip-box-heading-back\">Sweden Fence<\/h3>\n<p>Som navnet sier ble vi inspirert av den frodige og vakre naturen i Sverige som jo er kjent for sin furu.<\/p>\n<p><a href=\"https:\/\/molenkoning.com\/no\/produkter\/heste-treningsmaskin-gjerde\/\">Les mer<\/a><\/p>\n<\/div><\/div><\/div><\/div><\/div><div class=\"fusion-flip-box-wrapper fusion-column col-lg-4 col-md-4 col-sm-4\"><div class=\"fusion-flip-box flip-up\" tabindex=\"0\"><div class=\"flip-box-inner-wrapper\"><div class=\"flip-box-front\"><div class=\"flip-box-front-inner\"><div class=\"flip-box-grafix flip-box-image\"><img decoding=\"async\" src=\"https:\/\/molenkoning.com\/wp-content\/uploads\/2020\/01\/horsewalker-with-beoband-from-molenkoning.jpg\" width=\"280\" height=\"118\" alt=\"Beoband Mk\" \/><\/div><h2 class=\"flip-box-heading without-text\">MK Safeline Gjerde<\/h2><\/div><\/div><div class=\"flip-box-back\" style=\"--awb-background-image-back:url(&#039;https:\/\/molenkoning.com\/wp-content\/uploads\/2020\/02\/Beo-Band-600x400.jpg&#039;);\"><div class=\"flip-box-back-inner\"><h3 class=\"flip-box-heading-back\">MK Safeline Gjerde<\/h3>\n<p>MK Safeline (fiberband) eller &laquo;Smart budget&raquo; er ett godt eksempel p\u00e5 den nedelandske standarden; H\u00f8y kvalitet og prisgunstige materialer.<\/p>\n<p><a href=\"https:\/\/molenkoning.com\/no\/produkter\/skrittemaskin-med-mk-safeline-gjerde\/\">Les mer<\/a><\/p>\n<\/div><\/div><\/div><\/div><\/div><div class=\"fusion-flip-box-wrapper fusion-column col-lg-4 col-md-4 col-sm-4\"><div class=\"fusion-flip-box flip-up\" tabindex=\"0\"><div class=\"flip-box-inner-wrapper\"><div class=\"flip-box-front\"><div class=\"flip-box-front-inner\"><div class=\"flip-box-grafix flip-box-image\"><img decoding=\"async\" src=\"https:\/\/molenkoning.com\/wp-content\/uploads\/2020\/11\/solarium-mkshop.png\" width=\"1200\" height=\"675\" alt=\"\" \/><\/div><h2 class=\"flip-box-heading without-text\">Solarium<\/h2><\/div><\/div><div class=\"flip-box-back\" style=\"--awb-background-image-back:url(&#039;https:\/\/molenkoning.com\/wp-content\/uploads\/2021\/04\/MK-solarium-for-horses-1.jpg&#039;);\"><div class=\"flip-box-back-inner\"><h3 class=\"flip-box-heading-back\">Solarium<\/h3>\n<p>En hest er en atlet og m\u00e5 derfor t\u00e5le skader uansett hva den er brukt til og hvilket niv\u00e5 den er p\u00e5.<\/p>\n<p><a href=\"https:\/\/molenkoning.com\/no\/produkter\/solarium\/\">Les mer<\/a><\/p>\n<\/div><\/div><\/div><\/div><\/div><div class=\"fusion-flip-box-wrapper fusion-column col-lg-4 col-md-4 col-sm-4\"><div class=\"fusion-flip-box flip-up\" tabindex=\"0\"><div class=\"flip-box-inner-wrapper\"><div class=\"flip-box-front\"><div class=\"flip-box-front-inner\"><div class=\"flip-box-grafix flip-box-image\"><img decoding=\"async\" src=\"https:\/\/molenkoning.com\/wp-content\/uploads\/2020\/01\/equitrack.jpg\" width=\"280\" height=\"142\" alt=\"equitrack\" \/><\/div><h2 class=\"flip-box-heading without-text\">Equitrack<\/h2><\/div><\/div><div class=\"flip-box-back\" style=\"--awb-background-image-back:url(&#039;https:\/\/molenkoning.com\/wp-content\/uploads\/2020\/02\/EQUITRACK-600x414.jpg&#039;);\"><div class=\"flip-box-back-inner\"><h3 class=\"flip-box-heading-back\">Equitrack<\/h3>\n<p>Equitrack er det idelle underlaget for skrittemaskin.<\/p>\n<p><a href=\"https:\/\/molenkoning.com\/no\/produkter\/equitrack-fortau-for-skrittemaskin\/\">Les mer<\/a><\/p>\n<\/div><\/div><\/div><\/div><\/div><div class=\"fusion-flip-box-wrapper fusion-column col-lg-4 col-md-4 col-sm-4\"><div class=\"fusion-flip-box flip-up\" tabindex=\"0\"><div class=\"flip-box-inner-wrapper\"><div class=\"flip-box-front\"><div class=\"flip-box-front-inner\"><div class=\"flip-box-grafix flip-box-image\"><img decoding=\"async\" src=\"https:\/\/molenkoning.com\/wp-content\/uploads\/2020\/01\/molenkoning-groundwoks-equestrian-constructions.jpg\" width=\"280\" height=\"142\" alt=\"3d tegning av prefabrikerte fundament deler\" \/><\/div><h2 class=\"flip-box-heading without-text\">Ferdige fundamenter for egen montasje<\/h2><\/div><\/div><div class=\"flip-box-back\" style=\"--awb-background-image-back:url(&#039;https:\/\/molenkoning.com\/wp-content\/uploads\/2020\/02\/GROUNDWORKS-600x398.jpg&#039;);\"><div class=\"flip-box-back-inner\"><h3 class=\"flip-box-heading-back\">Ferdige fundamenter for egen montasje<\/h3>\n<p>Hvor forn\u00f8yd man blir n\u00e5r man kj\u00f8per en skrittemaskin avhenger ogs\u00e5 om hvordan monteringen er. Molenkonning har laget en skrittemaskin som det er mulig \u00e5 installere selv.<\/p>\n<p><a href=\"https:\/\/molenkoning.com\/no\/produkter\/gunnarbeid-for-heste-konstruksjoner\/\">Les mer<\/a><\/p>\n<\/div><\/div><\/div><\/div><\/div><div class=\"fusion-flip-box-wrapper fusion-column col-lg-4 col-md-4 col-sm-4\"><div class=\"fusion-flip-box flip-up\" tabindex=\"0\"><div class=\"flip-box-inner-wrapper\"><div class=\"flip-box-front\"><div class=\"flip-box-front-inner\"><div class=\"flip-box-grafix flip-box-image\"><img decoding=\"async\" src=\"https:\/\/molenkoning.com\/wp-content\/uploads\/2023\/03\/Power_plate_mkshop-300x225.png\" width=\"300\" height=\"225\" alt=\"\" \/><\/div><h2 class=\"flip-box-heading without-text\">Horsepower Plate<\/h2><\/div><\/div><div class=\"flip-box-back\" style=\"--awb-background-image-back:url(&#039;https:\/\/molenkoning.com\/wp-content\/uploads\/2020\/02\/powerplate-600x725.jpg&#039;);\"><div class=\"flip-box-back-inner\"><h3 class=\"flip-box-heading-back\">Horsepower Plate<\/h3>\n<p>V\u00e5rt team jobber hele tiden for \u00e5 utvikle &laquo;nye produkter for \u00e5 forbedre kondisjon og helsen til dine hester.<\/p>\n<p><a href=\"https:\/\/molenkoning.com\/no\/produkter\/rehabilterings-utstyr-for-hester-vibrasjons-gulv\/\">Les mer<\/a><\/p>\n<\/div><\/div><\/div><\/div><\/div><div class=\"fusion-flip-box-wrapper fusion-column col-lg-4 col-md-4 col-sm-4\"><div class=\"fusion-flip-box flip-up\" tabindex=\"0\"><div class=\"flip-box-inner-wrapper\"><div class=\"flip-box-front\"><div class=\"flip-box-front-inner\"><div class=\"flip-box-grafix flip-box-image\"><img decoding=\"async\" src=\"https:\/\/molenkoning.com\/wp-content\/uploads\/2020\/01\/windbreak-net-molenkoning.jpg\" width=\"280\" height=\"142\" alt=\"3d design av vindnett\" \/><\/div><h2 class=\"flip-box-heading without-text\">Vindnett<\/h2><\/div><\/div><div class=\"flip-box-back\" style=\"--awb-background-image-back:url(&#039;https:\/\/molenkoning.com\/wp-content\/uploads\/2020\/02\/windbreaknet-600x450.jpg&#039;);\"><div class=\"flip-box-back-inner\"><h3 class=\"flip-box-heading-back\">Vindnett<\/h3>\n<p>Vi vet hvor mye ubehag vind kan skape for hester n\u00e5r de trenes.<\/p>\n<p><a href=\"https:\/\/molenkoning.com\/no\/produkter\/vind-nett-for-longering-og-skrittemaskin-tak\/\">Les mer<\/a><\/p>\n<\/div><\/div><\/div><\/div><\/div><div class=\"fusion-flip-box-wrapper fusion-column col-lg-4 col-md-4 col-sm-4\"><div class=\"fusion-flip-box flip-up\" tabindex=\"0\"><div class=\"flip-box-inner-wrapper\"><div class=\"flip-box-front\"><div class=\"flip-box-front-inner\"><div class=\"flip-box-grafix flip-box-image\"><img decoding=\"async\" src=\"https:\/\/molenkoning.com\/wp-content\/uploads\/2020\/01\/options-walker.jpg\" width=\"280\" height=\"142\" alt=\"MK\" \/><\/div><h2 class=\"flip-box-heading without-text\">Options for MK horsewalkers<\/h2><\/div><\/div><div class=\"flip-box-back\" style=\"--awb-background-image-back:url(&#039;https:\/\/molenkoning.com\/wp-content\/uploads\/2020\/02\/options-600x400.jpg&#039;);\"><div class=\"flip-box-back-inner\"><h3 class=\"flip-box-heading-back\">Options for MK horsewalkers<\/h3>\n<p>Molenkoning Horsewalker System allows you to add multiple options that increases the efficiency, comfort and security of your machine.<\/p>\n<p><a href=\"https:\/\/molenkoning.com\/no\/produkter\/horsewalker-options\/\">Les mer<\/a><\/p>\n<\/div><\/div><\/div><\/div><\/div><\/div><div class=\"clearfix\"><\/div><div class=\"fusion-clearfix\"><\/div><\/div><\/div><\/div><\/div>\n","protected":false},"excerpt":{"rendered":"","protected":false},"author":1,"featured_media":0,"parent":0,"menu_order":0,"comment_status":"closed","ping_status":"closed","template":"","meta":{"_acf_changed":false,"content-type":"","footnotes":""},"class_list":["post-11706","page","type-page","status-publish","hentry"],"acf":[],"_links":{"self":[{"href":"https:\/\/molenkoning.com\/no\/wp-json\/wp\/v2\/pages\/11706","targetHints":{"allow":["GET"]}}],"collection":[{"href":"https:\/\/molenkoning.com\/no\/wp-json\/wp\/v2\/pages"}],"about":[{"href":"https:\/\/molenkoning.com\/no\/wp-json\/wp\/v2\/types\/page"}],"author":[{"embeddable":true,"href":"https:\/\/molenkoning.com\/no\/wp-json\/wp\/v2\/users\/1"}],"replies":[{"embeddable":true,"href":"https:\/\/molenkoning.com\/no\/wp-json\/wp\/v2\/comments?post=11706"}],"version-history":[{"count":22,"href":"https:\/\/molenkoning.com\/no\/wp-json\/wp\/v2\/pages\/11706\/revisions"}],"predecessor-version":[{"id":186268,"href":"https:\/\/molenkoning.com\/no\/wp-json\/wp\/v2\/pages\/11706\/revisions\/186268"}],"wp:attachment":[{"href":"https:\/\/molenkoning.com\/no\/wp-json\/wp\/v2\/media?parent=11706"}],"curies":[{"name":"wp","href":"https:\/\/api.w.org\/{rel}","templated":true}]}}