{"id":15994,"date":"2020-02-11T13:24:13","date_gmt":"2020-02-11T13:24:13","guid":{"rendered":"https:\/\/molenkoning.com\/structure-and-composition-of-a-molenkoning-horse-walker\/"},"modified":"2023-10-16T07:06:13","modified_gmt":"2023-10-16T07:06:13","slug":"costruzione-di-una-giostra","status":"publish","type":"page","link":"https:\/\/molenkoning.com\/it\/costruzione-di-una-giostra\/","title":{"rendered":"Costruzione e composizione della giostra Molenkoning"},"content":{"rendered":"<p><div class=\"fusion-fullwidth fullwidth-box fusion-builder-row-1 fusion-flex-container has-pattern-background has-mask-background nonhundred-percent-fullwidth non-hundred-percent-height-scrolling\" style=\"--awb-border-radius-top-left:0px;--awb-border-radius-top-right:0px;--awb-border-radius-bottom-right:0px;--awb-border-radius-bottom-left:0px;--awb-flex-wrap:wrap;\" ><div class=\"fusion-builder-row fusion-row fusion-flex-align-items-flex-start fusion-flex-content-wrap\" style=\"max-width:1144px;margin-left: calc(-4% \/ 2 );margin-right: calc(-4% \/ 2 );\"><div class=\"fusion-layout-column fusion_builder_column fusion-builder-column-0 fusion_builder_column_1_1 1_1 fusion-flex-column\" style=\"--awb-bg-size:cover;--awb-width-large:100%;--awb-margin-top-large:0px;--awb-spacing-right-large:1.92%;--awb-margin-bottom-large:20px;--awb-spacing-left-large:1.92%;--awb-width-medium:100%;--awb-order-medium:0;--awb-spacing-right-medium:1.92%;--awb-spacing-left-medium:1.92%;--awb-width-small:100%;--awb-order-small:0;--awb-spacing-right-small:1.92%;--awb-spacing-left-small:1.92%;\"><div class=\"fusion-column-wrapper fusion-column-has-shadow fusion-flex-justify-content-flex-start fusion-content-layout-column\"><div class=\"fusion-title title fusion-title-1 fusion-sep-none fusion-title-text fusion-title-size-one\" style=\"--awb-text-color:#333333;\"><h1 class=\"fusion-title-heading title-heading-left\" style=\"margin:0;\">Costruzione e composizione della giostra per cavalli Molenkoning<\/h1><\/div><div class=\"fusion-text fusion-text-1\"><p>La giostra per cavalli Molenkoning \u00e8 facile da utilizzare e ha una lunga durata grazie alla sua robusta costruzione. La giostra richiede poca manutenzione, \u00e8 molto sicura ed \u00e8 efficiente nell&#8217;uso dell&#8217;energia. Le nostre giostre possono essere assemblate da un tecnico, ma sono per lo pi\u00f9 assemblate dai nostri clienti stessi con l&#8217;aiuto di un semplice manuale.<\/p>\n<p>In questo articolo, ti insegneremo tutto sulla costruzione e composizione della nostra giostra per cavalli, in questo modo, saprai tutto sugli argomenti principali legati all&#8217;utilizzo. Se vuoi saperne di pi\u00f9 sull&#8217;allenamento con una giostra per cavalli, <a href=\"https:\/\/molenkoning.com\/it\/allenamento-con-le-giostre\/\">clicca qui<\/a> per un articolo su questo argomento. Inoltre, in questo articolo imparerai queste cose :<\/p>\n<ul>\n<li>Sicurezza per il cavallo e l&#8217;allenatore<\/li>\n<li>Materiali di alta qualit\u00e0 e finiture<\/li>\n<li>Servizio di prima classe prima e dopo la vendita<\/li>\n<li>Facile utilizzo con pulsanti funzionali<\/li>\n<li>Il miglior rapporto qualit\u00e0-prezzo<\/li>\n<\/ul>\n<\/div><\/div><\/div><div class=\"fusion-layout-column fusion_builder_column fusion-builder-column-1 fusion_builder_column_1_1 1_1 fusion-flex-column\" style=\"--awb-bg-size:cover;--awb-width-large:100%;--awb-margin-top-large:0px;--awb-spacing-right-large:1.92%;--awb-margin-bottom-large:20px;--awb-spacing-left-large:1.92%;--awb-width-medium:100%;--awb-order-medium:0;--awb-spacing-right-medium:1.92%;--awb-spacing-left-medium:1.92%;--awb-width-small:100%;--awb-order-small:0;--awb-spacing-right-small:1.92%;--awb-spacing-left-small:1.92%;\"><div class=\"fusion-column-wrapper fusion-column-has-shadow fusion-flex-justify-content-flex-start fusion-content-layout-column\"><div class=\"fusion-title title fusion-title-2 fusion-sep-none fusion-title-text fusion-title-size-one\" style=\"--awb-text-color:#333333;\"><h1 class=\"fusion-title-heading title-heading-left\" style=\"margin:0;\">La giostra per cavalli e la sicurezza del tuo cavallo<\/h1><\/div><div class=\"fusion-text fusion-text-2\"><p>La sicurezza e la qualit\u00e0 sono in cima alla nostra lista delle priorit\u00e0, Ecco perch\u00e9 la nostra giostra per cavalli \u00e8 sempre dotata di un motore elettrico da 220V, progettato per una lunga durata di almeno 15.000 ore.<\/p>\n<\/div><\/div><\/div><\/div><\/div><div class=\"fusion-fullwidth fullwidth-box fusion-builder-row-2 fusion-flex-container has-pattern-background has-mask-background ctabannerouter nonhundred-percent-fullwidth non-hundred-percent-height-scrolling\" style=\"--awb-border-radius-top-left:0px;--awb-border-radius-top-right:0px;--awb-border-radius-bottom-right:0px;--awb-border-radius-bottom-left:0px;--awb-padding-right:0px;--awb-padding-left:0px;--awb-margin-bottom:20px;--awb-background-color:#484848;--awb-flex-wrap:wrap;\" ><div class=\"fusion-builder-row fusion-row fusion-flex-align-items-flex-start fusion-flex-content-wrap\" style=\"max-width:calc( 1100px + 0px );margin-left: calc(-0px \/ 2 );margin-right: calc(-0px \/ 2 );\"><div class=\"fusion-layout-column fusion_builder_column fusion-builder-column-2 fusion_builder_column_1_3 1_3 fusion-flex-column\" style=\"--awb-padding-top:50px;--awb-padding-right:50px;--awb-padding-bottom:68px;--awb-padding-left:50px;--awb-bg-color:#484848;--awb-bg-color-hover:#484848;--awb-bg-size:cover;--awb-width-large:33.333333333333%;--awb-margin-top-large:0px;--awb-spacing-right-large:0;--awb-margin-bottom-large:0px;--awb-spacing-left-large:0px;--awb-width-medium:100%;--awb-order-medium:0;--awb-spacing-right-medium:0px;--awb-spacing-left-medium:0px;--awb-width-small:100%;--awb-order-small:0;--awb-spacing-right-small:0px;--awb-spacing-left-small:0px;\"><div class=\"fusion-column-wrapper fusion-column-has-shadow fusion-flex-justify-content-flex-start fusion-content-layout-column\"><div class=\"fusion-title title fusion-title-3 fusion-sep-none fusion-title-text fusion-title-size-two\" style=\"--awb-text-color:#ffffff;\"><h2 class=\"fusion-title-heading title-heading-left\" style=\"margin:0;\">Fate le vostre domande a uno dei nostri specialisti.<\/h2><\/div><div class=\"fusion-text fusion-text-3\" style=\"--awb-text-color:#ffffff;\"><p>Avete domande sulla posizione, l&#8217;installazione o l&#8217;uso di una giostra?<\/p>\n<\/div><\/div><\/div><div class=\"fusion-layout-column fusion_builder_column fusion-builder-column-3 fusion_builder_column_2_3 2_3 fusion-flex-column ctabannerinner\" style=\"--awb-padding-top:50px;--awb-padding-right:50px;--awb-padding-bottom:51px;--awb-padding-left:30px;--awb-bg-color:rgba(0,0,0,0.38);--awb-bg-color-hover:rgba(0,0,0,0.38);--awb-bg-image:url(&#039;https:\/\/molenkoning.com\/wp-content\/uploads\/2021\/09\/Molenkoning-66.jpeg&#039;);--awb-bg-position:center center;--awb-bg-size:cover;--awb-width-large:66.666666666667%;--awb-margin-top-large:0px;--awb-spacing-right-large:0px;--awb-margin-bottom-large:0px;--awb-spacing-left-large:0;--awb-width-medium:100%;--awb-order-medium:0;--awb-spacing-right-medium:0px;--awb-spacing-left-medium:0px;--awb-width-small:100%;--awb-order-small:0;--awb-spacing-right-small:0px;--awb-spacing-left-small:0px;\"><div class=\"fusion-column-wrapper fusion-column-has-shadow fusion-flex-justify-content-flex-start fusion-content-layout-column fusion-column-has-bg-image\" data-bg-url=\"https:\/\/molenkoning.com\/wp-content\/uploads\/2021\/09\/Molenkoning-66.jpeg\"><div class=\"fusion-image-element \" style=\"text-align:left;--awb-margin-bottom:10px;--awb-caption-title-font-family:var(--h2_typography-font-family);--awb-caption-title-font-weight:var(--h2_typography-font-weight);--awb-caption-title-font-style:var(--h2_typography-font-style);--awb-caption-title-size:var(--h2_typography-font-size);--awb-caption-title-transform:var(--h2_typography-text-transform);--awb-caption-title-line-height:var(--h2_typography-line-height);--awb-caption-title-letter-spacing:var(--h2_typography-letter-spacing);\"><span class=\" fusion-imageframe imageframe-none imageframe-1 hover-type-none\"><img decoding=\"async\" width=\"150\" height=\"150\" title=\"ctabannerton\" src=\"https:\/\/molenkoning.com\/wp-content\/uploads\/2022\/03\/ctabannerton-150x150.png\" alt class=\"img-responsive wp-image-152292\" srcset=\"https:\/\/molenkoning.com\/wp-content\/uploads\/2022\/03\/ctabannerton-66x66.png 66w, https:\/\/molenkoning.com\/wp-content\/uploads\/2022\/03\/ctabannerton-150x150.png 150w, https:\/\/molenkoning.com\/wp-content\/uploads\/2022\/03\/ctabannerton.png 200w\" sizes=\"(max-width: 150px) 100vw, 150px\" \/><\/span><\/div><div ><a class=\"fusion-button button-flat fusion-button-default-size button-custom fusion-button-default button-1 fusion-button-default-span fusion-button-default-type\" style=\"--button_accent_color:#ffffff;--button_accent_hover_color:#ffffff;--button_border_hover_color:#ffffff;--button_gradient_top_color:#b98713;--button_gradient_bottom_color:#b98713;--button_gradient_top_color_hover:rgba(151,124,61,0.89);--button_gradient_bottom_color_hover:rgba(151,124,61,0.89);\" target=\"_self\" href=\"mailto:italia@molenkoning.com\"><span class=\"fusion-button-text\">Parla con uno dei nostri specialisti!<\/span><\/a><\/div><\/div><\/div><\/div><\/div><div class=\"fusion-fullwidth fullwidth-box fusion-builder-row-3 fusion-flex-container has-pattern-background has-mask-background nonhundred-percent-fullwidth non-hundred-percent-height-scrolling\" style=\"--awb-border-radius-top-left:0px;--awb-border-radius-top-right:0px;--awb-border-radius-bottom-right:0px;--awb-border-radius-bottom-left:0px;--awb-margin-top:20px;--awb-flex-wrap:wrap;\" ><div class=\"fusion-builder-row fusion-row fusion-flex-align-items-flex-start fusion-flex-content-wrap\" style=\"max-width:1144px;margin-left: calc(-4% \/ 2 );margin-right: calc(-4% \/ 2 );\"><div class=\"fusion-layout-column fusion_builder_column fusion-builder-column-4 fusion_builder_column_1_1 1_1 fusion-flex-column\" style=\"--awb-bg-size:cover;--awb-width-large:100%;--awb-margin-top-large:0px;--awb-spacing-right-large:1.92%;--awb-margin-bottom-large:20px;--awb-spacing-left-large:1.92%;--awb-width-medium:100%;--awb-order-medium:0;--awb-spacing-right-medium:1.92%;--awb-spacing-left-medium:1.92%;--awb-width-small:100%;--awb-order-small:0;--awb-spacing-right-small:1.92%;--awb-spacing-left-small:1.92%;\"><div class=\"fusion-column-wrapper fusion-column-has-shadow fusion-flex-justify-content-flex-start fusion-content-layout-column\"><div class=\"fusion-title title fusion-title-4 fusion-sep-none fusion-title-text fusion-title-size-two\"><h2 class=\"fusion-title-heading title-heading-left\" style=\"margin:0;\">Specifiche di una giostra per cavalli di alta qualit\u00e0<\/h2><\/div><div class=\"fusion-text fusion-text-4\"><p>Cuscinetti di alta qualit\u00e0, una trasmissione a cinghia a V silenziosa con una lunga durata e la massima sicurezza per il tuo cavallo. Inoltre, l&#8217;intera struttura \u00e8 zincata e resistente all&#8217;acqua. La costruzione \u00e8 completamente zincata a caldo e ha un basso baricentro per la migliore stabilit\u00e0. Le dimensioni standard sono di 10, 12, 15, 16, 18 e 20 metri di diametro, per 3-8 cavalli, \u00e8 comunque possibile anche personalizzarle. LE giostre per cavalli sono dotate di un sistema di controllo facile da usare con un regolatore di frequenza digitale di altissima qualit\u00e0.<\/p>\n<\/div><\/div><\/div><div class=\"fusion-layout-column fusion_builder_column fusion-builder-column-5 fusion_builder_column_1_1 1_1 fusion-flex-column\" style=\"--awb-bg-size:cover;--awb-width-large:100%;--awb-margin-top-large:0px;--awb-spacing-right-large:1.92%;--awb-margin-bottom-large:20px;--awb-spacing-left-large:1.92%;--awb-width-medium:100%;--awb-order-medium:0;--awb-spacing-right-medium:1.92%;--awb-spacing-left-medium:1.92%;--awb-width-small:100%;--awb-order-small:0;--awb-spacing-right-small:1.92%;--awb-spacing-left-small:1.92%;\"><div class=\"fusion-column-wrapper fusion-column-has-shadow fusion-flex-justify-content-flex-start fusion-content-layout-column\"><div class=\"fusion-title title fusion-title-5 fusion-sep-none fusion-title-text fusion-title-size-two\"><h2 class=\"fusion-title-heading title-heading-left\" style=\"margin:0;\">I cancelli separatori costituiscono la base per la tua futura giostra?<\/h2><\/div><div class=\"fusion-text fusion-text-5\"><p>I cancelli separatori con barre estendono la durata del motore poich\u00e9 offrono poca resistenza, sono comunque tutti sostituibili singolarmente se necessario. Tutte le giostre per cavalli sono dotati di un sistema di elettrificazione, poich\u00e9 la sicurezza dei cavalli viene prima di tutto!<\/p>\n<p>Questo sistema di cancelli assicura anche che non ogni impatto venga assorbito dalla struttura o dal sistema di guida. Ogni giostra \u00e8 dotata di barre in alluminio che conducono una carica elettrica se desiderato. Queste barre danno una leggera scossa di 6 joule. Questo \u00e8 utile solo all&#8217;inizio quando si vuole abituare i cavalli a camminare in una giostar per cavalli. Nel tempo, l&#8217;animale far\u00e0 i suoi giri nella giostra per cavalli in modo indipendente e con grande piacere.<\/p>\n<\/div><\/div><\/div><\/div><\/div><div class=\"fusion-fullwidth fullwidth-box fusion-builder-row-4 fusion-flex-container has-pattern-background has-mask-background nonhundred-percent-fullwidth non-hundred-percent-height-scrolling\" style=\"--awb-border-radius-top-left:0px;--awb-border-radius-top-right:0px;--awb-border-radius-bottom-right:0px;--awb-border-radius-bottom-left:0px;--awb-flex-wrap:wrap;\" ><div class=\"fusion-builder-row fusion-row fusion-flex-align-items-flex-start fusion-flex-content-wrap\" style=\"max-width:1144px;margin-left: calc(-4% \/ 2 );margin-right: calc(-4% \/ 2 );\"><div class=\"fusion-layout-column fusion_builder_column fusion-builder-column-6 fusion_builder_column_1_1 1_1 fusion-flex-column\" style=\"--awb-bg-size:cover;--awb-width-large:100%;--awb-margin-top-large:0px;--awb-spacing-right-large:1.92%;--awb-margin-bottom-large:20px;--awb-spacing-left-large:1.92%;--awb-width-medium:100%;--awb-order-medium:0;--awb-spacing-right-medium:1.92%;--awb-spacing-left-medium:1.92%;--awb-width-small:100%;--awb-order-small:0;--awb-spacing-right-small:1.92%;--awb-spacing-left-small:1.92%;\"><div class=\"fusion-column-wrapper fusion-column-has-shadow fusion-flex-justify-content-flex-start fusion-content-layout-column\"><div class=\"fusion-title title fusion-title-6 fusion-sep-none fusion-title-text fusion-title-size-two\"><h2 class=\"fusion-title-heading title-heading-left\" style=\"margin:0;\">Sicurezza extra con le barre di protezione Molenkoning<\/h2><\/div><div class=\"fusion-text fusion-text-6\"><p>Per coloro che desiderano aggiungere ulteriore sicurezza alla loro giostra, offriamo le barre di protezione Molenkoning Safeguard. I cancelli sono quindi dotate di barre in plastica (polietilene). Queste barre sono estremamente resistenti ma comunque molto flessibili. Sono flessibili anche a temperature sotto lo zero.<\/p>\n<p>Queste barre possono piegarsi ma tornano immediatamente alla loro forma normale. Queste barre impediscono rotture e la plastica previene spigoli taglienti. Le barre sono coperte da una copertura in alluminio, che consente al dispositivo di scossa elettrica di funzionare in combinazione con le nostre barre di protezione.<\/p>\n<p>Per ridurre la visibilit\u00e0 dei cavalli durante l&#8217;addestramento di cavalli selvatici e stalloni, \u00e8 anche possibile dotare i cancelli di una rete parasole.<\/p>\n<\/div><\/div><\/div><\/div><\/div><\/p>\n","protected":false},"excerpt":{"rendered":"","protected":false},"author":1,"featured_media":0,"parent":0,"menu_order":0,"comment_status":"closed","ping_status":"closed","template":"","meta":{"_acf_changed":false,"content-type":"","footnotes":""},"class_list":["post-15994","page","type-page","status-publish","hentry"],"acf":[],"_links":{"self":[{"href":"https:\/\/molenkoning.com\/it\/wp-json\/wp\/v2\/pages\/15994","targetHints":{"allow":["GET"]}}],"collection":[{"href":"https:\/\/molenkoning.com\/it\/wp-json\/wp\/v2\/pages"}],"about":[{"href":"https:\/\/molenkoning.com\/it\/wp-json\/wp\/v2\/types\/page"}],"author":[{"embeddable":true,"href":"https:\/\/molenkoning.com\/it\/wp-json\/wp\/v2\/users\/1"}],"replies":[{"embeddable":true,"href":"https:\/\/molenkoning.com\/it\/wp-json\/wp\/v2\/comments?post=15994"}],"version-history":[{"count":4,"href":"https:\/\/molenkoning.com\/it\/wp-json\/wp\/v2\/pages\/15994\/revisions"}],"predecessor-version":[{"id":176124,"href":"https:\/\/molenkoning.com\/it\/wp-json\/wp\/v2\/pages\/15994\/revisions\/176124"}],"wp:attachment":[{"href":"https:\/\/molenkoning.com\/it\/wp-json\/wp\/v2\/media?parent=15994"}],"curies":[{"name":"wp","href":"https:\/\/api.w.org\/{rel}","templated":true}]}}