{"id":196656,"date":"2025-10-15T10:57:56","date_gmt":"2025-10-15T10:57:56","guid":{"rendered":"https:\/\/molenkoning.com\/?post_type=product&#038;p=196656"},"modified":"2025-10-16T09:08:57","modified_gmt":"2025-10-16T09:08:57","slug":"casquette-mk-beige","status":"publish","type":"product","link":"https:\/\/molenkoning.com\/fr\/produit\/casquette-mk-beige\/","title":{"rendered":"Casquette MK &#8211; Beige"},"content":{"rendered":"<div class=\"fusion-fullwidth fullwidth-box fusion-builder-row-1 fusion-flex-container has-pattern-background has-mask-background nonhundred-percent-fullwidth non-hundred-percent-height-scrolling\" style=\"--awb-border-radius-top-left:0px;--awb-border-radius-top-right:0px;--awb-border-radius-bottom-right:0px;--awb-border-radius-bottom-left:0px;--awb-flex-wrap:wrap;\" ><div class=\"fusion-builder-row fusion-row fusion-flex-align-items-flex-start fusion-flex-content-wrap\" style=\"max-width:1144px;margin-left: calc(-4% \/ 2 );margin-right: calc(-4% \/ 2 );\"><div class=\"fusion-layout-column fusion_builder_column fusion-builder-column-0 fusion_builder_column_1_1 1_1 fusion-flex-column\" style=\"--awb-bg-size:cover;--awb-width-large:100%;--awb-margin-top-large:0px;--awb-spacing-right-large:1.92%;--awb-margin-bottom-large:20px;--awb-spacing-left-large:1.92%;--awb-width-medium:100%;--awb-order-medium:0;--awb-spacing-right-medium:1.92%;--awb-spacing-left-medium:1.92%;--awb-width-small:100%;--awb-order-small:0;--awb-spacing-right-small:1.92%;--awb-spacing-left-small:1.92%;\"><div class=\"fusion-column-wrapper fusion-column-has-shadow fusion-flex-justify-content-flex-start fusion-content-layout-column\"><div class=\"fusion-text fusion-text-1\"><p>La <strong>casquette MK Beige<\/strong> offre un look propre et \u00e9l\u00e9gant avec le logo <strong>MK brod\u00e9<\/strong> en <strong>noir<\/strong>.<br \/>\nL\u00e9g\u00e8re et confortable \u2014 parfaite pour un usage quotidien, \u00e0 l\u2019\u00e9curie ou ailleurs.<\/p>\n<p>\u2022 <strong>Couleur<\/strong> : Beige<br \/>\n\u2022 <strong>Taille unique<\/strong><br \/>\n\u2022 <strong>Logo MK brod\u00e9 en noir<\/strong><\/p>\n<\/div><\/div><\/div><\/div><\/div>\n","protected":false},"excerpt":{"rendered":"","protected":false},"featured_media":197273,"template":"","meta":{"_acf_changed":false,"content-type":""},"product_brand":[],"product_cat":[768],"product_tag":[],"class_list":{"0":"post-196656","1":"product","2":"type-product","3":"status-publish","4":"has-post-thumbnail","6":"product_cat-mk-lifestyle-fr","8":"first","9":"instock","10":"taxable","11":"shipping-taxable","12":"purchasable","13":"product-type-simple"},"acf":[],"_links":{"self":[{"href":"https:\/\/molenkoning.com\/fr\/wp-json\/wp\/v2\/product\/196656","targetHints":{"allow":["GET"]}}],"collection":[{"href":"https:\/\/molenkoning.com\/fr\/wp-json\/wp\/v2\/product"}],"about":[{"href":"https:\/\/molenkoning.com\/fr\/wp-json\/wp\/v2\/types\/product"}],"wp:featuredmedia":[{"embeddable":true,"href":"https:\/\/molenkoning.com\/fr\/wp-json\/wp\/v2\/media\/197273"}],"wp:attachment":[{"href":"https:\/\/molenkoning.com\/fr\/wp-json\/wp\/v2\/media?parent=196656"}],"wp:term":[{"taxonomy":"product_brand","embeddable":true,"href":"https:\/\/molenkoning.com\/fr\/wp-json\/wp\/v2\/product_brand?post=196656"},{"taxonomy":"product_cat","embeddable":true,"href":"https:\/\/molenkoning.com\/fr\/wp-json\/wp\/v2\/product_cat?post=196656"},{"taxonomy":"product_tag","embeddable":true,"href":"https:\/\/molenkoning.com\/fr\/wp-json\/wp\/v2\/product_tag?post=196656"}],"curies":[{"name":"wp","href":"https:\/\/api.w.org\/{rel}","templated":true}]}}