{"id":184841,"date":"2024-08-13T09:10:40","date_gmt":"2024-08-13T09:10:40","guid":{"rendered":"https:\/\/molenkoning.com\/?post_type=product&#038;p=184841"},"modified":"2026-04-09T08:02:56","modified_gmt":"2026-04-09T08:02:56","slug":"commandez-mk-compact-solarium-molenkoning","status":"publish","type":"product","link":"https:\/\/molenkoning.com\/fr\/produit\/commandez-mk-compact-solarium-molenkoning\/","title":{"rendered":"Commandez MK Compact Solarium \u2013 Molenkoning"},"content":{"rendered":"<p><div class=\"fusion-fullwidth fullwidth-box fusion-builder-row-1 fusion-flex-container nonhundred-percent-fullwidth non-hundred-percent-height-scrolling\" style=\"--awb-border-radius-top-left:0px;--awb-border-radius-top-right:0px;--awb-border-radius-bottom-right:0px;--awb-border-radius-bottom-left:0px;--awb-flex-wrap:wrap;\" ><div class=\"fusion-builder-row fusion-row fusion-flex-align-items-flex-start fusion-flex-content-wrap\" style=\"max-width:1144px;margin-left: calc(-4% \/ 2 );margin-right: calc(-4% \/ 2 );\"><div class=\"fusion-layout-column fusion_builder_column fusion-builder-column-0 fusion_builder_column_1_1 1_1 fusion-flex-column\" style=\"--awb-bg-size:cover;--awb-width-large:100%;--awb-margin-top-large:0px;--awb-spacing-right-large:1.92%;--awb-margin-bottom-large:20px;--awb-spacing-left-large:1.92%;--awb-width-medium:100%;--awb-order-medium:0;--awb-spacing-right-medium:1.92%;--awb-spacing-left-medium:1.92%;--awb-width-small:100%;--awb-order-small:0;--awb-spacing-right-small:1.92%;--awb-spacing-left-small:1.92%;\"><div class=\"fusion-column-wrapper fusion-column-has-shadow fusion-flex-justify-content-flex-start fusion-content-layout-column\"><div ><a class=\"fusion-button button-flat fusion-button-default-size button-default fusion-button-default button-1 fusion-button-default-span fusion-button-default-type\" target=\"_self\" href=\"https:\/\/molenkoning.com\/fr\/categorie-produit\/solarium-fr\/\"><span class=\"fusion-button-text\">TOUS LES PRODUITS<\/span><\/a><\/div><div class=\"fusion-text fusion-text-1\"><p>Nous avons am\u00e9lior\u00e9 notre MK Infrared Compact afin de le rendre plus l\u00e9ger et de faciliter le r\u00e9chauffement du dos de votre cheval avant le travail, tout au long de l\u2019ann\u00e9e.<\/p>\n<p><strong>Lampes am\u00e9lior\u00e9es : d\u00e9sormais 120 W (contre 100 W auparavant)<\/strong><br \/>\nElles procurent l\u00e9g\u00e8rement plus de chaleur tout en garantissant une p\u00e9n\u00e9tration musculaire profonde et s\u00fbre. Notre infrarouge \u00e0 ondes longues favorise :<\/p>\n<p>Une meilleure circulation sanguine<\/p>\n<p>Une \u00e9limination plus rapide des toxines apr\u00e8s l\u2019effort<\/p>\n<p>Une meilleure pr\u00e9paration des muscles du dos avant la monte<\/p>\n<p>Une r\u00e9duction du risque de blessures musculaires<\/p>\n<p>Il s\u2019agit d\u2019une <strong>v\u00e9ritable th\u00e9rapie par infrarouge.<\/strong><\/p>\n<\/div><\/div><\/div><\/div><\/div><div class=\"fusion-fullwidth fullwidth-box fusion-builder-row-2 fusion-flex-container has-pattern-background has-mask-background nonhundred-percent-fullwidth non-hundred-percent-height-scrolling\" style=\"--awb-border-radius-top-left:0px;--awb-border-radius-top-right:0px;--awb-border-radius-bottom-right:0px;--awb-border-radius-bottom-left:0px;--awb-flex-wrap:wrap;\" ><div class=\"fusion-builder-row fusion-row fusion-flex-align-items-flex-start fusion-flex-content-wrap\" style=\"max-width:1144px;margin-left: calc(-4% \/ 2 );margin-right: calc(-4% \/ 2 );\"><div class=\"fusion-layout-column fusion_builder_column fusion-builder-column-1 fusion_builder_column_1_1 1_1 fusion-flex-column sliderouternew\" style=\"--awb-padding-bottom:0px;--awb-bg-size:cover;--awb-width-large:100%;--awb-margin-top-large:0px;--awb-spacing-right-large:1.92%;--awb-margin-bottom-large:0px;--awb-spacing-left-large:1.92%;--awb-width-medium:100%;--awb-order-medium:0;--awb-spacing-right-medium:1.92%;--awb-spacing-left-medium:1.92%;--awb-width-small:100%;--awb-order-small:0;--awb-spacing-right-small:1.92%;--awb-spacing-left-small:1.92%;\"><div class=\"fusion-column-wrapper fusion-column-has-shadow fusion-flex-justify-content-flex-start fusion-content-layout-column\"><div class=\"fusion-title title fusion-title-1 fusion-title-center fusion-title-text fusion-title-size-two\"><div class=\"title-sep-container title-sep-container-left\"><div class=\"title-sep sep-double sep-solid\" style=\"border-color:#e0dede;\"><\/div><\/div><span class=\"awb-title-spacer\"><\/span><h2 class=\"fusion-title-heading title-heading-center\" style=\"margin:0;\">Photos<\/h2><span class=\"awb-title-spacer\"><\/span><div class=\"title-sep-container title-sep-container-right\"><div class=\"title-sep sep-double sep-solid\" style=\"border-color:#e0dede;\"><\/div><\/div><\/div><div class=\"fusion-image-carousel fusion-image-carousel-fixed fusion-image-carousel-1 lightbox-enabled fusion-carousel-border solarium-carousel\"><div class=\"awb-carousel awb-swiper awb-swiper-carousel\" data-autoplay=\"no\" data-columns=\"4\" data-itemmargin=\"1\" data-itemwidth=\"180\" data-touchscroll=\"no\" data-imagesize=\"fixed\" style=\"--awb-columns:4;--awb-column-spacing:1px;\"><div class=\"swiper-wrapper awb-image-carousel-wrapper fusion-flex-align-items-center\"><div class=\"swiper-slide\"><div class=\"fusion-carousel-item-wrapper\"><div class=\"fusion-image-wrapper hover-type-none\"><a data-rel=\"iLightbox[image_carousel_1]\" data-title=\"MK SOLARIUM ONLY 2 LIGHT BULB\" aria-label=\"MK SOLARIUM ONLY 2 LIGHT BULB\" href=\"https:\/\/molenkoning.com\/wp-content\/uploads\/2024\/08\/MK-SOLARIUM-ONLY-2-LIGHT-BULB.png\" target=\"_self\"><img decoding=\"async\" width=\"320\" height=\"202\" src=\"https:\/\/molenkoning.com\/wp-content\/uploads\/2024\/08\/MK-SOLARIUM-ONLY-2-LIGHT-BULB-320x202.png\" class=\"attachment-blog-medium size-blog-medium\" alt=\"\" \/><\/a><\/div><\/div><\/div><div class=\"swiper-slide\"><div class=\"fusion-carousel-item-wrapper\"><div class=\"fusion-image-wrapper hover-type-none\"><a data-rel=\"iLightbox[image_carousel_1]\" data-title=\"MK SOLARIUM ONLY 2 LIGHT BULB2\" aria-label=\"MK SOLARIUM ONLY 2 LIGHT BULB2\" href=\"https:\/\/molenkoning.com\/wp-content\/uploads\/2024\/08\/MK-SOLARIUM-ONLY-2-LIGHT-BULB2.png\" target=\"_self\"><img decoding=\"async\" width=\"320\" height=\"202\" src=\"https:\/\/molenkoning.com\/wp-content\/uploads\/2024\/08\/MK-SOLARIUM-ONLY-2-LIGHT-BULB2-320x202.png\" class=\"attachment-blog-medium size-blog-medium\" alt=\"\" \/><\/a><\/div><\/div><\/div><div class=\"swiper-slide\"><div class=\"fusion-carousel-item-wrapper\"><div class=\"fusion-image-wrapper hover-type-none\"><a data-rel=\"iLightbox[image_carousel_1]\" data-title=\"MK SOLARIUM ONLY 2 LIGHT BULB3\" aria-label=\"MK SOLARIUM ONLY 2 LIGHT BULB3\" href=\"https:\/\/molenkoning.com\/wp-content\/uploads\/2024\/08\/MK-SOLARIUM-ONLY-2-LIGHT-BULB3.png\" target=\"_self\"><img decoding=\"async\" width=\"320\" height=\"202\" src=\"https:\/\/molenkoning.com\/wp-content\/uploads\/2024\/08\/MK-SOLARIUM-ONLY-2-LIGHT-BULB3-320x202.png\" class=\"attachment-blog-medium size-blog-medium\" alt=\"\" \/><\/a><\/div><\/div><\/div><div class=\"swiper-slide\"><div class=\"fusion-carousel-item-wrapper\"><div class=\"fusion-image-wrapper hover-type-none\"><a data-rel=\"iLightbox[image_carousel_1]\" data-title=\"MK SOLARIUM ONLY 2 LIGHT BULB4\" aria-label=\"MK SOLARIUM ONLY 2 LIGHT BULB4\" href=\"https:\/\/molenkoning.com\/wp-content\/uploads\/2024\/08\/MK-SOLARIUM-ONLY-2-LIGHT-BULB4.png\" target=\"_self\"><img decoding=\"async\" width=\"320\" height=\"202\" src=\"https:\/\/molenkoning.com\/wp-content\/uploads\/2024\/08\/MK-SOLARIUM-ONLY-2-LIGHT-BULB4-320x202.png\" class=\"attachment-blog-medium size-blog-medium\" alt=\"\" \/><\/a><\/div><\/div><\/div><div class=\"swiper-slide\"><div class=\"fusion-carousel-item-wrapper\"><div class=\"fusion-image-wrapper hover-type-none\"><a data-rel=\"iLightbox[image_carousel_1]\" data-title=\"MK SOLARIUM ONLY 2 LIGHT BULB6\" aria-label=\"MK SOLARIUM ONLY 2 LIGHT BULB6\" href=\"https:\/\/molenkoning.com\/wp-content\/uploads\/2024\/08\/MK-SOLARIUM-ONLY-2-LIGHT-BULB6.png\" target=\"_self\"><img decoding=\"async\" width=\"320\" height=\"202\" src=\"https:\/\/molenkoning.com\/wp-content\/uploads\/2024\/08\/MK-SOLARIUM-ONLY-2-LIGHT-BULB6-320x202.png\" class=\"attachment-blog-medium size-blog-medium\" alt=\"\" \/><\/a><\/div><\/div><\/div><\/div><div class=\"awb-swiper-button awb-swiper-button-prev\"><i class=\"awb-icon-angle-left\" aria-hidden=\"true\"><\/i><\/div><div class=\"awb-swiper-button awb-swiper-button-next\"><i class=\"awb-icon-angle-right\" aria-hidden=\"true\"><\/i><\/div><\/div><\/div><\/div><\/div><\/div><\/div><div class=\"fusion-fullwidth fullwidth-box fusion-builder-row-3 fusion-flex-container has-pattern-background has-mask-background customsolarium nonhundred-percent-fullwidth non-hundred-percent-height-scrolling\" style=\"--awb-border-radius-top-left:0px;--awb-border-radius-top-right:0px;--awb-border-radius-bottom-right:0px;--awb-border-radius-bottom-left:0px;--awb-flex-wrap:wrap;\" ><div class=\"fusion-builder-row fusion-row fusion-flex-align-items-flex-start fusion-flex-content-wrap\" style=\"max-width:1144px;margin-left: calc(-4% \/ 2 );margin-right: calc(-4% \/ 2 );\"><div class=\"fusion-layout-column fusion_builder_column fusion-builder-column-2 fusion_builder_column_1_1 1_1 fusion-flex-column\" style=\"--awb-bg-size:cover;--awb-width-large:100%;--awb-margin-top-large:0px;--awb-spacing-right-large:1.92%;--awb-margin-bottom-large:0px;--awb-spacing-left-large:1.92%;--awb-width-medium:100%;--awb-spacing-right-medium:1.92%;--awb-spacing-left-medium:1.92%;--awb-width-small:100%;--awb-spacing-right-small:1.92%;--awb-spacing-left-small:1.92%;\"><div class=\"fusion-column-wrapper fusion-flex-justify-content-flex-start fusion-content-layout-column\"><div class=\"fusion-title title fusion-title-2 fusion-sep-none fusion-title-text fusion-title-size-two\" style=\"--awb-margin-top:20px;--awb-margin-bottom:10px;\"><h2 class=\"fusion-title-heading title-heading-left\" style=\"margin:0;\"><strong>Caract\u00e9ristiques techniques du solarium<\/strong><\/h2><\/div><div class=\"fusion-text fusion-text-2\"><p>\u2013 220\u2013240 volts 50 Hz \/ 60 Hz<br \/>\n\u2013 1450 W<br \/>\n\u2013 Groupe s\u00e9par\u00e9 16 A<br \/>\n\u2013 8 ventilateurs (4 par segment)<br \/>\n\u2013 10 lampes de 120 watts<br \/>\n\u2013 \u00c9cran moderne avec contr\u00f4le de la ventilation et minuterie : choix entre 5 modes de ventilation, avec dur\u00e9e r\u00e9glable jusqu\u2019\u00e0 60 minutes<br \/>\n\u2013 Jeu de cha\u00eenes de suspension au plafond inclus, rev\u00eatement noir thermolaqu\u00e9, longueur 150 cm<br \/>\n\u2013 Garantie 2 ans<\/p>\n<p>Souhaitez-vous en savoir plus sur les avantages et les sp\u00e9cifications de notre solarium infrarouge pour chevaux ? <a href=\"https:\/\/molenkoning.com\/fr\/produits\/solarium\/\">Cliquez ici<\/a> pour plus d\u2019informations.<\/p>\n<\/div><\/div><\/div><div class=\"fusion-layout-column fusion_builder_column fusion-builder-column-3 fusion_builder_column_1_1 1_1 fusion-flex-column\" style=\"--awb-bg-size:cover;--awb-width-large:100%;--awb-margin-top-large:0px;--awb-spacing-right-large:1.92%;--awb-margin-bottom-large:0px;--awb-spacing-left-large:1.92%;--awb-width-medium:100%;--awb-spacing-right-medium:1.92%;--awb-spacing-left-medium:1.92%;--awb-width-small:100%;--awb-spacing-right-small:1.92%;--awb-spacing-left-small:1.92%;\"><div class=\"fusion-column-wrapper fusion-flex-justify-content-flex-start fusion-content-layout-column\"><div class=\"fusion-title title fusion-title-3 fusion-sep-none fusion-title-text fusion-title-size-two\" style=\"--awb-margin-top:20px;--awb-margin-bottom:10px;\"><h2 class=\"fusion-title-heading title-heading-left\" style=\"margin:0;\"><strong>Syst\u00e8me de ventilation avanc\u00e9 \u2013 Nouveau contr\u00f4le des ventilateurs : niveaux 0 \u00e0 5<\/strong><\/h2><\/div><div class=\"fusion-text fusion-text-3\"><p>Vous pouvez d\u00e9sormais choisir entre aucune ventilation et un flux d\u2019air maximal, ce qui permet d\u2019utiliser le solarium infrarouge MK m\u00eame lors des journ\u00e9es chaudes et en \u00e9t\u00e9.<\/p>\n<p>\u2714 Garantit le confort des chevaux<br \/>\n\u2714 Adapt\u00e9 \u00e0 une utilisation toute l\u2019ann\u00e9e<br \/>\n\u2714 Indispensable pour la r\u00e9cup\u00e9ration, m\u00eame dans les climats chauds<\/p>\n<\/div><\/div><\/div><div class=\"fusion-layout-column fusion_builder_column fusion-builder-column-4 fusion_builder_column_1_1 1_1 fusion-flex-column\" style=\"--awb-bg-size:cover;--awb-width-large:100%;--awb-margin-top-large:0px;--awb-spacing-right-large:1.92%;--awb-margin-bottom-large:0px;--awb-spacing-left-large:1.92%;--awb-width-medium:100%;--awb-spacing-right-medium:1.92%;--awb-spacing-left-medium:1.92%;--awb-width-small:100%;--awb-spacing-right-small:1.92%;--awb-spacing-left-small:1.92%;\"><div class=\"fusion-column-wrapper fusion-flex-justify-content-flex-start fusion-content-layout-column\"><div class=\"fusion-title title fusion-title-4 fusion-sep-none fusion-title-text fusion-title-size-two\" style=\"--awb-margin-top:20px;--awb-margin-bottom:10px;\"><h2 class=\"fusion-title-heading title-heading-left\" style=\"margin:0;\"><strong>Besoin d\u2019accessoires et de pi\u00e8ces d\u00e9tach\u00e9es ?<\/strong><\/h2><\/div><div class=\"fusion-text fusion-text-4\"><p>Nos solariums sont livr\u00e9s de s\u00e9rie avec des cha\u00eenes noires thermolaqu\u00e9es. En compl\u00e9ment, il est possible de commander un <a href=\"https:\/\/molenkoning.com\/fr\/produit\/equerre-de-fixation-murale\/\">support mural<\/a> ou un <a href=\"https:\/\/molenkoning.com\/fr\/produit\/elevateur-electrique-pour-solarium-mk\/\">\u00e9l\u00e9vateur<\/a> afin de fixer facilement le solarium au mur. De plus, un <a href=\"https:\/\/molenkoning.com\/fr\/produit\/monnayeur-pour-solarium\/\">monnayeur<\/a> est disponible et, bien entendu, vous pouvez \u00e9galement commander des <a href=\"https:\/\/molenkoning.com\/fr\/produit\/lampe-infrarouge-100w\/\">lampes<\/a> de rechange.<\/p>\n<\/div><p class=\"price\"><ins><span class=\"woocommerce-Price-amount amount\"><bdi><span class=\"woocommerce-Price-currencySymbol\">\u20ac<\/span>875,00<\/bdi><\/span><\/ins><\/p>\n<p class=\"vattext\">Hors TVA et transport\n<\/p>\n\t<\/div><\/div><\/div><\/div><\/p>\n","protected":false},"excerpt":{"rendered":"","protected":false},"featured_media":199042,"template":"","meta":{"_acf_changed":false,"content-type":""},"product_brand":[],"product_cat":[516],"product_tag":[754],"class_list":{"0":"post-184841","1":"product","2":"type-product","3":"status-publish","4":"has-post-thumbnail","6":"product_cat-solarium-fr","7":"product_tag-new-fr","9":"first","10":"instock","11":"featured","12":"taxable","13":"shipping-taxable","14":"product-type-simple"},"acf":[],"_links":{"self":[{"href":"https:\/\/molenkoning.com\/fr\/wp-json\/wp\/v2\/product\/184841","targetHints":{"allow":["GET"]}}],"collection":[{"href":"https:\/\/molenkoning.com\/fr\/wp-json\/wp\/v2\/product"}],"about":[{"href":"https:\/\/molenkoning.com\/fr\/wp-json\/wp\/v2\/types\/product"}],"wp:featuredmedia":[{"embeddable":true,"href":"https:\/\/molenkoning.com\/fr\/wp-json\/wp\/v2\/media\/199042"}],"wp:attachment":[{"href":"https:\/\/molenkoning.com\/fr\/wp-json\/wp\/v2\/media?parent=184841"}],"wp:term":[{"taxonomy":"product_brand","embeddable":true,"href":"https:\/\/molenkoning.com\/fr\/wp-json\/wp\/v2\/product_brand?post=184841"},{"taxonomy":"product_cat","embeddable":true,"href":"https:\/\/molenkoning.com\/fr\/wp-json\/wp\/v2\/product_cat?post=184841"},{"taxonomy":"product_tag","embeddable":true,"href":"https:\/\/molenkoning.com\/fr\/wp-json\/wp\/v2\/product_tag?post=184841"}],"curies":[{"name":"wp","href":"https:\/\/api.w.org\/{rel}","templated":true}]}}