{"id":170848,"date":"2023-03-27T11:41:49","date_gmt":"2023-03-27T11:41:49","guid":{"rendered":"https:\/\/molenkoning.com\/product\/ordering-a-horsepower-plate-at-molenkoning\/"},"modified":"2025-10-03T06:31:08","modified_gmt":"2025-10-03T06:31:08","slug":"commandez-une-plaque-vibrante-pour-chevaux-molenkoning","status":"publish","type":"product","link":"https:\/\/molenkoning.com\/fr\/produit\/commandez-une-plaque-vibrante-pour-chevaux-molenkoning\/","title":{"rendered":"Passer commande d&rsquo;une plaque vibrante pour chevaux chez Molenkoning"},"content":{"rendered":"<p><div class=\"fusion-fullwidth fullwidth-box fusion-builder-row-1 fusion-flex-container nonhundred-percent-fullwidth non-hundred-percent-height-scrolling\" style=\"--awb-border-radius-top-left:0px;--awb-border-radius-top-right:0px;--awb-border-radius-bottom-right:0px;--awb-border-radius-bottom-left:0px;--awb-flex-wrap:wrap;\" ><div class=\"fusion-builder-row fusion-row fusion-flex-align-items-flex-start fusion-flex-content-wrap\" style=\"max-width:1144px;margin-left: calc(-4% \/ 2 );margin-right: calc(-4% \/ 2 );\"><div class=\"fusion-layout-column fusion_builder_column fusion-builder-column-0 fusion_builder_column_1_1 1_1 fusion-flex-column\" style=\"--awb-bg-size:cover;--awb-width-large:100%;--awb-margin-top-large:0px;--awb-spacing-right-large:1.92%;--awb-margin-bottom-large:20px;--awb-spacing-left-large:1.92%;--awb-width-medium:100%;--awb-order-medium:0;--awb-spacing-right-medium:1.92%;--awb-spacing-left-medium:1.92%;--awb-width-small:100%;--awb-order-small:0;--awb-spacing-right-small:1.92%;--awb-spacing-left-small:1.92%;\"><div class=\"fusion-column-wrapper fusion-column-has-shadow fusion-flex-justify-content-flex-start fusion-content-layout-column\"><div class=\"fusion-text fusion-text-1\"><p><strong>Molenkoning propose la plaque vibrante pour chevaux MK ultra-efficace. En utilisant deux moteurs puissants, le mouvement vertical id\u00e9al peut \u00eatre atteint, associ\u00e9 \u00e0 une finition \u00e9l\u00e9gante et un design attrayant. En combinaison avec le panneau de contr\u00f4le innovant, cela fait de la plaque vibrante pour chevaux MK une plaque vibrante largement utilis\u00e9e pour les chevaux \u00e0 travers le monde. Le produit est con\u00e7u aux Pays-Bas et est livr\u00e9 directement depuis notre atelier. Si vous commandez la plaque Horsepower aujourd&rsquo;hui, vous recevrez le produit dans un d\u00e9lai de 7 jours ouvrables dans l&rsquo;Union europ\u00e9enne.<\/strong><\/p>\n<\/div><\/div><\/div><\/div><\/div><div class=\"fusion-fullwidth fullwidth-box fusion-builder-row-2 fusion-flex-container has-pattern-background has-mask-background nonhundred-percent-fullwidth non-hundred-percent-height-scrolling\" style=\"--awb-border-radius-top-left:0px;--awb-border-radius-top-right:0px;--awb-border-radius-bottom-right:0px;--awb-border-radius-bottom-left:0px;--awb-flex-wrap:wrap;\" ><div class=\"fusion-builder-row fusion-row fusion-flex-align-items-flex-start fusion-flex-content-wrap\" style=\"max-width:1144px;margin-left: calc(-4% \/ 2 );margin-right: calc(-4% \/ 2 );\"><div class=\"fusion-layout-column fusion_builder_column fusion-builder-column-1 fusion_builder_column_1_1 1_1 fusion-flex-column sliderouternew\" style=\"--awb-bg-size:cover;--awb-width-large:100%;--awb-margin-top-large:0px;--awb-spacing-right-large:1.92%;--awb-margin-bottom-large:20px;--awb-spacing-left-large:1.92%;--awb-width-medium:100%;--awb-order-medium:0;--awb-spacing-right-medium:1.92%;--awb-spacing-left-medium:1.92%;--awb-width-small:100%;--awb-order-small:0;--awb-spacing-right-small:1.92%;--awb-spacing-left-small:1.92%;\"><div class=\"fusion-column-wrapper fusion-column-has-shadow fusion-flex-justify-content-flex-start fusion-content-layout-column\"><div class=\"fusion-title title fusion-title-1 fusion-title-center fusion-title-text fusion-title-size-two\" style=\"--awb-margin-bottom:30px;\"><div class=\"title-sep-container title-sep-container-left\"><div class=\"title-sep sep-double sep-solid\" style=\"border-color:#e0dede;\"><\/div><\/div><span class=\"awb-title-spacer\"><\/span><h2 class=\"fusion-title-heading title-heading-center\" style=\"margin:0;\">Photos<\/h2><span class=\"awb-title-spacer\"><\/span><div class=\"title-sep-container title-sep-container-right\"><div class=\"title-sep sep-double sep-solid\" style=\"border-color:#e0dede;\"><\/div><\/div><\/div><div class=\"fusion-image-carousel fusion-image-carousel-fixed fusion-image-carousel-1 lightbox-enabled solarium-carousel\"><div class=\"awb-carousel awb-swiper awb-swiper-carousel\" data-autoplay=\"no\" data-columns=\"3\" data-itemmargin=\"1\" data-itemwidth=\"180\" data-touchscroll=\"no\" data-imagesize=\"fixed\" style=\"--awb-columns:3;--awb-column-spacing:1px;--awb-caption-title-size:13px;--awb-caption-margin-bottom:10px;\"><div class=\"swiper-wrapper awb-image-carousel-wrapper fusion-flex-align-items-center\"><div class=\"swiper-slide\"><div class=\"fusion-carousel-item-wrapper\"><div class=\"fusion-image-wrapper hover-type-none\"><a data-rel=\"iLightbox[image_carousel_1]\" data-title=\"hoofsfront\" aria-label=\"hoofsfront\" href=\"https:\/\/molenkoning.com\/wp-content\/uploads\/2022\/10\/mk-horsepower-plate-floor-1024x683.jpg\" target=\"_self\"><img decoding=\"async\" width=\"460\" height=\"295\" src=\"https:\/\/molenkoning.com\/wp-content\/uploads\/2022\/10\/hoofsfront-460x295.jpg\" class=\"attachment-portfolio-two size-portfolio-two\" alt=\"Trilplaat paarden vloer\" \/><\/a><\/div><\/div><\/div><div class=\"swiper-slide\"><div class=\"fusion-carousel-item-wrapper\"><div class=\"fusion-image-wrapper hover-type-none\"><a data-rel=\"iLightbox[image_carousel_1]\" data-title=\"antipanic fastener\" aria-label=\"antipanic fastener\" href=\"https:\/\/molenkoning.com\/wp-content\/uploads\/2020\/02\/anti-panic-attachment.jpg\" target=\"_self\"><img decoding=\"async\" width=\"460\" height=\"295\" src=\"https:\/\/molenkoning.com\/wp-content\/uploads\/2020\/02\/Power-plate-Mk-logo-4-460x295.jpg\" class=\"attachment-portfolio-two size-portfolio-two\" alt=\"antipanic fastener\" \/><\/a><\/div><\/div><\/div><div class=\"swiper-slide\"><div class=\"fusion-carousel-item-wrapper\"><div class=\"fusion-image-wrapper hover-type-none\"><a data-rel=\"iLightbox[image_carousel_1]\" data-title=\"Powerplate-dilando-from-behind\" aria-label=\"Powerplate-dilando-from-behind\" href=\"https:\/\/molenkoning.com\/wp-content\/uploads\/2022\/10\/Powerplate-dilando-from-behind.jpg\" target=\"_self\"><img decoding=\"async\" width=\"460\" height=\"295\" src=\"https:\/\/molenkoning.com\/wp-content\/uploads\/2022\/10\/Powerplate-dilando-from-behind-460x295.jpg\" class=\"attachment-portfolio-two size-portfolio-two\" alt=\"Trilplaat paarden achterkant\" \/><\/a><\/div><\/div><\/div><div class=\"swiper-slide\"><div class=\"fusion-carousel-item-wrapper\"><div class=\"fusion-image-wrapper hover-type-none\"><a data-rel=\"iLightbox[image_carousel_1]\" data-title=\"powerplate bright colour\" aria-label=\"powerplate bright colour\" href=\"https:\/\/molenkoning.com\/wp-content\/uploads\/2022\/10\/powerplate-bright-colour.jpg\" target=\"_self\"><img decoding=\"async\" width=\"460\" height=\"295\" src=\"https:\/\/molenkoning.com\/wp-content\/uploads\/2022\/10\/powerplate-bright-colour-460x295.jpg\" class=\"attachment-portfolio-two size-portfolio-two\" alt=\"Trilplaat paarden\" \/><\/a><\/div><\/div><\/div><div class=\"swiper-slide\"><div class=\"fusion-carousel-item-wrapper\"><div class=\"fusion-image-wrapper hover-type-none\"><a data-rel=\"iLightbox[image_carousel_1]\" data-title=\"sidecloseup\" aria-label=\"sidecloseup\" href=\"https:\/\/molenkoning.com\/wp-content\/uploads\/2022\/10\/horsepower-plate-side.jpg\" target=\"_self\"><img decoding=\"async\" width=\"460\" height=\"295\" src=\"https:\/\/molenkoning.com\/wp-content\/uploads\/2022\/10\/sidecloseup-460x295.jpg\" class=\"attachment-portfolio-two size-portfolio-two\" alt=\"Trilplaat paarden achterkant\" \/><\/a><\/div><\/div><\/div><div class=\"swiper-slide\"><div class=\"fusion-carousel-item-wrapper\"><div class=\"fusion-image-wrapper hover-type-none\"><a data-rel=\"iLightbox[image_carousel_1]\" data-title=\"closeupdilando\" aria-label=\"closeupdilando\" href=\"https:\/\/molenkoning.com\/wp-content\/uploads\/2022\/10\/mk-horsepower-plate.jpg\" target=\"_self\"><img decoding=\"async\" width=\"460\" height=\"295\" src=\"https:\/\/molenkoning.com\/wp-content\/uploads\/2022\/10\/closeupdilando-460x295.jpg\" class=\"attachment-portfolio-two size-portfolio-two\" alt=\"Trilplaat paarden\" \/><\/a><\/div><\/div><\/div><\/div><div class=\"awb-swiper-button awb-swiper-button-prev\"><i class=\"awb-icon-angle-left\" aria-hidden=\"true\"><\/i><\/div><div class=\"awb-swiper-button awb-swiper-button-next\"><i class=\"awb-icon-angle-right\" aria-hidden=\"true\"><\/i><\/div><\/div><\/div><\/div><\/div><\/div><\/div><div class=\"fusion-fullwidth fullwidth-box fusion-builder-row-3 fusion-flex-container has-pattern-background has-mask-background customsolarium nonhundred-percent-fullwidth non-hundred-percent-height-scrolling\" style=\"--awb-border-radius-top-left:0px;--awb-border-radius-top-right:0px;--awb-border-radius-bottom-right:0px;--awb-border-radius-bottom-left:0px;--awb-flex-wrap:wrap;\" ><div class=\"fusion-builder-row fusion-row fusion-flex-align-items-flex-start fusion-flex-content-wrap\" style=\"max-width:1144px;margin-left: calc(-4% \/ 2 );margin-right: calc(-4% \/ 2 );\"><div class=\"fusion-layout-column fusion_builder_column fusion-builder-column-2 fusion_builder_column_1_1 1_1 fusion-flex-column\" style=\"--awb-bg-size:cover;--awb-width-large:100%;--awb-margin-top-large:0px;--awb-spacing-right-large:1.92%;--awb-margin-bottom-large:0px;--awb-spacing-left-large:1.92%;--awb-width-medium:100%;--awb-spacing-right-medium:1.92%;--awb-spacing-left-medium:1.92%;--awb-width-small:100%;--awb-spacing-right-small:1.92%;--awb-spacing-left-small:1.92%;\"><div class=\"fusion-column-wrapper fusion-flex-justify-content-flex-start fusion-content-layout-column\"><div class=\"fusion-title title fusion-title-2 fusion-sep-none fusion-title-text fusion-title-size-two\" style=\"--awb-margin-bottom:10px;\"><h2 class=\"fusion-title-heading title-heading-left\" style=\"margin:0;\">Sp\u00e9cifications techniques de la plaque vibrante pour chevaux<\/h2><\/div><div class=\"fusion-text fusion-text-2\"><p>La plaque vibrante pour chevaux peut \u00eatre directement connect\u00e9e \u00e0 une prise de 230 volts, sur un groupe s\u00e9par\u00e9.<\/p>\n<ul>\n<li>220-240 Volt 50 Hz \/ 60 Hz<\/li>\n<li><strong>Structure :<\/strong> acier rev\u00eatu de poudre noir<\/li>\n<li><strong>Longueur :<\/strong> 209 cm<\/li>\n<li><strong>Largeur :<\/strong> 116 cm<\/li>\n<li><strong>Hauteur :<\/strong> 129 cm<\/li>\n<li><strong>Poids :<\/strong> 350 kg<\/li>\n<li><strong>Sol :<\/strong> caoutchouc antid\u00e9rapant<\/li>\n<li><strong>Connexion \u00e9lectrique :<\/strong> 220V-16 A<\/li>\n<li><strong>Moteur :<\/strong> 2 unit\u00e9s de 0,18 KW<\/li>\n<li><strong>Contr\u00f4le :<\/strong> \u00e9cran tactile avec lequel vous pouvez programmer et qui contient une fonction d&rsquo;arr\u00eat de s\u00e9curit\u00e9<\/li>\n<\/ul>\n<p>Souhaitez-vous en savoir plus sur les avantages et les sp\u00e9cifications de notre <a href=\"https:\/\/molenkoning.com\/fr\/produits\/restauration-equipement-pour-chevaux-powerplate-pour-chevaux\/\">plaque vibrante pour chevaux<\/a> ? Cliquez ici pour plus d&rsquo;informations.<\/p>\n<\/div><\/div><\/div><div class=\"fusion-layout-column fusion_builder_column fusion-builder-column-3 fusion_builder_column_1_1 1_1 fusion-flex-column\" style=\"--awb-bg-size:cover;--awb-width-large:100%;--awb-margin-top-large:0px;--awb-spacing-right-large:1.92%;--awb-margin-bottom-large:0px;--awb-spacing-left-large:1.92%;--awb-width-medium:100%;--awb-spacing-right-medium:1.92%;--awb-spacing-left-medium:1.92%;--awb-width-small:100%;--awb-spacing-right-small:1.92%;--awb-spacing-left-small:1.92%;\"><div class=\"fusion-column-wrapper fusion-flex-justify-content-flex-start fusion-content-layout-column\"><div class=\"fusion-title title fusion-title-3 fusion-sep-none fusion-title-text fusion-title-size-two\" style=\"--awb-margin-top:20px;--awb-margin-bottom:10px;\"><h2 class=\"fusion-title-heading title-heading-left\" style=\"margin:0;\"><p class=\"p1\">Commandez d\u00e8s aujourd&rsquo;hui votre plaque vibrante pour chevaux chez Molenkoning<\/p><\/h2><\/div><div class=\"fusion-text fusion-text-3\"><p class=\"p1\">Molenkoning est une entreprise n\u00e9erlandaise. Cela signifie que tous nos produits sont con\u00e7us aux Pays-Bas et sont livr\u00e9s directement depuis notre atelier. Nous avons donc des d\u00e9lais de livraison courts, et vous pouvez commander un produit de haute qualit\u00e9 utilis\u00e9 par des professionnels du monde entier.<\/p>\n<p>Afin de garantir un processus de livraison fluide, notre partenaire d&rsquo;exp\u00e9dition vous contactera personnellement pour planifier un moment convenable pour le d\u00e9chargement de votre commande.<\/p>\n<\/div><p class=\"price\"><ins><span class=\"woocommerce-Price-amount amount\"><bdi>5 750<span class=\"woocommerce-Price-currencySymbol\">\u20ac<\/span><\/bdi><\/span><\/ins><\/p>\n<p class=\"vattext\">HT et hors transport<\/p><\/div><\/div><\/div><\/div><\/p>\n","protected":false},"excerpt":{"rendered":"","protected":false},"featured_media":174743,"template":"","meta":{"_acf_changed":false,"content-type":""},"product_brand":[],"product_cat":[443],"product_tag":[],"class_list":{"0":"post-170848","1":"product","2":"type-product","3":"status-publish","4":"has-post-thumbnail","6":"product_cat-non-classifiee","8":"first","9":"instock","10":"taxable","11":"shipping-taxable","12":"product-type-simple"},"acf":[],"_links":{"self":[{"href":"https:\/\/molenkoning.com\/fr\/wp-json\/wp\/v2\/product\/170848","targetHints":{"allow":["GET"]}}],"collection":[{"href":"https:\/\/molenkoning.com\/fr\/wp-json\/wp\/v2\/product"}],"about":[{"href":"https:\/\/molenkoning.com\/fr\/wp-json\/wp\/v2\/types\/product"}],"wp:featuredmedia":[{"embeddable":true,"href":"https:\/\/molenkoning.com\/fr\/wp-json\/wp\/v2\/media\/174743"}],"wp:attachment":[{"href":"https:\/\/molenkoning.com\/fr\/wp-json\/wp\/v2\/media?parent=170848"}],"wp:term":[{"taxonomy":"product_brand","embeddable":true,"href":"https:\/\/molenkoning.com\/fr\/wp-json\/wp\/v2\/product_brand?post=170848"},{"taxonomy":"product_cat","embeddable":true,"href":"https:\/\/molenkoning.com\/fr\/wp-json\/wp\/v2\/product_cat?post=170848"},{"taxonomy":"product_tag","embeddable":true,"href":"https:\/\/molenkoning.com\/fr\/wp-json\/wp\/v2\/product_tag?post=170848"}],"curies":[{"name":"wp","href":"https:\/\/api.w.org\/{rel}","templated":true}]}}