{"id":145090,"date":"2021-07-01T10:11:41","date_gmt":"2021-07-01T10:11:41","guid":{"rendered":"https:\/\/molenkoning.com\/product\/view-block-pushergate-with-aluminium-bars\/"},"modified":"2026-02-05T14:20:53","modified_gmt":"2026-02-05T14:20:53","slug":"separation-brise-vue-avec-barres-en-aluminium","status":"publish","type":"product","link":"https:\/\/molenkoning.com\/fr\/produit\/separation-brise-vue-avec-barres-en-aluminium\/","title":{"rendered":"S\u00e9paration brise vue avec barres en aluminium"},"content":{"rendered":"<div class=\"fusion-fullwidth fullwidth-box fusion-builder-row-1 fusion-flex-container nonhundred-percent-fullwidth non-hundred-percent-height-scrolling\" style=\"--awb-border-radius-top-left:0px;--awb-border-radius-top-right:0px;--awb-border-radius-bottom-right:0px;--awb-border-radius-bottom-left:0px;--awb-flex-wrap:wrap;\" ><div class=\"fusion-builder-row fusion-row fusion-flex-align-items-flex-start fusion-flex-content-wrap\" style=\"max-width:1144px;margin-left: calc(-4% \/ 2 );margin-right: calc(-4% \/ 2 );\"><div class=\"fusion-layout-column fusion_builder_column fusion-builder-column-0 fusion_builder_column_1_1 1_1 fusion-flex-column\" style=\"--awb-bg-size:cover;--awb-width-large:100%;--awb-margin-top-large:0px;--awb-spacing-right-large:1.92%;--awb-margin-bottom-large:0px;--awb-spacing-left-large:1.92%;--awb-width-medium:100%;--awb-spacing-right-medium:1.92%;--awb-spacing-left-medium:1.92%;--awb-width-small:100%;--awb-spacing-right-small:1.92%;--awb-spacing-left-small:1.92%;\"><div class=\"fusion-column-wrapper fusion-flex-justify-content-flex-start fusion-content-layout-column\"><div class=\"fusion-text fusion-text-1\"><p>S\u00e9paration standard MK, elle est form\u00e9e de 14 barres en aluminium de 150 cm de long et de 13 bandes en PVC noir \u00e9galement de 150 cm de long. La largeur de la s\u00e9paration est de 200 cm. Elle n&rsquo;est pas compatible pour les marcheurs de diff\u00e9rentes marques, mais si vous avez besoin d&rsquo;une s\u00e9paration pour votre marcheur et que vous en souhaitez une de MK, n&rsquo;h\u00e9sitez pas \u00e0 contacter notre \u00e9quipe commerciale.<\/p>\n<\/div><\/div><\/div><\/div><\/div>\n","protected":false},"excerpt":{"rendered":"","protected":false},"featured_media":174869,"template":"","meta":{"_acf_changed":false,"content-type":""},"product_brand":[],"product_cat":[481],"product_tag":[],"class_list":{"0":"post-145090","1":"product","2":"type-product","3":"status-publish","4":"has-post-thumbnail","6":"product_cat-pieces-de-rechange","7":"product_shipping_class-price-on-request-fr","9":"first","10":"instock","11":"taxable","12":"shipping-taxable","13":"product-type-simple"},"acf":[],"_links":{"self":[{"href":"https:\/\/molenkoning.com\/fr\/wp-json\/wp\/v2\/product\/145090","targetHints":{"allow":["GET"]}}],"collection":[{"href":"https:\/\/molenkoning.com\/fr\/wp-json\/wp\/v2\/product"}],"about":[{"href":"https:\/\/molenkoning.com\/fr\/wp-json\/wp\/v2\/types\/product"}],"wp:featuredmedia":[{"embeddable":true,"href":"https:\/\/molenkoning.com\/fr\/wp-json\/wp\/v2\/media\/174869"}],"wp:attachment":[{"href":"https:\/\/molenkoning.com\/fr\/wp-json\/wp\/v2\/media?parent=145090"}],"wp:term":[{"taxonomy":"product_brand","embeddable":true,"href":"https:\/\/molenkoning.com\/fr\/wp-json\/wp\/v2\/product_brand?post=145090"},{"taxonomy":"product_cat","embeddable":true,"href":"https:\/\/molenkoning.com\/fr\/wp-json\/wp\/v2\/product_cat?post=145090"},{"taxonomy":"product_tag","embeddable":true,"href":"https:\/\/molenkoning.com\/fr\/wp-json\/wp\/v2\/product_tag?post=145090"}],"curies":[{"name":"wp","href":"https:\/\/api.w.org\/{rel}","templated":true}]}}