{"id":142670,"date":"2021-07-01T10:28:15","date_gmt":"2021-07-01T10:28:15","guid":{"rendered":"https:\/\/molenkoning.com\/product\/irrigation-system-for-safeguard-pusher-gates\/"},"modified":"2026-04-14T08:28:45","modified_gmt":"2026-04-14T08:28:45","slug":"systeme-darrosage-pour-separations-en-aluminium-ou-pour-les-separations-safeguard","status":"publish","type":"product","link":"https:\/\/molenkoning.com\/fr\/produit\/systeme-darrosage-pour-separations-en-aluminium-ou-pour-les-separations-safeguard\/","title":{"rendered":"Syst\u00e8me d&rsquo;arrosage pour s\u00e9parations en aluminium ou pour les s\u00e9parations safeguard"},"content":{"rendered":"<div class=\"fusion-fullwidth fullwidth-box fusion-builder-row-1 fusion-flex-container nonhundred-percent-fullwidth non-hundred-percent-height-scrolling\" style=\"--awb-border-radius-top-left:0px;--awb-border-radius-top-right:0px;--awb-border-radius-bottom-right:0px;--awb-border-radius-bottom-left:0px;--awb-flex-wrap:wrap;\" ><div class=\"fusion-builder-row fusion-row fusion-flex-align-items-flex-start fusion-flex-content-wrap\" style=\"max-width:1144px;margin-left: calc(-4% \/ 2 );margin-right: calc(-4% \/ 2 );\"><div class=\"fusion-layout-column fusion_builder_column fusion-builder-column-0 fusion_builder_column_1_1 1_1 fusion-flex-column\" style=\"--awb-bg-size:cover;--awb-width-large:100%;--awb-margin-top-large:0px;--awb-spacing-right-large:1.92%;--awb-margin-bottom-large:0px;--awb-spacing-left-large:1.92%;--awb-width-medium:100%;--awb-spacing-right-medium:1.92%;--awb-spacing-left-medium:1.92%;--awb-width-small:100%;--awb-spacing-right-small:1.92%;--awb-spacing-left-small:1.92%;\"><div class=\"fusion-column-wrapper fusion-flex-justify-content-flex-start fusion-content-layout-column\"><div class=\"fusion-text fusion-text-1\"><p>Comme c&rsquo;est g\u00e9nial d&rsquo;allumer son marcheur et de pulv\u00e9riser de l&rsquo;eau sur la piste ! Cela r\u00e9duira la poussi\u00e8re, cela vous aidera pour nettoyer le sol en caoutchouc et augmentera l&rsquo;efficacit\u00e9 de l&rsquo;impulsion de la cl\u00f4ture \u00e9lectrique par temps sec. Ce mod\u00e8le est sp\u00e9cialement pr\u00e9par\u00e9 pour les marcheurs MK avec des portes poussoirs en caoutchouc en aluminium et en acier.<\/p>\n<\/div><\/div><\/div><\/div><\/div>\n","protected":false},"excerpt":{"rendered":"","protected":false},"featured_media":175000,"template":"","meta":{"_acf_changed":false,"content-type":""},"product_brand":[],"product_cat":[481],"product_tag":[],"class_list":{"0":"post-142670","1":"product","2":"type-product","3":"status-publish","4":"has-post-thumbnail","6":"product_cat-pieces-de-rechange","8":"first","9":"instock","10":"taxable","11":"shipping-taxable","12":"purchasable","13":"product-type-simple"},"acf":[],"_links":{"self":[{"href":"https:\/\/molenkoning.com\/fr\/wp-json\/wp\/v2\/product\/142670","targetHints":{"allow":["GET"]}}],"collection":[{"href":"https:\/\/molenkoning.com\/fr\/wp-json\/wp\/v2\/product"}],"about":[{"href":"https:\/\/molenkoning.com\/fr\/wp-json\/wp\/v2\/types\/product"}],"wp:featuredmedia":[{"embeddable":true,"href":"https:\/\/molenkoning.com\/fr\/wp-json\/wp\/v2\/media\/175000"}],"wp:attachment":[{"href":"https:\/\/molenkoning.com\/fr\/wp-json\/wp\/v2\/media?parent=142670"}],"wp:term":[{"taxonomy":"product_brand","embeddable":true,"href":"https:\/\/molenkoning.com\/fr\/wp-json\/wp\/v2\/product_brand?post=142670"},{"taxonomy":"product_cat","embeddable":true,"href":"https:\/\/molenkoning.com\/fr\/wp-json\/wp\/v2\/product_cat?post=142670"},{"taxonomy":"product_tag","embeddable":true,"href":"https:\/\/molenkoning.com\/fr\/wp-json\/wp\/v2\/product_tag?post=142670"}],"curies":[{"name":"wp","href":"https:\/\/api.w.org\/{rel}","templated":true}]}}