{"id":35441,"date":"2020-10-29T05:47:52","date_gmt":"2020-10-29T05:47:52","guid":{"rendered":"https:\/\/molenkoning.com\/thank-you\/"},"modified":"2020-10-29T07:21:35","modified_gmt":"2020-10-29T07:21:35","slug":"merci","status":"publish","type":"page","link":"https:\/\/molenkoning.com\/fr\/merci\/","title":{"rendered":"Thank You"},"content":{"rendered":"<p>Merci pour votre message. Il a \u00e9t\u00e9 envoy\u00e9.<\/p>\n","protected":false},"excerpt":{"rendered":"<p>Merci pour votre message. Il a \u00e9t\u00e9 envoy\u00e9.<\/p>\n","protected":false},"author":1,"featured_media":0,"parent":0,"menu_order":0,"comment_status":"closed","ping_status":"closed","template":"thankyou.php","meta":{"_acf_changed":false,"content-type":"","footnotes":""},"class_list":["post-35441","page","type-page","status-publish","hentry"],"acf":[],"_links":{"self":[{"href":"https:\/\/molenkoning.com\/fr\/wp-json\/wp\/v2\/pages\/35441","targetHints":{"allow":["GET"]}}],"collection":[{"href":"https:\/\/molenkoning.com\/fr\/wp-json\/wp\/v2\/pages"}],"about":[{"href":"https:\/\/molenkoning.com\/fr\/wp-json\/wp\/v2\/types\/page"}],"author":[{"embeddable":true,"href":"https:\/\/molenkoning.com\/fr\/wp-json\/wp\/v2\/users\/1"}],"replies":[{"embeddable":true,"href":"https:\/\/molenkoning.com\/fr\/wp-json\/wp\/v2\/comments?post=35441"}],"version-history":[{"count":3,"href":"https:\/\/molenkoning.com\/fr\/wp-json\/wp\/v2\/pages\/35441\/revisions"}],"predecessor-version":[{"id":35489,"href":"https:\/\/molenkoning.com\/fr\/wp-json\/wp\/v2\/pages\/35441\/revisions\/35489"}],"wp:attachment":[{"href":"https:\/\/molenkoning.com\/fr\/wp-json\/wp\/v2\/media?parent=35441"}],"curies":[{"name":"wp","href":"https:\/\/api.w.org\/{rel}","templated":true}]}}