{"id":33585,"date":"2020-09-09T05:22:53","date_gmt":"2020-09-09T05:22:53","guid":{"rendered":"https:\/\/molenkoning.com\/caminadores-de-caballos-ofertas-de-feria-2020\/"},"modified":"2021-02-25T12:01:00","modified_gmt":"2021-02-25T12:01:00","slug":"marcheurs-pour-chevaux-offre-salon-du-cheval-2020","status":"publish","type":"page","link":"https:\/\/molenkoning.com\/fr\/marcheurs-pour-chevaux-offre-salon-du-cheval-2020\/","title":{"rendered":"Marcheurs pour Chevaux Offre Salon du Cheval 2020"},"content":{"rendered":"<p><div class=\"fusion-fullwidth fullwidth-box fusion-builder-row-1 hundred-percent-fullwidth non-hundred-percent-height-scrolling\" style=\"--awb-background-position:center bottom;--awb-border-radius-top-left:0px;--awb-border-radius-top-right:0px;--awb-border-radius-bottom-right:0px;--awb-border-radius-bottom-left:0px;--awb-padding-top:20px;--awb-padding-right:20px;--awb-padding-bottom:20px;--awb-padding-left:20px;--awb-margin-top:0px;--awb-margin-bottom:0px;--awb-background-color:#b30831;--awb-flex-wrap:wrap;\" ><div class=\"fusion-builder-row fusion-row\"><div class=\"fusion-layout-column fusion_builder_column fusion-builder-column-0 fusion_builder_column_1_1 1_1 fusion-one-full fusion-column-first fusion-column-last grmnltnwlcm\" style=\"--awb-padding-bottom:0px;--awb-bg-size:cover;--awb-margin-bottom:0px;\"><div class=\"fusion-column-wrapper fusion-column-has-shadow fusion-flex-column-wrapper-legacy\"><div class=\"fusion-title title fusion-title-1 fusion-sep-none fusion-title-center fusion-title-text fusion-title-size-two feriatitle\" style=\"--awb-text-color:#ffffff;--awb-margin-bottom:0px;--awb-font-size:35px;\"><h2 class=\"fusion-title-heading title-heading-center\" style=\"margin:0;font-size:1em;\">NOUS VOUS INFORMONS QUE LA PROMOTION EN LIGNE DU SALON DU CHEVAL DE PARIS 2020 S&rsquo;EST TERMINE LE MARDI LE 15 DECEMBRE. SI VOUS N&rsquo;AVEZ PAS EU LE TEMPS POUR EN BENEFICIER, NOUS VOUS ENCOURAGEONS A NOUS CONTACTER ET DEMANDER UN DEVIS SANS ENGAGEMENT.<br \/>L\u2019EQUIPE MOLENKONING<\/h2><\/div><div class=\"fusion-clearfix\"><\/div><\/div><\/div><\/div><\/div><div class=\"fusion-fullwidth fullwidth-box fusion-builder-row-2 hundred-percent-fullwidth non-hundred-percent-height-scrolling\" style=\"--awb-border-radius-top-left:0px;--awb-border-radius-top-right:0px;--awb-border-radius-bottom-right:0px;--awb-border-radius-bottom-left:0px;--awb-padding-right:0px;--awb-padding-left:0px;--awb-margin-top:0px;--awb-margin-bottom:0px;--awb-flex-wrap:wrap;\" ><div class=\"fusion-builder-row fusion-row\"><div class=\"fusion-layout-column fusion_builder_column fusion-builder-column-1 fusion_builder_column_3_5 3_5 fusion-three-fifth fusion-column-first wildhorseouter fusion-column-no-min-height\" style=\"--awb-padding-top:40px;--awb-padding-right:40px;--awb-padding-left:40px;--awb-bg-color:#484848;--awb-bg-color-hover:#484848;--awb-bg-image:url(&#039;https:\/\/molenkoning.com\/wp-content\/uploads\/2020\/11\/Molenkoningbg.jpg&#039;);--awb-bg-position:center center;--awb-bg-size:cover;--awb-margin-bottom:0px;width:60%;width:calc(60% - ( ( 0px ) * 0.6 ) );margin-right: 0px;\"><div class=\"fusion-column-wrapper fusion-column-has-shadow fusion-flex-column-wrapper-legacy fusion-column-has-bg-image\" data-bg-url=\"https:\/\/molenkoning.com\/wp-content\/uploads\/2020\/11\/Molenkoningbg.jpg\"><div class=\"fusion-title title fusion-title-2 fusion-sep-none fusion-title-text fusion-title-size-two\" style=\"--awb-text-color:#ffffff;--awb-font-size:30px;\"><h2 class=\"fusion-title-heading title-heading-left\" style=\"margin:0;font-size:1em;\">D\u2019AUTRE PART \u2026<\/h2><\/div><div class=\"fusion-text fusion-text-1 gerrmanlatinadiv\"><p>Nous appliquons \u00e9galement les promotions de notre Salon en ligne 2020 aux cl\u00f4tures et toitures de marcheurs!<\/p>\n<p>Vous avez la possibilit\u00e9 de prendre rendez-vous pour que nous vous pr\u00e9sentions les produits par appel vid\u00e9o. Nous organiserons une pr\u00e9sentation en direct pour que vous puissiez voir le mat\u00e9riel et r\u00e9pondre \u00e0 toutes vos questions.<\/p>\n<p>Nous avons en VENTE et PR\u00caT \u00e0 livrer un marcheur de 12 m\u00e8tres pour 4 chevaux avec une cl\u00f4ture arrondie. Notre mod\u00e8le le plus complet et que les visiteurs de Salon du Cheval de Paris aiment tant.<\/p>\n<\/div><div class=\"fusion-clearfix\"><\/div><\/div><\/div><div class=\"fusion-layout-column fusion_builder_column fusion-builder-column-2 fusion_builder_column_2_5 2_5 fusion-two-fifth fusion-column-last grmnltnform fusion-column-no-min-height\" style=\"--awb-padding-top:30px;--awb-padding-right:30px;--awb-padding-bottom:30px;--awb-padding-left:30px;--awb-bg-size:cover;--awb-margin-bottom:0px;width:40%;width:calc(40% - ( ( 0px ) * 0.4 ) );\"><div class=\"fusion-column-wrapper fusion-column-has-shadow fusion-flex-column-wrapper-legacy\"><div class=\"fusion-title title fusion-title-3 fusion-sep-none fusion-title-center fusion-title-text fusion-title-size-two\" style=\"--awb-font-size:25px;\"><h2 class=\"fusion-title-heading title-heading-center\" style=\"margin:0;font-size:1em;\">Contactez-nous aujourd&rsquo;hui pour plus d&rsquo;informations !<\/h2><\/div><div class=\"fusion-text fusion-text-2\"><p><!-- &#091;if lte IE 8&#093;><script charset=\"utf-8\" type=\"text\/javascript\" src=\"\/\/js.hsforms.net\/forms\/v2-legacy.js\"><\/script>\n<!&#091;endif&#093;--><script charset=\"utf-8\" type=\"text\/javascript\" src=\"\/\/js.hsforms.net\/forms\/v2.js\"><\/script><script>\n  hbspt.forms.create({\n\tportalId: \"7963348\",\n\tformId: \"5706bacc-cc9f-4037-a85f-ee36ead306c8\"\n});\n<\/script><\/p>\n<\/div><div class=\"fusion-clearfix\"><\/div><\/div><\/div><\/div><\/div><\/p>\n","protected":false},"excerpt":{"rendered":"","protected":false},"author":1,"featured_media":0,"parent":0,"menu_order":0,"comment_status":"closed","ping_status":"closed","template":"100-width.php","meta":{"_acf_changed":false,"content-type":"","footnotes":""},"class_list":["post-33585","page","type-page","status-publish","hentry"],"acf":[],"_links":{"self":[{"href":"https:\/\/molenkoning.com\/fr\/wp-json\/wp\/v2\/pages\/33585","targetHints":{"allow":["GET"]}}],"collection":[{"href":"https:\/\/molenkoning.com\/fr\/wp-json\/wp\/v2\/pages"}],"about":[{"href":"https:\/\/molenkoning.com\/fr\/wp-json\/wp\/v2\/types\/page"}],"author":[{"embeddable":true,"href":"https:\/\/molenkoning.com\/fr\/wp-json\/wp\/v2\/users\/1"}],"replies":[{"embeddable":true,"href":"https:\/\/molenkoning.com\/fr\/wp-json\/wp\/v2\/comments?post=33585"}],"version-history":[{"count":99,"href":"https:\/\/molenkoning.com\/fr\/wp-json\/wp\/v2\/pages\/33585\/revisions"}],"predecessor-version":[{"id":52648,"href":"https:\/\/molenkoning.com\/fr\/wp-json\/wp\/v2\/pages\/33585\/revisions\/52648"}],"wp:attachment":[{"href":"https:\/\/molenkoning.com\/fr\/wp-json\/wp\/v2\/media?parent=33585"}],"curies":[{"name":"wp","href":"https:\/\/api.w.org\/{rel}","templated":true}]}}