{"id":200084,"date":"2025-08-26T14:53:38","date_gmt":"2025-08-26T14:53:38","guid":{"rendered":"https:\/\/molenkoning.com\/8-20-saf-horsewalker\/"},"modified":"2026-03-09T11:12:07","modified_gmt":"2026-03-09T11:12:07","slug":"marcheur-pour-chevaux-8-20-separateurs-de-securite","status":"publish","type":"page","link":"https:\/\/molenkoning.com\/fr\/marcheur-pour-chevaux-8-20-separateurs-de-securite\/","title":{"rendered":"Marcheur pour chevaux 8\/20 \u2013 S\u00e9parateurs de s\u00e9curit\u00e9"},"content":{"rendered":"<div class=\"fusion-fullwidth fullwidth-box fusion-builder-row-1 fusion-flex-container has-pattern-background has-mask-background hundred-percent-fullwidth non-hundred-percent-height-scrolling\" style=\"--awb-border-radius-top-left:0px;--awb-border-radius-top-right:0px;--awb-border-radius-bottom-right:0px;--awb-border-radius-bottom-left:0px;--awb-flex-wrap:wrap;\" ><div class=\"fusion-builder-row fusion-row fusion-flex-align-items-flex-start fusion-flex-content-wrap\" style=\"width:104% !important;max-width:104% !important;margin-left: calc(-4% \/ 2 );margin-right: calc(-4% \/ 2 );\"><div class=\"fusion-layout-column fusion_builder_column fusion-builder-column-0 fusion_builder_column_1_1 1_1 fusion-flex-column\" style=\"--awb-bg-size:cover;--awb-width-large:100%;--awb-margin-top-large:0px;--awb-spacing-right-large:1.92%;--awb-margin-bottom-large:0px;--awb-spacing-left-large:1.92%;--awb-width-medium:100%;--awb-spacing-right-medium:1.92%;--awb-spacing-left-medium:1.92%;--awb-width-small:100%;--awb-spacing-right-small:1.92%;--awb-spacing-left-small:1.92%;\"><div class=\"fusion-column-wrapper fusion-flex-justify-content-flex-start fusion-content-layout-column\"><div class=\"fusion-text fusion-text-1\"><iframe class=\"wonderplugin-pdf-iframe\" src=\"https:\/\/molenkoning.com\/wp-content\/plugins\/wonderplugin-pdf-embed\/pdfjs\/web\/viewer.html?v=2&file=https:\/\/molenkoning.com\/wp-content\/uploads\/2026\/03\/8-20-fr-saf.pdf\" width=\"100%\" height=\"600px\" style=\"border:0;\"><\/iframe>\n<\/div><\/div><\/div><\/div><\/div>\n","protected":false},"excerpt":{"rendered":"","protected":false},"author":1,"featured_media":0,"parent":0,"menu_order":0,"comment_status":"closed","ping_status":"closed","template":"","meta":{"_acf_changed":false,"content-type":"","footnotes":""},"class_list":["post-200084","page","type-page","status-publish","hentry"],"acf":[],"_links":{"self":[{"href":"https:\/\/molenkoning.com\/fr\/wp-json\/wp\/v2\/pages\/200084","targetHints":{"allow":["GET"]}}],"collection":[{"href":"https:\/\/molenkoning.com\/fr\/wp-json\/wp\/v2\/pages"}],"about":[{"href":"https:\/\/molenkoning.com\/fr\/wp-json\/wp\/v2\/types\/page"}],"author":[{"embeddable":true,"href":"https:\/\/molenkoning.com\/fr\/wp-json\/wp\/v2\/users\/1"}],"replies":[{"embeddable":true,"href":"https:\/\/molenkoning.com\/fr\/wp-json\/wp\/v2\/comments?post=200084"}],"version-history":[{"count":1,"href":"https:\/\/molenkoning.com\/fr\/wp-json\/wp\/v2\/pages\/200084\/revisions"}],"predecessor-version":[{"id":200288,"href":"https:\/\/molenkoning.com\/fr\/wp-json\/wp\/v2\/pages\/200084\/revisions\/200288"}],"wp:attachment":[{"href":"https:\/\/molenkoning.com\/fr\/wp-json\/wp\/v2\/media?parent=200084"}],"curies":[{"name":"wp","href":"https:\/\/api.w.org\/{rel}","templated":true}]}}