{"id":199581,"date":"2025-08-18T09:56:32","date_gmt":"2025-08-18T09:56:32","guid":{"rendered":"https:\/\/molenkoning.com\/horsewalker-manual\/"},"modified":"2026-03-09T11:12:50","modified_gmt":"2026-03-09T11:12:50","slug":"manuels-dinstallation-des-marcheurs","status":"publish","type":"page","link":"https:\/\/molenkoning.com\/fr\/manuels-dinstallation-des-marcheurs\/","title":{"rendered":"Manuels d\u2019installation des marcheurs"},"content":{"rendered":"<p><div class=\"fusion-fullwidth fullwidth-box fusion-builder-row-1 fusion-flex-container has-pattern-background has-mask-background nonhundred-percent-fullwidth non-hundred-percent-height-scrolling\" style=\"--awb-border-radius-top-left:0px;--awb-border-radius-top-right:0px;--awb-border-radius-bottom-right:0px;--awb-border-radius-bottom-left:0px;--awb-padding-bottom:30px;--awb-flex-wrap:wrap;\" ><div class=\"fusion-builder-row fusion-row fusion-flex-align-items-flex-start fusion-flex-content-wrap\" style=\"max-width:1144px;margin-left: calc(-4% \/ 2 );margin-right: calc(-4% \/ 2 );\"><div class=\"fusion-layout-column fusion_builder_column fusion-builder-column-0 fusion_builder_column_1_3 1_3 fusion-flex-column\" style=\"--awb-bg-size:cover;--awb-width-large:33.333333333333%;--awb-margin-top-large:0px;--awb-spacing-right-large:5.76%;--awb-margin-bottom-large:20px;--awb-spacing-left-large:5.76%;--awb-width-medium:100%;--awb-order-medium:0;--awb-spacing-right-medium:1.92%;--awb-spacing-left-medium:1.92%;--awb-width-small:100%;--awb-order-small:0;--awb-spacing-right-small:1.92%;--awb-spacing-left-small:1.92%;\"><div class=\"fusion-column-wrapper fusion-column-has-shadow fusion-flex-justify-content-flex-start fusion-content-layout-column\"><div class=\"fusion-image-element \" style=\"--awb-caption-title-font-family:var(--h2_typography-font-family);--awb-caption-title-font-weight:var(--h2_typography-font-weight);--awb-caption-title-font-style:var(--h2_typography-font-style);--awb-caption-title-size:var(--h2_typography-font-size);--awb-caption-title-transform:var(--h2_typography-text-transform);--awb-caption-title-line-height:var(--h2_typography-line-height);--awb-caption-title-letter-spacing:var(--h2_typography-letter-spacing);\"><span class=\" fusion-imageframe imageframe-none imageframe-1 hover-type-none\"><img decoding=\"async\" width=\"1024\" height=\"768\" title=\"HW-Alu-Pusher-Gate-14-Bars-mkshop\" src=\"https:\/\/molenkoning.com\/wp-content\/uploads\/2021\/07\/HW-Alu-Pusher-Gate-14-Bars-mkshop.png\" alt class=\"img-responsive wp-image-174902\" srcset=\"https:\/\/molenkoning.com\/wp-content\/uploads\/2021\/07\/HW-Alu-Pusher-Gate-14-Bars-mkshop-200x150.png 200w, https:\/\/molenkoning.com\/wp-content\/uploads\/2021\/07\/HW-Alu-Pusher-Gate-14-Bars-mkshop-400x300.png 400w, https:\/\/molenkoning.com\/wp-content\/uploads\/2021\/07\/HW-Alu-Pusher-Gate-14-Bars-mkshop-600x450.png 600w, https:\/\/molenkoning.com\/wp-content\/uploads\/2021\/07\/HW-Alu-Pusher-Gate-14-Bars-mkshop-800x600.png 800w, https:\/\/molenkoning.com\/wp-content\/uploads\/2021\/07\/HW-Alu-Pusher-Gate-14-Bars-mkshop.png 1024w\" sizes=\"(max-width: 1024px) 100vw, (max-width: 640px) 100vw, 400px\" \/><\/span><\/div><\/div><\/div><div class=\"fusion-layout-column fusion_builder_column fusion-builder-column-1 fusion_builder_column_2_3 2_3 fusion-flex-column\" style=\"--awb-bg-size:cover;--awb-width-large:66.666666666667%;--awb-margin-top-large:0px;--awb-spacing-right-large:2.88%;--awb-margin-bottom-large:20px;--awb-spacing-left-large:2.88%;--awb-width-medium:100%;--awb-order-medium:0;--awb-spacing-right-medium:1.92%;--awb-spacing-left-medium:1.92%;--awb-width-small:100%;--awb-order-small:0;--awb-spacing-right-small:1.92%;--awb-spacing-left-small:1.92%;\"><div class=\"fusion-column-wrapper fusion-column-has-shadow fusion-flex-justify-content-flex-start fusion-content-layout-column\"><div class=\"fusion-title title fusion-title-1 fusion-sep-none fusion-title-text fusion-title-size-two\" style=\"--awb-margin-bottom:10px;\"><h2 class=\"fusion-title-heading title-heading-left\" style=\"margin:0;\">Manuels d\u2019installation des marcheurs \u2013 S\u00e9parateurs en aluminium<\/h2><\/div><div class=\"fusion-text fusion-text-1\"><p>Ces manuels fournissent des instructions \u00e9tape par \u00e9tape pour l\u2019installation de marcheurs \u00e9quip\u00e9s de s\u00e9parateurs en aluminium. Ils vous guident tout au long du processus afin d\u2019assurer une installation correcte et s\u00e9curis\u00e9e.<\/p>\n<ul>\n<li><a href=\"https:\/\/molenkoning.com\/fr\/marcheur-pour-chevaux-10-3-separateurs-en-aluminium\/\" target=\"_blank\" rel=\"noopener\">10\/3 chevaux<\/a><\/li>\n<li><a href=\"https:\/\/molenkoning.com\/fr\/marcheur-pour-chevaux-3-12-separateurs-en-aluminium\/\" target=\"_blank\" rel=\"noopener\">3\/12 chevaux<\/a><\/li>\n<li><a href=\"https:\/\/molenkoning.com\/fr\/marcheur-pour-chevaux-4-10-separateurs-en-aluminium\/\" target=\"_blank\" rel=\"noopener\">4\/10 chevaux<\/a><\/li>\n<li><a href=\"https:\/\/molenkoning.com\/fr\/marcheur-pour-chevaux-4-12-separateurs-en-aluminium\/\" target=\"_blank\" rel=\"noopener\">4\/12 chevaux<\/a><\/li>\n<li><a href=\"https:\/\/molenkoning.com\/fr\/marcheur-pour-chevaux-4-15-separateurs-en-aluminium\/\" target=\"_blank\" rel=\"noopener\">4\/15 chevaux<\/a><\/li>\n<li><a href=\"https:\/\/molenkoning.com\/fr\/marcheur-pour-chevaux-4-16-separateurs-en-aluminium\/\" target=\"_blank\" rel=\"noopener\">4\/16 chevaux<\/a><\/li>\n<li><a href=\"https:\/\/molenkoning.com\/fr\/marcheur-pour-chevaux-6-15-separateurs-en-aluminium\/\" target=\"_blank\" rel=\"noopener\">6\/15 chevaux<\/a><\/li>\n<li><a href=\"https:\/\/molenkoning.com\/fr\/marcheur-pour-chevaux-6-16-separateurs-en-aluminium\/\" target=\"_blank\" rel=\"noopener\">6\/16 chevaux<\/a><\/li>\n<li><a href=\"https:\/\/molenkoning.com\/fr\/marcheur-pour-chevaux-6-18-separateurs-en-aluminium\/\" target=\"_blank\" rel=\"noopener\">6\/18 chevaux<\/a><\/li>\n<li><a href=\"https:\/\/molenkoning.com\/fr\/marcheur-pour-chevaux-6-20-separateurs-en-aluminium\/\" target=\"_blank\" rel=\"noopener\">6\/20 chevaux<\/a><\/li>\n<li><a href=\"https:\/\/molenkoning.com\/fr\/marcheur-pour-chevaux-8-18-separateurs-en-aluminium\/\" target=\"_blank\" rel=\"noopener\">8\/18 chevaux<\/a><\/li>\n<li><a href=\"https:\/\/molenkoning.com\/fr\/marcheur-pour-chevaux-8-20-separateurs-en-aluminium\/\" target=\"_blank\" rel=\"noopener\">8\/20 chevaux<\/a><\/li>\n<\/ul>\n<\/div><\/div><\/div><\/div><\/div><div class=\"fusion-fullwidth fullwidth-box fusion-builder-row-2 fusion-flex-container has-pattern-background has-mask-background nonhundred-percent-fullwidth non-hundred-percent-height-scrolling\" style=\"--awb-border-radius-top-left:0px;--awb-border-radius-top-right:0px;--awb-border-radius-bottom-right:0px;--awb-border-radius-bottom-left:0px;--awb-padding-bottom:30px;--awb-flex-wrap:wrap;\" ><div class=\"fusion-builder-row fusion-row fusion-flex-align-items-flex-start fusion-flex-content-wrap\" style=\"max-width:1144px;margin-left: calc(-4% \/ 2 );margin-right: calc(-4% \/ 2 );\"><div class=\"fusion-layout-column fusion_builder_column fusion-builder-column-2 fusion_builder_column_1_3 1_3 fusion-flex-column fusion-column-inner-bg-wrapper\" style=\"--awb-inner-bg-size:cover;--awb-width-large:33.333333333333%;--awb-margin-top-large:0px;--awb-spacing-right-large:5.76%;--awb-margin-bottom-large:20px;--awb-spacing-left-large:5.76%;--awb-width-medium:100%;--awb-order-medium:0;--awb-spacing-right-medium:1.92%;--awb-spacing-left-medium:1.92%;--awb-width-small:100%;--awb-order-small:0;--awb-spacing-right-small:1.92%;--awb-spacing-left-small:1.92%;\" data-motion-effects=\"[{&quot;type&quot;:&quot;&quot;,&quot;scroll_type&quot;:&quot;transition&quot;,&quot;scroll_direction&quot;:&quot;up&quot;,&quot;transition_speed&quot;:&quot;1&quot;,&quot;fade_type&quot;:&quot;in&quot;,&quot;scale_type&quot;:&quot;up&quot;,&quot;initial_scale&quot;:&quot;1&quot;,&quot;max_scale&quot;:&quot;1.5&quot;,&quot;min_scale&quot;:&quot;0.5&quot;,&quot;initial_rotate&quot;:&quot;0&quot;,&quot;end_rotate&quot;:&quot;30&quot;,&quot;initial_blur&quot;:&quot;0&quot;,&quot;end_blur&quot;:&quot;3&quot;,&quot;start_element&quot;:&quot;top&quot;,&quot;start_viewport&quot;:&quot;bottom&quot;,&quot;end_element&quot;:&quot;bottom&quot;,&quot;end_viewport&quot;:&quot;top&quot;,&quot;mouse_effect&quot;:&quot;track&quot;,&quot;mouse_effect_direction&quot;:&quot;opposite&quot;,&quot;mouse_effect_speed&quot;:&quot;2&quot;,&quot;infinite_animation&quot;:&quot;float&quot;,&quot;infinite_animation_speed&quot;:&quot;2&quot;}]\" data-scroll-devices=\"small-visibility,medium-visibility,large-visibility\"><span class=\"fusion-column-inner-bg hover-type-none\"><a class=\"fusion-column-anchor\" href=\"https:\/\/molenkoning.com\/solarium-manuals\/\"><span class=\"fusion-column-inner-bg-image\"><\/span><\/a><\/span><div class=\"fusion-column-wrapper fusion-column-has-shadow fusion-flex-justify-content-flex-start fusion-content-layout-column\"><div class=\"fusion-image-element \" style=\"--awb-max-width:100%;--awb-caption-title-font-family:var(--h2_typography-font-family);--awb-caption-title-font-weight:var(--h2_typography-font-weight);--awb-caption-title-font-style:var(--h2_typography-font-style);--awb-caption-title-size:var(--h2_typography-font-size);--awb-caption-title-transform:var(--h2_typography-text-transform);--awb-caption-title-line-height:var(--h2_typography-line-height);--awb-caption-title-letter-spacing:var(--h2_typography-letter-spacing);\"><span class=\" fusion-imageframe imageframe-none imageframe-2 hover-type-none\"><img decoding=\"async\" width=\"1024\" height=\"768\" title=\"HW-MESH-PUSHER-GATE-PURCHASE_mkshop\" src=\"https:\/\/molenkoning.com\/wp-content\/uploads\/2021\/07\/HW-MESH-PUSHER-GATE-PURCHASE_mkshop.png\" alt class=\"img-responsive wp-image-174886\" srcset=\"https:\/\/molenkoning.com\/wp-content\/uploads\/2021\/07\/HW-MESH-PUSHER-GATE-PURCHASE_mkshop-200x150.png 200w, https:\/\/molenkoning.com\/wp-content\/uploads\/2021\/07\/HW-MESH-PUSHER-GATE-PURCHASE_mkshop-400x300.png 400w, https:\/\/molenkoning.com\/wp-content\/uploads\/2021\/07\/HW-MESH-PUSHER-GATE-PURCHASE_mkshop-600x450.png 600w, https:\/\/molenkoning.com\/wp-content\/uploads\/2021\/07\/HW-MESH-PUSHER-GATE-PURCHASE_mkshop-800x600.png 800w, https:\/\/molenkoning.com\/wp-content\/uploads\/2021\/07\/HW-MESH-PUSHER-GATE-PURCHASE_mkshop.png 1024w\" sizes=\"(max-width: 1024px) 100vw, (max-width: 640px) 100vw, 400px\" \/><\/span><\/div><\/div><\/div><div class=\"fusion-layout-column fusion_builder_column fusion-builder-column-3 fusion_builder_column_2_3 2_3 fusion-flex-column\" style=\"--awb-bg-size:cover;--awb-width-large:66.666666666667%;--awb-margin-top-large:0px;--awb-spacing-right-large:2.88%;--awb-margin-bottom-large:20px;--awb-spacing-left-large:2.88%;--awb-width-medium:100%;--awb-order-medium:0;--awb-spacing-right-medium:1.92%;--awb-spacing-left-medium:1.92%;--awb-width-small:100%;--awb-order-small:0;--awb-spacing-right-small:1.92%;--awb-spacing-left-small:1.92%;\"><div class=\"fusion-column-wrapper fusion-column-has-shadow fusion-flex-justify-content-flex-start fusion-content-layout-column\"><div class=\"fusion-title title fusion-title-2 fusion-sep-none fusion-title-text fusion-title-size-two\" style=\"--awb-margin-bottom:10px;\"><h2 class=\"fusion-title-heading title-heading-left\" style=\"margin:0;\">Manuels d\u2019installation des marcheurs \u2013 S\u00e9parateurs grillage<\/h2><\/div><div class=\"fusion-text fusion-text-2\"><p>Pour les marcheurs \u00e9quip\u00e9s de s\u00e9parateurs grillage, ces manuels expliquent en d\u00e9tail toute la proc\u00e9dure d\u2019installation. Des sch\u00e9mas clairs et des instructions pr\u00e9cises rendent le montage simple et fiable.<\/p>\n<ul>\n<li><a href=\"https:\/\/molenkoning.com\/fr\/marcheur-pour-chevaux-10-3-separateurs-grillage\/\" target=\"_blank\" rel=\"noopener\">10\/3 chevaux<\/a><\/li>\n<li><a href=\"https:\/\/molenkoning.com\/fr\/marcheur-pour-chevaux-3-12-separateurs-grillage\/\" target=\"_blank\" rel=\"noopener\">3\/12 chevaux<\/a><\/li>\n<li><a href=\"https:\/\/molenkoning.com\/fr\/marcheur-pour-chevaux-4-10-separateurs-grillage\/\" target=\"_blank\" rel=\"noopener\">4\/10 chevaux<\/a><\/li>\n<li><a href=\"https:\/\/molenkoning.com\/fr\/marcheur-pour-chevaux-4-12-separateurs-grillage\/\" target=\"_blank\" rel=\"noopener\">4\/12 chevaux<\/a><\/li>\n<li><a href=\"https:\/\/molenkoning.com\/fr\/marcheur-pour-chevaux-4-15-separateurs-grillage\/\" target=\"_blank\" rel=\"noopener\">4\/15 chevaux<\/a><\/li>\n<li><a href=\"https:\/\/molenkoning.com\/fr\/marcheur-pour-chevaux-4-16-separateurs-grillage\/\" target=\"_blank\" rel=\"noopener\">4\/16 chevaux<\/a><\/li>\n<li><a href=\"https:\/\/molenkoning.com\/fr\/marcheur-pour-chevaux-6-15-separateurs-grillage\/\" target=\"_blank\" rel=\"noopener\">6\/15 chevaux<\/a><\/li>\n<li><a href=\"https:\/\/molenkoning.com\/6-16-mesh-horsewalker\/\" target=\"_blank\" rel=\"noopener\">6\/16 chevaux<\/a><\/li>\n<li><a href=\"https:\/\/molenkoning.com\/6-18-mesh-horsewalker\/\" target=\"_blank\" rel=\"noopener\">6\/18 chevaux<\/a><\/li>\n<li><a href=\"https:\/\/molenkoning.com\/6-20-mesh-horsewalker\/\" target=\"_blank\" rel=\"noopener\">6\/20 chevaux<\/a><\/li>\n<li><a href=\"https:\/\/molenkoning.com\/8-18-mesh-horsewalker\/\" target=\"_blank\" rel=\"noopener\">8\/18 chevaux<\/a><\/li>\n<li><a href=\"https:\/\/molenkoning.com\/8-20-mesh-horsewalker\/\" target=\"_blank\" rel=\"noopener\">8\/20 chevaux<\/a><\/li>\n<\/ul>\n<\/div><\/div><\/div><\/div><\/div><div class=\"fusion-fullwidth fullwidth-box fusion-builder-row-3 fusion-flex-container has-pattern-background has-mask-background nonhundred-percent-fullwidth non-hundred-percent-height-scrolling\" style=\"--awb-border-radius-top-left:0px;--awb-border-radius-top-right:0px;--awb-border-radius-bottom-right:0px;--awb-border-radius-bottom-left:0px;--awb-padding-bottom:30px;--awb-flex-wrap:wrap;\" ><div class=\"fusion-builder-row fusion-row fusion-flex-align-items-flex-start fusion-flex-content-wrap\" style=\"max-width:1144px;margin-left: calc(-4% \/ 2 );margin-right: calc(-4% \/ 2 );\"><div class=\"fusion-layout-column fusion_builder_column fusion-builder-column-4 fusion_builder_column_1_3 1_3 fusion-flex-column fusion-column-inner-bg-wrapper\" style=\"--awb-inner-bg-size:cover;--awb-width-large:33.333333333333%;--awb-margin-top-large:0px;--awb-spacing-right-large:5.76%;--awb-margin-bottom-large:20px;--awb-spacing-left-large:5.76%;--awb-width-medium:100%;--awb-order-medium:0;--awb-spacing-right-medium:1.92%;--awb-spacing-left-medium:1.92%;--awb-width-small:100%;--awb-order-small:0;--awb-spacing-right-small:1.92%;--awb-spacing-left-small:1.92%;\" data-motion-effects=\"[{&quot;type&quot;:&quot;&quot;,&quot;scroll_type&quot;:&quot;transition&quot;,&quot;scroll_direction&quot;:&quot;up&quot;,&quot;transition_speed&quot;:&quot;1&quot;,&quot;fade_type&quot;:&quot;in&quot;,&quot;scale_type&quot;:&quot;up&quot;,&quot;initial_scale&quot;:&quot;1&quot;,&quot;max_scale&quot;:&quot;1.5&quot;,&quot;min_scale&quot;:&quot;0.5&quot;,&quot;initial_rotate&quot;:&quot;0&quot;,&quot;end_rotate&quot;:&quot;30&quot;,&quot;initial_blur&quot;:&quot;0&quot;,&quot;end_blur&quot;:&quot;3&quot;,&quot;start_element&quot;:&quot;top&quot;,&quot;start_viewport&quot;:&quot;bottom&quot;,&quot;end_element&quot;:&quot;bottom&quot;,&quot;end_viewport&quot;:&quot;top&quot;,&quot;mouse_effect&quot;:&quot;track&quot;,&quot;mouse_effect_direction&quot;:&quot;opposite&quot;,&quot;mouse_effect_speed&quot;:&quot;2&quot;,&quot;infinite_animation&quot;:&quot;float&quot;,&quot;infinite_animation_speed&quot;:&quot;2&quot;}]\" data-scroll-devices=\"small-visibility,medium-visibility,large-visibility\"><span class=\"fusion-column-inner-bg hover-type-none\"><a class=\"fusion-column-anchor\" href=\"https:\/\/molenkoning.com\/solarium-manuals\/\"><span class=\"fusion-column-inner-bg-image\"><\/span><\/a><\/span><div class=\"fusion-column-wrapper fusion-column-has-shadow fusion-flex-justify-content-flex-start fusion-content-layout-column\"><div class=\"fusion-image-element \" style=\"--awb-max-width:100%;--awb-caption-title-font-family:var(--h2_typography-font-family);--awb-caption-title-font-weight:var(--h2_typography-font-weight);--awb-caption-title-font-style:var(--h2_typography-font-style);--awb-caption-title-size:var(--h2_typography-font-size);--awb-caption-title-transform:var(--h2_typography-text-transform);--awb-caption-title-line-height:var(--h2_typography-line-height);--awb-caption-title-letter-spacing:var(--h2_typography-letter-spacing);\"><span class=\" fusion-imageframe imageframe-none imageframe-3 hover-type-none\"><img decoding=\"async\" width=\"1024\" height=\"768\" title=\"HW-Saf-Pusher-Gate-14-Bars-mkshop\" src=\"https:\/\/molenkoning.com\/wp-content\/uploads\/2021\/07\/HW-Saf-Pusher-Gate-14-Bars-mkshop.png\" alt class=\"img-responsive wp-image-174919\" srcset=\"https:\/\/molenkoning.com\/wp-content\/uploads\/2021\/07\/HW-Saf-Pusher-Gate-14-Bars-mkshop-200x150.png 200w, https:\/\/molenkoning.com\/wp-content\/uploads\/2021\/07\/HW-Saf-Pusher-Gate-14-Bars-mkshop-400x300.png 400w, https:\/\/molenkoning.com\/wp-content\/uploads\/2021\/07\/HW-Saf-Pusher-Gate-14-Bars-mkshop-600x450.png 600w, https:\/\/molenkoning.com\/wp-content\/uploads\/2021\/07\/HW-Saf-Pusher-Gate-14-Bars-mkshop-800x600.png 800w, https:\/\/molenkoning.com\/wp-content\/uploads\/2021\/07\/HW-Saf-Pusher-Gate-14-Bars-mkshop.png 1024w\" sizes=\"(max-width: 1024px) 100vw, (max-width: 640px) 100vw, 400px\" \/><\/span><\/div><\/div><\/div><div class=\"fusion-layout-column fusion_builder_column fusion-builder-column-5 fusion_builder_column_2_3 2_3 fusion-flex-column\" style=\"--awb-bg-size:cover;--awb-width-large:66.666666666667%;--awb-margin-top-large:0px;--awb-spacing-right-large:2.88%;--awb-margin-bottom-large:20px;--awb-spacing-left-large:2.88%;--awb-width-medium:100%;--awb-order-medium:0;--awb-spacing-right-medium:1.92%;--awb-spacing-left-medium:1.92%;--awb-width-small:100%;--awb-order-small:0;--awb-spacing-right-small:1.92%;--awb-spacing-left-small:1.92%;\"><div class=\"fusion-column-wrapper fusion-column-has-shadow fusion-flex-justify-content-flex-start fusion-content-layout-column\"><div class=\"fusion-title title fusion-title-3 fusion-sep-none fusion-title-text fusion-title-size-two\" style=\"--awb-margin-bottom:10px;\"><h2 class=\"fusion-title-heading title-heading-left\" style=\"margin:0;\">Manuels d\u2019installation des marcheurs \u2013 S\u00e9parateurs de s\u00e9curit\u00e9<\/h2><\/div><div class=\"fusion-text fusion-text-3\"><p>Ces manuels couvrent l\u2019installation des marcheurs \u00e9quip\u00e9s de s\u00e9parateurs de s\u00e9curit\u00e9. Ils d\u00e9crivent chaque \u00e9tape de l\u2019installation afin de garantir un montage solide, s\u00e9curis\u00e9 et durable.<\/p>\n<ul>\n<li><a href=\"https:\/\/molenkoning.com\/fr\/marcheur-pour-chevaux-10-3-separateurs-de-securite\/\" target=\"_blank\" rel=\"noopener\">10\/3 chevaux<\/a><\/li>\n<li><a href=\"https:\/\/molenkoning.com\/fr\/marcheur-pour-chevaux-3-12-separateurs-de-securite\/\" target=\"_blank\" rel=\"noopener\">3\/12 chevaux<\/a><\/li>\n<li><a href=\"https:\/\/molenkoning.com\/fr\/marcheur-pour-chevaux-4-10-separateurs-de-securite\/\" target=\"_blank\" rel=\"noopener\">4\/10 chevaux<\/a><\/li>\n<li><a href=\"https:\/\/molenkoning.com\/fr\/marcheur-pour-chevaux-4-12-separateurs-de-securite\/\" target=\"_blank\" rel=\"noopener\">4\/12 chevaux<\/a><\/li>\n<li><a href=\"https:\/\/molenkoning.com\/fr\/marcheur-pour-chevaux-4-15-separateurs-de-securite\/\" target=\"_blank\" rel=\"noopener\">4\/15 chevaux<\/a><\/li>\n<li><a href=\"https:\/\/molenkoning.com\/fr\/marcheur-pour-chevaux-4-16-separateurs-de-securite\/\" target=\"_blank\" rel=\"noopener\">4\/16 chevaux<\/a><\/li>\n<li><a href=\"https:\/\/molenkoning.com\/fr\/marcheur-pour-chevaux-6-15-separateurs-de-securite\/\" target=\"_blank\" rel=\"noopener\">6\/15 chevaux<\/a><\/li>\n<li><a href=\"https:\/\/molenkoning.com\/fr\/marcheur-pour-chevaux-6-16-separateurs-de-securite\/\" target=\"_blank\" rel=\"noopener\">6\/16 chevaux<\/a><\/li>\n<li><a href=\"https:\/\/molenkoning.com\/fr\/marcheur-pour-chevaux-6-18-separateurs-de-securite\/\" target=\"_blank\" rel=\"noopener\">6\/18 chevaux<\/a><\/li>\n<li><a href=\"https:\/\/molenkoning.com\/fr\/marcheur-pour-chevaux-6-20-separateurs-de-securite\/\" target=\"_blank\" rel=\"noopener\">6\/20 chevaux<\/a><\/li>\n<li><a href=\"https:\/\/molenkoning.com\/fr\/marcheur-pour-chevaux-8-18-separateurs-de-securite\/\" target=\"_blank\" rel=\"noopener\">8\/18 chevaux<\/a><\/li>\n<li><a href=\"https:\/\/molenkoning.com\/fr\/marcheur-pour-chevaux-8-20-separateurs-de-securite\/\" target=\"_blank\" rel=\"noopener\">8\/20 chevaux<\/a><\/li>\n<\/ul>\n<\/div><\/div><\/div><\/div><\/div><\/p>\n","protected":false},"excerpt":{"rendered":"","protected":false},"author":1,"featured_media":0,"parent":0,"menu_order":0,"comment_status":"closed","ping_status":"closed","template":"","meta":{"_acf_changed":false,"content-type":"","footnotes":""},"class_list":["post-199581","page","type-page","status-publish","hentry"],"acf":[],"_links":{"self":[{"href":"https:\/\/molenkoning.com\/fr\/wp-json\/wp\/v2\/pages\/199581","targetHints":{"allow":["GET"]}}],"collection":[{"href":"https:\/\/molenkoning.com\/fr\/wp-json\/wp\/v2\/pages"}],"about":[{"href":"https:\/\/molenkoning.com\/fr\/wp-json\/wp\/v2\/types\/page"}],"author":[{"embeddable":true,"href":"https:\/\/molenkoning.com\/fr\/wp-json\/wp\/v2\/users\/1"}],"replies":[{"embeddable":true,"href":"https:\/\/molenkoning.com\/fr\/wp-json\/wp\/v2\/comments?post=199581"}],"version-history":[{"count":9,"href":"https:\/\/molenkoning.com\/fr\/wp-json\/wp\/v2\/pages\/199581\/revisions"}],"predecessor-version":[{"id":200289,"href":"https:\/\/molenkoning.com\/fr\/wp-json\/wp\/v2\/pages\/199581\/revisions\/200289"}],"wp:attachment":[{"href":"https:\/\/molenkoning.com\/fr\/wp-json\/wp\/v2\/media?parent=199581"}],"curies":[{"name":"wp","href":"https:\/\/api.w.org\/{rel}","templated":true}]}}