{"id":181164,"date":"2024-02-20T11:09:02","date_gmt":"2024-02-20T11:09:02","guid":{"rendered":"https:\/\/molenkoning.com\/specific-terms-and-conditions-of-purchase-on-mks-online-store-webshop\/"},"modified":"2024-02-28T08:26:26","modified_gmt":"2024-02-28T08:26:26","slug":"conditions-dachat","status":"publish","type":"page","link":"https:\/\/molenkoning.com\/fr\/conditions-dachat\/","title":{"rendered":"Conditions d&rsquo;Achat"},"content":{"rendered":"<div class=\"fusion-fullwidth fullwidth-box fusion-builder-row-1 fusion-flex-container nonhundred-percent-fullwidth non-hundred-percent-height-scrolling\" style=\"--awb-border-radius-top-left:0px;--awb-border-radius-top-right:0px;--awb-border-radius-bottom-right:0px;--awb-border-radius-bottom-left:0px;--awb-flex-wrap:wrap;\" ><div class=\"fusion-builder-row fusion-row fusion-flex-align-items-flex-start fusion-flex-content-wrap\" style=\"max-width:1144px;margin-left: calc(-4% \/ 2 );margin-right: calc(-4% \/ 2 );\"><div class=\"fusion-layout-column fusion_builder_column fusion-builder-column-0 fusion_builder_column_1_1 1_1 fusion-flex-column\" style=\"--awb-bg-size:cover;--awb-width-large:100%;--awb-margin-top-large:0px;--awb-spacing-right-large:1.92%;--awb-margin-bottom-large:0px;--awb-spacing-left-large:1.92%;--awb-width-medium:100%;--awb-spacing-right-medium:1.92%;--awb-spacing-left-medium:1.92%;--awb-width-small:100%;--awb-spacing-right-small:1.92%;--awb-spacing-left-small:1.92%;\"><div class=\"fusion-column-wrapper fusion-flex-justify-content-flex-start fusion-content-layout-column\"><div class=\"fusion-text fusion-text-1\"><p>1. Les commandes pass\u00e9es via le site web de Molenkoning BV seront trait\u00e9es imm\u00e9diatement le jour ouvrable suivant la confirmation du paiement.<\/p>\n<p>2. Le d\u00e9lai de livraison estim\u00e9 est de 7 \u00e0 10 jours ouvrables.<\/p>\n<p>3. En cas de stock insuffisant au moment de la commande, Molenkoning BV informera imm\u00e9diatement le client pour lui proposer un remboursement ou une date de livraison approximative.<\/p>\n<p>4. Toute r\u00e9clamation concernant des d\u00e9fauts de produit ou une livraison incompl\u00e8te doit \u00eatre signal\u00e9e dans un d\u00e9lai maximum de 8 jours naturels par e-mail \u00e0 <a href=\"mailto:info@molenkoning.com\">info@molenkoning.com<\/a> ou par t\u00e9l\u00e9phone au <a href=\"tel:+31486415174\">+31486415174<\/a>. Le client conserve le droit de retourner le produit s&rsquo;il d\u00e9cide de ne pas le conserver, \u00e0 condition que la r\u00e9clamation soit d\u00e9pos\u00e9e dans le d\u00e9lai de 8 jours et que le processus de retour soit initi\u00e9 imm\u00e9diatement aupr\u00e8s de Molenkoning BV \u00e0 l&rsquo;adresse suivante : Voederheil 6A, 5411RK Zeeland, Pays-Bas.<\/p>\n<p>5. Les frais de retour seront \u00e0 la charge du client.<\/p>\n<p>6. Les retours de produits ne seront accept\u00e9s que si les articles sont retourn\u00e9s dans leur emballage d&rsquo;origine, tel que la bo\u00eete de solarium. \u00c0 r\u00e9ception des produits retourn\u00e9s, une \u00e9valuation sera effectu\u00e9e pour d\u00e9terminer leur \u00e9tat, leur utilisation, les dommages ou les modifications caus\u00e9s par une manipulation incorrecte. Cette \u00e9valuation facilitera une d\u00e9cision concernant le retour, qui sera communiqu\u00e9e au client dans un d\u00e9lai maximum de 5 jours ouvrables \u00e0 compter de la r\u00e9ception des produits retourn\u00e9s.<\/p>\n<p>7. Les produits achet\u00e9s via le site web de Molenkoning BV seront soumis aux autres termes et conditions sp\u00e9cifi\u00e9s dans ce document, \u00e0 condition qu&rsquo;ils ne contredisent pas ce qui est \u00e9tabli \u00e0 ce point.<\/p>\n<\/div><\/div><\/div><\/div><\/div>\n","protected":false},"excerpt":{"rendered":"","protected":false},"author":1,"featured_media":0,"parent":0,"menu_order":0,"comment_status":"closed","ping_status":"closed","template":"","meta":{"_acf_changed":false,"content-type":"","footnotes":""},"class_list":["post-181164","page","type-page","status-publish","hentry"],"acf":[],"_links":{"self":[{"href":"https:\/\/molenkoning.com\/fr\/wp-json\/wp\/v2\/pages\/181164","targetHints":{"allow":["GET"]}}],"collection":[{"href":"https:\/\/molenkoning.com\/fr\/wp-json\/wp\/v2\/pages"}],"about":[{"href":"https:\/\/molenkoning.com\/fr\/wp-json\/wp\/v2\/types\/page"}],"author":[{"embeddable":true,"href":"https:\/\/molenkoning.com\/fr\/wp-json\/wp\/v2\/users\/1"}],"replies":[{"embeddable":true,"href":"https:\/\/molenkoning.com\/fr\/wp-json\/wp\/v2\/comments?post=181164"}],"version-history":[{"count":2,"href":"https:\/\/molenkoning.com\/fr\/wp-json\/wp\/v2\/pages\/181164\/revisions"}],"predecessor-version":[{"id":181166,"href":"https:\/\/molenkoning.com\/fr\/wp-json\/wp\/v2\/pages\/181164\/revisions\/181166"}],"wp:attachment":[{"href":"https:\/\/molenkoning.com\/fr\/wp-json\/wp\/v2\/media?parent=181164"}],"curies":[{"name":"wp","href":"https:\/\/api.w.org\/{rel}","templated":true}]}}