{"id":170779,"date":"2022-12-08T09:56:36","date_gmt":"2022-12-08T09:56:36","guid":{"rendered":"https:\/\/molenkoning.com\/molenkoning-roofs\/"},"modified":"2024-04-19T13:02:14","modified_gmt":"2024-04-19T13:02:14","slug":"toitures-molenkoning","status":"publish","type":"page","link":"https:\/\/molenkoning.com\/fr\/toitures-molenkoning\/","title":{"rendered":"Toitures Molenkoning"},"content":{"rendered":"<p><div class=\"fusion-fullwidth fullwidth-box fusion-builder-row-1 fusion-flex-container nonhundred-percent-fullwidth non-hundred-percent-height-scrolling\" style=\"--awb-border-radius-top-left:0px;--awb-border-radius-top-right:0px;--awb-border-radius-bottom-right:0px;--awb-border-radius-bottom-left:0px;--awb-flex-wrap:wrap;\" ><div class=\"fusion-builder-row fusion-row fusion-flex-align-items-flex-start fusion-flex-content-wrap\" style=\"max-width:1144px;margin-left: calc(-4% \/ 2 );margin-right: calc(-4% \/ 2 );\"><div class=\"fusion-layout-column fusion_builder_column fusion-builder-column-0 fusion_builder_column_1_1 1_1 fusion-flex-column\" style=\"--awb-bg-size:cover;--awb-width-large:100%;--awb-margin-top-large:0px;--awb-spacing-right-large:1.92%;--awb-margin-bottom-large:20px;--awb-spacing-left-large:1.92%;--awb-width-medium:100%;--awb-spacing-right-medium:1.92%;--awb-spacing-left-medium:1.92%;--awb-width-small:100%;--awb-spacing-right-small:1.92%;--awb-spacing-left-small:1.92%;\"><div class=\"fusion-column-wrapper fusion-column-has-shadow fusion-flex-justify-content-flex-start fusion-content-layout-column\"><div class=\"fusion-title title fusion-title-1 fusion-sep-none fusion-title-text fusion-title-size-one\" style=\"--awb-text-color:#333333;\"><h1 class=\"fusion-title-heading title-heading-left\" style=\"margin:0;\">Toitures Molenkoning<\/h1><\/div><div class=\"fusion-text fusion-text-1\"><p>Molenkoning propose diff\u00e9rentes options de toitures pour votre marcheur pour chevaux ou votre espace de travail en longe. Cliquez sur les images ci-dessous pour voir les diff\u00e9rents types d&rsquo;options de toitures disponibles. Pour plus d&rsquo;informations, n&rsquo;h\u00e9sitez pas \u00e0 <a href=\"mailto:info@molenkoning.com\">contacter<\/a> l&rsquo;un de nos sp\u00e9cialistes !<\/p>\n<\/div><\/div><\/div><\/div><\/div><div class=\"fusion-fullwidth fullwidth-box fusion-builder-row-2 fusion-flex-container nonhundred-percent-fullwidth non-hundred-percent-height-scrolling\" style=\"--awb-border-radius-top-left:0px;--awb-border-radius-top-right:0px;--awb-border-radius-bottom-right:0px;--awb-border-radius-bottom-left:0px;--awb-flex-wrap:wrap;\" ><div class=\"fusion-builder-row fusion-row fusion-flex-align-items-flex-start fusion-flex-content-wrap\" style=\"max-width:1144px;margin-left: calc(-4% \/ 2 );margin-right: calc(-4% \/ 2 );\"><div class=\"fusion-layout-column fusion_builder_column fusion-builder-column-1 fusion_builder_column_1_1 1_1 fusion-flex-column innerflipbox\" style=\"--awb-bg-size:cover;--awb-width-large:100%;--awb-margin-top-large:0px;--awb-spacing-right-large:1.92%;--awb-margin-bottom-large:20px;--awb-spacing-left-large:1.92%;--awb-width-medium:100%;--awb-order-medium:0;--awb-spacing-right-medium:1.92%;--awb-spacing-left-medium:1.92%;--awb-width-small:100%;--awb-order-small:0;--awb-spacing-right-small:1.92%;--awb-spacing-left-small:1.92%;\"><div class=\"fusion-column-wrapper fusion-column-has-shadow fusion-flex-justify-content-flex-start fusion-content-layout-column\"><div class=\"fusion-flip-boxes flip-boxes row fusion-columns-3 flip-effect-classic equal-heights\" style=\"--awb-flip-duration:1.2s;\"><div class=\"fusion-flip-box-wrapper fusion-column col-lg-4 col-md-4 col-sm-4\"><div class=\"fusion-flip-box flip-up\" tabindex=\"0\"><div class=\"flip-box-inner-wrapper\"><div class=\"flip-box-front\"><div class=\"flip-box-front-inner\"><div class=\"flip-box-grafix flip-box-image\"><img decoding=\"async\" src=\"https:\/\/molenkoning.com\/wp-content\/uploads\/2020\/01\/track-roof-molenkoning.jpg\" width=\"280\" height=\"142\" alt=\"track roof 3d design\" \/><\/div><h2 class=\"flip-box-heading without-text\">Toit en piste<\/h2><\/div><\/div><div class=\"flip-box-back\" style=\"--awb-background-image-back:url(&#039;https:\/\/molenkoning.com\/wp-content\/uploads\/2020\/02\/Trackroof-600x400.jpg&#039;);\"><div class=\"flip-box-back-inner\"><h3 class=\"flip-box-heading-back\">Toit en piste<\/h3><a href=\"https:\/\/molenkoning.com\/fr\/produits\/toiture-de-piste-pour-marcheurs-pour-chevaux\/\">Toit en piste<\/a><\/div><\/div><\/div><\/div><\/div><div class=\"fusion-flip-box-wrapper fusion-column col-lg-4 col-md-4 col-sm-4\"><div class=\"fusion-flip-box flip-up\" tabindex=\"0\"><div class=\"flip-box-inner-wrapper\"><div class=\"flip-box-front\"><div class=\"flip-box-front-inner\"><div class=\"flip-box-grafix flip-box-image\"><img decoding=\"async\" src=\"https:\/\/molenkoning.com\/wp-content\/uploads\/2020\/01\/closed-roof-lunging-molenkoning.jpg\" width=\"280\" height=\"142\" alt=\"Lunging-ring 3D drawing\" \/><\/div><h2 class=\"flip-box-heading without-text\">Toit ferm\u00e9<\/h2><\/div><\/div><div class=\"flip-box-back\" style=\"--awb-background-image-back:url(&#039;https:\/\/molenkoning.com\/wp-content\/uploads\/2020\/02\/closed_roof.png&#039;);\"><div class=\"flip-box-back-inner\"><h3 class=\"flip-box-heading-back\">Toit ferm\u00e9<\/h3><a href=\"https:\/\/molenkoning.com\/fr\/produits\/toiture-fermee\/\">Toit ferm\u00e9<\/a><\/div><\/div><\/div><\/div><\/div><div class=\"fusion-flip-box-wrapper fusion-column col-lg-4 col-md-4 col-sm-4\"><div class=\"fusion-flip-box flip-up\" tabindex=\"0\"><div class=\"flip-box-inner-wrapper\"><div class=\"flip-box-front\"><div class=\"flip-box-front-inner\"><div class=\"flip-box-grafix flip-box-image\"><img decoding=\"async\" src=\"https:\/\/molenkoning.com\/wp-content\/uploads\/2020\/01\/entrance-molenkoning-for-horse-walkers.jpg\" width=\"280\" height=\"142\" alt=\"technical description of the covered entries\" \/><\/div><h2 class=\"flip-box-heading without-text\">Entr\u00e9es couvertes<\/h2><\/div><\/div><div class=\"flip-box-back\" style=\"--awb-background-image-back:url(&#039;https:\/\/molenkoning.com\/wp-content\/uploads\/2020\/02\/covered-entrance-600x453.jpg&#039;);\"><div class=\"flip-box-back-inner\"><h3 class=\"flip-box-heading-back\">Entr\u00e9es couvertes<\/h3><a href=\"https:\/\/molenkoning.com\/fr\/produits\/auvents-pour-toitures-equestres\/\">Auvents<\/a><\/div><\/div><\/div><\/div><\/div><\/div><\/div><\/div><\/div><\/div><\/p>\n","protected":false},"excerpt":{"rendered":"","protected":false},"author":1,"featured_media":0,"parent":0,"menu_order":0,"comment_status":"closed","ping_status":"closed","template":"","meta":{"_acf_changed":false,"content-type":"","footnotes":""},"class_list":["post-170779","page","type-page","status-publish","hentry"],"acf":[],"_links":{"self":[{"href":"https:\/\/molenkoning.com\/fr\/wp-json\/wp\/v2\/pages\/170779","targetHints":{"allow":["GET"]}}],"collection":[{"href":"https:\/\/molenkoning.com\/fr\/wp-json\/wp\/v2\/pages"}],"about":[{"href":"https:\/\/molenkoning.com\/fr\/wp-json\/wp\/v2\/types\/page"}],"author":[{"embeddable":true,"href":"https:\/\/molenkoning.com\/fr\/wp-json\/wp\/v2\/users\/1"}],"replies":[{"embeddable":true,"href":"https:\/\/molenkoning.com\/fr\/wp-json\/wp\/v2\/comments?post=170779"}],"version-history":[{"count":4,"href":"https:\/\/molenkoning.com\/fr\/wp-json\/wp\/v2\/pages\/170779\/revisions"}],"predecessor-version":[{"id":170783,"href":"https:\/\/molenkoning.com\/fr\/wp-json\/wp\/v2\/pages\/170779\/revisions\/170783"}],"wp:attachment":[{"href":"https:\/\/molenkoning.com\/fr\/wp-json\/wp\/v2\/media?parent=170779"}],"curies":[{"name":"wp","href":"https:\/\/api.w.org\/{rel}","templated":true}]}}