{"id":15992,"date":"2020-02-11T13:24:13","date_gmt":"2020-02-11T13:24:13","guid":{"rendered":"https:\/\/molenkoning.com\/structure-and-composition-of-a-molenkoning-horse-walker\/"},"modified":"2023-08-16T11:40:24","modified_gmt":"2023-08-16T11:40:24","slug":"structure-et-composition-dun-marcheur-pour-chevaux-molenkoning","status":"publish","type":"page","link":"https:\/\/molenkoning.com\/fr\/structure-et-composition-dun-marcheur-pour-chevaux-molenkoning\/","title":{"rendered":"Structure et composition d&rsquo;un marcheur pour chevaux Molenkoning"},"content":{"rendered":"<p><div class=\"fusion-fullwidth fullwidth-box fusion-builder-row-1 fusion-flex-container has-pattern-background has-mask-background nonhundred-percent-fullwidth non-hundred-percent-height-scrolling\" style=\"--awb-border-radius-top-left:0px;--awb-border-radius-top-right:0px;--awb-border-radius-bottom-right:0px;--awb-border-radius-bottom-left:0px;--awb-flex-wrap:wrap;\" ><div class=\"fusion-builder-row fusion-row fusion-flex-align-items-flex-start fusion-flex-content-wrap\" style=\"max-width:1144px;margin-left: calc(-4% \/ 2 );margin-right: calc(-4% \/ 2 );\"><div class=\"fusion-layout-column fusion_builder_column fusion-builder-column-0 fusion_builder_column_1_1 1_1 fusion-flex-column\" style=\"--awb-bg-size:cover;--awb-width-large:100%;--awb-margin-top-large:0px;--awb-spacing-right-large:1.92%;--awb-margin-bottom-large:20px;--awb-spacing-left-large:1.92%;--awb-width-medium:100%;--awb-order-medium:0;--awb-spacing-right-medium:1.92%;--awb-spacing-left-medium:1.92%;--awb-width-small:100%;--awb-order-small:0;--awb-spacing-right-small:1.92%;--awb-spacing-left-small:1.92%;\"><div class=\"fusion-column-wrapper fusion-column-has-shadow fusion-flex-justify-content-flex-start fusion-content-layout-column\"><div class=\"fusion-title title fusion-title-1 fusion-sep-none fusion-title-text fusion-title-size-one\" style=\"--awb-text-color:#333333;\"><h1 class=\"fusion-title-heading title-heading-left\" style=\"margin:0;\">La construction et la composition du marcheur pour chevaux Molenkoning.<\/h1><\/div><div class=\"fusion-text fusion-text-1\"><p>Le marcheur pour chevaux Molenkoning est convivial et poss\u00e8de une longue dur\u00e9e de vie gr\u00e2ce \u00e0 sa construction robuste. Le marcheur pour chevaux n\u00e9cessite peu d&rsquo;entretien, est tr\u00e8s s\u00fbr et est efficace en termes de consommation d&rsquo;\u00e9nergie. Nos marcheurs pour chevaux peuvent \u00eatre assembl\u00e9s par un technicien, mais sont principalement mont\u00e9s par nos clients eux-m\u00eames \u00e0 l&rsquo;aide d&rsquo;un manuel simple.<\/p>\n<p>Dans cet article, nous vous apprendrons tout sur la construction et la composition de notre marcheur pour chevaux. De cette fa\u00e7on, vous saurez tout sur les principaux sujets li\u00e9s \u00e0 l&rsquo;utilisation de notre marcheur pour chevaux. Si vous souhaitez en savoir plus sur l&rsquo;entra\u00eenement avec un marcheur pour chevaux, <a href=\"https:\/\/molenkoning.com\/fr\/entrainement-avec-marcheurs-pour-chevaux\/\">cliquez ici<\/a> pour un article sur ce sujet. De plus, dans cet article, vous apprendrez les points suivants :<\/p>\n<ul>\n<li>S\u00e9curit\u00e9 pour le cheval et l&rsquo;entra\u00eeneur<\/li>\n<li>Mat\u00e9riaux de haute qualit\u00e9 et finition soign\u00e9e<\/li>\n<li>Service de premi\u00e8re classe avant et apr\u00e8s la vente<\/li>\n<li>Utilisation facile avec des boutons fonctionnels<\/li>\n<li>Meilleur rapport qualit\u00e9-prix<\/li>\n<\/ul>\n<\/div><\/div><\/div><div class=\"fusion-layout-column fusion_builder_column fusion-builder-column-1 fusion_builder_column_1_1 1_1 fusion-flex-column\" style=\"--awb-bg-size:cover;--awb-width-large:100%;--awb-margin-top-large:0px;--awb-spacing-right-large:1.92%;--awb-margin-bottom-large:20px;--awb-spacing-left-large:1.92%;--awb-width-medium:100%;--awb-order-medium:0;--awb-spacing-right-medium:1.92%;--awb-spacing-left-medium:1.92%;--awb-width-small:100%;--awb-order-small:0;--awb-spacing-right-small:1.92%;--awb-spacing-left-small:1.92%;\"><div class=\"fusion-column-wrapper fusion-column-has-shadow fusion-flex-justify-content-flex-start fusion-content-layout-column\"><div class=\"fusion-title title fusion-title-2 fusion-sep-none fusion-title-text fusion-title-size-one\" style=\"--awb-text-color:#333333;\"><h1 class=\"fusion-title-heading title-heading-left\" style=\"margin:0;\">Le marcheur pour chevaux et la s\u00e9curit\u00e9 de votre cheval<\/h1><\/div><div class=\"fusion-text fusion-text-2\"><p>La s\u00e9curit\u00e9 et la qualit\u00e9 sont au sommet de notre liste de priorit\u00e9s, et il en va de m\u00eame pour nous. C&rsquo;est pourquoi notre marcheur pour chevaux est toujours \u00e9quip\u00e9 d&rsquo;un moteur \u00e9lectrique de 220V, con\u00e7u pour une longue dur\u00e9e de vie d&rsquo;au moins 15 000 heures.<\/p>\n<\/div><\/div><\/div><\/div><\/div><div class=\"fusion-fullwidth fullwidth-box fusion-builder-row-2 has-pattern-background has-mask-background ctabannerouter hundred-percent-fullwidth non-hundred-percent-height-scrolling fusion-equal-height-columns\" style=\"--awb-border-radius-top-left:0px;--awb-border-radius-top-right:0px;--awb-border-radius-bottom-right:0px;--awb-border-radius-bottom-left:0px;--awb-padding-right:0px;--awb-padding-left:0px;--awb-margin-bottom:20px;--awb-flex-wrap:wrap;\" ><div class=\"fusion-builder-row fusion-row\"><div class=\"fusion-layout-column fusion_builder_column fusion-builder-column-2 fusion_builder_column_1_3 1_3 fusion-one-third fusion-column-first\" style=\"--awb-padding-top:50px;--awb-padding-right:50px;--awb-padding-bottom:50px;--awb-padding-left:50px;--awb-bg-color:#484848;--awb-bg-color-hover:#484848;--awb-bg-size:cover;--awb-margin-bottom:0px;width:33.333333333333%;width:calc(33.333333333333% - ( ( 0 ) * 0.33333333333333 ) );margin-right: 0px;\"><div class=\"fusion-column-wrapper fusion-column-has-shadow fusion-flex-column-wrapper-legacy\"><div class=\"fusion-title title fusion-title-3 fusion-sep-none fusion-title-text fusion-title-size-two\" style=\"--awb-text-color:#ffffff;\"><h2 class=\"fusion-title-heading title-heading-left\" style=\"margin:0;\">Posez maintenant vos questions \u00e0 nos sp\u00e9cialistes<\/h2><\/div><div class=\"fusion-text fusion-text-3\" style=\"--awb-text-color:#ffffff;\"><p>Vous avez des questions sur l&rsquo;installation, le montage ou l&rsquo;utilisation d&rsquo;un marcheur pour chevaux ?<\/p>\n<\/div><div class=\"fusion-clearfix\"><\/div><\/div><\/div><div class=\"fusion-layout-column fusion_builder_column fusion-builder-column-3 fusion_builder_column_2_3 2_3 fusion-two-third fusion-column-last ctabannerinner\" style=\"--awb-padding-top:50px;--awb-padding-right:50px;--awb-padding-bottom:51px;--awb-padding-left:30px;--awb-bg-color:rgba(0,0,0,0.38);--awb-bg-color-hover:rgba(0,0,0,0.38);--awb-bg-image:url(&#039;https:\/\/molenkoning.com\/wp-content\/uploads\/2021\/09\/Molenkoning-66.jpeg&#039;);--awb-bg-position:center center;--awb-bg-size:cover;--awb-margin-bottom:0px;width:66.666666666667%;width:calc(66.666666666667% - ( ( 0 ) * 0.66666666666667 ) );\"><div class=\"fusion-column-wrapper fusion-column-has-shadow fusion-flex-column-wrapper-legacy fusion-column-has-bg-image\" data-bg-url=\"https:\/\/molenkoning.com\/wp-content\/uploads\/2021\/09\/Molenkoning-66.jpeg\"><div class=\"fusion-image-element fusion-image-align-center in-legacy-container\" style=\"text-align:center;--awb-margin-bottom:10px;--awb-caption-title-font-family:var(--h2_typography-font-family);--awb-caption-title-font-weight:var(--h2_typography-font-weight);--awb-caption-title-font-style:var(--h2_typography-font-style);--awb-caption-title-size:var(--h2_typography-font-size);--awb-caption-title-transform:var(--h2_typography-text-transform);--awb-caption-title-line-height:var(--h2_typography-line-height);--awb-caption-title-letter-spacing:var(--h2_typography-letter-spacing);\"><div class=\"imageframe-align-center\"><span class=\" fusion-imageframe imageframe-none imageframe-1 hover-type-none\"><img decoding=\"async\" width=\"200\" height=\"200\" title=\"ctabannerton\" src=\"https:\/\/molenkoning.com\/wp-content\/uploads\/2022\/03\/ctabannerton.png\" alt class=\"img-responsive wp-image-152290\" srcset=\"https:\/\/molenkoning.com\/wp-content\/uploads\/2022\/03\/ctabannerton-66x66.png 66w, https:\/\/molenkoning.com\/wp-content\/uploads\/2022\/03\/ctabannerton-150x150.png 150w, https:\/\/molenkoning.com\/wp-content\/uploads\/2022\/03\/ctabannerton.png 200w\" sizes=\"(max-width: 200px) 100vw, 200px\" \/><\/span><\/div><\/div><div class=\"fusion-text fusion-text-4 hubspotbuttn\">\n\t\t<!--HubSpot Call-to-Action Code -->\n\t\t<span class=\"hs-cta-wrapper\" id=\"hs-cta-wrapper-8fb65b10-04ec-4ae7-92dc-2e1ff6df1491\">\n\t\t<span class=\"hs-cta-node hs-cta-8fb65b10-04ec-4ae7-92dc-2e1ff6df1491\" id=\"8fb65b10-04ec-4ae7-92dc-2e1ff6df1491\">\n\t\t<!--[if lte IE 8]>\n\t\t<div id=\"hs-cta-ie-element\"><\/div>\n\t\t<![endif]-->\n\t\t<a href=\"https:\/\/cta-redirect.hubspot.com\/cta\/redirect\/7963348\/8fb65b10-04ec-4ae7-92dc-2e1ff6df1491\" >\n\t\t<img decoding=\"async\" class=\"hs-cta-img\" id=\"hs-cta-img-8fb65b10-04ec-4ae7-92dc-2e1ff6df1491\" style=\"border-width:0px;\" src=\"https:\/\/no-cache.hubspot.com\/cta\/default\/7963348\/8fb65b10-04ec-4ae7-92dc-2e1ff6df1491.png\"  alt=\"New call-to-action\"\/>\n\t\t<\/a>\n\t\t<\/span>\n\t\t<script charset=\"utf-8\" src=\"\/\/js.hubspot.com\/cta\/current.js\"><\/script>\n\t\t<script>\n\t\thbspt.cta.load(7963348, '8fb65b10-04ec-4ae7-92dc-2e1ff6df1491', {});\n\t\t<\/script>\n\t\t<\/span>\n\t\t<!-- end HubSpot Call-to-Action Code -->\n\t\t\n<\/div><div class=\"fusion-clearfix\"><\/div><\/div><\/div><\/div><\/div><div class=\"fusion-fullwidth fullwidth-box fusion-builder-row-3 fusion-flex-container has-pattern-background has-mask-background nonhundred-percent-fullwidth non-hundred-percent-height-scrolling\" style=\"--awb-border-radius-top-left:0px;--awb-border-radius-top-right:0px;--awb-border-radius-bottom-right:0px;--awb-border-radius-bottom-left:0px;--awb-margin-top:20px;--awb-flex-wrap:wrap;\" ><div class=\"fusion-builder-row fusion-row fusion-flex-align-items-flex-start fusion-flex-content-wrap\" style=\"max-width:1144px;margin-left: calc(-4% \/ 2 );margin-right: calc(-4% \/ 2 );\"><div class=\"fusion-layout-column fusion_builder_column fusion-builder-column-4 fusion_builder_column_1_1 1_1 fusion-flex-column\" style=\"--awb-bg-size:cover;--awb-width-large:100%;--awb-margin-top-large:0px;--awb-spacing-right-large:1.92%;--awb-margin-bottom-large:20px;--awb-spacing-left-large:1.92%;--awb-width-medium:100%;--awb-order-medium:0;--awb-spacing-right-medium:1.92%;--awb-spacing-left-medium:1.92%;--awb-width-small:100%;--awb-order-small:0;--awb-spacing-right-small:1.92%;--awb-spacing-left-small:1.92%;\"><div class=\"fusion-column-wrapper fusion-column-has-shadow fusion-flex-justify-content-flex-start fusion-content-layout-column\"><div class=\"fusion-title title fusion-title-4 fusion-sep-none fusion-title-text fusion-title-size-two\"><h2 class=\"fusion-title-heading title-heading-left\" style=\"margin:0;\">Sp\u00e9cifications d&rsquo;un marcheur pour chevaux de haute qualit\u00e9<\/h2><\/div><div class=\"fusion-text fusion-text-5\"><p>Des roulements de haute qualit\u00e9, une transmission par courroie en V silencieuse avec une longue dur\u00e9e de vie et une s\u00e9curit\u00e9 maximale pour votre cheval. De plus, toute la construction est galvanis\u00e9e et r\u00e9sistante \u00e0 l&rsquo;eau. La construction est enti\u00e8rement galvanis\u00e9e \u00e0 chaud et poss\u00e8de un centre de gravit\u00e9 bas pour une meilleure stabilit\u00e9. Nos tailles standard sont de 10, 12, 15, 16, 18 et 20 m\u00e8tres de diam\u00e8tre, pour 3 \u00e0 8 chevaux. Des marcheurs pour chevaux sur mesure sont \u00e9galement possibles.<br \/>\nLes marcheurs pour chevaux sont \u00e9quip\u00e9s d&rsquo;un syst\u00e8me de contr\u00f4le convivial avec un r\u00e9gulateur de fr\u00e9quence num\u00e9rique de la plus haute qualit\u00e9.<\/p>\n<\/div><\/div><\/div><div class=\"fusion-layout-column fusion_builder_column fusion-builder-column-5 fusion_builder_column_1_1 1_1 fusion-flex-column\" style=\"--awb-bg-size:cover;--awb-width-large:100%;--awb-margin-top-large:0px;--awb-spacing-right-large:1.92%;--awb-margin-bottom-large:20px;--awb-spacing-left-large:1.92%;--awb-width-medium:100%;--awb-order-medium:0;--awb-spacing-right-medium:1.92%;--awb-spacing-left-medium:1.92%;--awb-width-small:100%;--awb-order-small:0;--awb-spacing-right-small:1.92%;--awb-spacing-left-small:1.92%;\"><div class=\"fusion-column-wrapper fusion-column-has-shadow fusion-flex-justify-content-flex-start fusion-content-layout-column\"><div class=\"fusion-title title fusion-title-5 fusion-sep-none fusion-title-text fusion-title-size-two\"><h2 class=\"fusion-title-heading title-heading-left\" style=\"margin:0;\">Les portes pousseuses constituent la base de votre futur marcheur pour chevaux ?<\/h2><\/div><div class=\"fusion-text fusion-text-6\"><p>Les portes pousseuses avec des barres prolongent la dur\u00e9e de vie du moteur car elles offrent peu de r\u00e9sistance. Les portes pousseuses sont toutes rempla\u00e7ables individuellement si n\u00e9cessaire. Tous les marcheurs pour chevaux sont \u00e9quip\u00e9s d&rsquo;un syst\u00e8me \u00e9lectrique de stimulation, car la s\u00e9curit\u00e9 des chevaux passe avant tout !<br \/>\nCe syst\u00e8me de portes pousseuses garantit \u00e9galement que chaque impact n&rsquo;est pas absorb\u00e9 par la structure ou le syst\u00e8me d&rsquo;entra\u00eenement. Chaque marcheur pour chevaux est \u00e9quip\u00e9 de barres en aluminium qui conduisent une charge \u00e9lectrique si d\u00e9sir\u00e9. Ces barres donnent une l\u00e9g\u00e8re d\u00e9charge de 6 joules. Cela est seulement utile au d\u00e9but lorsque vous souhaitez habituer les chevaux \u00e0 marcher dans un marcheur pour chevaux. Au fil du temps, l&rsquo;animal fera ses tours dans le marcheur pour chevaux de mani\u00e8re ind\u00e9pendante et avec grand plaisir.<\/p>\n<\/div><\/div><\/div><\/div><\/div><div class=\"fusion-fullwidth fullwidth-box fusion-builder-row-4 ctabannerouter nonhundred-percent-fullwidth non-hundred-percent-height-scrolling fusion-equal-height-columns\" style=\"--awb-border-radius-top-left:0px;--awb-border-radius-top-right:0px;--awb-border-radius-bottom-right:0px;--awb-border-radius-bottom-left:0px;--awb-margin-bottom:20px;--awb-flex-wrap:wrap;\" ><div class=\"fusion-builder-row fusion-row\"><div class=\"fusion-layout-column fusion_builder_column fusion-builder-column-6 fusion_builder_column_1_3 1_3 fusion-one-third fusion-column-first\" style=\"--awb-padding-top:50px;--awb-padding-right:50px;--awb-padding-bottom:50px;--awb-padding-left:50px;--awb-bg-color:#484848;--awb-bg-color-hover:#484848;--awb-bg-size:cover;--awb-margin-bottom:0px;width:33.333333333333%;width:calc(33.333333333333% - ( ( 0 ) * 0.33333333333333 ) );margin-right: 0px;\"><div class=\"fusion-column-wrapper fusion-column-has-shadow fusion-flex-column-wrapper-legacy\"><div class=\"fusion-title title fusion-title-6 fusion-sep-none fusion-title-text fusion-title-size-two\" style=\"--awb-text-color:#ffffff;\"><h2 class=\"fusion-title-heading title-heading-left\" style=\"margin:0;\">Votre cheval fait-il suffisamment d&rsquo;exercice, m\u00eame en hiver ?<\/h2><\/div><div class=\"fusion-text fusion-text-7\" style=\"--awb-text-color:#ffffff;\"><p>D\u00e9couvrez comment garder votre cheval en forme toute l&rsquo;ann\u00e9e dans cet e-book<\/p>\n<\/div><div class=\"fusion-clearfix\"><\/div><\/div><\/div><div class=\"fusion-layout-column fusion_builder_column fusion-builder-column-7 fusion_builder_column_2_3 2_3 fusion-two-third fusion-column-last ctabannerinner\" style=\"--awb-padding-top:50px;--awb-padding-right:50px;--awb-padding-bottom:51px;--awb-padding-left:30px;--awb-bg-color:rgba(0,0,0,0.38);--awb-bg-color-hover:rgba(0,0,0,0.38);--awb-bg-image:url(&#039;https:\/\/molenkoning.com\/wp-content\/uploads\/2021\/09\/Weide-stockfoto-unsplash.jpeg&#039;);--awb-bg-position:center center;--awb-bg-size:cover;--awb-margin-bottom:0px;width:66.666666666667%;width:calc(66.666666666667% - ( ( 0 ) * 0.66666666666667 ) );\"><div class=\"fusion-column-wrapper fusion-column-has-shadow fusion-flex-column-wrapper-legacy fusion-column-has-bg-image\" data-bg-url=\"https:\/\/molenkoning.com\/wp-content\/uploads\/2021\/09\/Weide-stockfoto-unsplash.jpeg\"><div class=\"fusion-image-element fusion-image-align-center in-legacy-container\" style=\"text-align:center;--awb-margin-bottom:10px;--awb-max-width:150px;--awb-caption-title-font-family:var(--h2_typography-font-family);--awb-caption-title-font-weight:var(--h2_typography-font-weight);--awb-caption-title-font-style:var(--h2_typography-font-style);--awb-caption-title-size:var(--h2_typography-font-size);--awb-caption-title-transform:var(--h2_typography-text-transform);--awb-caption-title-line-height:var(--h2_typography-line-height);--awb-caption-title-letter-spacing:var(--h2_typography-letter-spacing);\"><div class=\"imageframe-align-center\"><span class=\" fusion-imageframe imageframe-none imageframe-2 hover-type-none\"><img decoding=\"async\" width=\"2560\" height=\"2317\" title=\"Molenkoning_Mockup Ebook_FR staand copy\" src=\"https:\/\/molenkoning.com\/wp-content\/uploads\/2022\/08\/Molenkoning_Mockup-Ebook_FR-staand-copy.png\" alt class=\"img-responsive wp-image-156020\"\/><\/span><\/div><\/div><div class=\"fusion-text fusion-text-8 hubspotbuttn\">\n\t\t<!--HubSpot Call-to-Action Code -->\n\t\t<span class=\"hs-cta-wrapper\" id=\"hs-cta-wrapper-31471f71-5b73-4a2e-8201-17877ed88e45\">\n\t\t<span class=\"hs-cta-node hs-cta-31471f71-5b73-4a2e-8201-17877ed88e45\" id=\"31471f71-5b73-4a2e-8201-17877ed88e45\">\n\t\t<!--[if lte IE 8]>\n\t\t<div id=\"hs-cta-ie-element\"><\/div>\n\t\t<![endif]-->\n\t\t<a href=\"https:\/\/cta-redirect.hubspot.com\/cta\/redirect\/7963348\/31471f71-5b73-4a2e-8201-17877ed88e45\" >\n\t\t<img decoding=\"async\" class=\"hs-cta-img\" id=\"hs-cta-img-31471f71-5b73-4a2e-8201-17877ed88e45\" style=\"border-width:0px;\" src=\"https:\/\/no-cache.hubspot.com\/cta\/default\/7963348\/31471f71-5b73-4a2e-8201-17877ed88e45.png\"  alt=\"New call-to-action\"\/>\n\t\t<\/a>\n\t\t<\/span>\n\t\t<script charset=\"utf-8\" src=\"\/\/js.hubspot.com\/cta\/current.js\"><\/script>\n\t\t<script>\n\t\thbspt.cta.load(7963348, '31471f71-5b73-4a2e-8201-17877ed88e45', {});\n\t\t<\/script>\n\t\t<\/span>\n\t\t<!-- end HubSpot Call-to-Action Code -->\n\t\t\n<\/div><div class=\"fusion-clearfix\"><\/div><\/div><\/div><\/div><\/div><div class=\"fusion-fullwidth fullwidth-box fusion-builder-row-5 fusion-flex-container has-pattern-background has-mask-background nonhundred-percent-fullwidth non-hundred-percent-height-scrolling\" style=\"--awb-border-radius-top-left:0px;--awb-border-radius-top-right:0px;--awb-border-radius-bottom-right:0px;--awb-border-radius-bottom-left:0px;--awb-flex-wrap:wrap;\" ><div class=\"fusion-builder-row fusion-row fusion-flex-align-items-flex-start fusion-flex-content-wrap\" style=\"max-width:1144px;margin-left: calc(-4% \/ 2 );margin-right: calc(-4% \/ 2 );\"><div class=\"fusion-layout-column fusion_builder_column fusion-builder-column-8 fusion_builder_column_1_1 1_1 fusion-flex-column\" style=\"--awb-bg-size:cover;--awb-width-large:100%;--awb-margin-top-large:0px;--awb-spacing-right-large:1.92%;--awb-margin-bottom-large:20px;--awb-spacing-left-large:1.92%;--awb-width-medium:100%;--awb-order-medium:0;--awb-spacing-right-medium:1.92%;--awb-spacing-left-medium:1.92%;--awb-width-small:100%;--awb-order-small:0;--awb-spacing-right-small:1.92%;--awb-spacing-left-small:1.92%;\"><div class=\"fusion-column-wrapper fusion-column-has-shadow fusion-flex-justify-content-flex-start fusion-content-layout-column\"><div class=\"fusion-title title fusion-title-7 fusion-sep-none fusion-title-text fusion-title-size-two\"><h2 class=\"fusion-title-heading title-heading-left\" style=\"margin:0;\">Une s\u00e9curit\u00e9 suppl\u00e9mentaire est assur\u00e9e gr\u00e2ce aux barres de protection Safeguard de Molenkoning.<\/h2><\/div><div class=\"fusion-text fusion-text-9\"><p>Pour ceux qui souhaitent ajouter une s\u00e9curit\u00e9 suppl\u00e9mentaire \u00e0 leur marcheur pour chevaux, nous proposons les barres de protection Safeguard de Molenkoning. Les portes pousseuses sont alors \u00e9quip\u00e9es de barres en plastique (poly\u00e9thyl\u00e8ne). Ces barres sont extr\u00eamement solides tout en \u00e9tant tr\u00e8s flexibles. Elles conservent leur flexibilit\u00e9 m\u00eame par des temp\u00e9ratures inf\u00e9rieures au point de cong\u00e9lation.<\/p>\n<p>Ces barres peuvent se plier mais retrouvent imm\u00e9diatement leur forme normale. Elles pr\u00e9viennent les fractures et le plastique emp\u00eache la formation de bords tranchants. Les barres sont recouvertes d&rsquo;un rev\u00eatement en aluminium, ce qui permet au dispositif de d\u00e9charge \u00e9lectrique de fonctionner en combinaison avec nos barres de protection Safeguard.<\/p>\n<p>Pour r\u00e9duire la visibilit\u00e9 des chevaux pendant l&rsquo;entra\u00eenement des chevaux sauvages et des \u00e9talons, il est \u00e9galement possible d&rsquo;\u00e9quiper les portes pousseuses d&rsquo;un filet pare-vent.<\/p>\n<\/div><\/div><\/div><\/div><\/div><\/p>\n","protected":false},"excerpt":{"rendered":"","protected":false},"author":1,"featured_media":0,"parent":0,"menu_order":0,"comment_status":"closed","ping_status":"closed","template":"","meta":{"_acf_changed":false,"content-type":"","footnotes":""},"class_list":["post-15992","page","type-page","status-publish","hentry"],"acf":[],"_links":{"self":[{"href":"https:\/\/molenkoning.com\/fr\/wp-json\/wp\/v2\/pages\/15992","targetHints":{"allow":["GET"]}}],"collection":[{"href":"https:\/\/molenkoning.com\/fr\/wp-json\/wp\/v2\/pages"}],"about":[{"href":"https:\/\/molenkoning.com\/fr\/wp-json\/wp\/v2\/types\/page"}],"author":[{"embeddable":true,"href":"https:\/\/molenkoning.com\/fr\/wp-json\/wp\/v2\/users\/1"}],"replies":[{"embeddable":true,"href":"https:\/\/molenkoning.com\/fr\/wp-json\/wp\/v2\/comments?post=15992"}],"version-history":[{"count":11,"href":"https:\/\/molenkoning.com\/fr\/wp-json\/wp\/v2\/pages\/15992\/revisions"}],"predecessor-version":[{"id":174357,"href":"https:\/\/molenkoning.com\/fr\/wp-json\/wp\/v2\/pages\/15992\/revisions\/174357"}],"wp:attachment":[{"href":"https:\/\/molenkoning.com\/fr\/wp-json\/wp\/v2\/media?parent=15992"}],"curies":[{"name":"wp","href":"https:\/\/api.w.org\/{rel}","templated":true}]}}