{"id":11702,"date":"2020-01-27T16:51:09","date_gmt":"2020-01-27T16:51:09","guid":{"rendered":"https:\/\/molenkoning.com\/product\/"},"modified":"2024-10-08T09:58:31","modified_gmt":"2024-10-08T09:58:31","slug":"produits","status":"publish","type":"page","link":"https:\/\/molenkoning.com\/fr\/produits\/","title":{"rendered":"Produits"},"content":{"rendered":"<div class=\"fusion-fullwidth fullwidth-box fusion-builder-row-1 nonhundred-percent-fullwidth non-hundred-percent-height-scrolling\" style=\"--awb-border-radius-top-left:0px;--awb-border-radius-top-right:0px;--awb-border-radius-bottom-right:0px;--awb-border-radius-bottom-left:0px;--awb-flex-wrap:wrap;\" ><div class=\"fusion-builder-row fusion-row\"><div class=\"fusion-layout-column fusion_builder_column fusion-builder-column-0 fusion_builder_column_1_1 1_1 fusion-one-full fusion-column-first fusion-column-last\" style=\"--awb-bg-size:cover;\"><div class=\"fusion-column-wrapper fusion-column-has-shadow fusion-flex-column-wrapper-legacy\"><div class=\"fusion-flip-boxes flip-boxes row fusion-columns-3 flip-effect-classic equal-heights\" style=\"--awb-flip-duration:1.2s;\"><div class=\"fusion-flip-box-wrapper fusion-column col-lg-4 col-md-4 col-sm-4\"><div class=\"fusion-flip-box flip-up\" tabindex=\"0\"><div class=\"flip-box-inner-wrapper\"><div class=\"flip-box-front\"><div class=\"flip-box-front-inner\"><div class=\"flip-box-grafix flip-box-image\"><img decoding=\"async\" src=\"https:\/\/molenkoning.com\/wp-content\/uploads\/2020\/01\/molen.jpg\" width=\"280\" height=\"142\" alt=\"3d drawing of a horsewalker\" \/><\/div><h2 class=\"flip-box-heading without-text\">Marcheur<\/h2><\/div><\/div><div class=\"flip-box-back\" style=\"--awb-background-image-back:url(&#039;https:\/\/molenkoning.com\/wp-content\/uploads\/2020\/02\/Horsewalker-600x400.jpg&#039;);\"><div class=\"flip-box-back-inner\"><h3 class=\"flip-box-heading-back\">Marcheur<\/h3>\n<p>Le marcheur pour chevaux Molenkoning est une construction en acier galvanis\u00e9 \u00e0 chaud, pr\u00eat \u00e0 l&#8217;emploi.<br \/>\n<a href=\"https:\/\/molenkoning.com\/fr\/produits\/marcheurs-pour-chevaux\/\">Lire la suite<\/a><\/p>\n<\/div><\/div><\/div><\/div><\/div><div class=\"fusion-flip-box-wrapper fusion-column col-lg-4 col-md-4 col-sm-4\"><div class=\"fusion-flip-box flip-up\" tabindex=\"0\"><div class=\"flip-box-inner-wrapper\"><div class=\"flip-box-front\"><div class=\"flip-box-front-inner\"><div class=\"flip-box-grafix flip-box-image\"><img decoding=\"async\" src=\"https:\/\/molenkoning.com\/wp-content\/uploads\/2022\/09\/The-Rail-Gliding-Walker-2-1200x675.png\" width=\"1200\" height=\"675\" alt=\"The Rail Gliding Walker - 2\" \/><\/div><h2 class=\"flip-box-heading without-text\">Marcheurs sur rails<\/h2><\/div><\/div><div class=\"flip-box-back\" style=\"--awb-background-image-back:url(&#039;https:\/\/molenkoning.com\/wp-content\/uploads\/2020\/02\/railgliding-600x451.jpg&#039;);\"><div class=\"flip-box-back-inner\"><h3 class=\"flip-box-heading-back\">Marcheurs sur rails<\/h3>\n<p>La derni\u00e8re innovation Molenkoning en date, pour ceux qui souhaitent quelque chose de diff\u00e9rent, est le marcheur oval qui ne connait pas de limites en terme de dimensions.<\/p>\n<p><a href=\"https:\/\/molenkoning.com\/fr\/produits\/marcheur-pour-chevaux-sur-rail\/\">Lire la suite<\/a><\/p>\n<\/div><\/div><\/div><\/div><\/div><div class=\"fusion-flip-box-wrapper fusion-column col-lg-4 col-md-4 col-sm-4\"><div class=\"fusion-flip-box flip-up\" tabindex=\"0\"><div class=\"flip-box-inner-wrapper\"><div class=\"flip-box-front\"><div class=\"flip-box-front-inner\"><div class=\"flip-box-grafix flip-box-image\"><img decoding=\"async\" src=\"https:\/\/molenkoning.com\/wp-content\/uploads\/2020\/01\/skywalker-molenkoning.jpg\" width=\"280\" height=\"142\" alt=\"3D design of a skywalker\" \/><\/div><h2 class=\"flip-box-heading without-text\">Skywalker<\/h2><\/div><\/div><div class=\"flip-box-back\" style=\"--awb-background-image-back:url(&#039;https:\/\/molenkoning.com\/wp-content\/uploads\/2020\/02\/Skywalker-1-600x400.jpg&#039;);\"><div class=\"flip-box-back-inner\"><h3 class=\"flip-box-heading-back\">Skywalker<\/h3>\n<p>Le Skywalker est un marcheur innovant fix\u00e9 \u00e0 la toiture. Vous gagnez de l&rsquo;espace en utilisant le centre laiss\u00e9 libre comme rond de longe.<\/p>\n<p><a href=\"https:\/\/molenkoning.com\/fr\/produits\/marcheur-pour-chevaux-suspendu-skywalker\/\">Lire la suite<\/a><\/p>\n<\/div><\/div><\/div><\/div><\/div><div class=\"fusion-flip-box-wrapper fusion-column col-lg-4 col-md-4 col-sm-4\"><div class=\"fusion-flip-box flip-up\" tabindex=\"0\"><div class=\"flip-box-inner-wrapper\"><div class=\"flip-box-front\"><div class=\"flip-box-front-inner\"><div class=\"flip-box-grafix flip-box-image\"><img decoding=\"async\" src=\"https:\/\/molenkoning.com\/wp-content\/uploads\/2020\/01\/track-roof-molenkoning.jpg\" width=\"280\" height=\"142\" alt=\"track roof 3d design\" \/><\/div><h2 class=\"flip-box-heading without-text\">Toiture de piste<\/h2><\/div><\/div><div class=\"flip-box-back\" style=\"--awb-background-image-back:url(&#039;https:\/\/molenkoning.com\/wp-content\/uploads\/2020\/02\/Trackroof-600x400.jpg&#039;);\"><div class=\"flip-box-back-inner\"><h3 class=\"flip-box-heading-back\">Toiture de piste<\/h3>\n<p>Une toiture de piste au dessus du marcheur assure \u00e0 vos chevaux une bonne protection contre les intemp\u00e9ries.<\/p>\n<p><a href=\"https:\/\/molenkoning.com\/fr\/produits\/toiture-de-piste-pour-marcheurs-pour-chevaux\/\">Lire la suite<\/a><\/p>\n<\/div><\/div><\/div><\/div><\/div><div class=\"fusion-flip-box-wrapper fusion-column col-lg-4 col-md-4 col-sm-4\"><div class=\"fusion-flip-box flip-up\" tabindex=\"0\"><div class=\"flip-box-inner-wrapper\"><div class=\"flip-box-front\"><div class=\"flip-box-front-inner\"><div class=\"flip-box-grafix flip-box-image\"><img decoding=\"async\" src=\"https:\/\/molenkoning.com\/wp-content\/uploads\/2020\/01\/closed-roof-lunging-molenkoning.jpg\" width=\"280\" height=\"142\" alt=\"Lunging-ring 3D drawing\" \/><\/div><h2 class=\"flip-box-heading without-text\">Toiture ferm\u00e9e<\/h2><\/div><\/div><div class=\"flip-box-back\" style=\"--awb-background-image-back:url(&#039;https:\/\/molenkoning.com\/wp-content\/uploads\/2020\/02\/closed_roof.png&#039;);\"><div class=\"flip-box-back-inner\"><h3 class=\"flip-box-heading-back\">Toiture ferm\u00e9e<\/h3>\n<p>Molenkoning con\u00e7oit et r\u00e9alise l&rsquo;installation \u00e9questre de vos r\u00eaves.<br \/>\n<a href=\"https:\/\/molenkoning.com\/fr\/produits\/lunging-pen-with-closed-roof\/\">Lire la suite<\/a><\/p>\n<\/div><\/div><\/div><\/div><\/div><div class=\"fusion-flip-box-wrapper fusion-column col-lg-4 col-md-4 col-sm-4\"><div class=\"fusion-flip-box flip-up\" tabindex=\"0\"><div class=\"flip-box-inner-wrapper\"><div class=\"flip-box-front\"><div class=\"flip-box-front-inner\"><div class=\"flip-box-grafix flip-box-image\"><img decoding=\"async\" src=\"https:\/\/molenkoning.com\/wp-content\/uploads\/2020\/01\/entrance-molenkoning-for-horse-walkers.jpg\" width=\"280\" height=\"142\" alt=\"technical description of the covered entries\" \/><\/div><h2 class=\"flip-box-heading without-text\">Auvents<\/h2><\/div><\/div><div class=\"flip-box-back\" style=\"--awb-background-image-back:url(&#039;https:\/\/molenkoning.com\/wp-content\/uploads\/2020\/02\/covered-entrance-600x453.jpg&#039;);\"><div class=\"flip-box-back-inner\"><h3 class=\"flip-box-heading-back\">Auvents<\/h3>\n<p>Un auvent am\u00e9liore l&rsquo;esth\u00e9tique de votre b\u00e2timent, mais il vous permet surtout de faire entrer les chevaux plus facilement lorsqu&rsquo;il pleut.<\/p>\n<p><a href=\"https:\/\/molenkoning.com\/fr\/produits\/covered-entrances-for-equestrian-roofs\/\">Lire la suite<\/a><\/p>\n<\/div><\/div><\/div><\/div><\/div><div class=\"fusion-flip-box-wrapper fusion-column col-lg-4 col-md-4 col-sm-4\"><div class=\"fusion-flip-box flip-up\" tabindex=\"0\"><div class=\"flip-box-inner-wrapper\"><div class=\"flip-box-front\"><div class=\"flip-box-front-inner\"><div class=\"flip-box-grafix flip-box-image\"><img decoding=\"async\" src=\"https:\/\/molenkoning.com\/wp-content\/uploads\/2020\/01\/round-fence.jpg\" width=\"280\" height=\"142\" alt=\"Round fence MK\" \/><\/div><h2 class=\"flip-box-heading without-text\">Cl\u00f4ture arrondie<\/h2><\/div><\/div><div class=\"flip-box-back\" style=\"--awb-background-image-back:url(&#039;https:\/\/molenkoning.com\/wp-content\/uploads\/2020\/02\/roundfence-600x400.jpg&#039;);\"><div class=\"flip-box-back-inner\"><h3 class=\"flip-box-heading-back\">Cl\u00f4ture arrondie<\/h3>\n<p>La cl\u00f4ture arrondie est notre bijou. Des ann\u00e9es de recherche, de d\u00e9veloppement et d&rsquo;innovation nous ont permis de pouvoir offrir \u00e0 nos clients la cl\u00f4ture la plus s\u00fbre aujourd&rsquo;hui sur le march\u00e9.<\/p>\n<p><a href=\"https:\/\/molenkoning.com\/fr\/horse-walker-enclosure-model-round-fence\/\">Lire la suite<\/a><\/p>\n<\/div><\/div><\/div><\/div><\/div><div class=\"fusion-flip-box-wrapper fusion-column col-lg-4 col-md-4 col-sm-4\"><div class=\"fusion-flip-box flip-up\" tabindex=\"0\"><div class=\"flip-box-inner-wrapper\"><div class=\"flip-box-front\"><div class=\"flip-box-front-inner\"><div class=\"flip-box-grafix flip-box-image\"><img decoding=\"async\" src=\"https:\/\/molenkoning.com\/wp-content\/uploads\/2020\/01\/sweden-fence-molenkoning.jpg\" width=\"280\" height=\"142\" alt=\"MK Sweden fence\" \/><\/div><h2 class=\"flip-box-heading without-text\">Cl\u00f4ture Sweden<\/h2><\/div><\/div><div class=\"flip-box-back\" style=\"--awb-background-image-back:url(&#039;https:\/\/molenkoning.com\/wp-content\/uploads\/2020\/02\/Sweden-Fence-600x402.jpg&#039;);\"><div class=\"flip-box-back-inner\"><h3 class=\"flip-box-heading-back\">Cl\u00f4ture Sweden<\/h3>\n<p>Comme son nom l&rsquo;indique, nous nous sommes inspir\u00e9s pour cette cl\u00f4ture, de la nature luxuriante de la Su\u00e8de, pays connu pour ses grandes productions de pins.<\/p>\n<p><a href=\"https:\/\/molenkoning.com\/fr\/produits\/horse-exerciser-enclosure-model-sweden-fence\/\">Lire la suite<\/a><\/p>\n<\/div><\/div><\/div><\/div><\/div><div class=\"fusion-flip-box-wrapper fusion-column col-lg-4 col-md-4 col-sm-4\"><div class=\"fusion-flip-box flip-up\" tabindex=\"0\"><div class=\"flip-box-inner-wrapper\"><div class=\"flip-box-front\"><div class=\"flip-box-front-inner\"><div class=\"flip-box-grafix flip-box-image\"><img decoding=\"async\" src=\"https:\/\/molenkoning.com\/wp-content\/uploads\/2020\/01\/horsewalker-with-beoband-from-molenkoning.jpg\" width=\"280\" height=\"118\" alt=\"Beoband Mk\" \/><\/div><h2 class=\"flip-box-heading without-text\">Cl\u00f4ture B\u00e9o-band<\/h2><\/div><\/div><div class=\"flip-box-back\" style=\"--awb-background-image-back:url(&#039;https:\/\/molenkoning.com\/wp-content\/uploads\/2020\/02\/Beo-Band-600x400.jpg&#039;);\"><div class=\"flip-box-back-inner\"><h3 class=\"flip-box-heading-back\">Cl\u00f4ture B\u00e9o-band<\/h3>\n<p>La cl\u00f4ture Beo-band, cette entr\u00e9e de gamme, est tr\u00e8s courante dans les r\u00e9alisations hollandaises: haute qualit\u00e9 et mat\u00e9riaux \u00e0 prix abordables.<\/p>\n<p><a href=\"https:\/\/molenkoning.com\/fr\/produits\/marcheur-pour-chevaux-avec-cloture-beo-band\/\">Lire la suite<\/a><\/p>\n<\/div><\/div><\/div><\/div><\/div><div class=\"fusion-flip-box-wrapper fusion-column col-lg-4 col-md-4 col-sm-4\"><div class=\"fusion-flip-box flip-up\" tabindex=\"0\"><div class=\"flip-box-inner-wrapper\"><div class=\"flip-box-front\"><div class=\"flip-box-front-inner\"><div class=\"flip-box-grafix flip-box-image\"><img decoding=\"async\" src=\"https:\/\/molenkoning.com\/wp-content\/uploads\/2020\/11\/solarium-mkshop.png\" width=\"1200\" height=\"675\" alt=\"\" \/><\/div><h2 class=\"flip-box-heading without-text\">Solarium<\/h2><\/div><\/div><div class=\"flip-box-back\" style=\"--awb-background-image-back:url(&#039;https:\/\/molenkoning.com\/wp-content\/uploads\/2021\/04\/MK-solarium-for-horses-1.jpg&#039;);\"><div class=\"flip-box-back-inner\"><h3 class=\"flip-box-heading-back\">Solarium<\/h3>\n<p>Comme tout athl\u00e8te, le cheval risque une blessure \u00e0 tout moment, et ce quel que soit son niveau d\u2019entrainement.<\/p>\n<p><a href=\"https:\/\/molenkoning.com\/fr\/produits\/solarium\/\">Lire la suite<\/a><\/p>\n<\/div><\/div><\/div><\/div><\/div><div class=\"fusion-flip-box-wrapper fusion-column col-lg-4 col-md-4 col-sm-4\"><div class=\"fusion-flip-box flip-up\" tabindex=\"0\"><div class=\"flip-box-inner-wrapper\"><div class=\"flip-box-front\"><div class=\"flip-box-front-inner\"><div class=\"flip-box-grafix flip-box-image\"><img decoding=\"async\" src=\"https:\/\/molenkoning.com\/wp-content\/uploads\/2020\/01\/equitrack.jpg\" width=\"280\" height=\"142\" alt=\"equitrack\" \/><\/div><h2 class=\"flip-box-heading without-text\">Equitrack<\/h2><\/div><\/div><div class=\"flip-box-back\" style=\"--awb-background-image-back:url(&#039;https:\/\/molenkoning.com\/wp-content\/uploads\/2020\/02\/EQUITRACK-600x414.jpg&#039;);\"><div class=\"flip-box-back-inner\"><h3 class=\"flip-box-heading-back\">Equitrack<\/h3>\n<p>L&rsquo;Equitrack est le sol id\u00e9al pour les marcheurs. Vous n&rsquo;avez plus besoin de pav\u00e9s hors de prix.<\/p>\n<p><a href=\"https:\/\/molenkoning.com\/fr\/produits\/equitrack-paviment-for-horse-walker\/\">Lire la suite<\/a><\/p>\n<\/div><\/div><\/div><\/div><\/div><div class=\"fusion-flip-box-wrapper fusion-column col-lg-4 col-md-4 col-sm-4\"><div class=\"fusion-flip-box flip-up\" tabindex=\"0\"><div class=\"flip-box-inner-wrapper\"><div class=\"flip-box-front\"><div class=\"flip-box-front-inner\"><div class=\"flip-box-grafix flip-box-image\"><img decoding=\"async\" src=\"https:\/\/molenkoning.com\/wp-content\/uploads\/2020\/01\/molenkoning-groundwoks-equestrian-constructions.jpg\" width=\"280\" height=\"142\" alt=\"3d drawing of prefab foundation\" \/><\/div><h2 class=\"flip-box-heading without-text\">Travaux de terrassement<\/h2><\/div><\/div><div class=\"flip-box-back\" style=\"--awb-background-image-back:url(&#039;https:\/\/molenkoning.com\/wp-content\/uploads\/2020\/02\/GROUNDWORKS-600x398.jpg&#039;);\"><div class=\"flip-box-back-inner\"><h3 class=\"flip-box-heading-back\">Travaux de terrassement<\/h3>\n<p>La satisfaction que vous aurez de votre marcheur d\u00e9pend aussi de la facilit\u00e9 que vous aurez \u00e0 le monter.<\/p>\n<p><a href=\"https:\/\/molenkoning.com\/fr\/produits\/groundwork-for-equestrian-constructions\/\">Lire la suite<\/a><\/p>\n<\/div><\/div><\/div><\/div><\/div><div class=\"fusion-flip-box-wrapper fusion-column col-lg-4 col-md-4 col-sm-4\"><div class=\"fusion-flip-box flip-up\" tabindex=\"0\"><div class=\"flip-box-inner-wrapper\"><div class=\"flip-box-front\"><div class=\"flip-box-front-inner\"><div class=\"flip-box-grafix flip-box-image\"><img decoding=\"async\" src=\"https:\/\/molenkoning.com\/wp-content\/uploads\/2023\/03\/Power_plate_mkshop.png\" width=\"1200\" height=\"900\" alt=\"\" \/><\/div><h2 class=\"flip-box-heading without-text\">Powerplate pour chevaux<\/h2><\/div><\/div><div class=\"flip-box-back\" style=\"--awb-background-image-back:url(&#039;https:\/\/molenkoning.com\/wp-content\/uploads\/2020\/02\/powerplate-600x725.jpg&#039;);\"><div class=\"flip-box-back-inner\"><h3 class=\"flip-box-heading-back\">Powerplate pour chevaux<\/h3>\n<p>Notre \u00e9quipe travaille sans cesse sur des innovations qui contribuent \u00e0 la bonne condition physique et la bonne sant\u00e9 de vos chevaux.<\/p>\n<p><a href=\"https:\/\/molenkoning.com\/fr\/produits\/horsepower-plate\/\">Lire la suite<\/a><\/p>\n<\/div><\/div><\/div><\/div><\/div><div class=\"fusion-flip-box-wrapper fusion-column col-lg-4 col-md-4 col-sm-4\"><div class=\"fusion-flip-box flip-up\" tabindex=\"0\"><div class=\"flip-box-inner-wrapper\"><div class=\"flip-box-front\"><div class=\"flip-box-front-inner\"><div class=\"flip-box-grafix flip-box-image\"><img decoding=\"async\" src=\"https:\/\/molenkoning.com\/wp-content\/uploads\/2020\/01\/windbreak-net-molenkoning.jpg\" width=\"280\" height=\"142\" alt=\"3d design of the windbreak net\" \/><\/div><h2 class=\"flip-box-heading without-text\">Filet brise-vent<\/h2><\/div><\/div><div class=\"flip-box-back\" style=\"--awb-background-image-back:url(&#039;https:\/\/molenkoning.com\/wp-content\/uploads\/2020\/02\/windbreaknet-600x450.jpg&#039;);\"><div class=\"flip-box-back-inner\"><h3 class=\"flip-box-heading-back\">Filet brise-vent<\/h3>\n<p>Nous savons tous \u00e0 quel point le vent peut g\u00eaner nos chevaux lors des entra\u00eenements.<\/p>\n<p><a href=\"https:\/\/molenkoning.com\/fr\/produits\/windbreak-net-for-lunging-and-horse-walkers-roofs\/\">Lire la suite<\/a><\/p>\n<\/div><\/div><\/div><\/div><\/div><div class=\"fusion-flip-box-wrapper fusion-column col-lg-4 col-md-4 col-sm-4\"><div class=\"fusion-flip-box flip-up\" tabindex=\"0\"><div class=\"flip-box-inner-wrapper\"><div class=\"flip-box-front\"><div class=\"flip-box-front-inner\"><div class=\"flip-box-grafix flip-box-image\"><img decoding=\"async\" src=\"https:\/\/molenkoning.com\/wp-content\/uploads\/2020\/01\/options-walker.jpg\" width=\"280\" height=\"142\" alt=\"MK\" \/><\/div><h2 class=\"flip-box-heading without-text\">Marcheurs MK \u2013 les options<\/h2><\/div><\/div><div class=\"flip-box-back\" style=\"--awb-background-image-back:url(&#039;https:\/\/molenkoning.com\/wp-content\/uploads\/2020\/02\/options-600x400.jpg&#039;);\"><div class=\"flip-box-back-inner\"><h3 class=\"flip-box-heading-back\">Marcheurs MK \u2013 les options<\/h3>La gamme Molenkoning vous permet d\u2019ajouter de nombreuses options qui am\u00e9liorent l\u2019efficacit\u00e9, le confort et la s\u00e9curit\u00e9 de votre marcheur<\/p>\n<p><a href=\"https:\/\/molenkoning.com\/fr\/produits\/options-for-mk-horsewalkers\/\">Lire la suite<\/a><\/div><\/div><\/div><\/div><\/div><\/div><div class=\"clearfix\"><\/div><div class=\"fusion-clearfix\"><\/div><\/div><\/div><\/div><\/div>\n","protected":false},"excerpt":{"rendered":"","protected":false},"author":1,"featured_media":0,"parent":0,"menu_order":0,"comment_status":"closed","ping_status":"closed","template":"","meta":{"_acf_changed":false,"content-type":"","footnotes":""},"class_list":["post-11702","page","type-page","status-publish","hentry"],"acf":[],"_links":{"self":[{"href":"https:\/\/molenkoning.com\/fr\/wp-json\/wp\/v2\/pages\/11702","targetHints":{"allow":["GET"]}}],"collection":[{"href":"https:\/\/molenkoning.com\/fr\/wp-json\/wp\/v2\/pages"}],"about":[{"href":"https:\/\/molenkoning.com\/fr\/wp-json\/wp\/v2\/types\/page"}],"author":[{"embeddable":true,"href":"https:\/\/molenkoning.com\/fr\/wp-json\/wp\/v2\/users\/1"}],"replies":[{"embeddable":true,"href":"https:\/\/molenkoning.com\/fr\/wp-json\/wp\/v2\/comments?post=11702"}],"version-history":[{"count":20,"href":"https:\/\/molenkoning.com\/fr\/wp-json\/wp\/v2\/pages\/11702\/revisions"}],"predecessor-version":[{"id":186264,"href":"https:\/\/molenkoning.com\/fr\/wp-json\/wp\/v2\/pages\/11702\/revisions\/186264"}],"wp:attachment":[{"href":"https:\/\/molenkoning.com\/fr\/wp-json\/wp\/v2\/media?parent=11702"}],"curies":[{"name":"wp","href":"https:\/\/api.w.org\/{rel}","templated":true}]}}