{"id":11628,"date":"2016-02-24T05:23:09","date_gmt":"2016-02-24T05:23:09","guid":{"rendered":"https:\/\/molenkoning.com\/about\/"},"modified":"2024-04-23T11:45:23","modified_gmt":"2024-04-23T11:45:23","slug":"a-propos-de-nous","status":"publish","type":"page","link":"https:\/\/molenkoning.com\/fr\/a-propos-de-nous\/","title":{"rendered":"Qui sommes nous"},"content":{"rendered":"<p><div class=\"fusion-fullwidth fullwidth-box fusion-builder-row-1 fusion-parallax-none abtouter hundred-percent-fullwidth non-hundred-percent-height-scrolling fusion-no-small-visibility\" style=\"--awb-background-position:center top;--awb-border-radius-top-left:0px;--awb-border-radius-top-right:0px;--awb-border-radius-bottom-right:0px;--awb-border-radius-bottom-left:0px;--awb-padding-top:30px;--awb-padding-right:30px;--awb-padding-bottom:0px;--awb-margin-bottom:0px;--awb-background-image:url(&quot;https:\/\/molenkoning.com\/wp-content\/uploads\/2020\/04\/storybg.jpg&quot;);--awb-background-size:cover;--awb-flex-wrap:wrap;\" ><div class=\"fusion-builder-row fusion-row\"><div class=\"fusion-layout-column fusion_builder_column fusion-builder-column-0 fusion_builder_column_1_2 1_2 fusion-one-half fusion-column-first abtouter\" style=\"--awb-bg-position:right bottom;--awb-bg-size:cover;--awb-margin-bottom:0px;width:50%;width:calc(50% - ( ( 0px ) * 0.5 ) );margin-right: 0px;\"><div class=\"fusion-column-wrapper fusion-column-has-shadow fusion-flex-column-wrapper-legacy\"><div class=\"fusion-clearfix\"><\/div><\/div><\/div><div class=\"fusion-layout-column fusion_builder_column fusion-builder-column-1 fusion_builder_column_1_2 1_2 fusion-one-half fusion-column-last\" style=\"--awb-padding-left:110px;--awb-bg-position:right bottom;--awb-bg-size:cover;--awb-margin-bottom:0px;width:50%;width:calc(50% - ( ( 0px ) * 0.5 ) );\"><div class=\"fusion-column-wrapper fusion-column-has-shadow fusion-flex-column-wrapper-legacy\"><div class=\"fusion-title title fusion-title-1 fusion-sep-none fusion-title-center fusion-title-text fusion-title-size-one\" style=\"--awb-font-size:35px;\"><h1 class=\"fusion-title-heading title-heading-center\" style=\"margin:0;font-size:1em;\"><span style=\"color: #ffffff;\">MOLENKONING: L&rsquo;HISTOIRE D&rsquo;UN <\/span><span style=\"color: #bfa723;\">P\u00c8RE ET DE SES DEUX FILS<\/span><\/h1><\/div><div class=\"fusion-text fusion-text-1\"><p><span style=\"color: #ffffff;\"><span style=\"color: #bfa723;\">Jos de Swart<\/span> \u00e9tait un amoureux des chevaux dans son c\u0153ur et son \u00e2me. Il a achet\u00e9 son premier cheval \u00e0 18 ans, non pas pour maintenir la tradition familiale, mais parce que les animaux le passionne . Il a imm\u00e9diatement su ce qu&rsquo;il aimait: le cheval d&rsquo;attelage hollandais.<\/span><br \/>\n<span style=\"color: #ffffff;\">Des ann\u00e9es d&rsquo;entra\u00eenement et de travail avec les chevaux lui ont permis de cr\u00e9er une armoire \u00e0 troph\u00e9es bien remplie. Ses fils <span style=\"color: #bfa723;\">Ton et Nicky de Swart<\/span> ont r\u00e9guli\u00e8rement particip\u00e9 \u00e0 des comp\u00e9titions et ont \u00e9t\u00e9 attir\u00e9s par l&rsquo;enthousiasme de leur p\u00e8re Jos. Ils sont rentr\u00e9s chez eux avec des prix r\u00e9gionaux et m\u00eame nationaux.<\/span><\/p>\n<p><span style=\"color: #ffffff;\">Apr\u00e8s avoir termin\u00e9 ses \u00e9tudes \u00e0 17 ans, Ton a imm\u00e9diatement su ce qu&rsquo;il voulait: sa propre soci\u00e9t\u00e9 de n\u00e9goce. Jos, un soudeur \u00e0 l&rsquo;\u00e9poque, a vendu quelques chevaux et ensemble, ils ont cr\u00e9\u00e9s leurs premi\u00e8re entreprise. Ils ont achet\u00e9 une scie, une perceuse et une machine \u00e0 souder et avec \u00e7a, ils \u00e9taient pr\u00eats \u00e0 faire des \u00e9curies pour des gens comme eux: <span style=\"color: #bfa723;\">des passionn\u00e9s de chevaux.<\/span><\/span><\/p>\n<p><span style=\"color: #ffffff;\">Les premi\u00e8res ann\u00e9es ont \u00e9t\u00e9 difficiles. Ton s&rsquo;est concentr\u00e9 sur la vente et Jos a dirig\u00e9 la production. C&rsquo;\u00e9tait une petite entreprise, ce qui rendait difficile la mise au point des nombreux mod\u00e8les de boxes. \u00c0 cette \u00e9poque ils produisaient occasionnellement des marcheurs ce n&rsquo;\u00e9tait en aucun cas un produit majeur. Les prix \u00e9taient \u00e9lev\u00e9s et un marcheur \u00e9tait beaucoup trop cher pour le propri\u00e9taire de cheval. Les seuls clients qui avaient install\u00e9 un marcheur pour chevaux \u00e9taient alors de grandes \u00e9coles d&rsquo;\u00e9quitation ou des \u00e9curies professionnelles.<\/span><\/p>\n<p><span style=\"color: #ffffff;\">\u00c0 cette \u00e9poque, le fils Nicky a termin\u00e9 ses \u00e9tudes et a rejoint le couple. Ensemble, ils ont r\u00e9alis\u00e9 le design du marcheur. Pendant longtemps, Jos avait voulu faire des marcheurs pour chevaux comme les autres appareils, pr\u00eats \u00e0 \u00eatre branch\u00e9s. Le mod\u00e8le a \u00e9t\u00e9 r\u00e9vis\u00e9 pour \u00eatre modulaire et simple. S&rsquo;ils produisaient davantage en s\u00e9rie, le marcheur deviendrait \u00e9galement moins cher et accessible \u00e0 un public plus large, pour des propri\u00e9taires de chevaux comme eux.<\/span><\/p>\n<p><span style=\"color: #ffffff;\">Ils ont r\u00e9alis\u00e9 les premiers prototypes et le marcheur a pris forme. Ils \u00e9taient pr\u00eats pour la prochaine \u00e9tape, le nom. En un week-end, la famille a r\u00e9fl\u00e9chi. Plusieurs noms ont \u00e9t\u00e9 propos\u00e9s. Mais ils cherchaient un nom saisissant, un qui colle. En fin de compte, c&rsquo;est devenu Molenkoning &#8211; peut-\u00eatre un peu audacieux mais \u00e7a faisait du bien. Le m\u00eame week-end, Nicky a cr\u00e9\u00e9 un site Web et Ton a publi\u00e9 une annonce dans un journal \u00e9questre. Dans la semaine qui a suivi, ils ont vendu trois marcheurs. Ensuite, les hommes ont su qu&rsquo;ils avaient frapp\u00e9 fort! Ils n&rsquo;auraient jamais pu imaginer ce qui s&rsquo;est pass\u00e9 ensuite.<\/span><\/p>\n<p><span style=\"color: #ffffff;\">Dans les ann\u00e9es qui ont suivi, Molenkoning est devenu le leader mondial du march\u00e9 dans le domaine des marcheurs pour chevaux, cl\u00f4tures et toitures. <span style=\"color: #bfa723;\">\u00c0 ce jour, la mission de Molenkoning est de faire des <a href=\"https:\/\/molenkoning.com\/fr\/produits\/marcheurs-pour-chevaux\/\">marcheurs<\/a> de haute qualit\u00e9 \u00e0 un prix comp\u00e9titif.<\/span> Les marcheurs pour chevaux de Molenkoning sont perfectionn\u00e9s et in\u00e9gal\u00e9s dans leur format de kit d\u2019auto-assemblage. Des mots que vous n\u2019avez pas \u00e0 croire de nous. Lisez les histoires de milliers de clients qui vous ont pr\u00e9c\u00e9d\u00e9:<\/span><\/p>\n<p><a href=\"https:\/\/molenkoning.com\/fr\/mk-experience\/\">Cliquez ici !<\/a><\/p>\n<\/div><div class=\"fusion-clearfix\"><\/div><\/div><\/div><\/div><\/div><div class=\"fusion-fullwidth fullwidth-box fusion-builder-row-2 abtouter hundred-percent-fullwidth non-hundred-percent-height-scrolling fusion-no-medium-visibility fusion-no-large-visibility\" style=\"--awb-background-position:center top;--awb-border-radius-top-left:0px;--awb-border-radius-top-right:0px;--awb-border-radius-bottom-right:0px;--awb-border-radius-bottom-left:0px;--awb-padding-right:0px;--awb-padding-bottom:0px;--awb-padding-left:0px;--awb-margin-bottom:0px;--awb-flex-wrap:wrap;\" ><div class=\"fusion-builder-row fusion-row\"><div class=\"fusion-layout-column fusion_builder_column fusion-builder-column-2 fusion_builder_column_1_2 1_2 fusion-one-half fusion-column-first abtouter\" style=\"--awb-bg-position:right bottom;--awb-bg-size:cover;--awb-margin-bottom:0px;width:50%;width:calc(50% - ( ( 0px ) * 0.5 ) );margin-right: 0px;\"><div class=\"fusion-column-wrapper fusion-column-has-shadow fusion-flex-column-wrapper-legacy\"><div class=\"fusion-image-element in-legacy-container\" style=\"--awb-caption-title-font-family:var(--h2_typography-font-family);--awb-caption-title-font-weight:var(--h2_typography-font-weight);--awb-caption-title-font-style:var(--h2_typography-font-style);--awb-caption-title-size:var(--h2_typography-font-size);--awb-caption-title-transform:var(--h2_typography-text-transform);--awb-caption-title-line-height:var(--h2_typography-line-height);--awb-caption-title-letter-spacing:var(--h2_typography-letter-spacing);\"><span class=\" fusion-imageframe imageframe-none imageframe-1 hover-type-none\"><img decoding=\"async\" width=\"915\" height=\"1024\" alt=\"\u30c8\u30f3\u2013\u30e8\u30b9\u2013\u30cb\u30c3\u30ad\u30fc\" title=\"Ton-Jos-Nicky\" src=\"https:\/\/molenkoning.com\/wp-content\/uploads\/2020\/05\/Ton-Jos-Nicky-915x1024.jpg\" class=\"img-responsive wp-image-21332\" srcset=\"https:\/\/molenkoning.com\/wp-content\/uploads\/2020\/05\/Ton-Jos-Nicky-200x224.jpg 200w, https:\/\/molenkoning.com\/wp-content\/uploads\/2020\/05\/Ton-Jos-Nicky-400x448.jpg 400w, https:\/\/molenkoning.com\/wp-content\/uploads\/2020\/05\/Ton-Jos-Nicky-600x671.jpg 600w, https:\/\/molenkoning.com\/wp-content\/uploads\/2020\/05\/Ton-Jos-Nicky-800x895.jpg 800w, https:\/\/molenkoning.com\/wp-content\/uploads\/2020\/05\/Ton-Jos-Nicky-1200x1343.jpg 1200w\" sizes=\"(max-width: 800px) 100vw, 600px\" \/><\/span><\/div><div class=\"fusion-clearfix\"><\/div><\/div><\/div><div class=\"fusion-layout-column fusion_builder_column fusion-builder-column-3 fusion_builder_column_1_2 1_2 fusion-one-half fusion-column-last\" style=\"--awb-padding-top:20px;--awb-padding-right:20px;--awb-padding-bottom:20px;--awb-padding-left:20px;--awb-bg-color:#484848;--awb-bg-color-hover:#484848;--awb-bg-position:right bottom;--awb-bg-size:cover;--awb-margin-bottom:0px;width:50%;width:calc(50% - ( ( 0px ) * 0.5 ) );\"><div class=\"fusion-column-wrapper fusion-column-has-shadow fusion-flex-column-wrapper-legacy\"><div class=\"fusion-title title fusion-title-2 fusion-sep-none fusion-title-center fusion-title-text fusion-title-size-one\" style=\"--awb-font-size:20px;\"><h1 class=\"fusion-title-heading title-heading-center\" style=\"margin:0;font-size:1em;\"><span style=\"color: #ffffff;\">MOLENKONING: THE STORY OF <\/span><span style=\"color: #bfa723;\">A FATHER AND HIS TWO SONS<\/span><\/h1><\/div><div class=\"fusion-text fusion-text-2\"><p><span style=\"color: #ffffff;\"><span style=\"color: #bfa723;\">Jos de Swart<\/span> \u00e9tait un amoureux des chevaux dans son c\u0153ur et son \u00e2me. Il a achet\u00e9 son premier cheval \u00e0 18 ans, non pas pour maintenir la tradition familiale, mais parce que les animaux le passionne . Il a imm\u00e9diatement su ce qu&rsquo;il aimait: le cheval d&rsquo;attelage hollandais.<\/span><br \/>\n<span style=\"color: #ffffff;\">Des ann\u00e9es d&rsquo;entra\u00eenement et de travail avec les chevaux lui ont permis de cr\u00e9er une armoire \u00e0 troph\u00e9es bien remplie. Ses fils <span style=\"color: #bfa723;\">Ton et Nicky de Swart<\/span> ont r\u00e9guli\u00e8rement particip\u00e9 \u00e0 des comp\u00e9titions et ont \u00e9t\u00e9 attir\u00e9s par l&rsquo;enthousiasme de leur p\u00e8re Jos. Ils sont rentr\u00e9s chez eux avec des prix r\u00e9gionaux et m\u00eame nationaux.<\/span><\/p>\n<p><span style=\"color: #ffffff;\">Apr\u00e8s avoir termin\u00e9 ses \u00e9tudes \u00e0 17 ans, Ton a imm\u00e9diatement su ce qu&rsquo;il voulait: sa propre soci\u00e9t\u00e9 de n\u00e9goce. Jos, un soudeur \u00e0 l&rsquo;\u00e9poque, a vendu quelques chevaux et ensemble, ils ont cr\u00e9\u00e9s leurs premi\u00e8re entreprise. Ils ont achet\u00e9 une scie, une perceuse et une machine \u00e0 souder et avec \u00e7a, ils \u00e9taient pr\u00eats \u00e0 faire des \u00e9curies pour des gens comme eux: <span style=\"color: #bfa723;\">des passionn\u00e9s de chevaux.<\/span><\/span><\/p>\n<p><span style=\"color: #ffffff;\">Les premi\u00e8res ann\u00e9es ont \u00e9t\u00e9 difficiles. Ton s&rsquo;est concentr\u00e9 sur la vente et Jos a dirig\u00e9 la production. C&rsquo;\u00e9tait une petite entreprise, ce qui rendait difficile la mise au point des nombreux mod\u00e8les de boxes. \u00c0 cette \u00e9poque ils produisaient occasionnellement des marcheurs ce n&rsquo;\u00e9tait en aucun cas un produit majeur. Les prix \u00e9taient \u00e9lev\u00e9s et un marcheur \u00e9tait beaucoup trop cher pour le propri\u00e9taire de cheval. Les seuls clients qui avaient install\u00e9 un marcheur pour chevaux \u00e9taient alors de grandes \u00e9coles d&rsquo;\u00e9quitation ou des \u00e9curies professionnelles.<\/span><\/p>\n<p><span style=\"color: #ffffff;\">\u00c0 cette \u00e9poque, le fils Nicky a termin\u00e9 ses \u00e9tudes et a rejoint le couple. Ensemble, ils ont r\u00e9alis\u00e9 le design du marcheur. Pendant longtemps, Jos avait voulu faire des marcheurs pour chevaux comme les autres appareils, pr\u00eats \u00e0 \u00eatre branch\u00e9s. Le mod\u00e8le a \u00e9t\u00e9 r\u00e9vis\u00e9 pour \u00eatre modulaire et simple. S&rsquo;ils produisaient davantage en s\u00e9rie, le marcheur deviendrait \u00e9galement moins cher et accessible \u00e0 un public plus large, pour des propri\u00e9taires de chevaux comme eux.<\/span><\/p>\n<p><span style=\"color: #ffffff;\">Ils ont r\u00e9alis\u00e9 les premiers prototypes et le marcheur a pris forme. Ils \u00e9taient pr\u00eats pour la prochaine \u00e9tape, le nom. En un week-end, la famille a r\u00e9fl\u00e9chi. Plusieurs noms ont \u00e9t\u00e9 propos\u00e9s. Mais ils cherchaient un nom saisissant, un qui colle. En fin de compte, c&rsquo;est devenu Molenkoning &#8211; peut-\u00eatre un peu audacieux mais \u00e7a faisait du bien. Le m\u00eame week-end, Nicky a cr\u00e9\u00e9 un site Web et Ton a publi\u00e9 une annonce dans un journal \u00e9questre. Dans la semaine qui a suivi, ils ont vendu trois marcheurs. Ensuite, les hommes ont su qu&rsquo;ils avaient frapp\u00e9 fort! Ils n&rsquo;auraient jamais pu imaginer ce qui s&rsquo;est pass\u00e9 ensuite.<\/span><\/p>\n<p><span style=\"color: #ffffff;\">Dans les ann\u00e9es qui ont suivi, Molenkoning est devenu le leader mondial du march\u00e9 dans le domaine des marcheurs pour chevaux, cl\u00f4tures et toitures. <span style=\"color: #bfa723;\">\u00c0 ce jour, la mission de Molenkoning est de faire des <a href=\"https:\/\/molenkoning.com\/fr\/produits\/marcheurs-pour-chevaux\/\">marcheurs<\/a> de haute qualit\u00e9 \u00e0 un prix comp\u00e9titif.<\/span> Les marcheurs pour chevaux de Molenkoning sont perfectionn\u00e9s et in\u00e9gal\u00e9s dans leur format de kit d\u2019auto-assemblage. Des mots que vous n\u2019avez pas \u00e0 croire de nous. Lisez les histoires de milliers de clients qui vous ont pr\u00e9c\u00e9d\u00e9:<\/span><\/p>\n<p><a href=\"https:\/\/molenkoning.com\/fr\/mk-experience\/\">Cliquez ici !<\/a><\/p>\n<\/div><div class=\"fusion-clearfix\"><\/div><\/div><\/div><\/div><\/div><\/p>\n","protected":false},"excerpt":{"rendered":"","protected":false},"author":1,"featured_media":0,"parent":0,"menu_order":0,"comment_status":"closed","ping_status":"closed","template":"100-width.php","meta":{"_acf_changed":false,"content-type":"","footnotes":""},"class_list":["post-11628","page","type-page","status-publish","hentry"],"acf":[],"_links":{"self":[{"href":"https:\/\/molenkoning.com\/fr\/wp-json\/wp\/v2\/pages\/11628","targetHints":{"allow":["GET"]}}],"collection":[{"href":"https:\/\/molenkoning.com\/fr\/wp-json\/wp\/v2\/pages"}],"about":[{"href":"https:\/\/molenkoning.com\/fr\/wp-json\/wp\/v2\/types\/page"}],"author":[{"embeddable":true,"href":"https:\/\/molenkoning.com\/fr\/wp-json\/wp\/v2\/users\/1"}],"replies":[{"embeddable":true,"href":"https:\/\/molenkoning.com\/fr\/wp-json\/wp\/v2\/comments?post=11628"}],"version-history":[{"count":17,"href":"https:\/\/molenkoning.com\/fr\/wp-json\/wp\/v2\/pages\/11628\/revisions"}],"predecessor-version":[{"id":183408,"href":"https:\/\/molenkoning.com\/fr\/wp-json\/wp\/v2\/pages\/11628\/revisions\/183408"}],"wp:attachment":[{"href":"https:\/\/molenkoning.com\/fr\/wp-json\/wp\/v2\/media?parent=11628"}],"curies":[{"name":"wp","href":"https:\/\/api.w.org\/{rel}","templated":true}]}}