{"id":197792,"date":"2025-11-26T09:48:57","date_gmt":"2025-11-26T09:48:57","guid":{"rendered":"https:\/\/molenkoning.com\/?post_type=product&#038;p=197792"},"modified":"2026-01-29T13:47:12","modified_gmt":"2026-01-29T13:47:12","slug":"mk-solariuminostin-2024","status":"publish","type":"product","link":"https:\/\/molenkoning.com\/fi\/tuote\/mk-solariuminostin-2024\/","title":{"rendered":"MK Solariuminostin 2024"},"content":{"rendered":"<div class=\"fusion-fullwidth fullwidth-box fusion-builder-row-1 fusion-flex-container nonhundred-percent-fullwidth non-hundred-percent-height-scrolling\" style=\"--awb-border-radius-top-left:0px;--awb-border-radius-top-right:0px;--awb-border-radius-bottom-right:0px;--awb-border-radius-bottom-left:0px;--awb-flex-wrap:wrap;\" ><div class=\"fusion-builder-row fusion-row fusion-flex-align-items-flex-start fusion-flex-content-wrap\" style=\"max-width:1144px;margin-left: calc(-4% \/ 2 );margin-right: calc(-4% \/ 2 );\"><div class=\"fusion-layout-column fusion_builder_column fusion-builder-column-0 fusion_builder_column_1_1 1_1 fusion-flex-column\" style=\"--awb-bg-size:cover;--awb-width-large:100%;--awb-margin-top-large:0px;--awb-spacing-right-large:1.92%;--awb-margin-bottom-large:0px;--awb-spacing-left-large:1.92%;--awb-width-medium:100%;--awb-spacing-right-medium:1.92%;--awb-spacing-left-medium:1.92%;--awb-width-small:100%;--awb-spacing-right-small:1.92%;--awb-spacing-left-small:1.92%;\"><div class=\"fusion-column-wrapper fusion-flex-justify-content-flex-start fusion-content-layout-column\"><div class=\"fusion-text fusion-text-1\"><ul>\n<li><strong>Yleisk\u00e4ytt\u00f6inen solariumeille, joiden paino on enint\u00e4\u00e4n 80 kg.<\/strong><\/li>\n<li><strong>2 vahvaa hihnaa<\/strong>, jotka voidaan laskea jopa <strong>120 cm<\/strong> asti.<\/li>\n<li><strong>Musta jauhemaalattu viimeistely<\/strong> ylellist\u00e4 ja kest\u00e4v\u00e4\u00e4 ulkon\u00e4k\u00f6\u00e4 varten.<\/li>\n<li>Saatavilla toimitettavaksi tammikuusta 2025 alkaen.<\/li>\n<li>2 vuoden takuu.<\/li>\n<\/ul>\n<p><strong data-start=\"320\" data-end=\"329\">Huom:<\/strong> T\u00e4m\u00e4 nostin on yhteensopiva Compact Solariumin kanssa, mutta ei MK Premium Solariumin kanssa.<\/p>\n<\/div><\/div><\/div><\/div><\/div>\n","protected":false},"excerpt":{"rendered":"","protected":false},"featured_media":98917,"template":"","meta":{"_acf_changed":false,"content-type":""},"product_brand":[],"product_cat":[515],"product_tag":[],"class_list":{"0":"post-197792","1":"product","2":"type-product","3":"status-publish","4":"has-post-thumbnail","6":"product_cat-solarium-fi","8":"first","9":"instock","10":"taxable","11":"shipping-taxable","12":"purchasable","13":"product-type-simple"},"acf":[],"_links":{"self":[{"href":"https:\/\/molenkoning.com\/fi\/wp-json\/wp\/v2\/product\/197792","targetHints":{"allow":["GET"]}}],"collection":[{"href":"https:\/\/molenkoning.com\/fi\/wp-json\/wp\/v2\/product"}],"about":[{"href":"https:\/\/molenkoning.com\/fi\/wp-json\/wp\/v2\/types\/product"}],"wp:featuredmedia":[{"embeddable":true,"href":"https:\/\/molenkoning.com\/fi\/wp-json\/wp\/v2\/media\/98917"}],"wp:attachment":[{"href":"https:\/\/molenkoning.com\/fi\/wp-json\/wp\/v2\/media?parent=197792"}],"wp:term":[{"taxonomy":"product_brand","embeddable":true,"href":"https:\/\/molenkoning.com\/fi\/wp-json\/wp\/v2\/product_brand?post=197792"},{"taxonomy":"product_cat","embeddable":true,"href":"https:\/\/molenkoning.com\/fi\/wp-json\/wp\/v2\/product_cat?post=197792"},{"taxonomy":"product_tag","embeddable":true,"href":"https:\/\/molenkoning.com\/fi\/wp-json\/wp\/v2\/product_tag?post=197792"}],"curies":[{"name":"wp","href":"https:\/\/api.w.org\/{rel}","templated":true}]}}