{"id":196655,"date":"2025-10-15T10:57:56","date_gmt":"2025-10-15T10:57:56","guid":{"rendered":"https:\/\/molenkoning.com\/?post_type=product&#038;p=196655"},"modified":"2025-12-17T10:09:53","modified_gmt":"2025-12-17T10:09:53","slug":"mk-lippis-beige","status":"publish","type":"product","link":"https:\/\/molenkoning.com\/fi\/tuote\/mk-lippis-beige\/","title":{"rendered":"MK Lippis &#8211; Beige"},"content":{"rendered":"<div class=\"fusion-fullwidth fullwidth-box fusion-builder-row-1 fusion-flex-container has-pattern-background has-mask-background nonhundred-percent-fullwidth non-hundred-percent-height-scrolling\" style=\"--awb-border-radius-top-left:0px;--awb-border-radius-top-right:0px;--awb-border-radius-bottom-right:0px;--awb-border-radius-bottom-left:0px;--awb-flex-wrap:wrap;\" ><div class=\"fusion-builder-row fusion-row fusion-flex-align-items-flex-start fusion-flex-content-wrap\" style=\"max-width:1144px;margin-left: calc(-4% \/ 2 );margin-right: calc(-4% \/ 2 );\"><div class=\"fusion-layout-column fusion_builder_column fusion-builder-column-0 fusion_builder_column_1_1 1_1 fusion-flex-column\" style=\"--awb-bg-size:cover;--awb-width-large:100%;--awb-margin-top-large:0px;--awb-spacing-right-large:1.92%;--awb-margin-bottom-large:20px;--awb-spacing-left-large:1.92%;--awb-width-medium:100%;--awb-order-medium:0;--awb-spacing-right-medium:1.92%;--awb-spacing-left-medium:1.92%;--awb-width-small:100%;--awb-order-small:0;--awb-spacing-right-small:1.92%;--awb-spacing-left-small:1.92%;\"><div class=\"fusion-column-wrapper fusion-column-has-shadow fusion-flex-justify-content-flex-start fusion-content-layout-column\"><div class=\"fusion-text fusion-text-1\"><p>Beige <strong>MK Lippis<\/strong> tarjoaa tyylikk\u00e4\u00e4n ja kevyen ilmeen mustalla <strong>kirjailulla MK-logolla<\/strong>.<br \/>\nKevyt ja mukava \u2014 t\u00e4ydellinen jokap\u00e4iv\u00e4iseen k\u00e4ytt\u00f6\u00f6n.<\/p>\n<p>\u2022 <strong>V\u00e4ri:<\/strong> Beige<br \/>\n\u2022 <strong>Yksi koko<\/strong><br \/>\n\u2022 <strong>Musta kirjailtu MK-logo<\/strong><\/p>\n<\/div><\/div><\/div><\/div><\/div>\n","protected":false},"excerpt":{"rendered":"","protected":false},"featured_media":197272,"template":"","meta":{"_acf_changed":false,"content-type":""},"product_brand":[],"product_cat":[767],"product_tag":[],"class_list":{"0":"post-196655","1":"product","2":"type-product","3":"status-publish","4":"has-post-thumbnail","6":"product_cat-mk-lifestyle-fi","8":"first","9":"instock","10":"taxable","11":"shipping-taxable","12":"purchasable","13":"product-type-simple"},"acf":[],"_links":{"self":[{"href":"https:\/\/molenkoning.com\/fi\/wp-json\/wp\/v2\/product\/196655","targetHints":{"allow":["GET"]}}],"collection":[{"href":"https:\/\/molenkoning.com\/fi\/wp-json\/wp\/v2\/product"}],"about":[{"href":"https:\/\/molenkoning.com\/fi\/wp-json\/wp\/v2\/types\/product"}],"wp:featuredmedia":[{"embeddable":true,"href":"https:\/\/molenkoning.com\/fi\/wp-json\/wp\/v2\/media\/197272"}],"wp:attachment":[{"href":"https:\/\/molenkoning.com\/fi\/wp-json\/wp\/v2\/media?parent=196655"}],"wp:term":[{"taxonomy":"product_brand","embeddable":true,"href":"https:\/\/molenkoning.com\/fi\/wp-json\/wp\/v2\/product_brand?post=196655"},{"taxonomy":"product_cat","embeddable":true,"href":"https:\/\/molenkoning.com\/fi\/wp-json\/wp\/v2\/product_cat?post=196655"},{"taxonomy":"product_tag","embeddable":true,"href":"https:\/\/molenkoning.com\/fi\/wp-json\/wp\/v2\/product_tag?post=196655"}],"curies":[{"name":"wp","href":"https:\/\/api.w.org\/{rel}","templated":true}]}}