{"id":190500,"date":"2025-04-23T08:03:12","date_gmt":"2025-04-23T08:03:12","guid":{"rendered":"https:\/\/molenkoning.com\/?post_type=product&#038;p=190500"},"modified":"2026-04-14T13:26:37","modified_gmt":"2026-04-14T13:26:37","slug":"set-de-6-lamparas-infrarrojas-mk-100w","status":"publish","type":"product","link":"https:\/\/molenkoning.com\/fi\/tuote\/set-de-6-lamparas-infrarrojas-mk-100w\/","title":{"rendered":"Sarja, jossa 6 Infrapunalamppua \u2013 100W"},"content":{"rendered":"<div class=\"fusion-fullwidth fullwidth-box fusion-builder-row-1 fusion-flex-container has-pattern-background has-mask-background nonhundred-percent-fullwidth non-hundred-percent-height-scrolling\" style=\"--awb-border-radius-top-left:0px;--awb-border-radius-top-right:0px;--awb-border-radius-bottom-right:0px;--awb-border-radius-bottom-left:0px;--awb-flex-wrap:wrap;\" ><div class=\"fusion-builder-row fusion-row fusion-flex-align-items-flex-start fusion-flex-content-wrap\" style=\"max-width:1144px;margin-left: calc(-4% \/ 2 );margin-right: calc(-4% \/ 2 );\"><div class=\"fusion-layout-column fusion_builder_column fusion-builder-column-0 fusion_builder_column_1_1 1_1 fusion-flex-column\" style=\"--awb-bg-size:cover;--awb-width-large:100%;--awb-margin-top-large:0px;--awb-spacing-right-large:1.92%;--awb-margin-bottom-large:20px;--awb-spacing-left-large:1.92%;--awb-width-medium:100%;--awb-order-medium:0;--awb-spacing-right-medium:1.92%;--awb-spacing-left-medium:1.92%;--awb-width-small:100%;--awb-order-small:0;--awb-spacing-right-small:1.92%;--awb-spacing-left-small:1.92%;\"><div class=\"fusion-column-wrapper fusion-column-has-shadow fusion-flex-justify-content-flex-start fusion-content-layout-column\"><div class=\"fusion-text fusion-text-1\"><p>Tee tilauksesi nyt ja nauti v\u00e4litt\u00f6m\u00e4st\u00e4 alennuksesta MK-lampuista sek\u00e4 edullisemmasta toimitusmaksusta. T\u00e4m\u00e4 lamppusetti on aina varastossa, ja toimitus Euroopan unionin alueella taataan 7 p\u00e4iv\u00e4n sis\u00e4ll\u00e4.<\/p>\n<p><span style=\"color: #bfa723;\">MK Infrapunalamppu 100W E27-kannalla.<\/span><\/p>\n<p>T\u00e4m\u00e4 lamppusarja ei ole yhteensopiva ennen huhtikuuta 2025 myytyjen Premium-solariumien kanssa.<\/p>\n<\/div><\/div><\/div><\/div><\/div>\n","protected":false},"excerpt":{"rendered":"","protected":false},"featured_media":190539,"template":"","meta":{"_acf_changed":false,"content-type":""},"product_brand":[],"product_cat":[515,480],"product_tag":[],"class_list":{"0":"post-190500","1":"product","2":"type-product","3":"status-publish","4":"has-post-thumbnail","6":"product_cat-solarium-fi","7":"product_cat-varaosat","9":"first","10":"instock","11":"taxable","12":"shipping-taxable","13":"purchasable","14":"product-type-simple"},"acf":[],"_links":{"self":[{"href":"https:\/\/molenkoning.com\/fi\/wp-json\/wp\/v2\/product\/190500","targetHints":{"allow":["GET"]}}],"collection":[{"href":"https:\/\/molenkoning.com\/fi\/wp-json\/wp\/v2\/product"}],"about":[{"href":"https:\/\/molenkoning.com\/fi\/wp-json\/wp\/v2\/types\/product"}],"wp:featuredmedia":[{"embeddable":true,"href":"https:\/\/molenkoning.com\/fi\/wp-json\/wp\/v2\/media\/190539"}],"wp:attachment":[{"href":"https:\/\/molenkoning.com\/fi\/wp-json\/wp\/v2\/media?parent=190500"}],"wp:term":[{"taxonomy":"product_brand","embeddable":true,"href":"https:\/\/molenkoning.com\/fi\/wp-json\/wp\/v2\/product_brand?post=190500"},{"taxonomy":"product_cat","embeddable":true,"href":"https:\/\/molenkoning.com\/fi\/wp-json\/wp\/v2\/product_cat?post=190500"},{"taxonomy":"product_tag","embeddable":true,"href":"https:\/\/molenkoning.com\/fi\/wp-json\/wp\/v2\/product_tag?post=190500"}],"curies":[{"name":"wp","href":"https:\/\/api.w.org\/{rel}","templated":true}]}}